{"id":6834,"date":"2024-03-25T14:55:04","date_gmt":"2024-03-25T13:55:04","guid":{"rendered":"https:\/\/www.professional-haircare.it\/?post_type=product&#038;p=6834"},"modified":"2024-03-25T14:59:20","modified_gmt":"2024-03-25T13:59:20","slug":"hairgenie-high-detox-shampoo-hidratante-2","status":"publish","type":"product","link":"https:\/\/www.professional-haircare.it\/pt-pt\/products\/treatments-pt-pt\/hairgenie-pt-pt\/hairgenie-high-detox-pt-pt\/hairgenie-high-detox-shampoo-hidratante-2\/","title":{"rendered":"Hairgenie High Detox | Shampoo hidratante"},"content":{"rendered":"","protected":false},"excerpt":{"rendered":"<p><span style=\"font-weight: 400;\">O shampoo hidratante Hairgenie High Detox oferece uma<\/span><b> limpeza sem surfactantes de sulfato<\/b><span style=\"font-weight: 400;\"> , combinando eficazmente os ingredientes ativos &#8211; Extrato de Castanha da \u00cdndia e Extrato de Lavanda &#8211; para<\/span><b> purificar o couro cabeludo<\/b><span style=\"font-weight: 400;\"> contra poluentes. Gra\u00e7as \u00e0 sua f\u00f3rmula delicada, proporciona uma<\/span><b> sensa\u00e7\u00e3o de leveza<\/b><span style=\"font-weight: 400;\"> e suavidade enquanto acalma e reequilibra o couro cabeludo.<\/span><\/p>\n<p><span style=\"font-weight: 400;\">300 ml<\/span><\/p>\n","protected":false},"featured_media":6819,"comment_status":"closed","ping_status":"closed","template":"","meta":[],"product_brand":[],"product_cat":[1113,892],"product_tag":[],"class_list":{"0":"post-6834","1":"product","2":"type-product","3":"status-publish","4":"has-post-thumbnail","6":"product_cat-hairgenie-high-detox-pt-pt","7":"product_cat-treatments-pt-pt","9":"first","10":"instock","11":"shipping-taxable","12":"product-type-simple"},"yoast_head":"<!-- This site is optimized with the Yoast SEO plugin v26.8 - https:\/\/yoast.com\/product\/yoast-seo-wordpress\/ -->\n<title>Hairgenie High Detox | Shampoo hidratante - Professional Hair Care<\/title>\n<meta name=\"description\" content=\"O shampoo hidratante Hairgenie High Detox oferece uma limpeza sem surfactantes de sulfato para purificar o couro cabeludo contra poluentes.\" \/>\n<meta name=\"robots\" content=\"index, follow, max-snippet:-1, max-image-preview:large, max-video-preview:-1\" \/>\n<link rel=\"canonical\" href=\"https:\/\/www.professional-haircare.it\/pt-pt\/products\/treatments-pt-pt\/hairgenie-pt-pt\/hairgenie-high-detox-pt-pt\/hairgenie-high-detox-shampoo-hidratante-2\/\" \/>\n<meta property=\"og:locale\" content=\"pt_PT\" \/>\n<meta property=\"og:type\" content=\"article\" \/>\n<meta property=\"og:title\" content=\"Hairgenie High Detox | Shampoo hidratante - Professional Hair Care\" \/>\n<meta property=\"og:description\" content=\"O shampoo hidratante Hairgenie High Detox oferece uma limpeza sem surfactantes de sulfato para purificar o couro cabeludo contra poluentes.\" \/>\n<meta property=\"og:url\" content=\"https:\/\/www.professional-haircare.it\/pt-pt\/products\/treatments-pt-pt\/hairgenie-pt-pt\/hairgenie-high-detox-pt-pt\/hairgenie-high-detox-shampoo-hidratante-2\/\" \/>\n<meta property=\"og:site_name\" content=\"Professional Hair Care\" \/>\n<meta property=\"article:modified_time\" content=\"2024-03-25T13:59:20+00:00\" \/>\n<meta property=\"og:image\" content=\"https:\/\/professional-haircare.it\/wp-content\/uploads\/2024\/03\/12085_professional_hairgenie_high_detox_shampoo_300ml-1-1024x1024.png\" \/>\n\t<meta property=\"og:image:width\" content=\"1024\" \/>\n\t<meta property=\"og:image:height\" content=\"1024\" \/>\n\t<meta property=\"og:image:type\" content=\"image\/png\" \/>\n<meta name=\"twitter:card\" content=\"summary_large_image\" \/>\n<script type=\"application\/ld+json\" class=\"yoast-schema-graph\">{\"@context\":\"https:\/\/schema.org\",\"@graph\":[{\"@type\":\"WebPage\",\"@id\":\"https:\/\/www.professional-haircare.it\/pt-pt\/products\/treatments-pt-pt\/hairgenie-pt-pt\/hairgenie-high-detox-pt-pt\/hairgenie-high-detox-shampoo-hidratante-2\/\",\"url\":\"https:\/\/www.professional-haircare.it\/pt-pt\/products\/treatments-pt-pt\/hairgenie-pt-pt\/hairgenie-high-detox-pt-pt\/hairgenie-high-detox-shampoo-hidratante-2\/\",\"name\":\"Hairgenie High Detox | Shampoo hidratante - Professional Hair Care\",\"isPartOf\":{\"@id\":\"https:\/\/professional-haircare.it\/#website\"},\"primaryImageOfPage\":{\"@id\":\"https:\/\/www.professional-haircare.it\/pt-pt\/products\/treatments-pt-pt\/hairgenie-pt-pt\/hairgenie-high-detox-pt-pt\/hairgenie-high-detox-shampoo-hidratante-2\/#primaryimage\"},\"image\":{\"@id\":\"https:\/\/www.professional-haircare.it\/pt-pt\/products\/treatments-pt-pt\/hairgenie-pt-pt\/hairgenie-high-detox-pt-pt\/hairgenie-high-detox-shampoo-hidratante-2\/#primaryimage\"},\"thumbnailUrl\":\"https:\/\/www.professional-haircare.it\/wp-content\/uploads\/2024\/03\/12085_professional_hairgenie_high_detox_shampoo_300ml-1.png\",\"datePublished\":\"2024-03-25T13:55:04+00:00\",\"dateModified\":\"2024-03-25T13:59:20+00:00\",\"description\":\"O shampoo hidratante Hairgenie High Detox oferece uma limpeza sem surfactantes de sulfato para purificar o couro cabeludo contra poluentes.\",\"breadcrumb\":{\"@id\":\"https:\/\/www.professional-haircare.it\/pt-pt\/products\/treatments-pt-pt\/hairgenie-pt-pt\/hairgenie-high-detox-pt-pt\/hairgenie-high-detox-shampoo-hidratante-2\/#breadcrumb\"},\"inLanguage\":\"pt-PT\",\"potentialAction\":[{\"@type\":\"ReadAction\",\"target\":[\"https:\/\/www.professional-haircare.it\/pt-pt\/products\/treatments-pt-pt\/hairgenie-pt-pt\/hairgenie-high-detox-pt-pt\/hairgenie-high-detox-shampoo-hidratante-2\/\"]}]},{\"@type\":\"ImageObject\",\"inLanguage\":\"pt-PT\",\"@id\":\"https:\/\/www.professional-haircare.it\/pt-pt\/products\/treatments-pt-pt\/hairgenie-pt-pt\/hairgenie-high-detox-pt-pt\/hairgenie-high-detox-shampoo-hidratante-2\/#primaryimage\",\"url\":\"https:\/\/www.professional-haircare.it\/wp-content\/uploads\/2024\/03\/12085_professional_hairgenie_high_detox_shampoo_300ml-1.png\",\"contentUrl\":\"https:\/\/www.professional-haircare.it\/wp-content\/uploads\/2024\/03\/12085_professional_hairgenie_high_detox_shampoo_300ml-1.png\",\"width\":2000,\"height\":2000},{\"@type\":\"BreadcrumbList\",\"@id\":\"https:\/\/www.professional-haircare.it\/pt-pt\/products\/treatments-pt-pt\/hairgenie-pt-pt\/hairgenie-high-detox-pt-pt\/hairgenie-high-detox-shampoo-hidratante-2\/#breadcrumb\",\"itemListElement\":[{\"@type\":\"ListItem\",\"position\":1,\"name\":\"Home\",\"item\":\"https:\/\/professional-haircare.it\/pt-pt\/\"},{\"@type\":\"ListItem\",\"position\":2,\"name\":\"Shop\",\"item\":\"https:\/\/professional-haircare.it\/shop\/\"},{\"@type\":\"ListItem\",\"position\":3,\"name\":\"Hairgenie High Detox | Shampoo hidratante\"}]},{\"@type\":\"WebSite\",\"@id\":\"https:\/\/professional-haircare.it\/#website\",\"url\":\"https:\/\/professional-haircare.it\/\",\"name\":\"Professional Hair Care\",\"description\":\"Hair Quality Solutions\",\"potentialAction\":[{\"@type\":\"SearchAction\",\"target\":{\"@type\":\"EntryPoint\",\"urlTemplate\":\"https:\/\/professional-haircare.it\/?s={search_term_string}\"},\"query-input\":{\"@type\":\"PropertyValueSpecification\",\"valueRequired\":true,\"valueName\":\"search_term_string\"}}],\"inLanguage\":\"pt-PT\"}]}<\/script>\n<!-- \/ Yoast SEO plugin. -->","yoast_head_json":{"title":"Hairgenie High Detox | Shampoo hidratante - Professional Hair Care","description":"O shampoo hidratante Hairgenie High Detox oferece uma limpeza sem surfactantes de sulfato para purificar o couro cabeludo contra poluentes.","robots":{"index":"index","follow":"follow","max-snippet":"max-snippet:-1","max-image-preview":"max-image-preview:large","max-video-preview":"max-video-preview:-1"},"canonical":"https:\/\/www.professional-haircare.it\/pt-pt\/products\/treatments-pt-pt\/hairgenie-pt-pt\/hairgenie-high-detox-pt-pt\/hairgenie-high-detox-shampoo-hidratante-2\/","og_locale":"pt_PT","og_type":"article","og_title":"Hairgenie High Detox | Shampoo hidratante - Professional Hair Care","og_description":"O shampoo hidratante Hairgenie High Detox oferece uma limpeza sem surfactantes de sulfato para purificar o couro cabeludo contra poluentes.","og_url":"https:\/\/www.professional-haircare.it\/pt-pt\/products\/treatments-pt-pt\/hairgenie-pt-pt\/hairgenie-high-detox-pt-pt\/hairgenie-high-detox-shampoo-hidratante-2\/","og_site_name":"Professional Hair Care","article_modified_time":"2024-03-25T13:59:20+00:00","og_image":[{"width":1024,"height":1024,"url":"https:\/\/professional-haircare.it\/wp-content\/uploads\/2024\/03\/12085_professional_hairgenie_high_detox_shampoo_300ml-1-1024x1024.png","type":"image\/png"}],"twitter_card":"summary_large_image","schema":{"@context":"https:\/\/schema.org","@graph":[{"@type":"WebPage","@id":"https:\/\/www.professional-haircare.it\/pt-pt\/products\/treatments-pt-pt\/hairgenie-pt-pt\/hairgenie-high-detox-pt-pt\/hairgenie-high-detox-shampoo-hidratante-2\/","url":"https:\/\/www.professional-haircare.it\/pt-pt\/products\/treatments-pt-pt\/hairgenie-pt-pt\/hairgenie-high-detox-pt-pt\/hairgenie-high-detox-shampoo-hidratante-2\/","name":"Hairgenie High Detox | Shampoo hidratante - Professional Hair Care","isPartOf":{"@id":"https:\/\/professional-haircare.it\/#website"},"primaryImageOfPage":{"@id":"https:\/\/www.professional-haircare.it\/pt-pt\/products\/treatments-pt-pt\/hairgenie-pt-pt\/hairgenie-high-detox-pt-pt\/hairgenie-high-detox-shampoo-hidratante-2\/#primaryimage"},"image":{"@id":"https:\/\/www.professional-haircare.it\/pt-pt\/products\/treatments-pt-pt\/hairgenie-pt-pt\/hairgenie-high-detox-pt-pt\/hairgenie-high-detox-shampoo-hidratante-2\/#primaryimage"},"thumbnailUrl":"https:\/\/www.professional-haircare.it\/wp-content\/uploads\/2024\/03\/12085_professional_hairgenie_high_detox_shampoo_300ml-1.png","datePublished":"2024-03-25T13:55:04+00:00","dateModified":"2024-03-25T13:59:20+00:00","description":"O shampoo hidratante Hairgenie High Detox oferece uma limpeza sem surfactantes de sulfato para purificar o couro cabeludo contra poluentes.","breadcrumb":{"@id":"https:\/\/www.professional-haircare.it\/pt-pt\/products\/treatments-pt-pt\/hairgenie-pt-pt\/hairgenie-high-detox-pt-pt\/hairgenie-high-detox-shampoo-hidratante-2\/#breadcrumb"},"inLanguage":"pt-PT","potentialAction":[{"@type":"ReadAction","target":["https:\/\/www.professional-haircare.it\/pt-pt\/products\/treatments-pt-pt\/hairgenie-pt-pt\/hairgenie-high-detox-pt-pt\/hairgenie-high-detox-shampoo-hidratante-2\/"]}]},{"@type":"ImageObject","inLanguage":"pt-PT","@id":"https:\/\/www.professional-haircare.it\/pt-pt\/products\/treatments-pt-pt\/hairgenie-pt-pt\/hairgenie-high-detox-pt-pt\/hairgenie-high-detox-shampoo-hidratante-2\/#primaryimage","url":"https:\/\/www.professional-haircare.it\/wp-content\/uploads\/2024\/03\/12085_professional_hairgenie_high_detox_shampoo_300ml-1.png","contentUrl":"https:\/\/www.professional-haircare.it\/wp-content\/uploads\/2024\/03\/12085_professional_hairgenie_high_detox_shampoo_300ml-1.png","width":2000,"height":2000},{"@type":"BreadcrumbList","@id":"https:\/\/www.professional-haircare.it\/pt-pt\/products\/treatments-pt-pt\/hairgenie-pt-pt\/hairgenie-high-detox-pt-pt\/hairgenie-high-detox-shampoo-hidratante-2\/#breadcrumb","itemListElement":[{"@type":"ListItem","position":1,"name":"Home","item":"https:\/\/professional-haircare.it\/pt-pt\/"},{"@type":"ListItem","position":2,"name":"Shop","item":"https:\/\/professional-haircare.it\/shop\/"},{"@type":"ListItem","position":3,"name":"Hairgenie High Detox | Shampoo hidratante"}]},{"@type":"WebSite","@id":"https:\/\/professional-haircare.it\/#website","url":"https:\/\/professional-haircare.it\/","name":"Professional Hair Care","description":"Hair Quality Solutions","potentialAction":[{"@type":"SearchAction","target":{"@type":"EntryPoint","urlTemplate":"https:\/\/professional-haircare.it\/?s={search_term_string}"},"query-input":{"@type":"PropertyValueSpecification","valueRequired":true,"valueName":"search_term_string"}}],"inLanguage":"pt-PT"}]}},"_links":{"self":[{"href":"https:\/\/www.professional-haircare.it\/pt-pt\/wp-json\/wp\/v2\/product\/6834","targetHints":{"allow":["GET"]}}],"collection":[{"href":"https:\/\/www.professional-haircare.it\/pt-pt\/wp-json\/wp\/v2\/product"}],"about":[{"href":"https:\/\/www.professional-haircare.it\/pt-pt\/wp-json\/wp\/v2\/types\/product"}],"replies":[{"embeddable":true,"href":"https:\/\/www.professional-haircare.it\/pt-pt\/wp-json\/wp\/v2\/comments?post=6834"}],"wp:featuredmedia":[{"embeddable":true,"href":"https:\/\/www.professional-haircare.it\/pt-pt\/wp-json\/wp\/v2\/media\/6819"}],"wp:attachment":[{"href":"https:\/\/www.professional-haircare.it\/pt-pt\/wp-json\/wp\/v2\/media?parent=6834"}],"wp:term":[{"taxonomy":"product_brand","embeddable":true,"href":"https:\/\/www.professional-haircare.it\/pt-pt\/wp-json\/wp\/v2\/product_brand?post=6834"},{"taxonomy":"product_cat","embeddable":true,"href":"https:\/\/www.professional-haircare.it\/pt-pt\/wp-json\/wp\/v2\/product_cat?post=6834"},{"taxonomy":"product_tag","embeddable":true,"href":"https:\/\/www.professional-haircare.it\/pt-pt\/wp-json\/wp\/v2\/product_tag?post=6834"}],"curies":[{"name":"wp","href":"https:\/\/api.w.org\/{rel}","templated":true}]}}