{"id":6606,"date":"2016-03-30T16:20:34","date_gmt":"2016-03-30T14:20:34","guid":{"rendered":"https:\/\/www.professional-haircare.it\/products\/sem%20categoria\/hairgenie-q10-serum-reparador-intensivo\/"},"modified":"2023-12-29T10:38:02","modified_gmt":"2023-12-29T09:38:02","slug":"hairgenie-q10-serum-reparador-intensivo","status":"publish","type":"product","link":"https:\/\/www.professional-haircare.it\/pt-pt\/products\/treatments-pt-pt\/hairgenie-pt-pt\/hairgenie-q10-pt-pt-2\/hairgenie-q10-serum-reparador-intensivo\/","title":{"rendered":"Hairgenie Q10 &#8211; S\u00e9rum Reparador Intensivo"},"content":{"rendered":"","protected":false},"excerpt":{"rendered":"<p><span style=\"font-weight: 400;\">O <\/span><b>s\u00e9rum reparador intensivo Hairgenie Q10<\/b><span style=\"font-weight: 400;\"> possui propriedades excecionais <\/span><b>antioxidantes, hidratantes e altamente el\u00e1sticas<\/b><span style=\"font-weight: 400;\"> que favorecem uma a\u00e7\u00e3o reparadora nos cabelos muito danificados, com tratamentos e quebradi\u00e7os. Gra\u00e7as \u00e0 sua textura ultraleve, n\u00e3o pesa nem deixa o cabelo oleoso, conferindo <\/span><b>luminosidade e for\u00e7a<\/b><span style=\"font-weight: 400;\"> ao cabelo. Depois de utilizar o \u00f3leo Hairgenie, proceda \u00e0 secagem.<\/span><\/p>\n<p><span style=\"font-weight: 400;\">Uso profissional<\/span><\/p>\n<p><span style=\"font-weight: 400;\">Formato de 110 ml<\/span><\/p>\n","protected":false},"featured_media":5369,"comment_status":"closed","ping_status":"closed","template":"","meta":[],"product_brand":[],"product_cat":[900,892],"product_tag":[],"class_list":{"0":"post-6606","1":"product","2":"type-product","3":"status-publish","4":"has-post-thumbnail","6":"product_cat-hairgenie-q10-pt-pt-2","7":"product_cat-treatments-pt-pt","9":"first","10":"instock","11":"shipping-taxable","12":"product-type-simple"},"yoast_head":"<!-- This site is optimized with the Yoast SEO plugin v26.8 - https:\/\/yoast.com\/product\/yoast-seo-wordpress\/ -->\n<title>Hairgenie Q10 - S\u00e9rum Reparador Intensivo<\/title>\n<meta name=\"description\" content=\"O s\u00e9rum reparador intensivo Hairgenie Q10 possui propriedades excecionais antioxidantes, hidratantes e altamente el\u00e1sticas\" \/>\n<meta name=\"robots\" content=\"index, follow, max-snippet:-1, max-image-preview:large, max-video-preview:-1\" \/>\n<link rel=\"canonical\" href=\"https:\/\/www.professional-haircare.it\/pt-pt\/products\/treatments-pt-pt\/hairgenie-pt-pt\/hairgenie-q10-pt-pt-2\/hairgenie-q10-serum-reparador-intensivo\/\" \/>\n<meta property=\"og:locale\" content=\"pt_PT\" \/>\n<meta property=\"og:type\" content=\"article\" \/>\n<meta property=\"og:title\" content=\"Hairgenie Q10 - S\u00e9rum Reparador Intensivo\" \/>\n<meta property=\"og:description\" content=\"O s\u00e9rum reparador intensivo Hairgenie Q10 possui propriedades excecionais antioxidantes, hidratantes e altamente el\u00e1sticas\" \/>\n<meta property=\"og:url\" content=\"https:\/\/www.professional-haircare.it\/pt-pt\/products\/treatments-pt-pt\/hairgenie-pt-pt\/hairgenie-q10-pt-pt-2\/hairgenie-q10-serum-reparador-intensivo\/\" \/>\n<meta property=\"og:site_name\" content=\"Professional Hair Care\" \/>\n<meta property=\"article:modified_time\" content=\"2023-12-29T09:38:02+00:00\" \/>\n<meta property=\"og:image\" content=\"https:\/\/professional-haircare.it\/wp-content\/uploads\/2021\/05\/12051_professional_hairgenie_q10_intensive_rebuilding_serum_110ml.png\" \/>\n\t<meta property=\"og:image:width\" content=\"600\" \/>\n\t<meta property=\"og:image:height\" content=\"600\" \/>\n\t<meta property=\"og:image:type\" content=\"image\/png\" \/>\n<meta name=\"twitter:card\" content=\"summary_large_image\" \/>\n<script type=\"application\/ld+json\" class=\"yoast-schema-graph\">{\"@context\":\"https:\/\/schema.org\",\"@graph\":[{\"@type\":\"WebPage\",\"@id\":\"https:\/\/www.professional-haircare.it\/pt-pt\/products\/treatments-pt-pt\/hairgenie-pt-pt\/hairgenie-q10-pt-pt-2\/hairgenie-q10-serum-reparador-intensivo\/\",\"url\":\"https:\/\/www.professional-haircare.it\/pt-pt\/products\/treatments-pt-pt\/hairgenie-pt-pt\/hairgenie-q10-pt-pt-2\/hairgenie-q10-serum-reparador-intensivo\/\",\"name\":\"Hairgenie Q10 - S\u00e9rum Reparador Intensivo\",\"isPartOf\":{\"@id\":\"https:\/\/professional-haircare.it\/#website\"},\"primaryImageOfPage\":{\"@id\":\"https:\/\/www.professional-haircare.it\/pt-pt\/products\/treatments-pt-pt\/hairgenie-pt-pt\/hairgenie-q10-pt-pt-2\/hairgenie-q10-serum-reparador-intensivo\/#primaryimage\"},\"image\":{\"@id\":\"https:\/\/www.professional-haircare.it\/pt-pt\/products\/treatments-pt-pt\/hairgenie-pt-pt\/hairgenie-q10-pt-pt-2\/hairgenie-q10-serum-reparador-intensivo\/#primaryimage\"},\"thumbnailUrl\":\"https:\/\/www.professional-haircare.it\/wp-content\/uploads\/2021\/05\/12051_professional_hairgenie_q10_intensive_rebuilding_serum_110ml.png\",\"datePublished\":\"2016-03-30T14:20:34+00:00\",\"dateModified\":\"2023-12-29T09:38:02+00:00\",\"description\":\"O s\u00e9rum reparador intensivo Hairgenie Q10 possui propriedades excecionais antioxidantes, hidratantes e altamente el\u00e1sticas\",\"breadcrumb\":{\"@id\":\"https:\/\/www.professional-haircare.it\/pt-pt\/products\/treatments-pt-pt\/hairgenie-pt-pt\/hairgenie-q10-pt-pt-2\/hairgenie-q10-serum-reparador-intensivo\/#breadcrumb\"},\"inLanguage\":\"pt-PT\",\"potentialAction\":[{\"@type\":\"ReadAction\",\"target\":[\"https:\/\/www.professional-haircare.it\/pt-pt\/products\/treatments-pt-pt\/hairgenie-pt-pt\/hairgenie-q10-pt-pt-2\/hairgenie-q10-serum-reparador-intensivo\/\"]}]},{\"@type\":\"ImageObject\",\"inLanguage\":\"pt-PT\",\"@id\":\"https:\/\/www.professional-haircare.it\/pt-pt\/products\/treatments-pt-pt\/hairgenie-pt-pt\/hairgenie-q10-pt-pt-2\/hairgenie-q10-serum-reparador-intensivo\/#primaryimage\",\"url\":\"https:\/\/www.professional-haircare.it\/wp-content\/uploads\/2021\/05\/12051_professional_hairgenie_q10_intensive_rebuilding_serum_110ml.png\",\"contentUrl\":\"https:\/\/www.professional-haircare.it\/wp-content\/uploads\/2021\/05\/12051_professional_hairgenie_q10_intensive_rebuilding_serum_110ml.png\",\"width\":600,\"height\":600},{\"@type\":\"BreadcrumbList\",\"@id\":\"https:\/\/www.professional-haircare.it\/pt-pt\/products\/treatments-pt-pt\/hairgenie-pt-pt\/hairgenie-q10-pt-pt-2\/hairgenie-q10-serum-reparador-intensivo\/#breadcrumb\",\"itemListElement\":[{\"@type\":\"ListItem\",\"position\":1,\"name\":\"Home\",\"item\":\"https:\/\/professional-haircare.it\/pt-pt\/\"},{\"@type\":\"ListItem\",\"position\":2,\"name\":\"Shop\",\"item\":\"https:\/\/professional-haircare.it\/shop\/\"},{\"@type\":\"ListItem\",\"position\":3,\"name\":\"Hairgenie Q10 &#8211; S\u00e9rum Reparador Intensivo\"}]},{\"@type\":\"WebSite\",\"@id\":\"https:\/\/professional-haircare.it\/#website\",\"url\":\"https:\/\/professional-haircare.it\/\",\"name\":\"Professional Hair Care\",\"description\":\"Hair Quality Solutions\",\"potentialAction\":[{\"@type\":\"SearchAction\",\"target\":{\"@type\":\"EntryPoint\",\"urlTemplate\":\"https:\/\/professional-haircare.it\/?s={search_term_string}\"},\"query-input\":{\"@type\":\"PropertyValueSpecification\",\"valueRequired\":true,\"valueName\":\"search_term_string\"}}],\"inLanguage\":\"pt-PT\"}]}<\/script>\n<!-- \/ Yoast SEO plugin. -->","yoast_head_json":{"title":"Hairgenie Q10 - S\u00e9rum Reparador Intensivo","description":"O s\u00e9rum reparador intensivo Hairgenie Q10 possui propriedades excecionais antioxidantes, hidratantes e altamente el\u00e1sticas","robots":{"index":"index","follow":"follow","max-snippet":"max-snippet:-1","max-image-preview":"max-image-preview:large","max-video-preview":"max-video-preview:-1"},"canonical":"https:\/\/www.professional-haircare.it\/pt-pt\/products\/treatments-pt-pt\/hairgenie-pt-pt\/hairgenie-q10-pt-pt-2\/hairgenie-q10-serum-reparador-intensivo\/","og_locale":"pt_PT","og_type":"article","og_title":"Hairgenie Q10 - S\u00e9rum Reparador Intensivo","og_description":"O s\u00e9rum reparador intensivo Hairgenie Q10 possui propriedades excecionais antioxidantes, hidratantes e altamente el\u00e1sticas","og_url":"https:\/\/www.professional-haircare.it\/pt-pt\/products\/treatments-pt-pt\/hairgenie-pt-pt\/hairgenie-q10-pt-pt-2\/hairgenie-q10-serum-reparador-intensivo\/","og_site_name":"Professional Hair Care","article_modified_time":"2023-12-29T09:38:02+00:00","og_image":[{"width":600,"height":600,"url":"https:\/\/professional-haircare.it\/wp-content\/uploads\/2021\/05\/12051_professional_hairgenie_q10_intensive_rebuilding_serum_110ml.png","type":"image\/png"}],"twitter_card":"summary_large_image","schema":{"@context":"https:\/\/schema.org","@graph":[{"@type":"WebPage","@id":"https:\/\/www.professional-haircare.it\/pt-pt\/products\/treatments-pt-pt\/hairgenie-pt-pt\/hairgenie-q10-pt-pt-2\/hairgenie-q10-serum-reparador-intensivo\/","url":"https:\/\/www.professional-haircare.it\/pt-pt\/products\/treatments-pt-pt\/hairgenie-pt-pt\/hairgenie-q10-pt-pt-2\/hairgenie-q10-serum-reparador-intensivo\/","name":"Hairgenie Q10 - S\u00e9rum Reparador Intensivo","isPartOf":{"@id":"https:\/\/professional-haircare.it\/#website"},"primaryImageOfPage":{"@id":"https:\/\/www.professional-haircare.it\/pt-pt\/products\/treatments-pt-pt\/hairgenie-pt-pt\/hairgenie-q10-pt-pt-2\/hairgenie-q10-serum-reparador-intensivo\/#primaryimage"},"image":{"@id":"https:\/\/www.professional-haircare.it\/pt-pt\/products\/treatments-pt-pt\/hairgenie-pt-pt\/hairgenie-q10-pt-pt-2\/hairgenie-q10-serum-reparador-intensivo\/#primaryimage"},"thumbnailUrl":"https:\/\/www.professional-haircare.it\/wp-content\/uploads\/2021\/05\/12051_professional_hairgenie_q10_intensive_rebuilding_serum_110ml.png","datePublished":"2016-03-30T14:20:34+00:00","dateModified":"2023-12-29T09:38:02+00:00","description":"O s\u00e9rum reparador intensivo Hairgenie Q10 possui propriedades excecionais antioxidantes, hidratantes e altamente el\u00e1sticas","breadcrumb":{"@id":"https:\/\/www.professional-haircare.it\/pt-pt\/products\/treatments-pt-pt\/hairgenie-pt-pt\/hairgenie-q10-pt-pt-2\/hairgenie-q10-serum-reparador-intensivo\/#breadcrumb"},"inLanguage":"pt-PT","potentialAction":[{"@type":"ReadAction","target":["https:\/\/www.professional-haircare.it\/pt-pt\/products\/treatments-pt-pt\/hairgenie-pt-pt\/hairgenie-q10-pt-pt-2\/hairgenie-q10-serum-reparador-intensivo\/"]}]},{"@type":"ImageObject","inLanguage":"pt-PT","@id":"https:\/\/www.professional-haircare.it\/pt-pt\/products\/treatments-pt-pt\/hairgenie-pt-pt\/hairgenie-q10-pt-pt-2\/hairgenie-q10-serum-reparador-intensivo\/#primaryimage","url":"https:\/\/www.professional-haircare.it\/wp-content\/uploads\/2021\/05\/12051_professional_hairgenie_q10_intensive_rebuilding_serum_110ml.png","contentUrl":"https:\/\/www.professional-haircare.it\/wp-content\/uploads\/2021\/05\/12051_professional_hairgenie_q10_intensive_rebuilding_serum_110ml.png","width":600,"height":600},{"@type":"BreadcrumbList","@id":"https:\/\/www.professional-haircare.it\/pt-pt\/products\/treatments-pt-pt\/hairgenie-pt-pt\/hairgenie-q10-pt-pt-2\/hairgenie-q10-serum-reparador-intensivo\/#breadcrumb","itemListElement":[{"@type":"ListItem","position":1,"name":"Home","item":"https:\/\/professional-haircare.it\/pt-pt\/"},{"@type":"ListItem","position":2,"name":"Shop","item":"https:\/\/professional-haircare.it\/shop\/"},{"@type":"ListItem","position":3,"name":"Hairgenie Q10 &#8211; S\u00e9rum Reparador Intensivo"}]},{"@type":"WebSite","@id":"https:\/\/professional-haircare.it\/#website","url":"https:\/\/professional-haircare.it\/","name":"Professional Hair Care","description":"Hair Quality Solutions","potentialAction":[{"@type":"SearchAction","target":{"@type":"EntryPoint","urlTemplate":"https:\/\/professional-haircare.it\/?s={search_term_string}"},"query-input":{"@type":"PropertyValueSpecification","valueRequired":true,"valueName":"search_term_string"}}],"inLanguage":"pt-PT"}]}},"_links":{"self":[{"href":"https:\/\/www.professional-haircare.it\/pt-pt\/wp-json\/wp\/v2\/product\/6606","targetHints":{"allow":["GET"]}}],"collection":[{"href":"https:\/\/www.professional-haircare.it\/pt-pt\/wp-json\/wp\/v2\/product"}],"about":[{"href":"https:\/\/www.professional-haircare.it\/pt-pt\/wp-json\/wp\/v2\/types\/product"}],"replies":[{"embeddable":true,"href":"https:\/\/www.professional-haircare.it\/pt-pt\/wp-json\/wp\/v2\/comments?post=6606"}],"wp:featuredmedia":[{"embeddable":true,"href":"https:\/\/www.professional-haircare.it\/pt-pt\/wp-json\/wp\/v2\/media\/5369"}],"wp:attachment":[{"href":"https:\/\/www.professional-haircare.it\/pt-pt\/wp-json\/wp\/v2\/media?parent=6606"}],"wp:term":[{"taxonomy":"product_brand","embeddable":true,"href":"https:\/\/www.professional-haircare.it\/pt-pt\/wp-json\/wp\/v2\/product_brand?post=6606"},{"taxonomy":"product_cat","embeddable":true,"href":"https:\/\/www.professional-haircare.it\/pt-pt\/wp-json\/wp\/v2\/product_cat?post=6606"},{"taxonomy":"product_tag","embeddable":true,"href":"https:\/\/www.professional-haircare.it\/pt-pt\/wp-json\/wp\/v2\/product_tag?post=6606"}],"curies":[{"name":"wp","href":"https:\/\/api.w.org\/{rel}","templated":true}]}}