{"id":6604,"date":"2016-03-30T15:55:25","date_gmt":"2016-03-30T13:55:25","guid":{"rendered":"https:\/\/www.professional-haircare.it\/products\/sem%20categoria\/hairgenie-q10-mascara-reparadora-intensiva-2\/"},"modified":"2023-12-29T10:40:00","modified_gmt":"2023-12-29T09:40:00","slug":"hairgenie-q10-mascara-reparadora-intensiva-2","status":"publish","type":"product","link":"https:\/\/www.professional-haircare.it\/pt-pt\/products\/treatments-pt-pt\/hairgenie-pt-pt\/hairgenie-q10-pt-pt-2\/hairgenie-q10-mascara-reparadora-intensiva-2\/","title":{"rendered":"Hairgenie Q10 | M\u00e1scara Reparadora Intensiva"},"content":{"rendered":"","protected":false},"excerpt":{"rendered":"<p><span style=\"font-weight: 400;\">A <\/span><b>m\u00e1scara reparadora intensiva Hairgenie Q10<\/b><span style=\"font-weight: 400;\"> foi especificamente concebida para favorecer a renova\u00e7\u00e3o e a firmeza da estrutura externa do cabelo. Ideal para cabelos extremamente <\/span><b>danificados, com tratamentos ou estragados<\/b><span style=\"font-weight: 400;\">, atua sobre o cabelo proporcionando-lhe uma regenera\u00e7\u00e3o profunda: <\/span><b>coenzima Q10<\/b><span style=\"font-weight: 400;\">, <\/span><b>queratina<\/b><span style=\"font-weight: 400;\"> e <\/span><b>\u00f3leo de arg\u00e3o <\/b><span style=\"font-weight: 400;\">s\u00e3o os ativos funcionais da formula\u00e7\u00e3o Professional que atuam para melhorar a <\/span><b>resist\u00eancia e a elasticidade<\/b><span style=\"font-weight: 400;\"> do cabelo.<\/span><\/p>\n<p><span style=\"font-weight: 400;\">Uso profissional<\/span><\/p>\n<p><span style=\"font-weight: 400;\">Formato de 200 ml<\/span><\/p>\n","protected":false},"featured_media":5368,"comment_status":"closed","ping_status":"closed","template":"","meta":[],"product_brand":[],"product_cat":[900,892],"product_tag":[],"class_list":{"0":"post-6604","1":"product","2":"type-product","3":"status-publish","4":"has-post-thumbnail","6":"product_cat-hairgenie-q10-pt-pt-2","7":"product_cat-treatments-pt-pt","9":"first","10":"instock","11":"shipping-taxable","12":"product-type-simple"},"yoast_head":"<!-- This site is optimized with the Yoast SEO plugin v26.8 - https:\/\/yoast.com\/product\/yoast-seo-wordpress\/ -->\n<title>Hairgenie Q10 | M\u00e1scara Reparadora Intensiva<\/title>\n<meta name=\"description\" content=\"A m\u00e1scara reparadora intensiva Hairgenie Q10 foi especificamente concebida para favorecer a renova\u00e7\u00e3o e a firmeza da estrutura externa do cabelo.\" \/>\n<meta name=\"robots\" content=\"index, follow, max-snippet:-1, max-image-preview:large, max-video-preview:-1\" \/>\n<link rel=\"canonical\" href=\"https:\/\/www.professional-haircare.it\/pt-pt\/products\/treatments-pt-pt\/hairgenie-pt-pt\/hairgenie-q10-pt-pt-2\/hairgenie-q10-mascara-reparadora-intensiva-2\/\" \/>\n<meta property=\"og:locale\" content=\"pt_PT\" \/>\n<meta property=\"og:type\" content=\"article\" \/>\n<meta property=\"og:title\" content=\"Hairgenie Q10 | M\u00e1scara Reparadora Intensiva\" \/>\n<meta property=\"og:description\" content=\"A m\u00e1scara reparadora intensiva Hairgenie Q10 foi especificamente concebida para favorecer a renova\u00e7\u00e3o e a firmeza da estrutura externa do cabelo.\" \/>\n<meta property=\"og:url\" content=\"https:\/\/www.professional-haircare.it\/pt-pt\/products\/treatments-pt-pt\/hairgenie-pt-pt\/hairgenie-q10-pt-pt-2\/hairgenie-q10-mascara-reparadora-intensiva-2\/\" \/>\n<meta property=\"og:site_name\" content=\"Professional Hair Care\" \/>\n<meta property=\"article:modified_time\" content=\"2023-12-29T09:40:00+00:00\" \/>\n<meta property=\"og:image\" content=\"https:\/\/professional-haircare.it\/wp-content\/uploads\/2021\/05\/12050_professional_hairgenie_q10_intensive_rebuilding_mask__200ml.png\" \/>\n\t<meta property=\"og:image:width\" content=\"600\" \/>\n\t<meta property=\"og:image:height\" content=\"600\" \/>\n\t<meta property=\"og:image:type\" content=\"image\/png\" \/>\n<meta name=\"twitter:card\" content=\"summary_large_image\" \/>\n<script type=\"application\/ld+json\" class=\"yoast-schema-graph\">{\"@context\":\"https:\/\/schema.org\",\"@graph\":[{\"@type\":\"WebPage\",\"@id\":\"https:\/\/www.professional-haircare.it\/pt-pt\/products\/treatments-pt-pt\/hairgenie-pt-pt\/hairgenie-q10-pt-pt-2\/hairgenie-q10-mascara-reparadora-intensiva-2\/\",\"url\":\"https:\/\/www.professional-haircare.it\/pt-pt\/products\/treatments-pt-pt\/hairgenie-pt-pt\/hairgenie-q10-pt-pt-2\/hairgenie-q10-mascara-reparadora-intensiva-2\/\",\"name\":\"Hairgenie Q10 | M\u00e1scara Reparadora Intensiva\",\"isPartOf\":{\"@id\":\"https:\/\/professional-haircare.it\/#website\"},\"primaryImageOfPage\":{\"@id\":\"https:\/\/www.professional-haircare.it\/pt-pt\/products\/treatments-pt-pt\/hairgenie-pt-pt\/hairgenie-q10-pt-pt-2\/hairgenie-q10-mascara-reparadora-intensiva-2\/#primaryimage\"},\"image\":{\"@id\":\"https:\/\/www.professional-haircare.it\/pt-pt\/products\/treatments-pt-pt\/hairgenie-pt-pt\/hairgenie-q10-pt-pt-2\/hairgenie-q10-mascara-reparadora-intensiva-2\/#primaryimage\"},\"thumbnailUrl\":\"https:\/\/www.professional-haircare.it\/wp-content\/uploads\/2021\/05\/12050_professional_hairgenie_q10_intensive_rebuilding_mask__200ml.png\",\"datePublished\":\"2016-03-30T13:55:25+00:00\",\"dateModified\":\"2023-12-29T09:40:00+00:00\",\"description\":\"A m\u00e1scara reparadora intensiva Hairgenie Q10 foi especificamente concebida para favorecer a renova\u00e7\u00e3o e a firmeza da estrutura externa do cabelo.\",\"breadcrumb\":{\"@id\":\"https:\/\/www.professional-haircare.it\/pt-pt\/products\/treatments-pt-pt\/hairgenie-pt-pt\/hairgenie-q10-pt-pt-2\/hairgenie-q10-mascara-reparadora-intensiva-2\/#breadcrumb\"},\"inLanguage\":\"pt-PT\",\"potentialAction\":[{\"@type\":\"ReadAction\",\"target\":[\"https:\/\/www.professional-haircare.it\/pt-pt\/products\/treatments-pt-pt\/hairgenie-pt-pt\/hairgenie-q10-pt-pt-2\/hairgenie-q10-mascara-reparadora-intensiva-2\/\"]}]},{\"@type\":\"ImageObject\",\"inLanguage\":\"pt-PT\",\"@id\":\"https:\/\/www.professional-haircare.it\/pt-pt\/products\/treatments-pt-pt\/hairgenie-pt-pt\/hairgenie-q10-pt-pt-2\/hairgenie-q10-mascara-reparadora-intensiva-2\/#primaryimage\",\"url\":\"https:\/\/www.professional-haircare.it\/wp-content\/uploads\/2021\/05\/12050_professional_hairgenie_q10_intensive_rebuilding_mask__200ml.png\",\"contentUrl\":\"https:\/\/www.professional-haircare.it\/wp-content\/uploads\/2021\/05\/12050_professional_hairgenie_q10_intensive_rebuilding_mask__200ml.png\",\"width\":600,\"height\":600},{\"@type\":\"BreadcrumbList\",\"@id\":\"https:\/\/www.professional-haircare.it\/pt-pt\/products\/treatments-pt-pt\/hairgenie-pt-pt\/hairgenie-q10-pt-pt-2\/hairgenie-q10-mascara-reparadora-intensiva-2\/#breadcrumb\",\"itemListElement\":[{\"@type\":\"ListItem\",\"position\":1,\"name\":\"Home\",\"item\":\"https:\/\/professional-haircare.it\/pt-pt\/\"},{\"@type\":\"ListItem\",\"position\":2,\"name\":\"Shop\",\"item\":\"https:\/\/professional-haircare.it\/shop\/\"},{\"@type\":\"ListItem\",\"position\":3,\"name\":\"Hairgenie Q10 | M\u00e1scara Reparadora Intensiva\"}]},{\"@type\":\"WebSite\",\"@id\":\"https:\/\/professional-haircare.it\/#website\",\"url\":\"https:\/\/professional-haircare.it\/\",\"name\":\"Professional Hair Care\",\"description\":\"Hair Quality Solutions\",\"potentialAction\":[{\"@type\":\"SearchAction\",\"target\":{\"@type\":\"EntryPoint\",\"urlTemplate\":\"https:\/\/professional-haircare.it\/?s={search_term_string}\"},\"query-input\":{\"@type\":\"PropertyValueSpecification\",\"valueRequired\":true,\"valueName\":\"search_term_string\"}}],\"inLanguage\":\"pt-PT\"}]}<\/script>\n<!-- \/ Yoast SEO plugin. -->","yoast_head_json":{"title":"Hairgenie Q10 | M\u00e1scara Reparadora Intensiva","description":"A m\u00e1scara reparadora intensiva Hairgenie Q10 foi especificamente concebida para favorecer a renova\u00e7\u00e3o e a firmeza da estrutura externa do cabelo.","robots":{"index":"index","follow":"follow","max-snippet":"max-snippet:-1","max-image-preview":"max-image-preview:large","max-video-preview":"max-video-preview:-1"},"canonical":"https:\/\/www.professional-haircare.it\/pt-pt\/products\/treatments-pt-pt\/hairgenie-pt-pt\/hairgenie-q10-pt-pt-2\/hairgenie-q10-mascara-reparadora-intensiva-2\/","og_locale":"pt_PT","og_type":"article","og_title":"Hairgenie Q10 | M\u00e1scara Reparadora Intensiva","og_description":"A m\u00e1scara reparadora intensiva Hairgenie Q10 foi especificamente concebida para favorecer a renova\u00e7\u00e3o e a firmeza da estrutura externa do cabelo.","og_url":"https:\/\/www.professional-haircare.it\/pt-pt\/products\/treatments-pt-pt\/hairgenie-pt-pt\/hairgenie-q10-pt-pt-2\/hairgenie-q10-mascara-reparadora-intensiva-2\/","og_site_name":"Professional Hair Care","article_modified_time":"2023-12-29T09:40:00+00:00","og_image":[{"width":600,"height":600,"url":"https:\/\/professional-haircare.it\/wp-content\/uploads\/2021\/05\/12050_professional_hairgenie_q10_intensive_rebuilding_mask__200ml.png","type":"image\/png"}],"twitter_card":"summary_large_image","schema":{"@context":"https:\/\/schema.org","@graph":[{"@type":"WebPage","@id":"https:\/\/www.professional-haircare.it\/pt-pt\/products\/treatments-pt-pt\/hairgenie-pt-pt\/hairgenie-q10-pt-pt-2\/hairgenie-q10-mascara-reparadora-intensiva-2\/","url":"https:\/\/www.professional-haircare.it\/pt-pt\/products\/treatments-pt-pt\/hairgenie-pt-pt\/hairgenie-q10-pt-pt-2\/hairgenie-q10-mascara-reparadora-intensiva-2\/","name":"Hairgenie Q10 | M\u00e1scara Reparadora Intensiva","isPartOf":{"@id":"https:\/\/professional-haircare.it\/#website"},"primaryImageOfPage":{"@id":"https:\/\/www.professional-haircare.it\/pt-pt\/products\/treatments-pt-pt\/hairgenie-pt-pt\/hairgenie-q10-pt-pt-2\/hairgenie-q10-mascara-reparadora-intensiva-2\/#primaryimage"},"image":{"@id":"https:\/\/www.professional-haircare.it\/pt-pt\/products\/treatments-pt-pt\/hairgenie-pt-pt\/hairgenie-q10-pt-pt-2\/hairgenie-q10-mascara-reparadora-intensiva-2\/#primaryimage"},"thumbnailUrl":"https:\/\/www.professional-haircare.it\/wp-content\/uploads\/2021\/05\/12050_professional_hairgenie_q10_intensive_rebuilding_mask__200ml.png","datePublished":"2016-03-30T13:55:25+00:00","dateModified":"2023-12-29T09:40:00+00:00","description":"A m\u00e1scara reparadora intensiva Hairgenie Q10 foi especificamente concebida para favorecer a renova\u00e7\u00e3o e a firmeza da estrutura externa do cabelo.","breadcrumb":{"@id":"https:\/\/www.professional-haircare.it\/pt-pt\/products\/treatments-pt-pt\/hairgenie-pt-pt\/hairgenie-q10-pt-pt-2\/hairgenie-q10-mascara-reparadora-intensiva-2\/#breadcrumb"},"inLanguage":"pt-PT","potentialAction":[{"@type":"ReadAction","target":["https:\/\/www.professional-haircare.it\/pt-pt\/products\/treatments-pt-pt\/hairgenie-pt-pt\/hairgenie-q10-pt-pt-2\/hairgenie-q10-mascara-reparadora-intensiva-2\/"]}]},{"@type":"ImageObject","inLanguage":"pt-PT","@id":"https:\/\/www.professional-haircare.it\/pt-pt\/products\/treatments-pt-pt\/hairgenie-pt-pt\/hairgenie-q10-pt-pt-2\/hairgenie-q10-mascara-reparadora-intensiva-2\/#primaryimage","url":"https:\/\/www.professional-haircare.it\/wp-content\/uploads\/2021\/05\/12050_professional_hairgenie_q10_intensive_rebuilding_mask__200ml.png","contentUrl":"https:\/\/www.professional-haircare.it\/wp-content\/uploads\/2021\/05\/12050_professional_hairgenie_q10_intensive_rebuilding_mask__200ml.png","width":600,"height":600},{"@type":"BreadcrumbList","@id":"https:\/\/www.professional-haircare.it\/pt-pt\/products\/treatments-pt-pt\/hairgenie-pt-pt\/hairgenie-q10-pt-pt-2\/hairgenie-q10-mascara-reparadora-intensiva-2\/#breadcrumb","itemListElement":[{"@type":"ListItem","position":1,"name":"Home","item":"https:\/\/professional-haircare.it\/pt-pt\/"},{"@type":"ListItem","position":2,"name":"Shop","item":"https:\/\/professional-haircare.it\/shop\/"},{"@type":"ListItem","position":3,"name":"Hairgenie Q10 | M\u00e1scara Reparadora Intensiva"}]},{"@type":"WebSite","@id":"https:\/\/professional-haircare.it\/#website","url":"https:\/\/professional-haircare.it\/","name":"Professional Hair Care","description":"Hair Quality Solutions","potentialAction":[{"@type":"SearchAction","target":{"@type":"EntryPoint","urlTemplate":"https:\/\/professional-haircare.it\/?s={search_term_string}"},"query-input":{"@type":"PropertyValueSpecification","valueRequired":true,"valueName":"search_term_string"}}],"inLanguage":"pt-PT"}]}},"_links":{"self":[{"href":"https:\/\/www.professional-haircare.it\/pt-pt\/wp-json\/wp\/v2\/product\/6604","targetHints":{"allow":["GET"]}}],"collection":[{"href":"https:\/\/www.professional-haircare.it\/pt-pt\/wp-json\/wp\/v2\/product"}],"about":[{"href":"https:\/\/www.professional-haircare.it\/pt-pt\/wp-json\/wp\/v2\/types\/product"}],"replies":[{"embeddable":true,"href":"https:\/\/www.professional-haircare.it\/pt-pt\/wp-json\/wp\/v2\/comments?post=6604"}],"wp:featuredmedia":[{"embeddable":true,"href":"https:\/\/www.professional-haircare.it\/pt-pt\/wp-json\/wp\/v2\/media\/5368"}],"wp:attachment":[{"href":"https:\/\/www.professional-haircare.it\/pt-pt\/wp-json\/wp\/v2\/media?parent=6604"}],"wp:term":[{"taxonomy":"product_brand","embeddable":true,"href":"https:\/\/www.professional-haircare.it\/pt-pt\/wp-json\/wp\/v2\/product_brand?post=6604"},{"taxonomy":"product_cat","embeddable":true,"href":"https:\/\/www.professional-haircare.it\/pt-pt\/wp-json\/wp\/v2\/product_cat?post=6604"},{"taxonomy":"product_tag","embeddable":true,"href":"https:\/\/www.professional-haircare.it\/pt-pt\/wp-json\/wp\/v2\/product_tag?post=6604"}],"curies":[{"name":"wp","href":"https:\/\/api.w.org\/{rel}","templated":true}]}}