{"id":6601,"date":"2016-03-30T15:46:15","date_gmt":"2016-03-30T13:46:15","guid":{"rendered":"https:\/\/www.professional-haircare.it\/products\/sem%20categoria\/hairgenie-q10-champo-reparador-intensivo\/"},"modified":"2023-12-29T10:42:26","modified_gmt":"2023-12-29T09:42:26","slug":"hairgenie-q10-champo-reparador-intensivo","status":"publish","type":"product","link":"https:\/\/www.professional-haircare.it\/pt-pt\/products\/treatments-pt-pt\/hairgenie-pt-pt\/hairgenie-q10-pt-pt-2\/hairgenie-q10-champo-reparador-intensivo\/","title":{"rendered":"Hairgenie Q10 | Champ\u00f4 Reparador Intensivo"},"content":{"rendered":"","protected":false},"excerpt":{"rendered":"<p><span style=\"font-weight: 400;\">O novo<\/span><b> champ\u00f4 reparador intensivo Hairgenie Q10<\/b><span style=\"font-weight: 400;\"> \u00e9 a primeira etapa do novo tratamento reparador Professional. A a\u00e7\u00e3o de limpeza complexa e a <\/span><b>limpeza em profundidade<\/b><span style=\"font-weight: 400;\"> fundem-se com as m\u00faltiplas propriedades regeneradoras da f\u00f3rmula inovadora: gra\u00e7as \u00e0 <\/span><b>coenzima Q10<\/b><span style=\"font-weight: 400;\"> e \u00e0 integra\u00e7\u00e3o da <\/span><b>queratina e do \u00f3leo de arg\u00e3o,<\/b><span style=\"font-weight: 400;\"> hidrata o cabelo e <\/span><b>protege-o<\/b><span style=\"font-weight: 400;\"> do ataque dos radicais livres.<\/span><\/p>\n<p><span style=\"font-weight: 400;\">Uso profissional<\/span><span style=\"font-weight: 400;\"><br \/>\n<\/span><span style=\"font-weight: 400;\">Formato de 1000 ml<\/span><\/p>\n","protected":false},"featured_media":5365,"comment_status":"closed","ping_status":"closed","template":"","meta":[],"product_brand":[],"product_cat":[900,892],"product_tag":[],"class_list":{"0":"post-6601","1":"product","2":"type-product","3":"status-publish","4":"has-post-thumbnail","6":"product_cat-hairgenie-q10-pt-pt-2","7":"product_cat-treatments-pt-pt","9":"first","10":"instock","11":"shipping-taxable","12":"product-type-simple"},"yoast_head":"<!-- This site is optimized with the Yoast SEO plugin v26.8 - https:\/\/yoast.com\/product\/yoast-seo-wordpress\/ -->\n<title>Hairgenie Q10 | Champ\u00f4 Reparador Intensivo<\/title>\n<meta name=\"description\" content=\"O novo champ\u00f4 reparador intensivo Hairgenie Q10 \u00e9 a primeira etapa do novo tratamento reparador Professional.\" \/>\n<meta name=\"robots\" content=\"index, follow, max-snippet:-1, max-image-preview:large, max-video-preview:-1\" \/>\n<link rel=\"canonical\" href=\"https:\/\/www.professional-haircare.it\/pt-pt\/products\/treatments-pt-pt\/hairgenie-pt-pt\/hairgenie-q10-pt-pt-2\/hairgenie-q10-champo-reparador-intensivo\/\" \/>\n<meta property=\"og:locale\" content=\"pt_PT\" \/>\n<meta property=\"og:type\" content=\"article\" \/>\n<meta property=\"og:title\" content=\"Hairgenie Q10 | Champ\u00f4 Reparador Intensivo\" \/>\n<meta property=\"og:description\" content=\"O novo champ\u00f4 reparador intensivo Hairgenie Q10 \u00e9 a primeira etapa do novo tratamento reparador Professional.\" \/>\n<meta property=\"og:url\" content=\"https:\/\/www.professional-haircare.it\/pt-pt\/products\/treatments-pt-pt\/hairgenie-pt-pt\/hairgenie-q10-pt-pt-2\/hairgenie-q10-champo-reparador-intensivo\/\" \/>\n<meta property=\"og:site_name\" content=\"Professional Hair Care\" \/>\n<meta property=\"article:modified_time\" content=\"2023-12-29T09:42:26+00:00\" \/>\n<meta property=\"og:image\" content=\"https:\/\/professional-haircare.it\/wp-content\/uploads\/2021\/05\/12047_professional_hairgenie_q10_intensive_rebuilding_shampoo_1000ml.png\" \/>\n\t<meta property=\"og:image:width\" content=\"600\" \/>\n\t<meta property=\"og:image:height\" content=\"600\" \/>\n\t<meta property=\"og:image:type\" content=\"image\/png\" \/>\n<meta name=\"twitter:card\" content=\"summary_large_image\" \/>\n<script type=\"application\/ld+json\" class=\"yoast-schema-graph\">{\"@context\":\"https:\/\/schema.org\",\"@graph\":[{\"@type\":\"WebPage\",\"@id\":\"https:\/\/www.professional-haircare.it\/pt-pt\/products\/treatments-pt-pt\/hairgenie-pt-pt\/hairgenie-q10-pt-pt-2\/hairgenie-q10-champo-reparador-intensivo\/\",\"url\":\"https:\/\/www.professional-haircare.it\/pt-pt\/products\/treatments-pt-pt\/hairgenie-pt-pt\/hairgenie-q10-pt-pt-2\/hairgenie-q10-champo-reparador-intensivo\/\",\"name\":\"Hairgenie Q10 | Champ\u00f4 Reparador Intensivo\",\"isPartOf\":{\"@id\":\"https:\/\/professional-haircare.it\/#website\"},\"primaryImageOfPage\":{\"@id\":\"https:\/\/www.professional-haircare.it\/pt-pt\/products\/treatments-pt-pt\/hairgenie-pt-pt\/hairgenie-q10-pt-pt-2\/hairgenie-q10-champo-reparador-intensivo\/#primaryimage\"},\"image\":{\"@id\":\"https:\/\/www.professional-haircare.it\/pt-pt\/products\/treatments-pt-pt\/hairgenie-pt-pt\/hairgenie-q10-pt-pt-2\/hairgenie-q10-champo-reparador-intensivo\/#primaryimage\"},\"thumbnailUrl\":\"https:\/\/www.professional-haircare.it\/wp-content\/uploads\/2021\/05\/12047_professional_hairgenie_q10_intensive_rebuilding_shampoo_1000ml.png\",\"datePublished\":\"2016-03-30T13:46:15+00:00\",\"dateModified\":\"2023-12-29T09:42:26+00:00\",\"description\":\"O novo champ\u00f4 reparador intensivo Hairgenie Q10 \u00e9 a primeira etapa do novo tratamento reparador Professional.\",\"breadcrumb\":{\"@id\":\"https:\/\/www.professional-haircare.it\/pt-pt\/products\/treatments-pt-pt\/hairgenie-pt-pt\/hairgenie-q10-pt-pt-2\/hairgenie-q10-champo-reparador-intensivo\/#breadcrumb\"},\"inLanguage\":\"pt-PT\",\"potentialAction\":[{\"@type\":\"ReadAction\",\"target\":[\"https:\/\/www.professional-haircare.it\/pt-pt\/products\/treatments-pt-pt\/hairgenie-pt-pt\/hairgenie-q10-pt-pt-2\/hairgenie-q10-champo-reparador-intensivo\/\"]}]},{\"@type\":\"ImageObject\",\"inLanguage\":\"pt-PT\",\"@id\":\"https:\/\/www.professional-haircare.it\/pt-pt\/products\/treatments-pt-pt\/hairgenie-pt-pt\/hairgenie-q10-pt-pt-2\/hairgenie-q10-champo-reparador-intensivo\/#primaryimage\",\"url\":\"https:\/\/www.professional-haircare.it\/wp-content\/uploads\/2021\/05\/12047_professional_hairgenie_q10_intensive_rebuilding_shampoo_1000ml.png\",\"contentUrl\":\"https:\/\/www.professional-haircare.it\/wp-content\/uploads\/2021\/05\/12047_professional_hairgenie_q10_intensive_rebuilding_shampoo_1000ml.png\",\"width\":600,\"height\":600},{\"@type\":\"BreadcrumbList\",\"@id\":\"https:\/\/www.professional-haircare.it\/pt-pt\/products\/treatments-pt-pt\/hairgenie-pt-pt\/hairgenie-q10-pt-pt-2\/hairgenie-q10-champo-reparador-intensivo\/#breadcrumb\",\"itemListElement\":[{\"@type\":\"ListItem\",\"position\":1,\"name\":\"Home\",\"item\":\"https:\/\/professional-haircare.it\/pt-pt\/\"},{\"@type\":\"ListItem\",\"position\":2,\"name\":\"Shop\",\"item\":\"https:\/\/professional-haircare.it\/shop\/\"},{\"@type\":\"ListItem\",\"position\":3,\"name\":\"Hairgenie Q10 | Champ\u00f4 Reparador Intensivo\"}]},{\"@type\":\"WebSite\",\"@id\":\"https:\/\/professional-haircare.it\/#website\",\"url\":\"https:\/\/professional-haircare.it\/\",\"name\":\"Professional Hair Care\",\"description\":\"Hair Quality Solutions\",\"potentialAction\":[{\"@type\":\"SearchAction\",\"target\":{\"@type\":\"EntryPoint\",\"urlTemplate\":\"https:\/\/professional-haircare.it\/?s={search_term_string}\"},\"query-input\":{\"@type\":\"PropertyValueSpecification\",\"valueRequired\":true,\"valueName\":\"search_term_string\"}}],\"inLanguage\":\"pt-PT\"}]}<\/script>\n<!-- \/ Yoast SEO plugin. -->","yoast_head_json":{"title":"Hairgenie Q10 | Champ\u00f4 Reparador Intensivo","description":"O novo champ\u00f4 reparador intensivo Hairgenie Q10 \u00e9 a primeira etapa do novo tratamento reparador Professional.","robots":{"index":"index","follow":"follow","max-snippet":"max-snippet:-1","max-image-preview":"max-image-preview:large","max-video-preview":"max-video-preview:-1"},"canonical":"https:\/\/www.professional-haircare.it\/pt-pt\/products\/treatments-pt-pt\/hairgenie-pt-pt\/hairgenie-q10-pt-pt-2\/hairgenie-q10-champo-reparador-intensivo\/","og_locale":"pt_PT","og_type":"article","og_title":"Hairgenie Q10 | Champ\u00f4 Reparador Intensivo","og_description":"O novo champ\u00f4 reparador intensivo Hairgenie Q10 \u00e9 a primeira etapa do novo tratamento reparador Professional.","og_url":"https:\/\/www.professional-haircare.it\/pt-pt\/products\/treatments-pt-pt\/hairgenie-pt-pt\/hairgenie-q10-pt-pt-2\/hairgenie-q10-champo-reparador-intensivo\/","og_site_name":"Professional Hair Care","article_modified_time":"2023-12-29T09:42:26+00:00","og_image":[{"width":600,"height":600,"url":"https:\/\/professional-haircare.it\/wp-content\/uploads\/2021\/05\/12047_professional_hairgenie_q10_intensive_rebuilding_shampoo_1000ml.png","type":"image\/png"}],"twitter_card":"summary_large_image","schema":{"@context":"https:\/\/schema.org","@graph":[{"@type":"WebPage","@id":"https:\/\/www.professional-haircare.it\/pt-pt\/products\/treatments-pt-pt\/hairgenie-pt-pt\/hairgenie-q10-pt-pt-2\/hairgenie-q10-champo-reparador-intensivo\/","url":"https:\/\/www.professional-haircare.it\/pt-pt\/products\/treatments-pt-pt\/hairgenie-pt-pt\/hairgenie-q10-pt-pt-2\/hairgenie-q10-champo-reparador-intensivo\/","name":"Hairgenie Q10 | Champ\u00f4 Reparador Intensivo","isPartOf":{"@id":"https:\/\/professional-haircare.it\/#website"},"primaryImageOfPage":{"@id":"https:\/\/www.professional-haircare.it\/pt-pt\/products\/treatments-pt-pt\/hairgenie-pt-pt\/hairgenie-q10-pt-pt-2\/hairgenie-q10-champo-reparador-intensivo\/#primaryimage"},"image":{"@id":"https:\/\/www.professional-haircare.it\/pt-pt\/products\/treatments-pt-pt\/hairgenie-pt-pt\/hairgenie-q10-pt-pt-2\/hairgenie-q10-champo-reparador-intensivo\/#primaryimage"},"thumbnailUrl":"https:\/\/www.professional-haircare.it\/wp-content\/uploads\/2021\/05\/12047_professional_hairgenie_q10_intensive_rebuilding_shampoo_1000ml.png","datePublished":"2016-03-30T13:46:15+00:00","dateModified":"2023-12-29T09:42:26+00:00","description":"O novo champ\u00f4 reparador intensivo Hairgenie Q10 \u00e9 a primeira etapa do novo tratamento reparador Professional.","breadcrumb":{"@id":"https:\/\/www.professional-haircare.it\/pt-pt\/products\/treatments-pt-pt\/hairgenie-pt-pt\/hairgenie-q10-pt-pt-2\/hairgenie-q10-champo-reparador-intensivo\/#breadcrumb"},"inLanguage":"pt-PT","potentialAction":[{"@type":"ReadAction","target":["https:\/\/www.professional-haircare.it\/pt-pt\/products\/treatments-pt-pt\/hairgenie-pt-pt\/hairgenie-q10-pt-pt-2\/hairgenie-q10-champo-reparador-intensivo\/"]}]},{"@type":"ImageObject","inLanguage":"pt-PT","@id":"https:\/\/www.professional-haircare.it\/pt-pt\/products\/treatments-pt-pt\/hairgenie-pt-pt\/hairgenie-q10-pt-pt-2\/hairgenie-q10-champo-reparador-intensivo\/#primaryimage","url":"https:\/\/www.professional-haircare.it\/wp-content\/uploads\/2021\/05\/12047_professional_hairgenie_q10_intensive_rebuilding_shampoo_1000ml.png","contentUrl":"https:\/\/www.professional-haircare.it\/wp-content\/uploads\/2021\/05\/12047_professional_hairgenie_q10_intensive_rebuilding_shampoo_1000ml.png","width":600,"height":600},{"@type":"BreadcrumbList","@id":"https:\/\/www.professional-haircare.it\/pt-pt\/products\/treatments-pt-pt\/hairgenie-pt-pt\/hairgenie-q10-pt-pt-2\/hairgenie-q10-champo-reparador-intensivo\/#breadcrumb","itemListElement":[{"@type":"ListItem","position":1,"name":"Home","item":"https:\/\/professional-haircare.it\/pt-pt\/"},{"@type":"ListItem","position":2,"name":"Shop","item":"https:\/\/professional-haircare.it\/shop\/"},{"@type":"ListItem","position":3,"name":"Hairgenie Q10 | Champ\u00f4 Reparador Intensivo"}]},{"@type":"WebSite","@id":"https:\/\/professional-haircare.it\/#website","url":"https:\/\/professional-haircare.it\/","name":"Professional Hair Care","description":"Hair Quality Solutions","potentialAction":[{"@type":"SearchAction","target":{"@type":"EntryPoint","urlTemplate":"https:\/\/professional-haircare.it\/?s={search_term_string}"},"query-input":{"@type":"PropertyValueSpecification","valueRequired":true,"valueName":"search_term_string"}}],"inLanguage":"pt-PT"}]}},"_links":{"self":[{"href":"https:\/\/www.professional-haircare.it\/pt-pt\/wp-json\/wp\/v2\/product\/6601","targetHints":{"allow":["GET"]}}],"collection":[{"href":"https:\/\/www.professional-haircare.it\/pt-pt\/wp-json\/wp\/v2\/product"}],"about":[{"href":"https:\/\/www.professional-haircare.it\/pt-pt\/wp-json\/wp\/v2\/types\/product"}],"replies":[{"embeddable":true,"href":"https:\/\/www.professional-haircare.it\/pt-pt\/wp-json\/wp\/v2\/comments?post=6601"}],"wp:featuredmedia":[{"embeddable":true,"href":"https:\/\/www.professional-haircare.it\/pt-pt\/wp-json\/wp\/v2\/media\/5365"}],"wp:attachment":[{"href":"https:\/\/www.professional-haircare.it\/pt-pt\/wp-json\/wp\/v2\/media?parent=6601"}],"wp:term":[{"taxonomy":"product_brand","embeddable":true,"href":"https:\/\/www.professional-haircare.it\/pt-pt\/wp-json\/wp\/v2\/product_brand?post=6601"},{"taxonomy":"product_cat","embeddable":true,"href":"https:\/\/www.professional-haircare.it\/pt-pt\/wp-json\/wp\/v2\/product_cat?post=6601"},{"taxonomy":"product_tag","embeddable":true,"href":"https:\/\/www.professional-haircare.it\/pt-pt\/wp-json\/wp\/v2\/product_tag?post=6601"}],"curies":[{"name":"wp","href":"https:\/\/api.w.org\/{rel}","templated":true}]}}