{"id":6599,"date":"2022-07-01T16:28:05","date_gmt":"2022-07-01T14:28:05","guid":{"rendered":"https:\/\/www.professional-haircare.it\/products\/sem%20categoria\/hairgenie-volume-boost-spray-para-cabelos-finos-e-sem-corpo\/"},"modified":"2023-12-20T16:56:27","modified_gmt":"2023-12-20T15:56:27","slug":"hairgenie-volume-boost-spray-para-cabelos-finos-e-sem-corpo","status":"publish","type":"product","link":"https:\/\/www.professional-haircare.it\/pt-pt\/products\/treatments-pt-pt\/hairgenie-pt-pt\/hairgenie-volume-boost-pt-pt\/hairgenie-volume-boost-spray-para-cabelos-finos-e-sem-corpo\/","title":{"rendered":"Hairgenie Volume Boost | Spray Para Cabelos Finos E Sem Corpo"},"content":{"rendered":"","protected":false},"excerpt":{"rendered":"<p><span style=\"font-weight: 400;\">Hairgenie Volume Boost \u00e9 o spray com a\u00e7\u00e3o volumizadora que n\u00e3o deixa o cabelo pesado.<\/span><\/p>\n<p><span style=\"font-weight: 400;\">Desde a primeira aplica\u00e7\u00e3o, confere ao cabelo um efeito de corpo, ideal para melhorar a fixa\u00e7\u00e3o do penteado.<\/span><\/p>\n<p><span style=\"font-weight: 400;\">150 ml<\/span><\/p>\n","protected":false},"featured_media":5724,"comment_status":"closed","ping_status":"closed","template":"","meta":[],"product_brand":[],"product_cat":[896,902,892],"product_tag":[],"class_list":{"0":"post-6599","1":"product","2":"type-product","3":"status-publish","4":"has-post-thumbnail","6":"product_cat-hairgenie-pt-pt","7":"product_cat-hairgenie-volume-boost-pt-pt","8":"product_cat-treatments-pt-pt","10":"first","11":"instock","12":"shipping-taxable","13":"product-type-simple"},"yoast_head":"<!-- This site is optimized with the Yoast SEO plugin v26.8 - https:\/\/yoast.com\/product\/yoast-seo-wordpress\/ -->\n<title>Hairgenie Volume Boost | Spray Para Cabelos Finos E Sem Corpo - Professional Hair Care<\/title>\n<meta name=\"robots\" content=\"index, follow, max-snippet:-1, max-image-preview:large, max-video-preview:-1\" \/>\n<link rel=\"canonical\" href=\"https:\/\/www.professional-haircare.it\/pt-pt\/products\/treatments-pt-pt\/hairgenie-pt-pt\/hairgenie-volume-boost-pt-pt\/hairgenie-volume-boost-spray-para-cabelos-finos-e-sem-corpo\/\" \/>\n<meta property=\"og:locale\" content=\"pt_PT\" \/>\n<meta property=\"og:type\" content=\"article\" \/>\n<meta property=\"og:title\" content=\"Hairgenie Volume Boost | Spray Para Cabelos Finos E Sem Corpo - Professional Hair Care\" \/>\n<meta property=\"og:description\" content=\"Hairgenie Volume Boost \u00e9 o spray com a\u00e7\u00e3o volumizadora que n\u00e3o deixa o cabelo pesado.  Desde a primeira aplica\u00e7\u00e3o, confere ao cabelo um efeito de corpo, ideal para melhorar a fixa\u00e7\u00e3o do penteado.  150 ml\" \/>\n<meta property=\"og:url\" content=\"https:\/\/www.professional-haircare.it\/pt-pt\/products\/treatments-pt-pt\/hairgenie-pt-pt\/hairgenie-volume-boost-pt-pt\/hairgenie-volume-boost-spray-para-cabelos-finos-e-sem-corpo\/\" \/>\n<meta property=\"og:site_name\" content=\"Professional Hair Care\" \/>\n<meta property=\"article:modified_time\" content=\"2023-12-20T15:56:27+00:00\" \/>\n<meta property=\"og:image\" content=\"https:\/\/professional-haircare.it\/wp-content\/uploads\/2022\/06\/12082_professional_treatment_volume_spray_150ml.png\" \/>\n\t<meta property=\"og:image:width\" content=\"600\" \/>\n\t<meta property=\"og:image:height\" content=\"600\" \/>\n\t<meta property=\"og:image:type\" content=\"image\/png\" \/>\n<meta name=\"twitter:card\" content=\"summary_large_image\" \/>\n<script type=\"application\/ld+json\" class=\"yoast-schema-graph\">{\"@context\":\"https:\/\/schema.org\",\"@graph\":[{\"@type\":\"WebPage\",\"@id\":\"https:\/\/www.professional-haircare.it\/pt-pt\/products\/treatments-pt-pt\/hairgenie-pt-pt\/hairgenie-volume-boost-pt-pt\/hairgenie-volume-boost-spray-para-cabelos-finos-e-sem-corpo\/\",\"url\":\"https:\/\/www.professional-haircare.it\/pt-pt\/products\/treatments-pt-pt\/hairgenie-pt-pt\/hairgenie-volume-boost-pt-pt\/hairgenie-volume-boost-spray-para-cabelos-finos-e-sem-corpo\/\",\"name\":\"Hairgenie Volume Boost | Spray Para Cabelos Finos E Sem Corpo - Professional Hair Care\",\"isPartOf\":{\"@id\":\"https:\/\/professional-haircare.it\/#website\"},\"primaryImageOfPage\":{\"@id\":\"https:\/\/www.professional-haircare.it\/pt-pt\/products\/treatments-pt-pt\/hairgenie-pt-pt\/hairgenie-volume-boost-pt-pt\/hairgenie-volume-boost-spray-para-cabelos-finos-e-sem-corpo\/#primaryimage\"},\"image\":{\"@id\":\"https:\/\/www.professional-haircare.it\/pt-pt\/products\/treatments-pt-pt\/hairgenie-pt-pt\/hairgenie-volume-boost-pt-pt\/hairgenie-volume-boost-spray-para-cabelos-finos-e-sem-corpo\/#primaryimage\"},\"thumbnailUrl\":\"https:\/\/www.professional-haircare.it\/wp-content\/uploads\/2022\/06\/12082_professional_treatment_volume_spray_150ml.png\",\"datePublished\":\"2022-07-01T14:28:05+00:00\",\"dateModified\":\"2023-12-20T15:56:27+00:00\",\"breadcrumb\":{\"@id\":\"https:\/\/www.professional-haircare.it\/pt-pt\/products\/treatments-pt-pt\/hairgenie-pt-pt\/hairgenie-volume-boost-pt-pt\/hairgenie-volume-boost-spray-para-cabelos-finos-e-sem-corpo\/#breadcrumb\"},\"inLanguage\":\"pt-PT\",\"potentialAction\":[{\"@type\":\"ReadAction\",\"target\":[\"https:\/\/www.professional-haircare.it\/pt-pt\/products\/treatments-pt-pt\/hairgenie-pt-pt\/hairgenie-volume-boost-pt-pt\/hairgenie-volume-boost-spray-para-cabelos-finos-e-sem-corpo\/\"]}]},{\"@type\":\"ImageObject\",\"inLanguage\":\"pt-PT\",\"@id\":\"https:\/\/www.professional-haircare.it\/pt-pt\/products\/treatments-pt-pt\/hairgenie-pt-pt\/hairgenie-volume-boost-pt-pt\/hairgenie-volume-boost-spray-para-cabelos-finos-e-sem-corpo\/#primaryimage\",\"url\":\"https:\/\/www.professional-haircare.it\/wp-content\/uploads\/2022\/06\/12082_professional_treatment_volume_spray_150ml.png\",\"contentUrl\":\"https:\/\/www.professional-haircare.it\/wp-content\/uploads\/2022\/06\/12082_professional_treatment_volume_spray_150ml.png\",\"width\":600,\"height\":600},{\"@type\":\"BreadcrumbList\",\"@id\":\"https:\/\/www.professional-haircare.it\/pt-pt\/products\/treatments-pt-pt\/hairgenie-pt-pt\/hairgenie-volume-boost-pt-pt\/hairgenie-volume-boost-spray-para-cabelos-finos-e-sem-corpo\/#breadcrumb\",\"itemListElement\":[{\"@type\":\"ListItem\",\"position\":1,\"name\":\"Home\",\"item\":\"https:\/\/professional-haircare.it\/pt-pt\/\"},{\"@type\":\"ListItem\",\"position\":2,\"name\":\"Shop\",\"item\":\"https:\/\/professional-haircare.it\/shop\/\"},{\"@type\":\"ListItem\",\"position\":3,\"name\":\"Hairgenie Volume Boost | Spray Para Cabelos Finos E Sem Corpo\"}]},{\"@type\":\"WebSite\",\"@id\":\"https:\/\/professional-haircare.it\/#website\",\"url\":\"https:\/\/professional-haircare.it\/\",\"name\":\"Professional Hair Care\",\"description\":\"Hair Quality Solutions\",\"potentialAction\":[{\"@type\":\"SearchAction\",\"target\":{\"@type\":\"EntryPoint\",\"urlTemplate\":\"https:\/\/professional-haircare.it\/?s={search_term_string}\"},\"query-input\":{\"@type\":\"PropertyValueSpecification\",\"valueRequired\":true,\"valueName\":\"search_term_string\"}}],\"inLanguage\":\"pt-PT\"}]}<\/script>\n<!-- \/ Yoast SEO plugin. -->","yoast_head_json":{"title":"Hairgenie Volume Boost | Spray Para Cabelos Finos E Sem Corpo - Professional Hair Care","robots":{"index":"index","follow":"follow","max-snippet":"max-snippet:-1","max-image-preview":"max-image-preview:large","max-video-preview":"max-video-preview:-1"},"canonical":"https:\/\/www.professional-haircare.it\/pt-pt\/products\/treatments-pt-pt\/hairgenie-pt-pt\/hairgenie-volume-boost-pt-pt\/hairgenie-volume-boost-spray-para-cabelos-finos-e-sem-corpo\/","og_locale":"pt_PT","og_type":"article","og_title":"Hairgenie Volume Boost | Spray Para Cabelos Finos E Sem Corpo - Professional Hair Care","og_description":"Hairgenie Volume Boost \u00e9 o spray com a\u00e7\u00e3o volumizadora que n\u00e3o deixa o cabelo pesado.  Desde a primeira aplica\u00e7\u00e3o, confere ao cabelo um efeito de corpo, ideal para melhorar a fixa\u00e7\u00e3o do penteado.  150 ml","og_url":"https:\/\/www.professional-haircare.it\/pt-pt\/products\/treatments-pt-pt\/hairgenie-pt-pt\/hairgenie-volume-boost-pt-pt\/hairgenie-volume-boost-spray-para-cabelos-finos-e-sem-corpo\/","og_site_name":"Professional Hair Care","article_modified_time":"2023-12-20T15:56:27+00:00","og_image":[{"width":600,"height":600,"url":"https:\/\/professional-haircare.it\/wp-content\/uploads\/2022\/06\/12082_professional_treatment_volume_spray_150ml.png","type":"image\/png"}],"twitter_card":"summary_large_image","schema":{"@context":"https:\/\/schema.org","@graph":[{"@type":"WebPage","@id":"https:\/\/www.professional-haircare.it\/pt-pt\/products\/treatments-pt-pt\/hairgenie-pt-pt\/hairgenie-volume-boost-pt-pt\/hairgenie-volume-boost-spray-para-cabelos-finos-e-sem-corpo\/","url":"https:\/\/www.professional-haircare.it\/pt-pt\/products\/treatments-pt-pt\/hairgenie-pt-pt\/hairgenie-volume-boost-pt-pt\/hairgenie-volume-boost-spray-para-cabelos-finos-e-sem-corpo\/","name":"Hairgenie Volume Boost | Spray Para Cabelos Finos E Sem Corpo - Professional Hair Care","isPartOf":{"@id":"https:\/\/professional-haircare.it\/#website"},"primaryImageOfPage":{"@id":"https:\/\/www.professional-haircare.it\/pt-pt\/products\/treatments-pt-pt\/hairgenie-pt-pt\/hairgenie-volume-boost-pt-pt\/hairgenie-volume-boost-spray-para-cabelos-finos-e-sem-corpo\/#primaryimage"},"image":{"@id":"https:\/\/www.professional-haircare.it\/pt-pt\/products\/treatments-pt-pt\/hairgenie-pt-pt\/hairgenie-volume-boost-pt-pt\/hairgenie-volume-boost-spray-para-cabelos-finos-e-sem-corpo\/#primaryimage"},"thumbnailUrl":"https:\/\/www.professional-haircare.it\/wp-content\/uploads\/2022\/06\/12082_professional_treatment_volume_spray_150ml.png","datePublished":"2022-07-01T14:28:05+00:00","dateModified":"2023-12-20T15:56:27+00:00","breadcrumb":{"@id":"https:\/\/www.professional-haircare.it\/pt-pt\/products\/treatments-pt-pt\/hairgenie-pt-pt\/hairgenie-volume-boost-pt-pt\/hairgenie-volume-boost-spray-para-cabelos-finos-e-sem-corpo\/#breadcrumb"},"inLanguage":"pt-PT","potentialAction":[{"@type":"ReadAction","target":["https:\/\/www.professional-haircare.it\/pt-pt\/products\/treatments-pt-pt\/hairgenie-pt-pt\/hairgenie-volume-boost-pt-pt\/hairgenie-volume-boost-spray-para-cabelos-finos-e-sem-corpo\/"]}]},{"@type":"ImageObject","inLanguage":"pt-PT","@id":"https:\/\/www.professional-haircare.it\/pt-pt\/products\/treatments-pt-pt\/hairgenie-pt-pt\/hairgenie-volume-boost-pt-pt\/hairgenie-volume-boost-spray-para-cabelos-finos-e-sem-corpo\/#primaryimage","url":"https:\/\/www.professional-haircare.it\/wp-content\/uploads\/2022\/06\/12082_professional_treatment_volume_spray_150ml.png","contentUrl":"https:\/\/www.professional-haircare.it\/wp-content\/uploads\/2022\/06\/12082_professional_treatment_volume_spray_150ml.png","width":600,"height":600},{"@type":"BreadcrumbList","@id":"https:\/\/www.professional-haircare.it\/pt-pt\/products\/treatments-pt-pt\/hairgenie-pt-pt\/hairgenie-volume-boost-pt-pt\/hairgenie-volume-boost-spray-para-cabelos-finos-e-sem-corpo\/#breadcrumb","itemListElement":[{"@type":"ListItem","position":1,"name":"Home","item":"https:\/\/professional-haircare.it\/pt-pt\/"},{"@type":"ListItem","position":2,"name":"Shop","item":"https:\/\/professional-haircare.it\/shop\/"},{"@type":"ListItem","position":3,"name":"Hairgenie Volume Boost | Spray Para Cabelos Finos E Sem Corpo"}]},{"@type":"WebSite","@id":"https:\/\/professional-haircare.it\/#website","url":"https:\/\/professional-haircare.it\/","name":"Professional Hair Care","description":"Hair Quality Solutions","potentialAction":[{"@type":"SearchAction","target":{"@type":"EntryPoint","urlTemplate":"https:\/\/professional-haircare.it\/?s={search_term_string}"},"query-input":{"@type":"PropertyValueSpecification","valueRequired":true,"valueName":"search_term_string"}}],"inLanguage":"pt-PT"}]}},"_links":{"self":[{"href":"https:\/\/www.professional-haircare.it\/pt-pt\/wp-json\/wp\/v2\/product\/6599","targetHints":{"allow":["GET"]}}],"collection":[{"href":"https:\/\/www.professional-haircare.it\/pt-pt\/wp-json\/wp\/v2\/product"}],"about":[{"href":"https:\/\/www.professional-haircare.it\/pt-pt\/wp-json\/wp\/v2\/types\/product"}],"replies":[{"embeddable":true,"href":"https:\/\/www.professional-haircare.it\/pt-pt\/wp-json\/wp\/v2\/comments?post=6599"}],"wp:featuredmedia":[{"embeddable":true,"href":"https:\/\/www.professional-haircare.it\/pt-pt\/wp-json\/wp\/v2\/media\/5724"}],"wp:attachment":[{"href":"https:\/\/www.professional-haircare.it\/pt-pt\/wp-json\/wp\/v2\/media?parent=6599"}],"wp:term":[{"taxonomy":"product_brand","embeddable":true,"href":"https:\/\/www.professional-haircare.it\/pt-pt\/wp-json\/wp\/v2\/product_brand?post=6599"},{"taxonomy":"product_cat","embeddable":true,"href":"https:\/\/www.professional-haircare.it\/pt-pt\/wp-json\/wp\/v2\/product_cat?post=6599"},{"taxonomy":"product_tag","embeddable":true,"href":"https:\/\/www.professional-haircare.it\/pt-pt\/wp-json\/wp\/v2\/product_tag?post=6599"}],"curies":[{"name":"wp","href":"https:\/\/api.w.org\/{rel}","templated":true}]}}