{"id":6592,"date":"2021-02-11T09:57:30","date_gmt":"2021-02-11T08:57:30","guid":{"rendered":"https:\/\/www.professional-haircare.it\/products\/sem%20categoria\/hairgenie-perfect-curl-champo-para-cabelo-encaracolado\/"},"modified":"2023-12-20T16:45:58","modified_gmt":"2023-12-20T15:45:58","slug":"hairgenie-perfect-curl-champo-para-cabelo-encaracolado","status":"publish","type":"product","link":"https:\/\/www.professional-haircare.it\/pt-pt\/products\/treatments-pt-pt\/hairgenie-pt-pt\/hairgenie-perfect-curl-pt-pt\/hairgenie-perfect-curl-champo-para-cabelo-encaracolado\/","title":{"rendered":"Hairgenie Perfect Curl | Champ\u00f4 Para Cabelo Encaracolado"},"content":{"rendered":"","protected":false},"excerpt":{"rendered":"<p><span style=\"font-weight: 400;\">O <\/span><b>\u00a0champ\u00f4 Hairgenie Perfect Curl <\/b><span style=\"font-weight: 400;\">limpa suavemente e <\/span><b>disciplina os cabelos encaracolados, ondulados ou com permanente<\/b><span style=\"font-weight: 400;\">. Elimina o efeito crespo, proporcionando <\/span><b>nutri\u00e7\u00e3o, luminosidade e hidrata\u00e7\u00e3o<\/b><span style=\"font-weight: 400;\">. Enriquecido com <\/span><b>extrato de gengibre<\/b><span style=\"font-weight: 400;\">.<\/span><\/p>\n<p><span style=\"font-weight: 400;\">Frasco de 300 ml<\/span><\/p>\n","protected":false},"featured_media":5303,"comment_status":"closed","ping_status":"closed","template":"","meta":[],"product_brand":[],"product_cat":[896,899,892],"product_tag":[],"class_list":{"0":"post-6592","1":"product","2":"type-product","3":"status-publish","4":"has-post-thumbnail","6":"product_cat-hairgenie-pt-pt","7":"product_cat-hairgenie-perfect-curl-pt-pt","8":"product_cat-treatments-pt-pt","10":"first","11":"instock","12":"shipping-taxable","13":"product-type-simple"},"yoast_head":"<!-- This site is optimized with the Yoast SEO plugin v26.8 - https:\/\/yoast.com\/product\/yoast-seo-wordpress\/ -->\n<title>Hairgenie Perfect Curl | Champ\u00f4 Para Cabelo Encaracolado<\/title>\n<meta name=\"description\" content=\"O \u00a0champ\u00f4 Hairgenie Perfect Curl limpa suavemente e disciplina os cabelos encaracolados, ondulados ou com permanente.\" \/>\n<meta name=\"robots\" content=\"index, follow, max-snippet:-1, max-image-preview:large, max-video-preview:-1\" \/>\n<link rel=\"canonical\" href=\"https:\/\/www.professional-haircare.it\/pt-pt\/products\/treatments-pt-pt\/hairgenie-pt-pt\/hairgenie-perfect-curl-pt-pt\/hairgenie-perfect-curl-champo-para-cabelo-encaracolado\/\" \/>\n<meta property=\"og:locale\" content=\"pt_PT\" \/>\n<meta property=\"og:type\" content=\"article\" \/>\n<meta property=\"og:title\" content=\"Hairgenie Perfect Curl | Champ\u00f4 Para Cabelo Encaracolado\" \/>\n<meta property=\"og:description\" content=\"O \u00a0champ\u00f4 Hairgenie Perfect Curl limpa suavemente e disciplina os cabelos encaracolados, ondulados ou com permanente.\" \/>\n<meta property=\"og:url\" content=\"https:\/\/www.professional-haircare.it\/pt-pt\/products\/treatments-pt-pt\/hairgenie-pt-pt\/hairgenie-perfect-curl-pt-pt\/hairgenie-perfect-curl-champo-para-cabelo-encaracolado\/\" \/>\n<meta property=\"og:site_name\" content=\"Professional Hair Care\" \/>\n<meta property=\"article:modified_time\" content=\"2023-12-20T15:45:58+00:00\" \/>\n<meta property=\"og:image\" content=\"https:\/\/professional-haircare.it\/wp-content\/uploads\/2021\/02\/12073_professional_hairgenie_perfect_curl_shampoo_300ml.png\" \/>\n\t<meta property=\"og:image:width\" content=\"600\" \/>\n\t<meta property=\"og:image:height\" content=\"600\" \/>\n\t<meta property=\"og:image:type\" content=\"image\/png\" \/>\n<meta name=\"twitter:card\" content=\"summary_large_image\" \/>\n<script type=\"application\/ld+json\" class=\"yoast-schema-graph\">{\"@context\":\"https:\/\/schema.org\",\"@graph\":[{\"@type\":\"WebPage\",\"@id\":\"https:\/\/www.professional-haircare.it\/pt-pt\/products\/treatments-pt-pt\/hairgenie-pt-pt\/hairgenie-perfect-curl-pt-pt\/hairgenie-perfect-curl-champo-para-cabelo-encaracolado\/\",\"url\":\"https:\/\/www.professional-haircare.it\/pt-pt\/products\/treatments-pt-pt\/hairgenie-pt-pt\/hairgenie-perfect-curl-pt-pt\/hairgenie-perfect-curl-champo-para-cabelo-encaracolado\/\",\"name\":\"Hairgenie Perfect Curl | Champ\u00f4 Para Cabelo Encaracolado\",\"isPartOf\":{\"@id\":\"https:\/\/professional-haircare.it\/#website\"},\"primaryImageOfPage\":{\"@id\":\"https:\/\/www.professional-haircare.it\/pt-pt\/products\/treatments-pt-pt\/hairgenie-pt-pt\/hairgenie-perfect-curl-pt-pt\/hairgenie-perfect-curl-champo-para-cabelo-encaracolado\/#primaryimage\"},\"image\":{\"@id\":\"https:\/\/www.professional-haircare.it\/pt-pt\/products\/treatments-pt-pt\/hairgenie-pt-pt\/hairgenie-perfect-curl-pt-pt\/hairgenie-perfect-curl-champo-para-cabelo-encaracolado\/#primaryimage\"},\"thumbnailUrl\":\"https:\/\/www.professional-haircare.it\/wp-content\/uploads\/2021\/02\/12073_professional_hairgenie_perfect_curl_shampoo_300ml.png\",\"datePublished\":\"2021-02-11T08:57:30+00:00\",\"dateModified\":\"2023-12-20T15:45:58+00:00\",\"description\":\"O \u00a0champ\u00f4 Hairgenie Perfect Curl limpa suavemente e disciplina os cabelos encaracolados, ondulados ou com permanente.\",\"breadcrumb\":{\"@id\":\"https:\/\/www.professional-haircare.it\/pt-pt\/products\/treatments-pt-pt\/hairgenie-pt-pt\/hairgenie-perfect-curl-pt-pt\/hairgenie-perfect-curl-champo-para-cabelo-encaracolado\/#breadcrumb\"},\"inLanguage\":\"pt-PT\",\"potentialAction\":[{\"@type\":\"ReadAction\",\"target\":[\"https:\/\/www.professional-haircare.it\/pt-pt\/products\/treatments-pt-pt\/hairgenie-pt-pt\/hairgenie-perfect-curl-pt-pt\/hairgenie-perfect-curl-champo-para-cabelo-encaracolado\/\"]}]},{\"@type\":\"ImageObject\",\"inLanguage\":\"pt-PT\",\"@id\":\"https:\/\/www.professional-haircare.it\/pt-pt\/products\/treatments-pt-pt\/hairgenie-pt-pt\/hairgenie-perfect-curl-pt-pt\/hairgenie-perfect-curl-champo-para-cabelo-encaracolado\/#primaryimage\",\"url\":\"https:\/\/www.professional-haircare.it\/wp-content\/uploads\/2021\/02\/12073_professional_hairgenie_perfect_curl_shampoo_300ml.png\",\"contentUrl\":\"https:\/\/www.professional-haircare.it\/wp-content\/uploads\/2021\/02\/12073_professional_hairgenie_perfect_curl_shampoo_300ml.png\",\"width\":600,\"height\":600},{\"@type\":\"BreadcrumbList\",\"@id\":\"https:\/\/www.professional-haircare.it\/pt-pt\/products\/treatments-pt-pt\/hairgenie-pt-pt\/hairgenie-perfect-curl-pt-pt\/hairgenie-perfect-curl-champo-para-cabelo-encaracolado\/#breadcrumb\",\"itemListElement\":[{\"@type\":\"ListItem\",\"position\":1,\"name\":\"Home\",\"item\":\"https:\/\/professional-haircare.it\/pt-pt\/\"},{\"@type\":\"ListItem\",\"position\":2,\"name\":\"Shop\",\"item\":\"https:\/\/professional-haircare.it\/shop\/\"},{\"@type\":\"ListItem\",\"position\":3,\"name\":\"Hairgenie Perfect Curl | Champ\u00f4 Para Cabelo Encaracolado\"}]},{\"@type\":\"WebSite\",\"@id\":\"https:\/\/professional-haircare.it\/#website\",\"url\":\"https:\/\/professional-haircare.it\/\",\"name\":\"Professional Hair Care\",\"description\":\"Hair Quality Solutions\",\"potentialAction\":[{\"@type\":\"SearchAction\",\"target\":{\"@type\":\"EntryPoint\",\"urlTemplate\":\"https:\/\/professional-haircare.it\/?s={search_term_string}\"},\"query-input\":{\"@type\":\"PropertyValueSpecification\",\"valueRequired\":true,\"valueName\":\"search_term_string\"}}],\"inLanguage\":\"pt-PT\"}]}<\/script>\n<!-- \/ Yoast SEO plugin. -->","yoast_head_json":{"title":"Hairgenie Perfect Curl | Champ\u00f4 Para Cabelo Encaracolado","description":"O \u00a0champ\u00f4 Hairgenie Perfect Curl limpa suavemente e disciplina os cabelos encaracolados, ondulados ou com permanente.","robots":{"index":"index","follow":"follow","max-snippet":"max-snippet:-1","max-image-preview":"max-image-preview:large","max-video-preview":"max-video-preview:-1"},"canonical":"https:\/\/www.professional-haircare.it\/pt-pt\/products\/treatments-pt-pt\/hairgenie-pt-pt\/hairgenie-perfect-curl-pt-pt\/hairgenie-perfect-curl-champo-para-cabelo-encaracolado\/","og_locale":"pt_PT","og_type":"article","og_title":"Hairgenie Perfect Curl | Champ\u00f4 Para Cabelo Encaracolado","og_description":"O \u00a0champ\u00f4 Hairgenie Perfect Curl limpa suavemente e disciplina os cabelos encaracolados, ondulados ou com permanente.","og_url":"https:\/\/www.professional-haircare.it\/pt-pt\/products\/treatments-pt-pt\/hairgenie-pt-pt\/hairgenie-perfect-curl-pt-pt\/hairgenie-perfect-curl-champo-para-cabelo-encaracolado\/","og_site_name":"Professional Hair Care","article_modified_time":"2023-12-20T15:45:58+00:00","og_image":[{"width":600,"height":600,"url":"https:\/\/professional-haircare.it\/wp-content\/uploads\/2021\/02\/12073_professional_hairgenie_perfect_curl_shampoo_300ml.png","type":"image\/png"}],"twitter_card":"summary_large_image","schema":{"@context":"https:\/\/schema.org","@graph":[{"@type":"WebPage","@id":"https:\/\/www.professional-haircare.it\/pt-pt\/products\/treatments-pt-pt\/hairgenie-pt-pt\/hairgenie-perfect-curl-pt-pt\/hairgenie-perfect-curl-champo-para-cabelo-encaracolado\/","url":"https:\/\/www.professional-haircare.it\/pt-pt\/products\/treatments-pt-pt\/hairgenie-pt-pt\/hairgenie-perfect-curl-pt-pt\/hairgenie-perfect-curl-champo-para-cabelo-encaracolado\/","name":"Hairgenie Perfect Curl | Champ\u00f4 Para Cabelo Encaracolado","isPartOf":{"@id":"https:\/\/professional-haircare.it\/#website"},"primaryImageOfPage":{"@id":"https:\/\/www.professional-haircare.it\/pt-pt\/products\/treatments-pt-pt\/hairgenie-pt-pt\/hairgenie-perfect-curl-pt-pt\/hairgenie-perfect-curl-champo-para-cabelo-encaracolado\/#primaryimage"},"image":{"@id":"https:\/\/www.professional-haircare.it\/pt-pt\/products\/treatments-pt-pt\/hairgenie-pt-pt\/hairgenie-perfect-curl-pt-pt\/hairgenie-perfect-curl-champo-para-cabelo-encaracolado\/#primaryimage"},"thumbnailUrl":"https:\/\/www.professional-haircare.it\/wp-content\/uploads\/2021\/02\/12073_professional_hairgenie_perfect_curl_shampoo_300ml.png","datePublished":"2021-02-11T08:57:30+00:00","dateModified":"2023-12-20T15:45:58+00:00","description":"O \u00a0champ\u00f4 Hairgenie Perfect Curl limpa suavemente e disciplina os cabelos encaracolados, ondulados ou com permanente.","breadcrumb":{"@id":"https:\/\/www.professional-haircare.it\/pt-pt\/products\/treatments-pt-pt\/hairgenie-pt-pt\/hairgenie-perfect-curl-pt-pt\/hairgenie-perfect-curl-champo-para-cabelo-encaracolado\/#breadcrumb"},"inLanguage":"pt-PT","potentialAction":[{"@type":"ReadAction","target":["https:\/\/www.professional-haircare.it\/pt-pt\/products\/treatments-pt-pt\/hairgenie-pt-pt\/hairgenie-perfect-curl-pt-pt\/hairgenie-perfect-curl-champo-para-cabelo-encaracolado\/"]}]},{"@type":"ImageObject","inLanguage":"pt-PT","@id":"https:\/\/www.professional-haircare.it\/pt-pt\/products\/treatments-pt-pt\/hairgenie-pt-pt\/hairgenie-perfect-curl-pt-pt\/hairgenie-perfect-curl-champo-para-cabelo-encaracolado\/#primaryimage","url":"https:\/\/www.professional-haircare.it\/wp-content\/uploads\/2021\/02\/12073_professional_hairgenie_perfect_curl_shampoo_300ml.png","contentUrl":"https:\/\/www.professional-haircare.it\/wp-content\/uploads\/2021\/02\/12073_professional_hairgenie_perfect_curl_shampoo_300ml.png","width":600,"height":600},{"@type":"BreadcrumbList","@id":"https:\/\/www.professional-haircare.it\/pt-pt\/products\/treatments-pt-pt\/hairgenie-pt-pt\/hairgenie-perfect-curl-pt-pt\/hairgenie-perfect-curl-champo-para-cabelo-encaracolado\/#breadcrumb","itemListElement":[{"@type":"ListItem","position":1,"name":"Home","item":"https:\/\/professional-haircare.it\/pt-pt\/"},{"@type":"ListItem","position":2,"name":"Shop","item":"https:\/\/professional-haircare.it\/shop\/"},{"@type":"ListItem","position":3,"name":"Hairgenie Perfect Curl | Champ\u00f4 Para Cabelo Encaracolado"}]},{"@type":"WebSite","@id":"https:\/\/professional-haircare.it\/#website","url":"https:\/\/professional-haircare.it\/","name":"Professional Hair Care","description":"Hair Quality Solutions","potentialAction":[{"@type":"SearchAction","target":{"@type":"EntryPoint","urlTemplate":"https:\/\/professional-haircare.it\/?s={search_term_string}"},"query-input":{"@type":"PropertyValueSpecification","valueRequired":true,"valueName":"search_term_string"}}],"inLanguage":"pt-PT"}]}},"_links":{"self":[{"href":"https:\/\/www.professional-haircare.it\/pt-pt\/wp-json\/wp\/v2\/product\/6592","targetHints":{"allow":["GET"]}}],"collection":[{"href":"https:\/\/www.professional-haircare.it\/pt-pt\/wp-json\/wp\/v2\/product"}],"about":[{"href":"https:\/\/www.professional-haircare.it\/pt-pt\/wp-json\/wp\/v2\/types\/product"}],"replies":[{"embeddable":true,"href":"https:\/\/www.professional-haircare.it\/pt-pt\/wp-json\/wp\/v2\/comments?post=6592"}],"wp:featuredmedia":[{"embeddable":true,"href":"https:\/\/www.professional-haircare.it\/pt-pt\/wp-json\/wp\/v2\/media\/5303"}],"wp:attachment":[{"href":"https:\/\/www.professional-haircare.it\/pt-pt\/wp-json\/wp\/v2\/media?parent=6592"}],"wp:term":[{"taxonomy":"product_brand","embeddable":true,"href":"https:\/\/www.professional-haircare.it\/pt-pt\/wp-json\/wp\/v2\/product_brand?post=6592"},{"taxonomy":"product_cat","embeddable":true,"href":"https:\/\/www.professional-haircare.it\/pt-pt\/wp-json\/wp\/v2\/product_cat?post=6592"},{"taxonomy":"product_tag","embeddable":true,"href":"https:\/\/www.professional-haircare.it\/pt-pt\/wp-json\/wp\/v2\/product_tag?post=6592"}],"curies":[{"name":"wp","href":"https:\/\/api.w.org\/{rel}","templated":true}]}}