{"id":6586,"date":"2021-02-15T09:32:02","date_gmt":"2021-02-15T08:32:02","guid":{"rendered":"https:\/\/www.professional-haircare.it\/products\/sem%20categoria\/hairgenie-silky-liss-mascara-para-cabelos-lisos-2\/"},"modified":"2023-12-20T16:34:04","modified_gmt":"2023-12-20T15:34:04","slug":"hairgenie-silky-liss-mascara-para-cabelos-lisos-2","status":"publish","type":"product","link":"https:\/\/www.professional-haircare.it\/pt-pt\/products\/treatments-pt-pt\/hairgenie-pt-pt\/hairgenie-silky-liss-pt-pt\/hairgenie-silky-liss-mascara-para-cabelos-lisos-2\/","title":{"rendered":"Hairgenie Silky Liss | M\u00e1scara Para Cabelos Lisos"},"content":{"rendered":"","protected":false},"excerpt":{"rendered":"<p><span style=\"font-weight: 400;\">Leve e cremosa, a<\/span><b> m\u00e1scara Hairgenie Silky Liss <\/b><span style=\"font-weight: 400;\">com<\/span><b> a\u00e7\u00e3o alisadora<\/b><span style=\"font-weight: 400;\"> garante o controlo do crespo e da humidade. Enriquecida com <\/span><b>extrato de malva<\/b><span style=\"font-weight: 400;\"> que <\/span><b>hidrata <\/b><span style=\"font-weight: 400;\">e desempenha uma <\/span><b>a\u00e7\u00e3o emoliente <\/b><span style=\"font-weight: 400;\">sobre os cabelos.<\/span><\/p>\n<p><span style=\"font-weight: 400;\">Formato de 500 ml<\/span><\/p>\n","protected":false},"featured_media":5308,"comment_status":"closed","ping_status":"closed","template":"","meta":[],"product_brand":[],"product_cat":[896,901,892],"product_tag":[],"class_list":{"0":"post-6586","1":"product","2":"type-product","3":"status-publish","4":"has-post-thumbnail","6":"product_cat-hairgenie-pt-pt","7":"product_cat-hairgenie-silky-liss-pt-pt","8":"product_cat-treatments-pt-pt","10":"first","11":"instock","12":"shipping-taxable","13":"product-type-simple"},"yoast_head":"<!-- This site is optimized with the Yoast SEO plugin v26.8 - https:\/\/yoast.com\/product\/yoast-seo-wordpress\/ -->\n<title>Hairgenie Silky Liss | M\u00e1scara Para Cabelos Lisos<\/title>\n<meta name=\"description\" content=\"Leve e cremosa, a m\u00e1scara Hairgenie Silky Liss com a\u00e7\u00e3o alisadora garante o controlo do crespo e da humidade.\" \/>\n<meta name=\"robots\" content=\"index, follow, max-snippet:-1, max-image-preview:large, max-video-preview:-1\" \/>\n<link rel=\"canonical\" href=\"https:\/\/www.professional-haircare.it\/pt-pt\/products\/treatments-pt-pt\/hairgenie-pt-pt\/hairgenie-silky-liss-pt-pt\/hairgenie-silky-liss-mascara-para-cabelos-lisos-2\/\" \/>\n<meta property=\"og:locale\" content=\"pt_PT\" \/>\n<meta property=\"og:type\" content=\"article\" \/>\n<meta property=\"og:title\" content=\"Hairgenie Silky Liss | M\u00e1scara Para Cabelos Lisos\" \/>\n<meta property=\"og:description\" content=\"Leve e cremosa, a m\u00e1scara Hairgenie Silky Liss com a\u00e7\u00e3o alisadora garante o controlo do crespo e da humidade.\" \/>\n<meta property=\"og:url\" content=\"https:\/\/www.professional-haircare.it\/pt-pt\/products\/treatments-pt-pt\/hairgenie-pt-pt\/hairgenie-silky-liss-pt-pt\/hairgenie-silky-liss-mascara-para-cabelos-lisos-2\/\" \/>\n<meta property=\"og:site_name\" content=\"Professional Hair Care\" \/>\n<meta property=\"article:modified_time\" content=\"2023-12-20T15:34:04+00:00\" \/>\n<meta property=\"og:image\" content=\"https:\/\/professional-haircare.it\/wp-content\/uploads\/2021\/02\/12069_professional_hairgenie_silky_liss_mask_500ml.png\" \/>\n\t<meta property=\"og:image:width\" content=\"600\" \/>\n\t<meta property=\"og:image:height\" content=\"600\" \/>\n\t<meta property=\"og:image:type\" content=\"image\/png\" \/>\n<meta name=\"twitter:card\" content=\"summary_large_image\" \/>\n<script type=\"application\/ld+json\" class=\"yoast-schema-graph\">{\"@context\":\"https:\/\/schema.org\",\"@graph\":[{\"@type\":\"WebPage\",\"@id\":\"https:\/\/www.professional-haircare.it\/pt-pt\/products\/treatments-pt-pt\/hairgenie-pt-pt\/hairgenie-silky-liss-pt-pt\/hairgenie-silky-liss-mascara-para-cabelos-lisos-2\/\",\"url\":\"https:\/\/www.professional-haircare.it\/pt-pt\/products\/treatments-pt-pt\/hairgenie-pt-pt\/hairgenie-silky-liss-pt-pt\/hairgenie-silky-liss-mascara-para-cabelos-lisos-2\/\",\"name\":\"Hairgenie Silky Liss | M\u00e1scara Para Cabelos Lisos\",\"isPartOf\":{\"@id\":\"https:\/\/professional-haircare.it\/#website\"},\"primaryImageOfPage\":{\"@id\":\"https:\/\/www.professional-haircare.it\/pt-pt\/products\/treatments-pt-pt\/hairgenie-pt-pt\/hairgenie-silky-liss-pt-pt\/hairgenie-silky-liss-mascara-para-cabelos-lisos-2\/#primaryimage\"},\"image\":{\"@id\":\"https:\/\/www.professional-haircare.it\/pt-pt\/products\/treatments-pt-pt\/hairgenie-pt-pt\/hairgenie-silky-liss-pt-pt\/hairgenie-silky-liss-mascara-para-cabelos-lisos-2\/#primaryimage\"},\"thumbnailUrl\":\"https:\/\/www.professional-haircare.it\/wp-content\/uploads\/2021\/02\/12069_professional_hairgenie_silky_liss_mask_500ml.png\",\"datePublished\":\"2021-02-15T08:32:02+00:00\",\"dateModified\":\"2023-12-20T15:34:04+00:00\",\"description\":\"Leve e cremosa, a m\u00e1scara Hairgenie Silky Liss com a\u00e7\u00e3o alisadora garante o controlo do crespo e da humidade.\",\"breadcrumb\":{\"@id\":\"https:\/\/www.professional-haircare.it\/pt-pt\/products\/treatments-pt-pt\/hairgenie-pt-pt\/hairgenie-silky-liss-pt-pt\/hairgenie-silky-liss-mascara-para-cabelos-lisos-2\/#breadcrumb\"},\"inLanguage\":\"pt-PT\",\"potentialAction\":[{\"@type\":\"ReadAction\",\"target\":[\"https:\/\/www.professional-haircare.it\/pt-pt\/products\/treatments-pt-pt\/hairgenie-pt-pt\/hairgenie-silky-liss-pt-pt\/hairgenie-silky-liss-mascara-para-cabelos-lisos-2\/\"]}]},{\"@type\":\"ImageObject\",\"inLanguage\":\"pt-PT\",\"@id\":\"https:\/\/www.professional-haircare.it\/pt-pt\/products\/treatments-pt-pt\/hairgenie-pt-pt\/hairgenie-silky-liss-pt-pt\/hairgenie-silky-liss-mascara-para-cabelos-lisos-2\/#primaryimage\",\"url\":\"https:\/\/www.professional-haircare.it\/wp-content\/uploads\/2021\/02\/12069_professional_hairgenie_silky_liss_mask_500ml.png\",\"contentUrl\":\"https:\/\/www.professional-haircare.it\/wp-content\/uploads\/2021\/02\/12069_professional_hairgenie_silky_liss_mask_500ml.png\",\"width\":600,\"height\":600},{\"@type\":\"BreadcrumbList\",\"@id\":\"https:\/\/www.professional-haircare.it\/pt-pt\/products\/treatments-pt-pt\/hairgenie-pt-pt\/hairgenie-silky-liss-pt-pt\/hairgenie-silky-liss-mascara-para-cabelos-lisos-2\/#breadcrumb\",\"itemListElement\":[{\"@type\":\"ListItem\",\"position\":1,\"name\":\"Home\",\"item\":\"https:\/\/professional-haircare.it\/pt-pt\/\"},{\"@type\":\"ListItem\",\"position\":2,\"name\":\"Shop\",\"item\":\"https:\/\/professional-haircare.it\/shop\/\"},{\"@type\":\"ListItem\",\"position\":3,\"name\":\"Hairgenie Silky Liss | M\u00e1scara Para Cabelos Lisos\"}]},{\"@type\":\"WebSite\",\"@id\":\"https:\/\/professional-haircare.it\/#website\",\"url\":\"https:\/\/professional-haircare.it\/\",\"name\":\"Professional Hair Care\",\"description\":\"Hair Quality Solutions\",\"potentialAction\":[{\"@type\":\"SearchAction\",\"target\":{\"@type\":\"EntryPoint\",\"urlTemplate\":\"https:\/\/professional-haircare.it\/?s={search_term_string}\"},\"query-input\":{\"@type\":\"PropertyValueSpecification\",\"valueRequired\":true,\"valueName\":\"search_term_string\"}}],\"inLanguage\":\"pt-PT\"}]}<\/script>\n<!-- \/ Yoast SEO plugin. -->","yoast_head_json":{"title":"Hairgenie Silky Liss | M\u00e1scara Para Cabelos Lisos","description":"Leve e cremosa, a m\u00e1scara Hairgenie Silky Liss com a\u00e7\u00e3o alisadora garante o controlo do crespo e da humidade.","robots":{"index":"index","follow":"follow","max-snippet":"max-snippet:-1","max-image-preview":"max-image-preview:large","max-video-preview":"max-video-preview:-1"},"canonical":"https:\/\/www.professional-haircare.it\/pt-pt\/products\/treatments-pt-pt\/hairgenie-pt-pt\/hairgenie-silky-liss-pt-pt\/hairgenie-silky-liss-mascara-para-cabelos-lisos-2\/","og_locale":"pt_PT","og_type":"article","og_title":"Hairgenie Silky Liss | M\u00e1scara Para Cabelos Lisos","og_description":"Leve e cremosa, a m\u00e1scara Hairgenie Silky Liss com a\u00e7\u00e3o alisadora garante o controlo do crespo e da humidade.","og_url":"https:\/\/www.professional-haircare.it\/pt-pt\/products\/treatments-pt-pt\/hairgenie-pt-pt\/hairgenie-silky-liss-pt-pt\/hairgenie-silky-liss-mascara-para-cabelos-lisos-2\/","og_site_name":"Professional Hair Care","article_modified_time":"2023-12-20T15:34:04+00:00","og_image":[{"width":600,"height":600,"url":"https:\/\/professional-haircare.it\/wp-content\/uploads\/2021\/02\/12069_professional_hairgenie_silky_liss_mask_500ml.png","type":"image\/png"}],"twitter_card":"summary_large_image","schema":{"@context":"https:\/\/schema.org","@graph":[{"@type":"WebPage","@id":"https:\/\/www.professional-haircare.it\/pt-pt\/products\/treatments-pt-pt\/hairgenie-pt-pt\/hairgenie-silky-liss-pt-pt\/hairgenie-silky-liss-mascara-para-cabelos-lisos-2\/","url":"https:\/\/www.professional-haircare.it\/pt-pt\/products\/treatments-pt-pt\/hairgenie-pt-pt\/hairgenie-silky-liss-pt-pt\/hairgenie-silky-liss-mascara-para-cabelos-lisos-2\/","name":"Hairgenie Silky Liss | M\u00e1scara Para Cabelos Lisos","isPartOf":{"@id":"https:\/\/professional-haircare.it\/#website"},"primaryImageOfPage":{"@id":"https:\/\/www.professional-haircare.it\/pt-pt\/products\/treatments-pt-pt\/hairgenie-pt-pt\/hairgenie-silky-liss-pt-pt\/hairgenie-silky-liss-mascara-para-cabelos-lisos-2\/#primaryimage"},"image":{"@id":"https:\/\/www.professional-haircare.it\/pt-pt\/products\/treatments-pt-pt\/hairgenie-pt-pt\/hairgenie-silky-liss-pt-pt\/hairgenie-silky-liss-mascara-para-cabelos-lisos-2\/#primaryimage"},"thumbnailUrl":"https:\/\/www.professional-haircare.it\/wp-content\/uploads\/2021\/02\/12069_professional_hairgenie_silky_liss_mask_500ml.png","datePublished":"2021-02-15T08:32:02+00:00","dateModified":"2023-12-20T15:34:04+00:00","description":"Leve e cremosa, a m\u00e1scara Hairgenie Silky Liss com a\u00e7\u00e3o alisadora garante o controlo do crespo e da humidade.","breadcrumb":{"@id":"https:\/\/www.professional-haircare.it\/pt-pt\/products\/treatments-pt-pt\/hairgenie-pt-pt\/hairgenie-silky-liss-pt-pt\/hairgenie-silky-liss-mascara-para-cabelos-lisos-2\/#breadcrumb"},"inLanguage":"pt-PT","potentialAction":[{"@type":"ReadAction","target":["https:\/\/www.professional-haircare.it\/pt-pt\/products\/treatments-pt-pt\/hairgenie-pt-pt\/hairgenie-silky-liss-pt-pt\/hairgenie-silky-liss-mascara-para-cabelos-lisos-2\/"]}]},{"@type":"ImageObject","inLanguage":"pt-PT","@id":"https:\/\/www.professional-haircare.it\/pt-pt\/products\/treatments-pt-pt\/hairgenie-pt-pt\/hairgenie-silky-liss-pt-pt\/hairgenie-silky-liss-mascara-para-cabelos-lisos-2\/#primaryimage","url":"https:\/\/www.professional-haircare.it\/wp-content\/uploads\/2021\/02\/12069_professional_hairgenie_silky_liss_mask_500ml.png","contentUrl":"https:\/\/www.professional-haircare.it\/wp-content\/uploads\/2021\/02\/12069_professional_hairgenie_silky_liss_mask_500ml.png","width":600,"height":600},{"@type":"BreadcrumbList","@id":"https:\/\/www.professional-haircare.it\/pt-pt\/products\/treatments-pt-pt\/hairgenie-pt-pt\/hairgenie-silky-liss-pt-pt\/hairgenie-silky-liss-mascara-para-cabelos-lisos-2\/#breadcrumb","itemListElement":[{"@type":"ListItem","position":1,"name":"Home","item":"https:\/\/professional-haircare.it\/pt-pt\/"},{"@type":"ListItem","position":2,"name":"Shop","item":"https:\/\/professional-haircare.it\/shop\/"},{"@type":"ListItem","position":3,"name":"Hairgenie Silky Liss | M\u00e1scara Para Cabelos Lisos"}]},{"@type":"WebSite","@id":"https:\/\/professional-haircare.it\/#website","url":"https:\/\/professional-haircare.it\/","name":"Professional Hair Care","description":"Hair Quality Solutions","potentialAction":[{"@type":"SearchAction","target":{"@type":"EntryPoint","urlTemplate":"https:\/\/professional-haircare.it\/?s={search_term_string}"},"query-input":{"@type":"PropertyValueSpecification","valueRequired":true,"valueName":"search_term_string"}}],"inLanguage":"pt-PT"}]}},"_links":{"self":[{"href":"https:\/\/www.professional-haircare.it\/pt-pt\/wp-json\/wp\/v2\/product\/6586","targetHints":{"allow":["GET"]}}],"collection":[{"href":"https:\/\/www.professional-haircare.it\/pt-pt\/wp-json\/wp\/v2\/product"}],"about":[{"href":"https:\/\/www.professional-haircare.it\/pt-pt\/wp-json\/wp\/v2\/types\/product"}],"replies":[{"embeddable":true,"href":"https:\/\/www.professional-haircare.it\/pt-pt\/wp-json\/wp\/v2\/comments?post=6586"}],"wp:featuredmedia":[{"embeddable":true,"href":"https:\/\/www.professional-haircare.it\/pt-pt\/wp-json\/wp\/v2\/media\/5308"}],"wp:attachment":[{"href":"https:\/\/www.professional-haircare.it\/pt-pt\/wp-json\/wp\/v2\/media?parent=6586"}],"wp:term":[{"taxonomy":"product_brand","embeddable":true,"href":"https:\/\/www.professional-haircare.it\/pt-pt\/wp-json\/wp\/v2\/product_brand?post=6586"},{"taxonomy":"product_cat","embeddable":true,"href":"https:\/\/www.professional-haircare.it\/pt-pt\/wp-json\/wp\/v2\/product_cat?post=6586"},{"taxonomy":"product_tag","embeddable":true,"href":"https:\/\/www.professional-haircare.it\/pt-pt\/wp-json\/wp\/v2\/product_tag?post=6586"}],"curies":[{"name":"wp","href":"https:\/\/api.w.org\/{rel}","templated":true}]}}