{"id":6584,"date":"2021-03-31T10:20:48","date_gmt":"2021-03-31T08:20:48","guid":{"rendered":"https:\/\/www.professional-haircare.it\/products\/sem%20categoria\/hairgenie-silky-liss-creme-para-cabelos-crespos-e-indisciplinados\/"},"modified":"2023-12-20T16:33:43","modified_gmt":"2023-12-20T15:33:43","slug":"hairgenie-silky-liss-creme-para-cabelos-crespos-e-indisciplinados","status":"publish","type":"product","link":"https:\/\/www.professional-haircare.it\/pt-pt\/products\/treatments-pt-pt\/hairgenie-pt-pt\/hairgenie-silky-liss-pt-pt\/hairgenie-silky-liss-creme-para-cabelos-crespos-e-indisciplinados\/","title":{"rendered":"Hairgenie Silky Liss | Creme Para Cabelos Crespos E Indisciplinados"},"content":{"rendered":"","protected":false},"excerpt":{"rendered":"<p><span style=\"font-weight: 400;\">Hairgenie Silky Liss \u00e9 o <\/span><b>creme com efeito alisador anticrespo, sem enxaguamento<\/b><span style=\"font-weight: 400;\">. Enriquecido com extrato de malva, a sua f\u00f3rmula foi concebida para <\/span><b>hidratar, suavizar e proteger<\/b><span style=\"font-weight: 400;\"> os cabelos da humidade. Ap\u00f3s a primeira aplica\u00e7\u00e3o, os cabelos ficar\u00e3o <\/span><b>mais macios e sedosos<\/b><span style=\"font-weight: 400;\">.<\/span><\/p>\n<p><span style=\"font-weight: 400;\">200 ml<\/span><\/p>\n","protected":false},"featured_media":5332,"comment_status":"closed","ping_status":"closed","template":"","meta":[],"product_brand":[],"product_cat":[896,901,892],"product_tag":[],"class_list":{"0":"post-6584","1":"product","2":"type-product","3":"status-publish","4":"has-post-thumbnail","6":"product_cat-hairgenie-pt-pt","7":"product_cat-hairgenie-silky-liss-pt-pt","8":"product_cat-treatments-pt-pt","10":"first","11":"instock","12":"shipping-taxable","13":"product-type-simple"},"yoast_head":"<!-- This site is optimized with the Yoast SEO plugin v26.8 - https:\/\/yoast.com\/product\/yoast-seo-wordpress\/ -->\n<title>Hairgenie Silky Liss | Creme Para Cabelos Crespos E Indisciplinados<\/title>\n<meta name=\"description\" content=\"Hairgenie Silky Liss \u00e9 o creme com efeito alisador anticrespo, sem enxaguamento.\" \/>\n<meta name=\"robots\" content=\"index, follow, max-snippet:-1, max-image-preview:large, max-video-preview:-1\" \/>\n<link rel=\"canonical\" href=\"https:\/\/www.professional-haircare.it\/pt-pt\/products\/treatments-pt-pt\/hairgenie-pt-pt\/hairgenie-silky-liss-pt-pt\/hairgenie-silky-liss-creme-para-cabelos-crespos-e-indisciplinados\/\" \/>\n<meta property=\"og:locale\" content=\"pt_PT\" \/>\n<meta property=\"og:type\" content=\"article\" \/>\n<meta property=\"og:title\" content=\"Hairgenie Silky Liss | Creme Para Cabelos Crespos E Indisciplinados\" \/>\n<meta property=\"og:description\" content=\"Hairgenie Silky Liss \u00e9 o creme com efeito alisador anticrespo, sem enxaguamento.\" \/>\n<meta property=\"og:url\" content=\"https:\/\/www.professional-haircare.it\/pt-pt\/products\/treatments-pt-pt\/hairgenie-pt-pt\/hairgenie-silky-liss-pt-pt\/hairgenie-silky-liss-creme-para-cabelos-crespos-e-indisciplinados\/\" \/>\n<meta property=\"og:site_name\" content=\"Professional Hair Care\" \/>\n<meta property=\"article:modified_time\" content=\"2023-12-20T15:33:43+00:00\" \/>\n<meta property=\"og:image\" content=\"https:\/\/professional-haircare.it\/wp-content\/uploads\/2021\/03\/12070_professional_hairgenie_silky_liss_cream_200ml.png\" \/>\n\t<meta property=\"og:image:width\" content=\"600\" \/>\n\t<meta property=\"og:image:height\" content=\"600\" \/>\n\t<meta property=\"og:image:type\" content=\"image\/png\" \/>\n<meta name=\"twitter:card\" content=\"summary_large_image\" \/>\n<script type=\"application\/ld+json\" class=\"yoast-schema-graph\">{\"@context\":\"https:\/\/schema.org\",\"@graph\":[{\"@type\":\"WebPage\",\"@id\":\"https:\/\/www.professional-haircare.it\/pt-pt\/products\/treatments-pt-pt\/hairgenie-pt-pt\/hairgenie-silky-liss-pt-pt\/hairgenie-silky-liss-creme-para-cabelos-crespos-e-indisciplinados\/\",\"url\":\"https:\/\/www.professional-haircare.it\/pt-pt\/products\/treatments-pt-pt\/hairgenie-pt-pt\/hairgenie-silky-liss-pt-pt\/hairgenie-silky-liss-creme-para-cabelos-crespos-e-indisciplinados\/\",\"name\":\"Hairgenie Silky Liss | Creme Para Cabelos Crespos E Indisciplinados\",\"isPartOf\":{\"@id\":\"https:\/\/professional-haircare.it\/#website\"},\"primaryImageOfPage\":{\"@id\":\"https:\/\/www.professional-haircare.it\/pt-pt\/products\/treatments-pt-pt\/hairgenie-pt-pt\/hairgenie-silky-liss-pt-pt\/hairgenie-silky-liss-creme-para-cabelos-crespos-e-indisciplinados\/#primaryimage\"},\"image\":{\"@id\":\"https:\/\/www.professional-haircare.it\/pt-pt\/products\/treatments-pt-pt\/hairgenie-pt-pt\/hairgenie-silky-liss-pt-pt\/hairgenie-silky-liss-creme-para-cabelos-crespos-e-indisciplinados\/#primaryimage\"},\"thumbnailUrl\":\"https:\/\/www.professional-haircare.it\/wp-content\/uploads\/2021\/03\/12070_professional_hairgenie_silky_liss_cream_200ml.png\",\"datePublished\":\"2021-03-31T08:20:48+00:00\",\"dateModified\":\"2023-12-20T15:33:43+00:00\",\"description\":\"Hairgenie Silky Liss \u00e9 o creme com efeito alisador anticrespo, sem enxaguamento.\",\"breadcrumb\":{\"@id\":\"https:\/\/www.professional-haircare.it\/pt-pt\/products\/treatments-pt-pt\/hairgenie-pt-pt\/hairgenie-silky-liss-pt-pt\/hairgenie-silky-liss-creme-para-cabelos-crespos-e-indisciplinados\/#breadcrumb\"},\"inLanguage\":\"pt-PT\",\"potentialAction\":[{\"@type\":\"ReadAction\",\"target\":[\"https:\/\/www.professional-haircare.it\/pt-pt\/products\/treatments-pt-pt\/hairgenie-pt-pt\/hairgenie-silky-liss-pt-pt\/hairgenie-silky-liss-creme-para-cabelos-crespos-e-indisciplinados\/\"]}]},{\"@type\":\"ImageObject\",\"inLanguage\":\"pt-PT\",\"@id\":\"https:\/\/www.professional-haircare.it\/pt-pt\/products\/treatments-pt-pt\/hairgenie-pt-pt\/hairgenie-silky-liss-pt-pt\/hairgenie-silky-liss-creme-para-cabelos-crespos-e-indisciplinados\/#primaryimage\",\"url\":\"https:\/\/www.professional-haircare.it\/wp-content\/uploads\/2021\/03\/12070_professional_hairgenie_silky_liss_cream_200ml.png\",\"contentUrl\":\"https:\/\/www.professional-haircare.it\/wp-content\/uploads\/2021\/03\/12070_professional_hairgenie_silky_liss_cream_200ml.png\",\"width\":600,\"height\":600},{\"@type\":\"BreadcrumbList\",\"@id\":\"https:\/\/www.professional-haircare.it\/pt-pt\/products\/treatments-pt-pt\/hairgenie-pt-pt\/hairgenie-silky-liss-pt-pt\/hairgenie-silky-liss-creme-para-cabelos-crespos-e-indisciplinados\/#breadcrumb\",\"itemListElement\":[{\"@type\":\"ListItem\",\"position\":1,\"name\":\"Home\",\"item\":\"https:\/\/professional-haircare.it\/pt-pt\/\"},{\"@type\":\"ListItem\",\"position\":2,\"name\":\"Shop\",\"item\":\"https:\/\/professional-haircare.it\/shop\/\"},{\"@type\":\"ListItem\",\"position\":3,\"name\":\"Hairgenie Silky Liss | Creme Para Cabelos Crespos E Indisciplinados\"}]},{\"@type\":\"WebSite\",\"@id\":\"https:\/\/professional-haircare.it\/#website\",\"url\":\"https:\/\/professional-haircare.it\/\",\"name\":\"Professional Hair Care\",\"description\":\"Hair Quality Solutions\",\"potentialAction\":[{\"@type\":\"SearchAction\",\"target\":{\"@type\":\"EntryPoint\",\"urlTemplate\":\"https:\/\/professional-haircare.it\/?s={search_term_string}\"},\"query-input\":{\"@type\":\"PropertyValueSpecification\",\"valueRequired\":true,\"valueName\":\"search_term_string\"}}],\"inLanguage\":\"pt-PT\"}]}<\/script>\n<!-- \/ Yoast SEO plugin. -->","yoast_head_json":{"title":"Hairgenie Silky Liss | Creme Para Cabelos Crespos E Indisciplinados","description":"Hairgenie Silky Liss \u00e9 o creme com efeito alisador anticrespo, sem enxaguamento.","robots":{"index":"index","follow":"follow","max-snippet":"max-snippet:-1","max-image-preview":"max-image-preview:large","max-video-preview":"max-video-preview:-1"},"canonical":"https:\/\/www.professional-haircare.it\/pt-pt\/products\/treatments-pt-pt\/hairgenie-pt-pt\/hairgenie-silky-liss-pt-pt\/hairgenie-silky-liss-creme-para-cabelos-crespos-e-indisciplinados\/","og_locale":"pt_PT","og_type":"article","og_title":"Hairgenie Silky Liss | Creme Para Cabelos Crespos E Indisciplinados","og_description":"Hairgenie Silky Liss \u00e9 o creme com efeito alisador anticrespo, sem enxaguamento.","og_url":"https:\/\/www.professional-haircare.it\/pt-pt\/products\/treatments-pt-pt\/hairgenie-pt-pt\/hairgenie-silky-liss-pt-pt\/hairgenie-silky-liss-creme-para-cabelos-crespos-e-indisciplinados\/","og_site_name":"Professional Hair Care","article_modified_time":"2023-12-20T15:33:43+00:00","og_image":[{"width":600,"height":600,"url":"https:\/\/professional-haircare.it\/wp-content\/uploads\/2021\/03\/12070_professional_hairgenie_silky_liss_cream_200ml.png","type":"image\/png"}],"twitter_card":"summary_large_image","schema":{"@context":"https:\/\/schema.org","@graph":[{"@type":"WebPage","@id":"https:\/\/www.professional-haircare.it\/pt-pt\/products\/treatments-pt-pt\/hairgenie-pt-pt\/hairgenie-silky-liss-pt-pt\/hairgenie-silky-liss-creme-para-cabelos-crespos-e-indisciplinados\/","url":"https:\/\/www.professional-haircare.it\/pt-pt\/products\/treatments-pt-pt\/hairgenie-pt-pt\/hairgenie-silky-liss-pt-pt\/hairgenie-silky-liss-creme-para-cabelos-crespos-e-indisciplinados\/","name":"Hairgenie Silky Liss | Creme Para Cabelos Crespos E Indisciplinados","isPartOf":{"@id":"https:\/\/professional-haircare.it\/#website"},"primaryImageOfPage":{"@id":"https:\/\/www.professional-haircare.it\/pt-pt\/products\/treatments-pt-pt\/hairgenie-pt-pt\/hairgenie-silky-liss-pt-pt\/hairgenie-silky-liss-creme-para-cabelos-crespos-e-indisciplinados\/#primaryimage"},"image":{"@id":"https:\/\/www.professional-haircare.it\/pt-pt\/products\/treatments-pt-pt\/hairgenie-pt-pt\/hairgenie-silky-liss-pt-pt\/hairgenie-silky-liss-creme-para-cabelos-crespos-e-indisciplinados\/#primaryimage"},"thumbnailUrl":"https:\/\/www.professional-haircare.it\/wp-content\/uploads\/2021\/03\/12070_professional_hairgenie_silky_liss_cream_200ml.png","datePublished":"2021-03-31T08:20:48+00:00","dateModified":"2023-12-20T15:33:43+00:00","description":"Hairgenie Silky Liss \u00e9 o creme com efeito alisador anticrespo, sem enxaguamento.","breadcrumb":{"@id":"https:\/\/www.professional-haircare.it\/pt-pt\/products\/treatments-pt-pt\/hairgenie-pt-pt\/hairgenie-silky-liss-pt-pt\/hairgenie-silky-liss-creme-para-cabelos-crespos-e-indisciplinados\/#breadcrumb"},"inLanguage":"pt-PT","potentialAction":[{"@type":"ReadAction","target":["https:\/\/www.professional-haircare.it\/pt-pt\/products\/treatments-pt-pt\/hairgenie-pt-pt\/hairgenie-silky-liss-pt-pt\/hairgenie-silky-liss-creme-para-cabelos-crespos-e-indisciplinados\/"]}]},{"@type":"ImageObject","inLanguage":"pt-PT","@id":"https:\/\/www.professional-haircare.it\/pt-pt\/products\/treatments-pt-pt\/hairgenie-pt-pt\/hairgenie-silky-liss-pt-pt\/hairgenie-silky-liss-creme-para-cabelos-crespos-e-indisciplinados\/#primaryimage","url":"https:\/\/www.professional-haircare.it\/wp-content\/uploads\/2021\/03\/12070_professional_hairgenie_silky_liss_cream_200ml.png","contentUrl":"https:\/\/www.professional-haircare.it\/wp-content\/uploads\/2021\/03\/12070_professional_hairgenie_silky_liss_cream_200ml.png","width":600,"height":600},{"@type":"BreadcrumbList","@id":"https:\/\/www.professional-haircare.it\/pt-pt\/products\/treatments-pt-pt\/hairgenie-pt-pt\/hairgenie-silky-liss-pt-pt\/hairgenie-silky-liss-creme-para-cabelos-crespos-e-indisciplinados\/#breadcrumb","itemListElement":[{"@type":"ListItem","position":1,"name":"Home","item":"https:\/\/professional-haircare.it\/pt-pt\/"},{"@type":"ListItem","position":2,"name":"Shop","item":"https:\/\/professional-haircare.it\/shop\/"},{"@type":"ListItem","position":3,"name":"Hairgenie Silky Liss | Creme Para Cabelos Crespos E Indisciplinados"}]},{"@type":"WebSite","@id":"https:\/\/professional-haircare.it\/#website","url":"https:\/\/professional-haircare.it\/","name":"Professional Hair Care","description":"Hair Quality Solutions","potentialAction":[{"@type":"SearchAction","target":{"@type":"EntryPoint","urlTemplate":"https:\/\/professional-haircare.it\/?s={search_term_string}"},"query-input":{"@type":"PropertyValueSpecification","valueRequired":true,"valueName":"search_term_string"}}],"inLanguage":"pt-PT"}]}},"_links":{"self":[{"href":"https:\/\/www.professional-haircare.it\/pt-pt\/wp-json\/wp\/v2\/product\/6584","targetHints":{"allow":["GET"]}}],"collection":[{"href":"https:\/\/www.professional-haircare.it\/pt-pt\/wp-json\/wp\/v2\/product"}],"about":[{"href":"https:\/\/www.professional-haircare.it\/pt-pt\/wp-json\/wp\/v2\/types\/product"}],"replies":[{"embeddable":true,"href":"https:\/\/www.professional-haircare.it\/pt-pt\/wp-json\/wp\/v2\/comments?post=6584"}],"wp:featuredmedia":[{"embeddable":true,"href":"https:\/\/www.professional-haircare.it\/pt-pt\/wp-json\/wp\/v2\/media\/5332"}],"wp:attachment":[{"href":"https:\/\/www.professional-haircare.it\/pt-pt\/wp-json\/wp\/v2\/media?parent=6584"}],"wp:term":[{"taxonomy":"product_brand","embeddable":true,"href":"https:\/\/www.professional-haircare.it\/pt-pt\/wp-json\/wp\/v2\/product_brand?post=6584"},{"taxonomy":"product_cat","embeddable":true,"href":"https:\/\/www.professional-haircare.it\/pt-pt\/wp-json\/wp\/v2\/product_cat?post=6584"},{"taxonomy":"product_tag","embeddable":true,"href":"https:\/\/www.professional-haircare.it\/pt-pt\/wp-json\/wp\/v2\/product_tag?post=6584"}],"curies":[{"name":"wp","href":"https:\/\/api.w.org\/{rel}","templated":true}]}}