{"id":6575,"date":"2021-02-15T09:32:02","date_gmt":"2021-02-15T08:32:02","guid":{"rendered":"https:\/\/www.professional-haircare.it\/products\/sem%20categoria\/hairgenie-intensive-nutre-cristais-liquidos\/"},"modified":"2023-12-20T15:49:37","modified_gmt":"2023-12-20T14:49:37","slug":"hairgenie-intensive-nutre-cristais-liquidos","status":"publish","type":"product","link":"https:\/\/www.professional-haircare.it\/pt-pt\/products\/treatments-pt-pt\/hairgenie-pt-pt\/hairgenie-intensive-nutre-pt-pt\/hairgenie-intensive-nutre-cristais-liquidos\/","title":{"rendered":"Hairgenie Intensive Nutre | Cristais L\u00edquidos"},"content":{"rendered":"","protected":false},"excerpt":{"rendered":"<p><span style=\"font-weight: 400;\">Os <\/span><b>cristais l\u00edquidos Hairgenie Intensive Nutre<\/b><span style=\"font-weight: 400;\"> s\u00e3o um <\/span><b>tratamento cosm\u00e9tico de beleza<\/b><span style=\"font-weight: 400;\"> com uma a\u00e7\u00e3o <\/span><b>polidora<\/b><span style=\"font-weight: 400;\">. Enriquecidos com <\/span><b>\u00f3leo de linha\u00e7a<\/b><span style=\"font-weight: 400;\">.<\/span><\/p>\n<p><span style=\"font-weight: 400;\">Uso profissional<\/span><\/p>\n<p><span style=\"font-weight: 400;\">100 ml<\/span><\/p>\n","protected":false},"featured_media":5301,"comment_status":"closed","ping_status":"closed","template":"","meta":[],"product_brand":[],"product_cat":[898,892],"product_tag":[],"class_list":{"0":"post-6575","1":"product","2":"type-product","3":"status-publish","4":"has-post-thumbnail","6":"product_cat-hairgenie-intensive-nutre-pt-pt","7":"product_cat-treatments-pt-pt","9":"first","10":"instock","11":"shipping-taxable","12":"product-type-simple"},"yoast_head":"<!-- This site is optimized with the Yoast SEO plugin v26.8 - https:\/\/yoast.com\/product\/yoast-seo-wordpress\/ -->\n<title>Hairgenie Intensive Nutre | Cristais L\u00edquidos - Professional Hair Care<\/title>\n<meta name=\"description\" content=\"Os cristais l\u00edquidos Hairgenie Intensive Nutre s\u00e3o um tratamento cosm\u00e9tico de beleza com uma a\u00e7\u00e3o polidora.\" \/>\n<meta name=\"robots\" content=\"index, follow, max-snippet:-1, max-image-preview:large, max-video-preview:-1\" \/>\n<link rel=\"canonical\" href=\"https:\/\/www.professional-haircare.it\/pt-pt\/products\/treatments-pt-pt\/hairgenie-pt-pt\/hairgenie-intensive-nutre-pt-pt\/hairgenie-intensive-nutre-cristais-liquidos\/\" \/>\n<meta property=\"og:locale\" content=\"pt_PT\" \/>\n<meta property=\"og:type\" content=\"article\" \/>\n<meta property=\"og:title\" content=\"Hairgenie Intensive Nutre | Cristais L\u00edquidos - Professional Hair Care\" \/>\n<meta property=\"og:description\" content=\"Os cristais l\u00edquidos Hairgenie Intensive Nutre s\u00e3o um tratamento cosm\u00e9tico de beleza com uma a\u00e7\u00e3o polidora.\" \/>\n<meta property=\"og:url\" content=\"https:\/\/www.professional-haircare.it\/pt-pt\/products\/treatments-pt-pt\/hairgenie-pt-pt\/hairgenie-intensive-nutre-pt-pt\/hairgenie-intensive-nutre-cristais-liquidos\/\" \/>\n<meta property=\"og:site_name\" content=\"Professional Hair Care\" \/>\n<meta property=\"article:modified_time\" content=\"2023-12-20T14:49:37+00:00\" \/>\n<meta property=\"og:image\" content=\"https:\/\/professional-haircare.it\/wp-content\/uploads\/2021\/02\/12077_professional_hairgenie_intensive_nutre_liquid_crystals_100ml.png\" \/>\n\t<meta property=\"og:image:width\" content=\"600\" \/>\n\t<meta property=\"og:image:height\" content=\"600\" \/>\n\t<meta property=\"og:image:type\" content=\"image\/png\" \/>\n<meta name=\"twitter:card\" content=\"summary_large_image\" \/>\n<script type=\"application\/ld+json\" class=\"yoast-schema-graph\">{\"@context\":\"https:\/\/schema.org\",\"@graph\":[{\"@type\":\"WebPage\",\"@id\":\"https:\/\/www.professional-haircare.it\/pt-pt\/products\/treatments-pt-pt\/hairgenie-pt-pt\/hairgenie-intensive-nutre-pt-pt\/hairgenie-intensive-nutre-cristais-liquidos\/\",\"url\":\"https:\/\/www.professional-haircare.it\/pt-pt\/products\/treatments-pt-pt\/hairgenie-pt-pt\/hairgenie-intensive-nutre-pt-pt\/hairgenie-intensive-nutre-cristais-liquidos\/\",\"name\":\"Hairgenie Intensive Nutre | Cristais L\u00edquidos - Professional Hair Care\",\"isPartOf\":{\"@id\":\"https:\/\/professional-haircare.it\/#website\"},\"primaryImageOfPage\":{\"@id\":\"https:\/\/www.professional-haircare.it\/pt-pt\/products\/treatments-pt-pt\/hairgenie-pt-pt\/hairgenie-intensive-nutre-pt-pt\/hairgenie-intensive-nutre-cristais-liquidos\/#primaryimage\"},\"image\":{\"@id\":\"https:\/\/www.professional-haircare.it\/pt-pt\/products\/treatments-pt-pt\/hairgenie-pt-pt\/hairgenie-intensive-nutre-pt-pt\/hairgenie-intensive-nutre-cristais-liquidos\/#primaryimage\"},\"thumbnailUrl\":\"https:\/\/www.professional-haircare.it\/wp-content\/uploads\/2021\/02\/12077_professional_hairgenie_intensive_nutre_liquid_crystals_100ml.png\",\"datePublished\":\"2021-02-15T08:32:02+00:00\",\"dateModified\":\"2023-12-20T14:49:37+00:00\",\"description\":\"Os cristais l\u00edquidos Hairgenie Intensive Nutre s\u00e3o um tratamento cosm\u00e9tico de beleza com uma a\u00e7\u00e3o polidora.\",\"breadcrumb\":{\"@id\":\"https:\/\/www.professional-haircare.it\/pt-pt\/products\/treatments-pt-pt\/hairgenie-pt-pt\/hairgenie-intensive-nutre-pt-pt\/hairgenie-intensive-nutre-cristais-liquidos\/#breadcrumb\"},\"inLanguage\":\"pt-PT\",\"potentialAction\":[{\"@type\":\"ReadAction\",\"target\":[\"https:\/\/www.professional-haircare.it\/pt-pt\/products\/treatments-pt-pt\/hairgenie-pt-pt\/hairgenie-intensive-nutre-pt-pt\/hairgenie-intensive-nutre-cristais-liquidos\/\"]}]},{\"@type\":\"ImageObject\",\"inLanguage\":\"pt-PT\",\"@id\":\"https:\/\/www.professional-haircare.it\/pt-pt\/products\/treatments-pt-pt\/hairgenie-pt-pt\/hairgenie-intensive-nutre-pt-pt\/hairgenie-intensive-nutre-cristais-liquidos\/#primaryimage\",\"url\":\"https:\/\/www.professional-haircare.it\/wp-content\/uploads\/2021\/02\/12077_professional_hairgenie_intensive_nutre_liquid_crystals_100ml.png\",\"contentUrl\":\"https:\/\/www.professional-haircare.it\/wp-content\/uploads\/2021\/02\/12077_professional_hairgenie_intensive_nutre_liquid_crystals_100ml.png\",\"width\":600,\"height\":600},{\"@type\":\"BreadcrumbList\",\"@id\":\"https:\/\/www.professional-haircare.it\/pt-pt\/products\/treatments-pt-pt\/hairgenie-pt-pt\/hairgenie-intensive-nutre-pt-pt\/hairgenie-intensive-nutre-cristais-liquidos\/#breadcrumb\",\"itemListElement\":[{\"@type\":\"ListItem\",\"position\":1,\"name\":\"Home\",\"item\":\"https:\/\/professional-haircare.it\/pt-pt\/\"},{\"@type\":\"ListItem\",\"position\":2,\"name\":\"Shop\",\"item\":\"https:\/\/professional-haircare.it\/shop\/\"},{\"@type\":\"ListItem\",\"position\":3,\"name\":\"Hairgenie Intensive Nutre | Cristais L\u00edquidos\"}]},{\"@type\":\"WebSite\",\"@id\":\"https:\/\/professional-haircare.it\/#website\",\"url\":\"https:\/\/professional-haircare.it\/\",\"name\":\"Professional Hair Care\",\"description\":\"Hair Quality Solutions\",\"potentialAction\":[{\"@type\":\"SearchAction\",\"target\":{\"@type\":\"EntryPoint\",\"urlTemplate\":\"https:\/\/professional-haircare.it\/?s={search_term_string}\"},\"query-input\":{\"@type\":\"PropertyValueSpecification\",\"valueRequired\":true,\"valueName\":\"search_term_string\"}}],\"inLanguage\":\"pt-PT\"}]}<\/script>\n<!-- \/ Yoast SEO plugin. -->","yoast_head_json":{"title":"Hairgenie Intensive Nutre | Cristais L\u00edquidos - Professional Hair Care","description":"Os cristais l\u00edquidos Hairgenie Intensive Nutre s\u00e3o um tratamento cosm\u00e9tico de beleza com uma a\u00e7\u00e3o polidora.","robots":{"index":"index","follow":"follow","max-snippet":"max-snippet:-1","max-image-preview":"max-image-preview:large","max-video-preview":"max-video-preview:-1"},"canonical":"https:\/\/www.professional-haircare.it\/pt-pt\/products\/treatments-pt-pt\/hairgenie-pt-pt\/hairgenie-intensive-nutre-pt-pt\/hairgenie-intensive-nutre-cristais-liquidos\/","og_locale":"pt_PT","og_type":"article","og_title":"Hairgenie Intensive Nutre | Cristais L\u00edquidos - Professional Hair Care","og_description":"Os cristais l\u00edquidos Hairgenie Intensive Nutre s\u00e3o um tratamento cosm\u00e9tico de beleza com uma a\u00e7\u00e3o polidora.","og_url":"https:\/\/www.professional-haircare.it\/pt-pt\/products\/treatments-pt-pt\/hairgenie-pt-pt\/hairgenie-intensive-nutre-pt-pt\/hairgenie-intensive-nutre-cristais-liquidos\/","og_site_name":"Professional Hair Care","article_modified_time":"2023-12-20T14:49:37+00:00","og_image":[{"width":600,"height":600,"url":"https:\/\/professional-haircare.it\/wp-content\/uploads\/2021\/02\/12077_professional_hairgenie_intensive_nutre_liquid_crystals_100ml.png","type":"image\/png"}],"twitter_card":"summary_large_image","schema":{"@context":"https:\/\/schema.org","@graph":[{"@type":"WebPage","@id":"https:\/\/www.professional-haircare.it\/pt-pt\/products\/treatments-pt-pt\/hairgenie-pt-pt\/hairgenie-intensive-nutre-pt-pt\/hairgenie-intensive-nutre-cristais-liquidos\/","url":"https:\/\/www.professional-haircare.it\/pt-pt\/products\/treatments-pt-pt\/hairgenie-pt-pt\/hairgenie-intensive-nutre-pt-pt\/hairgenie-intensive-nutre-cristais-liquidos\/","name":"Hairgenie Intensive Nutre | Cristais L\u00edquidos - Professional Hair Care","isPartOf":{"@id":"https:\/\/professional-haircare.it\/#website"},"primaryImageOfPage":{"@id":"https:\/\/www.professional-haircare.it\/pt-pt\/products\/treatments-pt-pt\/hairgenie-pt-pt\/hairgenie-intensive-nutre-pt-pt\/hairgenie-intensive-nutre-cristais-liquidos\/#primaryimage"},"image":{"@id":"https:\/\/www.professional-haircare.it\/pt-pt\/products\/treatments-pt-pt\/hairgenie-pt-pt\/hairgenie-intensive-nutre-pt-pt\/hairgenie-intensive-nutre-cristais-liquidos\/#primaryimage"},"thumbnailUrl":"https:\/\/www.professional-haircare.it\/wp-content\/uploads\/2021\/02\/12077_professional_hairgenie_intensive_nutre_liquid_crystals_100ml.png","datePublished":"2021-02-15T08:32:02+00:00","dateModified":"2023-12-20T14:49:37+00:00","description":"Os cristais l\u00edquidos Hairgenie Intensive Nutre s\u00e3o um tratamento cosm\u00e9tico de beleza com uma a\u00e7\u00e3o polidora.","breadcrumb":{"@id":"https:\/\/www.professional-haircare.it\/pt-pt\/products\/treatments-pt-pt\/hairgenie-pt-pt\/hairgenie-intensive-nutre-pt-pt\/hairgenie-intensive-nutre-cristais-liquidos\/#breadcrumb"},"inLanguage":"pt-PT","potentialAction":[{"@type":"ReadAction","target":["https:\/\/www.professional-haircare.it\/pt-pt\/products\/treatments-pt-pt\/hairgenie-pt-pt\/hairgenie-intensive-nutre-pt-pt\/hairgenie-intensive-nutre-cristais-liquidos\/"]}]},{"@type":"ImageObject","inLanguage":"pt-PT","@id":"https:\/\/www.professional-haircare.it\/pt-pt\/products\/treatments-pt-pt\/hairgenie-pt-pt\/hairgenie-intensive-nutre-pt-pt\/hairgenie-intensive-nutre-cristais-liquidos\/#primaryimage","url":"https:\/\/www.professional-haircare.it\/wp-content\/uploads\/2021\/02\/12077_professional_hairgenie_intensive_nutre_liquid_crystals_100ml.png","contentUrl":"https:\/\/www.professional-haircare.it\/wp-content\/uploads\/2021\/02\/12077_professional_hairgenie_intensive_nutre_liquid_crystals_100ml.png","width":600,"height":600},{"@type":"BreadcrumbList","@id":"https:\/\/www.professional-haircare.it\/pt-pt\/products\/treatments-pt-pt\/hairgenie-pt-pt\/hairgenie-intensive-nutre-pt-pt\/hairgenie-intensive-nutre-cristais-liquidos\/#breadcrumb","itemListElement":[{"@type":"ListItem","position":1,"name":"Home","item":"https:\/\/professional-haircare.it\/pt-pt\/"},{"@type":"ListItem","position":2,"name":"Shop","item":"https:\/\/professional-haircare.it\/shop\/"},{"@type":"ListItem","position":3,"name":"Hairgenie Intensive Nutre | Cristais L\u00edquidos"}]},{"@type":"WebSite","@id":"https:\/\/professional-haircare.it\/#website","url":"https:\/\/professional-haircare.it\/","name":"Professional Hair Care","description":"Hair Quality Solutions","potentialAction":[{"@type":"SearchAction","target":{"@type":"EntryPoint","urlTemplate":"https:\/\/professional-haircare.it\/?s={search_term_string}"},"query-input":{"@type":"PropertyValueSpecification","valueRequired":true,"valueName":"search_term_string"}}],"inLanguage":"pt-PT"}]}},"_links":{"self":[{"href":"https:\/\/www.professional-haircare.it\/pt-pt\/wp-json\/wp\/v2\/product\/6575","targetHints":{"allow":["GET"]}}],"collection":[{"href":"https:\/\/www.professional-haircare.it\/pt-pt\/wp-json\/wp\/v2\/product"}],"about":[{"href":"https:\/\/www.professional-haircare.it\/pt-pt\/wp-json\/wp\/v2\/types\/product"}],"replies":[{"embeddable":true,"href":"https:\/\/www.professional-haircare.it\/pt-pt\/wp-json\/wp\/v2\/comments?post=6575"}],"wp:featuredmedia":[{"embeddable":true,"href":"https:\/\/www.professional-haircare.it\/pt-pt\/wp-json\/wp\/v2\/media\/5301"}],"wp:attachment":[{"href":"https:\/\/www.professional-haircare.it\/pt-pt\/wp-json\/wp\/v2\/media?parent=6575"}],"wp:term":[{"taxonomy":"product_brand","embeddable":true,"href":"https:\/\/www.professional-haircare.it\/pt-pt\/wp-json\/wp\/v2\/product_brand?post=6575"},{"taxonomy":"product_cat","embeddable":true,"href":"https:\/\/www.professional-haircare.it\/pt-pt\/wp-json\/wp\/v2\/product_cat?post=6575"},{"taxonomy":"product_tag","embeddable":true,"href":"https:\/\/www.professional-haircare.it\/pt-pt\/wp-json\/wp\/v2\/product_tag?post=6575"}],"curies":[{"name":"wp","href":"https:\/\/api.w.org\/{rel}","templated":true}]}}