{"id":6573,"date":"2020-07-20T12:13:13","date_gmt":"2020-07-20T10:13:13","guid":{"rendered":"https:\/\/www.professional-haircare.it\/products\/sem%20categoria\/eclat-supreme-champo-de-nutricao-e-brilho\/"},"modified":"2023-12-20T15:41:09","modified_gmt":"2023-12-20T14:41:09","slug":"eclat-supreme-champo-de-nutricao-e-brilho","status":"publish","type":"product","link":"https:\/\/www.professional-haircare.it\/pt-pt\/products\/treatments-pt-pt\/eclat-supreme-pt-pt\/eclat-supreme-champo-de-nutricao-e-brilho\/","title":{"rendered":"Eclat Supreme | Champ\u00f4 De Nutri\u00e7\u00e3o E Brilho"},"content":{"rendered":"","protected":false},"excerpt":{"rendered":"<p><span style=\"font-weight: 400;\">O <\/span><b>champ\u00f4 de nutri\u00e7\u00e3o e brilho<\/b> <b>Eclat Supreme<\/b><span style=\"font-weight: 400;\"> \u00e9 enriquecido com <\/span><b>\u00f3leo de arg\u00e3o e queratina<\/b><span style=\"font-weight: 400;\">, com as suas conhecidas propriedades nutritivas e regeneradoras. Adequado para todos os tipos de cabelo, limpa suavemente e confere suavidade e brilho ao cabelo.<\/span><\/p>\n<p><span style=\"font-weight: 400;\">1000 ml<\/span><\/p>\n","protected":false},"featured_media":5231,"comment_status":"closed","ping_status":"closed","template":"","meta":[],"product_brand":[],"product_cat":[895,892],"product_tag":[],"class_list":{"0":"post-6573","1":"product","2":"type-product","3":"status-publish","4":"has-post-thumbnail","6":"product_cat-eclat-supreme-pt-pt","7":"product_cat-treatments-pt-pt","9":"first","10":"instock","11":"shipping-taxable","12":"product-type-simple"},"yoast_head":"<!-- This site is optimized with the Yoast SEO plugin v26.8 - https:\/\/yoast.com\/product\/yoast-seo-wordpress\/ -->\n<title>Eclat Supreme | Champ\u00f4 De Nutri\u00e7\u00e3o E Brilho<\/title>\n<meta name=\"description\" content=\"O champ\u00f4 de nutri\u00e7\u00e3o e brilho Eclat Supreme \u00e9 enriquecido com \u00f3leo de arg\u00e3o e queratina, com as suas conhecidas propriedades nutritivas e regeneradoras\" \/>\n<meta name=\"robots\" content=\"index, follow, max-snippet:-1, max-image-preview:large, max-video-preview:-1\" \/>\n<link rel=\"canonical\" href=\"https:\/\/www.professional-haircare.it\/pt-pt\/products\/treatments-pt-pt\/eclat-supreme-pt-pt\/eclat-supreme-champo-de-nutricao-e-brilho\/\" \/>\n<meta property=\"og:locale\" content=\"pt_PT\" \/>\n<meta property=\"og:type\" content=\"article\" \/>\n<meta property=\"og:title\" content=\"Eclat Supreme | Champ\u00f4 De Nutri\u00e7\u00e3o E Brilho\" \/>\n<meta property=\"og:description\" content=\"O champ\u00f4 de nutri\u00e7\u00e3o e brilho Eclat Supreme \u00e9 enriquecido com \u00f3leo de arg\u00e3o e queratina, com as suas conhecidas propriedades nutritivas e regeneradoras\" \/>\n<meta property=\"og:url\" content=\"https:\/\/www.professional-haircare.it\/pt-pt\/products\/treatments-pt-pt\/eclat-supreme-pt-pt\/eclat-supreme-champo-de-nutricao-e-brilho\/\" \/>\n<meta property=\"og:site_name\" content=\"Professional Hair Care\" \/>\n<meta property=\"article:modified_time\" content=\"2023-12-20T14:41:09+00:00\" \/>\n<meta property=\"og:image\" content=\"https:\/\/professional-haircare.it\/wp-content\/uploads\/2020\/07\/12029_professional_eclat_supreme_nourishment_shine_shampoo_1000ml.png\" \/>\n\t<meta property=\"og:image:width\" content=\"600\" \/>\n\t<meta property=\"og:image:height\" content=\"600\" \/>\n\t<meta property=\"og:image:type\" content=\"image\/png\" \/>\n<meta name=\"twitter:card\" content=\"summary_large_image\" \/>\n<script type=\"application\/ld+json\" class=\"yoast-schema-graph\">{\"@context\":\"https:\/\/schema.org\",\"@graph\":[{\"@type\":\"WebPage\",\"@id\":\"https:\/\/www.professional-haircare.it\/pt-pt\/products\/treatments-pt-pt\/eclat-supreme-pt-pt\/eclat-supreme-champo-de-nutricao-e-brilho\/\",\"url\":\"https:\/\/www.professional-haircare.it\/pt-pt\/products\/treatments-pt-pt\/eclat-supreme-pt-pt\/eclat-supreme-champo-de-nutricao-e-brilho\/\",\"name\":\"Eclat Supreme | Champ\u00f4 De Nutri\u00e7\u00e3o E Brilho\",\"isPartOf\":{\"@id\":\"https:\/\/professional-haircare.it\/#website\"},\"primaryImageOfPage\":{\"@id\":\"https:\/\/www.professional-haircare.it\/pt-pt\/products\/treatments-pt-pt\/eclat-supreme-pt-pt\/eclat-supreme-champo-de-nutricao-e-brilho\/#primaryimage\"},\"image\":{\"@id\":\"https:\/\/www.professional-haircare.it\/pt-pt\/products\/treatments-pt-pt\/eclat-supreme-pt-pt\/eclat-supreme-champo-de-nutricao-e-brilho\/#primaryimage\"},\"thumbnailUrl\":\"https:\/\/www.professional-haircare.it\/wp-content\/uploads\/2020\/07\/12029_professional_eclat_supreme_nourishment_shine_shampoo_1000ml.png\",\"datePublished\":\"2020-07-20T10:13:13+00:00\",\"dateModified\":\"2023-12-20T14:41:09+00:00\",\"description\":\"O champ\u00f4 de nutri\u00e7\u00e3o e brilho Eclat Supreme \u00e9 enriquecido com \u00f3leo de arg\u00e3o e queratina, com as suas conhecidas propriedades nutritivas e regeneradoras\",\"breadcrumb\":{\"@id\":\"https:\/\/www.professional-haircare.it\/pt-pt\/products\/treatments-pt-pt\/eclat-supreme-pt-pt\/eclat-supreme-champo-de-nutricao-e-brilho\/#breadcrumb\"},\"inLanguage\":\"pt-PT\",\"potentialAction\":[{\"@type\":\"ReadAction\",\"target\":[\"https:\/\/www.professional-haircare.it\/pt-pt\/products\/treatments-pt-pt\/eclat-supreme-pt-pt\/eclat-supreme-champo-de-nutricao-e-brilho\/\"]}]},{\"@type\":\"ImageObject\",\"inLanguage\":\"pt-PT\",\"@id\":\"https:\/\/www.professional-haircare.it\/pt-pt\/products\/treatments-pt-pt\/eclat-supreme-pt-pt\/eclat-supreme-champo-de-nutricao-e-brilho\/#primaryimage\",\"url\":\"https:\/\/www.professional-haircare.it\/wp-content\/uploads\/2020\/07\/12029_professional_eclat_supreme_nourishment_shine_shampoo_1000ml.png\",\"contentUrl\":\"https:\/\/www.professional-haircare.it\/wp-content\/uploads\/2020\/07\/12029_professional_eclat_supreme_nourishment_shine_shampoo_1000ml.png\",\"width\":600,\"height\":600},{\"@type\":\"BreadcrumbList\",\"@id\":\"https:\/\/www.professional-haircare.it\/pt-pt\/products\/treatments-pt-pt\/eclat-supreme-pt-pt\/eclat-supreme-champo-de-nutricao-e-brilho\/#breadcrumb\",\"itemListElement\":[{\"@type\":\"ListItem\",\"position\":1,\"name\":\"Home\",\"item\":\"https:\/\/professional-haircare.it\/pt-pt\/\"},{\"@type\":\"ListItem\",\"position\":2,\"name\":\"Shop\",\"item\":\"https:\/\/professional-haircare.it\/shop\/\"},{\"@type\":\"ListItem\",\"position\":3,\"name\":\"Eclat Supreme | Champ\u00f4 De Nutri\u00e7\u00e3o E Brilho\"}]},{\"@type\":\"WebSite\",\"@id\":\"https:\/\/professional-haircare.it\/#website\",\"url\":\"https:\/\/professional-haircare.it\/\",\"name\":\"Professional Hair Care\",\"description\":\"Hair Quality Solutions\",\"potentialAction\":[{\"@type\":\"SearchAction\",\"target\":{\"@type\":\"EntryPoint\",\"urlTemplate\":\"https:\/\/professional-haircare.it\/?s={search_term_string}\"},\"query-input\":{\"@type\":\"PropertyValueSpecification\",\"valueRequired\":true,\"valueName\":\"search_term_string\"}}],\"inLanguage\":\"pt-PT\"}]}<\/script>\n<!-- \/ Yoast SEO plugin. -->","yoast_head_json":{"title":"Eclat Supreme | Champ\u00f4 De Nutri\u00e7\u00e3o E Brilho","description":"O champ\u00f4 de nutri\u00e7\u00e3o e brilho Eclat Supreme \u00e9 enriquecido com \u00f3leo de arg\u00e3o e queratina, com as suas conhecidas propriedades nutritivas e regeneradoras","robots":{"index":"index","follow":"follow","max-snippet":"max-snippet:-1","max-image-preview":"max-image-preview:large","max-video-preview":"max-video-preview:-1"},"canonical":"https:\/\/www.professional-haircare.it\/pt-pt\/products\/treatments-pt-pt\/eclat-supreme-pt-pt\/eclat-supreme-champo-de-nutricao-e-brilho\/","og_locale":"pt_PT","og_type":"article","og_title":"Eclat Supreme | Champ\u00f4 De Nutri\u00e7\u00e3o E Brilho","og_description":"O champ\u00f4 de nutri\u00e7\u00e3o e brilho Eclat Supreme \u00e9 enriquecido com \u00f3leo de arg\u00e3o e queratina, com as suas conhecidas propriedades nutritivas e regeneradoras","og_url":"https:\/\/www.professional-haircare.it\/pt-pt\/products\/treatments-pt-pt\/eclat-supreme-pt-pt\/eclat-supreme-champo-de-nutricao-e-brilho\/","og_site_name":"Professional Hair Care","article_modified_time":"2023-12-20T14:41:09+00:00","og_image":[{"width":600,"height":600,"url":"https:\/\/professional-haircare.it\/wp-content\/uploads\/2020\/07\/12029_professional_eclat_supreme_nourishment_shine_shampoo_1000ml.png","type":"image\/png"}],"twitter_card":"summary_large_image","schema":{"@context":"https:\/\/schema.org","@graph":[{"@type":"WebPage","@id":"https:\/\/www.professional-haircare.it\/pt-pt\/products\/treatments-pt-pt\/eclat-supreme-pt-pt\/eclat-supreme-champo-de-nutricao-e-brilho\/","url":"https:\/\/www.professional-haircare.it\/pt-pt\/products\/treatments-pt-pt\/eclat-supreme-pt-pt\/eclat-supreme-champo-de-nutricao-e-brilho\/","name":"Eclat Supreme | Champ\u00f4 De Nutri\u00e7\u00e3o E Brilho","isPartOf":{"@id":"https:\/\/professional-haircare.it\/#website"},"primaryImageOfPage":{"@id":"https:\/\/www.professional-haircare.it\/pt-pt\/products\/treatments-pt-pt\/eclat-supreme-pt-pt\/eclat-supreme-champo-de-nutricao-e-brilho\/#primaryimage"},"image":{"@id":"https:\/\/www.professional-haircare.it\/pt-pt\/products\/treatments-pt-pt\/eclat-supreme-pt-pt\/eclat-supreme-champo-de-nutricao-e-brilho\/#primaryimage"},"thumbnailUrl":"https:\/\/www.professional-haircare.it\/wp-content\/uploads\/2020\/07\/12029_professional_eclat_supreme_nourishment_shine_shampoo_1000ml.png","datePublished":"2020-07-20T10:13:13+00:00","dateModified":"2023-12-20T14:41:09+00:00","description":"O champ\u00f4 de nutri\u00e7\u00e3o e brilho Eclat Supreme \u00e9 enriquecido com \u00f3leo de arg\u00e3o e queratina, com as suas conhecidas propriedades nutritivas e regeneradoras","breadcrumb":{"@id":"https:\/\/www.professional-haircare.it\/pt-pt\/products\/treatments-pt-pt\/eclat-supreme-pt-pt\/eclat-supreme-champo-de-nutricao-e-brilho\/#breadcrumb"},"inLanguage":"pt-PT","potentialAction":[{"@type":"ReadAction","target":["https:\/\/www.professional-haircare.it\/pt-pt\/products\/treatments-pt-pt\/eclat-supreme-pt-pt\/eclat-supreme-champo-de-nutricao-e-brilho\/"]}]},{"@type":"ImageObject","inLanguage":"pt-PT","@id":"https:\/\/www.professional-haircare.it\/pt-pt\/products\/treatments-pt-pt\/eclat-supreme-pt-pt\/eclat-supreme-champo-de-nutricao-e-brilho\/#primaryimage","url":"https:\/\/www.professional-haircare.it\/wp-content\/uploads\/2020\/07\/12029_professional_eclat_supreme_nourishment_shine_shampoo_1000ml.png","contentUrl":"https:\/\/www.professional-haircare.it\/wp-content\/uploads\/2020\/07\/12029_professional_eclat_supreme_nourishment_shine_shampoo_1000ml.png","width":600,"height":600},{"@type":"BreadcrumbList","@id":"https:\/\/www.professional-haircare.it\/pt-pt\/products\/treatments-pt-pt\/eclat-supreme-pt-pt\/eclat-supreme-champo-de-nutricao-e-brilho\/#breadcrumb","itemListElement":[{"@type":"ListItem","position":1,"name":"Home","item":"https:\/\/professional-haircare.it\/pt-pt\/"},{"@type":"ListItem","position":2,"name":"Shop","item":"https:\/\/professional-haircare.it\/shop\/"},{"@type":"ListItem","position":3,"name":"Eclat Supreme | Champ\u00f4 De Nutri\u00e7\u00e3o E Brilho"}]},{"@type":"WebSite","@id":"https:\/\/professional-haircare.it\/#website","url":"https:\/\/professional-haircare.it\/","name":"Professional Hair Care","description":"Hair Quality Solutions","potentialAction":[{"@type":"SearchAction","target":{"@type":"EntryPoint","urlTemplate":"https:\/\/professional-haircare.it\/?s={search_term_string}"},"query-input":{"@type":"PropertyValueSpecification","valueRequired":true,"valueName":"search_term_string"}}],"inLanguage":"pt-PT"}]}},"_links":{"self":[{"href":"https:\/\/www.professional-haircare.it\/pt-pt\/wp-json\/wp\/v2\/product\/6573","targetHints":{"allow":["GET"]}}],"collection":[{"href":"https:\/\/www.professional-haircare.it\/pt-pt\/wp-json\/wp\/v2\/product"}],"about":[{"href":"https:\/\/www.professional-haircare.it\/pt-pt\/wp-json\/wp\/v2\/types\/product"}],"replies":[{"embeddable":true,"href":"https:\/\/www.professional-haircare.it\/pt-pt\/wp-json\/wp\/v2\/comments?post=6573"}],"wp:featuredmedia":[{"embeddable":true,"href":"https:\/\/www.professional-haircare.it\/pt-pt\/wp-json\/wp\/v2\/media\/5231"}],"wp:attachment":[{"href":"https:\/\/www.professional-haircare.it\/pt-pt\/wp-json\/wp\/v2\/media?parent=6573"}],"wp:term":[{"taxonomy":"product_brand","embeddable":true,"href":"https:\/\/www.professional-haircare.it\/pt-pt\/wp-json\/wp\/v2\/product_brand?post=6573"},{"taxonomy":"product_cat","embeddable":true,"href":"https:\/\/www.professional-haircare.it\/pt-pt\/wp-json\/wp\/v2\/product_cat?post=6573"},{"taxonomy":"product_tag","embeddable":true,"href":"https:\/\/www.professional-haircare.it\/pt-pt\/wp-json\/wp\/v2\/product_tag?post=6573"}],"curies":[{"name":"wp","href":"https:\/\/api.w.org\/{rel}","templated":true}]}}