{"id":6569,"date":"2020-07-20T12:29:41","date_gmt":"2020-07-20T10:29:41","guid":{"rendered":"https:\/\/www.professional-haircare.it\/products\/sem%20categoria\/eclat-supreme-mascara-instantanea-em-spray-12-em-1-2\/"},"modified":"2023-12-20T15:39:36","modified_gmt":"2023-12-20T14:39:36","slug":"eclat-supreme-mascara-instantanea-em-spray-12-em-1-2","status":"publish","type":"product","link":"https:\/\/www.professional-haircare.it\/pt-pt\/products\/treatments-pt-pt\/eclat-supreme-pt-pt\/eclat-supreme-mascara-instantanea-em-spray-12-em-1-2\/","title":{"rendered":"Eclat Supreme | M\u00e1scara Instant\u00e2nea Em Spray 12 Em 1"},"content":{"rendered":"","protected":false},"excerpt":{"rendered":"<p><b>M\u00e1scara em spray Eclat Supreme<\/b><span style=\"font-weight: 400;\"> instant\u00e2nea sem enxaguamento com <\/span><b>\u00f3leo de arg\u00e3o, \u00f3leo de algod\u00e3o e queratina<\/b><span style=\"font-weight: 400;\">. Indicada para todos os tipos de cabelo, re\u00fane <\/span><b>12 efeitos extraordin\u00e1rios<\/b><span style=\"font-weight: 400;\">, combinando-os habilmente para proporcionar beleza e prote\u00e7\u00e3o.<\/span><\/p>\n<p><span style=\"font-weight: 400;\">Formato de 200 ml<\/span><\/p>\n","protected":false},"featured_media":5232,"comment_status":"closed","ping_status":"closed","template":"","meta":[],"product_brand":[],"product_cat":[895,892],"product_tag":[],"class_list":{"0":"post-6569","1":"product","2":"type-product","3":"status-publish","4":"has-post-thumbnail","6":"product_cat-eclat-supreme-pt-pt","7":"product_cat-treatments-pt-pt","9":"first","10":"instock","11":"shipping-taxable","12":"product-type-simple"},"yoast_head":"<!-- This site is optimized with the Yoast SEO plugin v26.8 - https:\/\/yoast.com\/product\/yoast-seo-wordpress\/ -->\n<title>Eclat Supreme | M\u00e1scara Instant\u00e2nea Em Spray 12 Em 1<\/title>\n<meta name=\"description\" content=\"M\u00e1scara em spray Eclat Supreme instant\u00e2nea sem enxaguamento com \u00f3leo de arg\u00e3o, \u00f3leo de algod\u00e3o e queratina.\" \/>\n<meta name=\"robots\" content=\"index, follow, max-snippet:-1, max-image-preview:large, max-video-preview:-1\" \/>\n<link rel=\"canonical\" href=\"https:\/\/www.professional-haircare.it\/pt-pt\/products\/treatments-pt-pt\/eclat-supreme-pt-pt\/eclat-supreme-mascara-instantanea-em-spray-12-em-1-2\/\" \/>\n<meta property=\"og:locale\" content=\"pt_PT\" \/>\n<meta property=\"og:type\" content=\"article\" \/>\n<meta property=\"og:title\" content=\"Eclat Supreme | M\u00e1scara Instant\u00e2nea Em Spray 12 Em 1\" \/>\n<meta property=\"og:description\" content=\"M\u00e1scara em spray Eclat Supreme instant\u00e2nea sem enxaguamento com \u00f3leo de arg\u00e3o, \u00f3leo de algod\u00e3o e queratina.\" \/>\n<meta property=\"og:url\" content=\"https:\/\/www.professional-haircare.it\/pt-pt\/products\/treatments-pt-pt\/eclat-supreme-pt-pt\/eclat-supreme-mascara-instantanea-em-spray-12-em-1-2\/\" \/>\n<meta property=\"og:site_name\" content=\"Professional Hair Care\" \/>\n<meta property=\"article:modified_time\" content=\"2023-12-20T14:39:36+00:00\" \/>\n<meta property=\"og:image\" content=\"https:\/\/professional-haircare.it\/wp-content\/uploads\/2020\/07\/12062_professional_eclat_supreme_effect_12_instant_mask_spray_200ml.png\" \/>\n\t<meta property=\"og:image:width\" content=\"600\" \/>\n\t<meta property=\"og:image:height\" content=\"600\" \/>\n\t<meta property=\"og:image:type\" content=\"image\/png\" \/>\n<meta name=\"twitter:card\" content=\"summary_large_image\" \/>\n<script type=\"application\/ld+json\" class=\"yoast-schema-graph\">{\"@context\":\"https:\/\/schema.org\",\"@graph\":[{\"@type\":\"WebPage\",\"@id\":\"https:\/\/www.professional-haircare.it\/pt-pt\/products\/treatments-pt-pt\/eclat-supreme-pt-pt\/eclat-supreme-mascara-instantanea-em-spray-12-em-1-2\/\",\"url\":\"https:\/\/www.professional-haircare.it\/pt-pt\/products\/treatments-pt-pt\/eclat-supreme-pt-pt\/eclat-supreme-mascara-instantanea-em-spray-12-em-1-2\/\",\"name\":\"Eclat Supreme | M\u00e1scara Instant\u00e2nea Em Spray 12 Em 1\",\"isPartOf\":{\"@id\":\"https:\/\/professional-haircare.it\/#website\"},\"primaryImageOfPage\":{\"@id\":\"https:\/\/www.professional-haircare.it\/pt-pt\/products\/treatments-pt-pt\/eclat-supreme-pt-pt\/eclat-supreme-mascara-instantanea-em-spray-12-em-1-2\/#primaryimage\"},\"image\":{\"@id\":\"https:\/\/www.professional-haircare.it\/pt-pt\/products\/treatments-pt-pt\/eclat-supreme-pt-pt\/eclat-supreme-mascara-instantanea-em-spray-12-em-1-2\/#primaryimage\"},\"thumbnailUrl\":\"https:\/\/www.professional-haircare.it\/wp-content\/uploads\/2020\/07\/12062_professional_eclat_supreme_effect_12_instant_mask_spray_200ml.png\",\"datePublished\":\"2020-07-20T10:29:41+00:00\",\"dateModified\":\"2023-12-20T14:39:36+00:00\",\"description\":\"M\u00e1scara em spray Eclat Supreme instant\u00e2nea sem enxaguamento com \u00f3leo de arg\u00e3o, \u00f3leo de algod\u00e3o e queratina.\",\"breadcrumb\":{\"@id\":\"https:\/\/www.professional-haircare.it\/pt-pt\/products\/treatments-pt-pt\/eclat-supreme-pt-pt\/eclat-supreme-mascara-instantanea-em-spray-12-em-1-2\/#breadcrumb\"},\"inLanguage\":\"pt-PT\",\"potentialAction\":[{\"@type\":\"ReadAction\",\"target\":[\"https:\/\/www.professional-haircare.it\/pt-pt\/products\/treatments-pt-pt\/eclat-supreme-pt-pt\/eclat-supreme-mascara-instantanea-em-spray-12-em-1-2\/\"]}]},{\"@type\":\"ImageObject\",\"inLanguage\":\"pt-PT\",\"@id\":\"https:\/\/www.professional-haircare.it\/pt-pt\/products\/treatments-pt-pt\/eclat-supreme-pt-pt\/eclat-supreme-mascara-instantanea-em-spray-12-em-1-2\/#primaryimage\",\"url\":\"https:\/\/www.professional-haircare.it\/wp-content\/uploads\/2020\/07\/12062_professional_eclat_supreme_effect_12_instant_mask_spray_200ml.png\",\"contentUrl\":\"https:\/\/www.professional-haircare.it\/wp-content\/uploads\/2020\/07\/12062_professional_eclat_supreme_effect_12_instant_mask_spray_200ml.png\",\"width\":600,\"height\":600},{\"@type\":\"BreadcrumbList\",\"@id\":\"https:\/\/www.professional-haircare.it\/pt-pt\/products\/treatments-pt-pt\/eclat-supreme-pt-pt\/eclat-supreme-mascara-instantanea-em-spray-12-em-1-2\/#breadcrumb\",\"itemListElement\":[{\"@type\":\"ListItem\",\"position\":1,\"name\":\"Home\",\"item\":\"https:\/\/professional-haircare.it\/pt-pt\/\"},{\"@type\":\"ListItem\",\"position\":2,\"name\":\"Shop\",\"item\":\"https:\/\/professional-haircare.it\/shop\/\"},{\"@type\":\"ListItem\",\"position\":3,\"name\":\"Eclat Supreme | M\u00e1scara Instant\u00e2nea Em Spray 12 Em 1\"}]},{\"@type\":\"WebSite\",\"@id\":\"https:\/\/professional-haircare.it\/#website\",\"url\":\"https:\/\/professional-haircare.it\/\",\"name\":\"Professional Hair Care\",\"description\":\"Hair Quality Solutions\",\"potentialAction\":[{\"@type\":\"SearchAction\",\"target\":{\"@type\":\"EntryPoint\",\"urlTemplate\":\"https:\/\/professional-haircare.it\/?s={search_term_string}\"},\"query-input\":{\"@type\":\"PropertyValueSpecification\",\"valueRequired\":true,\"valueName\":\"search_term_string\"}}],\"inLanguage\":\"pt-PT\"}]}<\/script>\n<!-- \/ Yoast SEO plugin. -->","yoast_head_json":{"title":"Eclat Supreme | M\u00e1scara Instant\u00e2nea Em Spray 12 Em 1","description":"M\u00e1scara em spray Eclat Supreme instant\u00e2nea sem enxaguamento com \u00f3leo de arg\u00e3o, \u00f3leo de algod\u00e3o e queratina.","robots":{"index":"index","follow":"follow","max-snippet":"max-snippet:-1","max-image-preview":"max-image-preview:large","max-video-preview":"max-video-preview:-1"},"canonical":"https:\/\/www.professional-haircare.it\/pt-pt\/products\/treatments-pt-pt\/eclat-supreme-pt-pt\/eclat-supreme-mascara-instantanea-em-spray-12-em-1-2\/","og_locale":"pt_PT","og_type":"article","og_title":"Eclat Supreme | M\u00e1scara Instant\u00e2nea Em Spray 12 Em 1","og_description":"M\u00e1scara em spray Eclat Supreme instant\u00e2nea sem enxaguamento com \u00f3leo de arg\u00e3o, \u00f3leo de algod\u00e3o e queratina.","og_url":"https:\/\/www.professional-haircare.it\/pt-pt\/products\/treatments-pt-pt\/eclat-supreme-pt-pt\/eclat-supreme-mascara-instantanea-em-spray-12-em-1-2\/","og_site_name":"Professional Hair Care","article_modified_time":"2023-12-20T14:39:36+00:00","og_image":[{"width":600,"height":600,"url":"https:\/\/professional-haircare.it\/wp-content\/uploads\/2020\/07\/12062_professional_eclat_supreme_effect_12_instant_mask_spray_200ml.png","type":"image\/png"}],"twitter_card":"summary_large_image","schema":{"@context":"https:\/\/schema.org","@graph":[{"@type":"WebPage","@id":"https:\/\/www.professional-haircare.it\/pt-pt\/products\/treatments-pt-pt\/eclat-supreme-pt-pt\/eclat-supreme-mascara-instantanea-em-spray-12-em-1-2\/","url":"https:\/\/www.professional-haircare.it\/pt-pt\/products\/treatments-pt-pt\/eclat-supreme-pt-pt\/eclat-supreme-mascara-instantanea-em-spray-12-em-1-2\/","name":"Eclat Supreme | M\u00e1scara Instant\u00e2nea Em Spray 12 Em 1","isPartOf":{"@id":"https:\/\/professional-haircare.it\/#website"},"primaryImageOfPage":{"@id":"https:\/\/www.professional-haircare.it\/pt-pt\/products\/treatments-pt-pt\/eclat-supreme-pt-pt\/eclat-supreme-mascara-instantanea-em-spray-12-em-1-2\/#primaryimage"},"image":{"@id":"https:\/\/www.professional-haircare.it\/pt-pt\/products\/treatments-pt-pt\/eclat-supreme-pt-pt\/eclat-supreme-mascara-instantanea-em-spray-12-em-1-2\/#primaryimage"},"thumbnailUrl":"https:\/\/www.professional-haircare.it\/wp-content\/uploads\/2020\/07\/12062_professional_eclat_supreme_effect_12_instant_mask_spray_200ml.png","datePublished":"2020-07-20T10:29:41+00:00","dateModified":"2023-12-20T14:39:36+00:00","description":"M\u00e1scara em spray Eclat Supreme instant\u00e2nea sem enxaguamento com \u00f3leo de arg\u00e3o, \u00f3leo de algod\u00e3o e queratina.","breadcrumb":{"@id":"https:\/\/www.professional-haircare.it\/pt-pt\/products\/treatments-pt-pt\/eclat-supreme-pt-pt\/eclat-supreme-mascara-instantanea-em-spray-12-em-1-2\/#breadcrumb"},"inLanguage":"pt-PT","potentialAction":[{"@type":"ReadAction","target":["https:\/\/www.professional-haircare.it\/pt-pt\/products\/treatments-pt-pt\/eclat-supreme-pt-pt\/eclat-supreme-mascara-instantanea-em-spray-12-em-1-2\/"]}]},{"@type":"ImageObject","inLanguage":"pt-PT","@id":"https:\/\/www.professional-haircare.it\/pt-pt\/products\/treatments-pt-pt\/eclat-supreme-pt-pt\/eclat-supreme-mascara-instantanea-em-spray-12-em-1-2\/#primaryimage","url":"https:\/\/www.professional-haircare.it\/wp-content\/uploads\/2020\/07\/12062_professional_eclat_supreme_effect_12_instant_mask_spray_200ml.png","contentUrl":"https:\/\/www.professional-haircare.it\/wp-content\/uploads\/2020\/07\/12062_professional_eclat_supreme_effect_12_instant_mask_spray_200ml.png","width":600,"height":600},{"@type":"BreadcrumbList","@id":"https:\/\/www.professional-haircare.it\/pt-pt\/products\/treatments-pt-pt\/eclat-supreme-pt-pt\/eclat-supreme-mascara-instantanea-em-spray-12-em-1-2\/#breadcrumb","itemListElement":[{"@type":"ListItem","position":1,"name":"Home","item":"https:\/\/professional-haircare.it\/pt-pt\/"},{"@type":"ListItem","position":2,"name":"Shop","item":"https:\/\/professional-haircare.it\/shop\/"},{"@type":"ListItem","position":3,"name":"Eclat Supreme | M\u00e1scara Instant\u00e2nea Em Spray 12 Em 1"}]},{"@type":"WebSite","@id":"https:\/\/professional-haircare.it\/#website","url":"https:\/\/professional-haircare.it\/","name":"Professional Hair Care","description":"Hair Quality Solutions","potentialAction":[{"@type":"SearchAction","target":{"@type":"EntryPoint","urlTemplate":"https:\/\/professional-haircare.it\/?s={search_term_string}"},"query-input":{"@type":"PropertyValueSpecification","valueRequired":true,"valueName":"search_term_string"}}],"inLanguage":"pt-PT"}]}},"_links":{"self":[{"href":"https:\/\/www.professional-haircare.it\/pt-pt\/wp-json\/wp\/v2\/product\/6569","targetHints":{"allow":["GET"]}}],"collection":[{"href":"https:\/\/www.professional-haircare.it\/pt-pt\/wp-json\/wp\/v2\/product"}],"about":[{"href":"https:\/\/www.professional-haircare.it\/pt-pt\/wp-json\/wp\/v2\/types\/product"}],"replies":[{"embeddable":true,"href":"https:\/\/www.professional-haircare.it\/pt-pt\/wp-json\/wp\/v2\/comments?post=6569"}],"wp:featuredmedia":[{"embeddable":true,"href":"https:\/\/www.professional-haircare.it\/pt-pt\/wp-json\/wp\/v2\/media\/5232"}],"wp:attachment":[{"href":"https:\/\/www.professional-haircare.it\/pt-pt\/wp-json\/wp\/v2\/media?parent=6569"}],"wp:term":[{"taxonomy":"product_brand","embeddable":true,"href":"https:\/\/www.professional-haircare.it\/pt-pt\/wp-json\/wp\/v2\/product_brand?post=6569"},{"taxonomy":"product_cat","embeddable":true,"href":"https:\/\/www.professional-haircare.it\/pt-pt\/wp-json\/wp\/v2\/product_cat?post=6569"},{"taxonomy":"product_tag","embeddable":true,"href":"https:\/\/www.professional-haircare.it\/pt-pt\/wp-json\/wp\/v2\/product_tag?post=6569"}],"curies":[{"name":"wp","href":"https:\/\/api.w.org\/{rel}","templated":true}]}}