{"id":6567,"date":"2022-09-01T12:35:03","date_gmt":"2022-09-01T10:35:03","guid":{"rendered":"https:\/\/www.professional-haircare.it\/products\/sem%20categoria\/easy-energy-kit-de-prevencao-antiqueda\/"},"modified":"2023-12-20T15:30:37","modified_gmt":"2023-12-20T14:30:37","slug":"easy-energy-kit-de-prevencao-antiqueda","status":"publish","type":"product","link":"https:\/\/www.professional-haircare.it\/pt-pt\/products\/treatments-pt-pt\/easy-energy-pt-pt\/easy-energy-kit-de-prevencao-antiqueda\/","title":{"rendered":"Easy Energy | Kit De Preven\u00e7\u00e3o Antiqueda"},"content":{"rendered":"","protected":false},"excerpt":{"rendered":"<p><span style=\"font-weight: 400;\">Os <\/span><b>cabelos fracos e quebradi\u00e7os<\/b><span style=\"font-weight: 400;\"> ganham uma nova vida gra\u00e7as ao Kit Easy Energy. O champ\u00f4, a lo\u00e7\u00e3o e o massajador do couro cabeludo <\/span><b>ajudam a prevenir a queda de cabelo<\/b><span style=\"font-weight: 400;\"> gra\u00e7as a uma combina\u00e7\u00e3o de ingredientes ativos que melhoram a microcircula\u00e7\u00e3o e<\/span><b> tornam o cabelo mais forte e saud\u00e1vel<\/b><span style=\"font-weight: 400;\">.<\/span><\/p>\n<p><span style=\"font-weight: 400;\">O Kit cont\u00e9m um champ\u00f4 antiqueda de 300 ml, uma caixa com 10 ampolas monodose de 8 ml e o massajador de couro cabeludo que favorece o crescimento capilar.<\/span><\/p>\n","protected":false},"featured_media":5731,"comment_status":"closed","ping_status":"closed","template":"","meta":[],"product_brand":[],"product_cat":[894,892],"product_tag":[],"class_list":{"0":"post-6567","1":"product","2":"type-product","3":"status-publish","4":"has-post-thumbnail","6":"product_cat-easy-energy-pt-pt","7":"product_cat-treatments-pt-pt","9":"first","10":"instock","11":"shipping-taxable","12":"product-type-simple"},"yoast_head":"<!-- This site is optimized with the Yoast SEO plugin v26.8 - https:\/\/yoast.com\/product\/yoast-seo-wordpress\/ -->\n<title>Easy Energy | Kit De Preven\u00e7\u00e3o Antiqueda<\/title>\n<meta name=\"robots\" content=\"index, follow, max-snippet:-1, max-image-preview:large, max-video-preview:-1\" \/>\n<link rel=\"canonical\" href=\"https:\/\/www.professional-haircare.it\/pt-pt\/products\/treatments-pt-pt\/easy-energy-pt-pt\/easy-energy-kit-de-prevencao-antiqueda\/\" \/>\n<meta property=\"og:locale\" content=\"pt_PT\" \/>\n<meta property=\"og:type\" content=\"article\" \/>\n<meta property=\"og:title\" content=\"Easy Energy | Kit De Preven\u00e7\u00e3o Antiqueda\" \/>\n<meta property=\"og:description\" content=\"Os cabelos fracos e quebradi\u00e7os ganham uma nova vida gra\u00e7as ao Kit Easy Energy. O champ\u00f4, a lo\u00e7\u00e3o e o massajador do couro cabeludo ajudam a prevenir a queda de cabelo gra\u00e7as a uma combina\u00e7\u00e3o de ingredientes ativos que melhoram a microcircula\u00e7\u00e3o e tornam o cabelo mais forte e saud\u00e1vel.  O Kit cont\u00e9m um champ\u00f4 antiqueda de 300 ml, uma caixa com 10 ampolas monodose de 8 ml e o massajador de couro cabeludo que favorece o crescimento capilar.\" \/>\n<meta property=\"og:url\" content=\"https:\/\/www.professional-haircare.it\/pt-pt\/products\/treatments-pt-pt\/easy-energy-pt-pt\/easy-energy-kit-de-prevencao-antiqueda\/\" \/>\n<meta property=\"og:site_name\" content=\"Professional Hair Care\" \/>\n<meta property=\"article:modified_time\" content=\"2023-12-20T14:30:37+00:00\" \/>\n<meta property=\"og:image\" content=\"https:\/\/professional-haircare.it\/wp-content\/uploads\/2022\/08\/professional_easy_energy_kit_massaggiatore.png\" \/>\n\t<meta property=\"og:image:width\" content=\"600\" \/>\n\t<meta property=\"og:image:height\" content=\"600\" \/>\n\t<meta property=\"og:image:type\" content=\"image\/png\" \/>\n<meta name=\"twitter:card\" content=\"summary_large_image\" \/>\n<script type=\"application\/ld+json\" class=\"yoast-schema-graph\">{\"@context\":\"https:\/\/schema.org\",\"@graph\":[{\"@type\":\"WebPage\",\"@id\":\"https:\/\/www.professional-haircare.it\/pt-pt\/products\/treatments-pt-pt\/easy-energy-pt-pt\/easy-energy-kit-de-prevencao-antiqueda\/\",\"url\":\"https:\/\/www.professional-haircare.it\/pt-pt\/products\/treatments-pt-pt\/easy-energy-pt-pt\/easy-energy-kit-de-prevencao-antiqueda\/\",\"name\":\"Easy Energy | Kit De Preven\u00e7\u00e3o Antiqueda\",\"isPartOf\":{\"@id\":\"https:\/\/professional-haircare.it\/#website\"},\"primaryImageOfPage\":{\"@id\":\"https:\/\/www.professional-haircare.it\/pt-pt\/products\/treatments-pt-pt\/easy-energy-pt-pt\/easy-energy-kit-de-prevencao-antiqueda\/#primaryimage\"},\"image\":{\"@id\":\"https:\/\/www.professional-haircare.it\/pt-pt\/products\/treatments-pt-pt\/easy-energy-pt-pt\/easy-energy-kit-de-prevencao-antiqueda\/#primaryimage\"},\"thumbnailUrl\":\"https:\/\/www.professional-haircare.it\/wp-content\/uploads\/2022\/08\/professional_easy_energy_kit_massaggiatore.png\",\"datePublished\":\"2022-09-01T10:35:03+00:00\",\"dateModified\":\"2023-12-20T14:30:37+00:00\",\"breadcrumb\":{\"@id\":\"https:\/\/www.professional-haircare.it\/pt-pt\/products\/treatments-pt-pt\/easy-energy-pt-pt\/easy-energy-kit-de-prevencao-antiqueda\/#breadcrumb\"},\"inLanguage\":\"pt-PT\",\"potentialAction\":[{\"@type\":\"ReadAction\",\"target\":[\"https:\/\/www.professional-haircare.it\/pt-pt\/products\/treatments-pt-pt\/easy-energy-pt-pt\/easy-energy-kit-de-prevencao-antiqueda\/\"]}]},{\"@type\":\"ImageObject\",\"inLanguage\":\"pt-PT\",\"@id\":\"https:\/\/www.professional-haircare.it\/pt-pt\/products\/treatments-pt-pt\/easy-energy-pt-pt\/easy-energy-kit-de-prevencao-antiqueda\/#primaryimage\",\"url\":\"https:\/\/www.professional-haircare.it\/wp-content\/uploads\/2022\/08\/professional_easy_energy_kit_massaggiatore.png\",\"contentUrl\":\"https:\/\/www.professional-haircare.it\/wp-content\/uploads\/2022\/08\/professional_easy_energy_kit_massaggiatore.png\",\"width\":600,\"height\":600},{\"@type\":\"BreadcrumbList\",\"@id\":\"https:\/\/www.professional-haircare.it\/pt-pt\/products\/treatments-pt-pt\/easy-energy-pt-pt\/easy-energy-kit-de-prevencao-antiqueda\/#breadcrumb\",\"itemListElement\":[{\"@type\":\"ListItem\",\"position\":1,\"name\":\"Home\",\"item\":\"https:\/\/professional-haircare.it\/pt-pt\/\"},{\"@type\":\"ListItem\",\"position\":2,\"name\":\"Shop\",\"item\":\"https:\/\/professional-haircare.it\/shop\/\"},{\"@type\":\"ListItem\",\"position\":3,\"name\":\"Easy Energy | Kit De Preven\u00e7\u00e3o Antiqueda\"}]},{\"@type\":\"WebSite\",\"@id\":\"https:\/\/professional-haircare.it\/#website\",\"url\":\"https:\/\/professional-haircare.it\/\",\"name\":\"Professional Hair Care\",\"description\":\"Hair Quality Solutions\",\"potentialAction\":[{\"@type\":\"SearchAction\",\"target\":{\"@type\":\"EntryPoint\",\"urlTemplate\":\"https:\/\/professional-haircare.it\/?s={search_term_string}\"},\"query-input\":{\"@type\":\"PropertyValueSpecification\",\"valueRequired\":true,\"valueName\":\"search_term_string\"}}],\"inLanguage\":\"pt-PT\"}]}<\/script>\n<!-- \/ Yoast SEO plugin. -->","yoast_head_json":{"title":"Easy Energy | Kit De Preven\u00e7\u00e3o Antiqueda","robots":{"index":"index","follow":"follow","max-snippet":"max-snippet:-1","max-image-preview":"max-image-preview:large","max-video-preview":"max-video-preview:-1"},"canonical":"https:\/\/www.professional-haircare.it\/pt-pt\/products\/treatments-pt-pt\/easy-energy-pt-pt\/easy-energy-kit-de-prevencao-antiqueda\/","og_locale":"pt_PT","og_type":"article","og_title":"Easy Energy | Kit De Preven\u00e7\u00e3o Antiqueda","og_description":"Os cabelos fracos e quebradi\u00e7os ganham uma nova vida gra\u00e7as ao Kit Easy Energy. O champ\u00f4, a lo\u00e7\u00e3o e o massajador do couro cabeludo ajudam a prevenir a queda de cabelo gra\u00e7as a uma combina\u00e7\u00e3o de ingredientes ativos que melhoram a microcircula\u00e7\u00e3o e tornam o cabelo mais forte e saud\u00e1vel.  O Kit cont\u00e9m um champ\u00f4 antiqueda de 300 ml, uma caixa com 10 ampolas monodose de 8 ml e o massajador de couro cabeludo que favorece o crescimento capilar.","og_url":"https:\/\/www.professional-haircare.it\/pt-pt\/products\/treatments-pt-pt\/easy-energy-pt-pt\/easy-energy-kit-de-prevencao-antiqueda\/","og_site_name":"Professional Hair Care","article_modified_time":"2023-12-20T14:30:37+00:00","og_image":[{"width":600,"height":600,"url":"https:\/\/professional-haircare.it\/wp-content\/uploads\/2022\/08\/professional_easy_energy_kit_massaggiatore.png","type":"image\/png"}],"twitter_card":"summary_large_image","schema":{"@context":"https:\/\/schema.org","@graph":[{"@type":"WebPage","@id":"https:\/\/www.professional-haircare.it\/pt-pt\/products\/treatments-pt-pt\/easy-energy-pt-pt\/easy-energy-kit-de-prevencao-antiqueda\/","url":"https:\/\/www.professional-haircare.it\/pt-pt\/products\/treatments-pt-pt\/easy-energy-pt-pt\/easy-energy-kit-de-prevencao-antiqueda\/","name":"Easy Energy | Kit De Preven\u00e7\u00e3o Antiqueda","isPartOf":{"@id":"https:\/\/professional-haircare.it\/#website"},"primaryImageOfPage":{"@id":"https:\/\/www.professional-haircare.it\/pt-pt\/products\/treatments-pt-pt\/easy-energy-pt-pt\/easy-energy-kit-de-prevencao-antiqueda\/#primaryimage"},"image":{"@id":"https:\/\/www.professional-haircare.it\/pt-pt\/products\/treatments-pt-pt\/easy-energy-pt-pt\/easy-energy-kit-de-prevencao-antiqueda\/#primaryimage"},"thumbnailUrl":"https:\/\/www.professional-haircare.it\/wp-content\/uploads\/2022\/08\/professional_easy_energy_kit_massaggiatore.png","datePublished":"2022-09-01T10:35:03+00:00","dateModified":"2023-12-20T14:30:37+00:00","breadcrumb":{"@id":"https:\/\/www.professional-haircare.it\/pt-pt\/products\/treatments-pt-pt\/easy-energy-pt-pt\/easy-energy-kit-de-prevencao-antiqueda\/#breadcrumb"},"inLanguage":"pt-PT","potentialAction":[{"@type":"ReadAction","target":["https:\/\/www.professional-haircare.it\/pt-pt\/products\/treatments-pt-pt\/easy-energy-pt-pt\/easy-energy-kit-de-prevencao-antiqueda\/"]}]},{"@type":"ImageObject","inLanguage":"pt-PT","@id":"https:\/\/www.professional-haircare.it\/pt-pt\/products\/treatments-pt-pt\/easy-energy-pt-pt\/easy-energy-kit-de-prevencao-antiqueda\/#primaryimage","url":"https:\/\/www.professional-haircare.it\/wp-content\/uploads\/2022\/08\/professional_easy_energy_kit_massaggiatore.png","contentUrl":"https:\/\/www.professional-haircare.it\/wp-content\/uploads\/2022\/08\/professional_easy_energy_kit_massaggiatore.png","width":600,"height":600},{"@type":"BreadcrumbList","@id":"https:\/\/www.professional-haircare.it\/pt-pt\/products\/treatments-pt-pt\/easy-energy-pt-pt\/easy-energy-kit-de-prevencao-antiqueda\/#breadcrumb","itemListElement":[{"@type":"ListItem","position":1,"name":"Home","item":"https:\/\/professional-haircare.it\/pt-pt\/"},{"@type":"ListItem","position":2,"name":"Shop","item":"https:\/\/professional-haircare.it\/shop\/"},{"@type":"ListItem","position":3,"name":"Easy Energy | Kit De Preven\u00e7\u00e3o Antiqueda"}]},{"@type":"WebSite","@id":"https:\/\/professional-haircare.it\/#website","url":"https:\/\/professional-haircare.it\/","name":"Professional Hair Care","description":"Hair Quality Solutions","potentialAction":[{"@type":"SearchAction","target":{"@type":"EntryPoint","urlTemplate":"https:\/\/professional-haircare.it\/?s={search_term_string}"},"query-input":{"@type":"PropertyValueSpecification","valueRequired":true,"valueName":"search_term_string"}}],"inLanguage":"pt-PT"}]}},"_links":{"self":[{"href":"https:\/\/www.professional-haircare.it\/pt-pt\/wp-json\/wp\/v2\/product\/6567","targetHints":{"allow":["GET"]}}],"collection":[{"href":"https:\/\/www.professional-haircare.it\/pt-pt\/wp-json\/wp\/v2\/product"}],"about":[{"href":"https:\/\/www.professional-haircare.it\/pt-pt\/wp-json\/wp\/v2\/types\/product"}],"replies":[{"embeddable":true,"href":"https:\/\/www.professional-haircare.it\/pt-pt\/wp-json\/wp\/v2\/comments?post=6567"}],"wp:featuredmedia":[{"embeddable":true,"href":"https:\/\/www.professional-haircare.it\/pt-pt\/wp-json\/wp\/v2\/media\/5731"}],"wp:attachment":[{"href":"https:\/\/www.professional-haircare.it\/pt-pt\/wp-json\/wp\/v2\/media?parent=6567"}],"wp:term":[{"taxonomy":"product_brand","embeddable":true,"href":"https:\/\/www.professional-haircare.it\/pt-pt\/wp-json\/wp\/v2\/product_brand?post=6567"},{"taxonomy":"product_cat","embeddable":true,"href":"https:\/\/www.professional-haircare.it\/pt-pt\/wp-json\/wp\/v2\/product_cat?post=6567"},{"taxonomy":"product_tag","embeddable":true,"href":"https:\/\/www.professional-haircare.it\/pt-pt\/wp-json\/wp\/v2\/product_tag?post=6567"}],"curies":[{"name":"wp","href":"https:\/\/api.w.org\/{rel}","templated":true}]}}