{"id":6566,"date":"2015-06-29T16:56:00","date_gmt":"2015-06-29T14:56:00","guid":{"rendered":"https:\/\/www.professional-haircare.it\/products\/sem%20categoria\/easy-energy-locao-de-prevencao-antiqueda\/"},"modified":"2023-12-20T15:30:48","modified_gmt":"2023-12-20T14:30:48","slug":"easy-energy-locao-de-prevencao-antiqueda","status":"publish","type":"product","link":"https:\/\/www.professional-haircare.it\/pt-pt\/products\/treatments-pt-pt\/easy-energy-pt-pt\/easy-energy-locao-de-prevencao-antiqueda\/","title":{"rendered":"Easy Energy | Lo\u00e7\u00e3o De Preven\u00e7\u00e3o Antiqueda"},"content":{"rendered":"","protected":false},"excerpt":{"rendered":"<p><b>A lo\u00e7\u00e3o Easy Energy<\/b><span style=\"font-weight: 400;\"> para a preven\u00e7\u00e3o da queda de cabelo \u00e9 um tratamento em ampolas monodose, ideal para cabelos sujeitos \u00e0 queda prematura. Gra\u00e7as \u00e0 sua <\/span><b>combina\u00e7\u00e3o de princ\u00edpios ativos<\/b><span style=\"font-weight: 400;\"> e ao <\/span><b>complexo vitam\u00ednico<\/b><span style=\"font-weight: 400;\">, a lo\u00e7\u00e3o melhora a microcircula\u00e7\u00e3o e estimula a atividade do bolbo capilar.<\/span><\/p>\n<p><span style=\"font-weight: 400;\">Uso profissional<\/span><\/p>\n<p><span style=\"font-weight: 400;\">Caixa de 10 ampolas monodose de 8 ml<\/span><\/p>\n","protected":false},"featured_media":6121,"comment_status":"closed","ping_status":"closed","template":"","meta":[],"product_brand":[],"product_cat":[894,892],"product_tag":[],"class_list":{"0":"post-6566","1":"product","2":"type-product","3":"status-publish","4":"has-post-thumbnail","6":"product_cat-easy-energy-pt-pt","7":"product_cat-treatments-pt-pt","9":"first","10":"instock","11":"shipping-taxable","12":"product-type-simple"},"yoast_head":"<!-- This site is optimized with the Yoast SEO plugin v26.8 - https:\/\/yoast.com\/product\/yoast-seo-wordpress\/ -->\n<title>Easy Energy | Lo\u00e7\u00e3o De Preven\u00e7\u00e3o Antiqueda<\/title>\n<meta name=\"description\" content=\"A lo\u00e7\u00e3o Easy Energy para a preven\u00e7\u00e3o da queda de cabelo \u00e9 um tratamento em ampolas monodose, ideal para cabelos sujeitos \u00e0 queda prematura.\" \/>\n<meta name=\"robots\" content=\"index, follow, max-snippet:-1, max-image-preview:large, max-video-preview:-1\" \/>\n<link rel=\"canonical\" href=\"https:\/\/www.professional-haircare.it\/pt-pt\/products\/treatments-pt-pt\/easy-energy-pt-pt\/easy-energy-locao-de-prevencao-antiqueda\/\" \/>\n<meta property=\"og:locale\" content=\"pt_PT\" \/>\n<meta property=\"og:type\" content=\"article\" \/>\n<meta property=\"og:title\" content=\"Easy Energy | Lo\u00e7\u00e3o De Preven\u00e7\u00e3o Antiqueda\" \/>\n<meta property=\"og:description\" content=\"A lo\u00e7\u00e3o Easy Energy para a preven\u00e7\u00e3o da queda de cabelo \u00e9 um tratamento em ampolas monodose, ideal para cabelos sujeitos \u00e0 queda prematura.\" \/>\n<meta property=\"og:url\" content=\"https:\/\/www.professional-haircare.it\/pt-pt\/products\/treatments-pt-pt\/easy-energy-pt-pt\/easy-energy-locao-de-prevencao-antiqueda\/\" \/>\n<meta property=\"og:site_name\" content=\"Professional Hair Care\" \/>\n<meta property=\"article:modified_time\" content=\"2023-12-20T14:30:48+00:00\" \/>\n<meta property=\"og:image\" content=\"https:\/\/professional-haircare.it\/wp-content\/uploads\/2015\/06\/12035_professional_easy_energy_treatments_vials.png\" \/>\n\t<meta property=\"og:image:width\" content=\"600\" \/>\n\t<meta property=\"og:image:height\" content=\"600\" \/>\n\t<meta property=\"og:image:type\" content=\"image\/png\" \/>\n<meta name=\"twitter:card\" content=\"summary_large_image\" \/>\n<script type=\"application\/ld+json\" class=\"yoast-schema-graph\">{\"@context\":\"https:\/\/schema.org\",\"@graph\":[{\"@type\":\"WebPage\",\"@id\":\"https:\/\/www.professional-haircare.it\/pt-pt\/products\/treatments-pt-pt\/easy-energy-pt-pt\/easy-energy-locao-de-prevencao-antiqueda\/\",\"url\":\"https:\/\/www.professional-haircare.it\/pt-pt\/products\/treatments-pt-pt\/easy-energy-pt-pt\/easy-energy-locao-de-prevencao-antiqueda\/\",\"name\":\"Easy Energy | Lo\u00e7\u00e3o De Preven\u00e7\u00e3o Antiqueda\",\"isPartOf\":{\"@id\":\"https:\/\/professional-haircare.it\/#website\"},\"primaryImageOfPage\":{\"@id\":\"https:\/\/www.professional-haircare.it\/pt-pt\/products\/treatments-pt-pt\/easy-energy-pt-pt\/easy-energy-locao-de-prevencao-antiqueda\/#primaryimage\"},\"image\":{\"@id\":\"https:\/\/www.professional-haircare.it\/pt-pt\/products\/treatments-pt-pt\/easy-energy-pt-pt\/easy-energy-locao-de-prevencao-antiqueda\/#primaryimage\"},\"thumbnailUrl\":\"https:\/\/www.professional-haircare.it\/wp-content\/uploads\/2015\/06\/12035_professional_easy_energy_treatments_vials.png\",\"datePublished\":\"2015-06-29T14:56:00+00:00\",\"dateModified\":\"2023-12-20T14:30:48+00:00\",\"description\":\"A lo\u00e7\u00e3o Easy Energy para a preven\u00e7\u00e3o da queda de cabelo \u00e9 um tratamento em ampolas monodose, ideal para cabelos sujeitos \u00e0 queda prematura.\",\"breadcrumb\":{\"@id\":\"https:\/\/www.professional-haircare.it\/pt-pt\/products\/treatments-pt-pt\/easy-energy-pt-pt\/easy-energy-locao-de-prevencao-antiqueda\/#breadcrumb\"},\"inLanguage\":\"pt-PT\",\"potentialAction\":[{\"@type\":\"ReadAction\",\"target\":[\"https:\/\/www.professional-haircare.it\/pt-pt\/products\/treatments-pt-pt\/easy-energy-pt-pt\/easy-energy-locao-de-prevencao-antiqueda\/\"]}]},{\"@type\":\"ImageObject\",\"inLanguage\":\"pt-PT\",\"@id\":\"https:\/\/www.professional-haircare.it\/pt-pt\/products\/treatments-pt-pt\/easy-energy-pt-pt\/easy-energy-locao-de-prevencao-antiqueda\/#primaryimage\",\"url\":\"https:\/\/www.professional-haircare.it\/wp-content\/uploads\/2015\/06\/12035_professional_easy_energy_treatments_vials.png\",\"contentUrl\":\"https:\/\/www.professional-haircare.it\/wp-content\/uploads\/2015\/06\/12035_professional_easy_energy_treatments_vials.png\",\"width\":600,\"height\":600},{\"@type\":\"BreadcrumbList\",\"@id\":\"https:\/\/www.professional-haircare.it\/pt-pt\/products\/treatments-pt-pt\/easy-energy-pt-pt\/easy-energy-locao-de-prevencao-antiqueda\/#breadcrumb\",\"itemListElement\":[{\"@type\":\"ListItem\",\"position\":1,\"name\":\"Home\",\"item\":\"https:\/\/professional-haircare.it\/pt-pt\/\"},{\"@type\":\"ListItem\",\"position\":2,\"name\":\"Shop\",\"item\":\"https:\/\/professional-haircare.it\/shop\/\"},{\"@type\":\"ListItem\",\"position\":3,\"name\":\"Easy Energy | Lo\u00e7\u00e3o De Preven\u00e7\u00e3o Antiqueda\"}]},{\"@type\":\"WebSite\",\"@id\":\"https:\/\/professional-haircare.it\/#website\",\"url\":\"https:\/\/professional-haircare.it\/\",\"name\":\"Professional Hair Care\",\"description\":\"Hair Quality Solutions\",\"potentialAction\":[{\"@type\":\"SearchAction\",\"target\":{\"@type\":\"EntryPoint\",\"urlTemplate\":\"https:\/\/professional-haircare.it\/?s={search_term_string}\"},\"query-input\":{\"@type\":\"PropertyValueSpecification\",\"valueRequired\":true,\"valueName\":\"search_term_string\"}}],\"inLanguage\":\"pt-PT\"}]}<\/script>\n<!-- \/ Yoast SEO plugin. -->","yoast_head_json":{"title":"Easy Energy | Lo\u00e7\u00e3o De Preven\u00e7\u00e3o Antiqueda","description":"A lo\u00e7\u00e3o Easy Energy para a preven\u00e7\u00e3o da queda de cabelo \u00e9 um tratamento em ampolas monodose, ideal para cabelos sujeitos \u00e0 queda prematura.","robots":{"index":"index","follow":"follow","max-snippet":"max-snippet:-1","max-image-preview":"max-image-preview:large","max-video-preview":"max-video-preview:-1"},"canonical":"https:\/\/www.professional-haircare.it\/pt-pt\/products\/treatments-pt-pt\/easy-energy-pt-pt\/easy-energy-locao-de-prevencao-antiqueda\/","og_locale":"pt_PT","og_type":"article","og_title":"Easy Energy | Lo\u00e7\u00e3o De Preven\u00e7\u00e3o Antiqueda","og_description":"A lo\u00e7\u00e3o Easy Energy para a preven\u00e7\u00e3o da queda de cabelo \u00e9 um tratamento em ampolas monodose, ideal para cabelos sujeitos \u00e0 queda prematura.","og_url":"https:\/\/www.professional-haircare.it\/pt-pt\/products\/treatments-pt-pt\/easy-energy-pt-pt\/easy-energy-locao-de-prevencao-antiqueda\/","og_site_name":"Professional Hair Care","article_modified_time":"2023-12-20T14:30:48+00:00","og_image":[{"width":600,"height":600,"url":"https:\/\/professional-haircare.it\/wp-content\/uploads\/2015\/06\/12035_professional_easy_energy_treatments_vials.png","type":"image\/png"}],"twitter_card":"summary_large_image","schema":{"@context":"https:\/\/schema.org","@graph":[{"@type":"WebPage","@id":"https:\/\/www.professional-haircare.it\/pt-pt\/products\/treatments-pt-pt\/easy-energy-pt-pt\/easy-energy-locao-de-prevencao-antiqueda\/","url":"https:\/\/www.professional-haircare.it\/pt-pt\/products\/treatments-pt-pt\/easy-energy-pt-pt\/easy-energy-locao-de-prevencao-antiqueda\/","name":"Easy Energy | Lo\u00e7\u00e3o De Preven\u00e7\u00e3o Antiqueda","isPartOf":{"@id":"https:\/\/professional-haircare.it\/#website"},"primaryImageOfPage":{"@id":"https:\/\/www.professional-haircare.it\/pt-pt\/products\/treatments-pt-pt\/easy-energy-pt-pt\/easy-energy-locao-de-prevencao-antiqueda\/#primaryimage"},"image":{"@id":"https:\/\/www.professional-haircare.it\/pt-pt\/products\/treatments-pt-pt\/easy-energy-pt-pt\/easy-energy-locao-de-prevencao-antiqueda\/#primaryimage"},"thumbnailUrl":"https:\/\/www.professional-haircare.it\/wp-content\/uploads\/2015\/06\/12035_professional_easy_energy_treatments_vials.png","datePublished":"2015-06-29T14:56:00+00:00","dateModified":"2023-12-20T14:30:48+00:00","description":"A lo\u00e7\u00e3o Easy Energy para a preven\u00e7\u00e3o da queda de cabelo \u00e9 um tratamento em ampolas monodose, ideal para cabelos sujeitos \u00e0 queda prematura.","breadcrumb":{"@id":"https:\/\/www.professional-haircare.it\/pt-pt\/products\/treatments-pt-pt\/easy-energy-pt-pt\/easy-energy-locao-de-prevencao-antiqueda\/#breadcrumb"},"inLanguage":"pt-PT","potentialAction":[{"@type":"ReadAction","target":["https:\/\/www.professional-haircare.it\/pt-pt\/products\/treatments-pt-pt\/easy-energy-pt-pt\/easy-energy-locao-de-prevencao-antiqueda\/"]}]},{"@type":"ImageObject","inLanguage":"pt-PT","@id":"https:\/\/www.professional-haircare.it\/pt-pt\/products\/treatments-pt-pt\/easy-energy-pt-pt\/easy-energy-locao-de-prevencao-antiqueda\/#primaryimage","url":"https:\/\/www.professional-haircare.it\/wp-content\/uploads\/2015\/06\/12035_professional_easy_energy_treatments_vials.png","contentUrl":"https:\/\/www.professional-haircare.it\/wp-content\/uploads\/2015\/06\/12035_professional_easy_energy_treatments_vials.png","width":600,"height":600},{"@type":"BreadcrumbList","@id":"https:\/\/www.professional-haircare.it\/pt-pt\/products\/treatments-pt-pt\/easy-energy-pt-pt\/easy-energy-locao-de-prevencao-antiqueda\/#breadcrumb","itemListElement":[{"@type":"ListItem","position":1,"name":"Home","item":"https:\/\/professional-haircare.it\/pt-pt\/"},{"@type":"ListItem","position":2,"name":"Shop","item":"https:\/\/professional-haircare.it\/shop\/"},{"@type":"ListItem","position":3,"name":"Easy Energy | Lo\u00e7\u00e3o De Preven\u00e7\u00e3o Antiqueda"}]},{"@type":"WebSite","@id":"https:\/\/professional-haircare.it\/#website","url":"https:\/\/professional-haircare.it\/","name":"Professional Hair Care","description":"Hair Quality Solutions","potentialAction":[{"@type":"SearchAction","target":{"@type":"EntryPoint","urlTemplate":"https:\/\/professional-haircare.it\/?s={search_term_string}"},"query-input":{"@type":"PropertyValueSpecification","valueRequired":true,"valueName":"search_term_string"}}],"inLanguage":"pt-PT"}]}},"_links":{"self":[{"href":"https:\/\/www.professional-haircare.it\/pt-pt\/wp-json\/wp\/v2\/product\/6566","targetHints":{"allow":["GET"]}}],"collection":[{"href":"https:\/\/www.professional-haircare.it\/pt-pt\/wp-json\/wp\/v2\/product"}],"about":[{"href":"https:\/\/www.professional-haircare.it\/pt-pt\/wp-json\/wp\/v2\/types\/product"}],"replies":[{"embeddable":true,"href":"https:\/\/www.professional-haircare.it\/pt-pt\/wp-json\/wp\/v2\/comments?post=6566"}],"wp:featuredmedia":[{"embeddable":true,"href":"https:\/\/www.professional-haircare.it\/pt-pt\/wp-json\/wp\/v2\/media\/6121"}],"wp:attachment":[{"href":"https:\/\/www.professional-haircare.it\/pt-pt\/wp-json\/wp\/v2\/media?parent=6566"}],"wp:term":[{"taxonomy":"product_brand","embeddable":true,"href":"https:\/\/www.professional-haircare.it\/pt-pt\/wp-json\/wp\/v2\/product_brand?post=6566"},{"taxonomy":"product_cat","embeddable":true,"href":"https:\/\/www.professional-haircare.it\/pt-pt\/wp-json\/wp\/v2\/product_cat?post=6566"},{"taxonomy":"product_tag","embeddable":true,"href":"https:\/\/www.professional-haircare.it\/pt-pt\/wp-json\/wp\/v2\/product_tag?post=6566"}],"curies":[{"name":"wp","href":"https:\/\/api.w.org\/{rel}","templated":true}]}}