{"id":6562,"date":"2015-06-29T16:43:26","date_gmt":"2015-06-29T14:43:26","guid":{"rendered":"https:\/\/www.professional-haircare.it\/products\/sem%20categoria\/easy-balance-champo-bivalente\/"},"modified":"2023-12-20T15:27:06","modified_gmt":"2023-12-20T14:27:06","slug":"easy-balance-champo-bivalente","status":"publish","type":"product","link":"https:\/\/www.professional-haircare.it\/pt-pt\/products\/treatments-pt-pt\/easy-balance-pt-pt\/easy-balance-champo-bivalente\/","title":{"rendered":"Easy Balance | Champ\u00f4 Bivalente"},"content":{"rendered":"","protected":false},"excerpt":{"rendered":"<p><b>Champ\u00f4 Easy Balance<\/b><span style=\"font-weight: 400;\"> bivalente para <\/span><b>couro cabeludo oleoso e com caspa e para comprimentos secos<\/b><span style=\"font-weight: 400;\">. Favorece a <\/span><b>limpeza completa do couro cabeludo<\/b><span style=\"font-weight: 400;\"> e a <\/span><b>elimina\u00e7\u00e3o do excesso de caspa<\/b><span style=\"font-weight: 400;\">. Facilita a restaura\u00e7\u00e3o do n\u00edvel correto de acidez do couro cabeludo, normalizando a secre\u00e7\u00e3o seb\u00e1cea. Bem-estar prolongado, gra\u00e7as ao formato pr\u00e1tico de 1 litro. <\/span><b>Sem parabenos.<\/b><\/p>\n<p><span style=\"font-weight: 400;\">Uso profissional<\/span><\/p>\n<p><span style=\"font-weight: 400;\">Frasco de 300 ml<\/span><\/p>\n","protected":false},"featured_media":6944,"comment_status":"closed","ping_status":"closed","template":"","meta":[],"product_brand":[],"product_cat":[893,892],"product_tag":[],"class_list":{"0":"post-6562","1":"product","2":"type-product","3":"status-publish","4":"has-post-thumbnail","6":"product_cat-easy-balance-pt-pt","7":"product_cat-treatments-pt-pt","9":"first","10":"instock","11":"shipping-taxable","12":"product-type-simple"},"yoast_head":"<!-- This site is optimized with the Yoast SEO plugin v26.8 - https:\/\/yoast.com\/product\/yoast-seo-wordpress\/ -->\n<title>Easy Balance | Champ\u00f4 Bivalente<\/title>\n<meta name=\"description\" content=\"Champ\u00f4 Easy Balance bivalente para couro cabeludo oleoso e com caspa e para comprimentos secos.\" \/>\n<meta name=\"robots\" content=\"index, follow, max-snippet:-1, max-image-preview:large, max-video-preview:-1\" \/>\n<link rel=\"canonical\" href=\"https:\/\/www.professional-haircare.it\/pt-pt\/products\/treatments-pt-pt\/easy-balance-pt-pt\/easy-balance-champo-bivalente\/\" \/>\n<meta property=\"og:locale\" content=\"pt_PT\" \/>\n<meta property=\"og:type\" content=\"article\" \/>\n<meta property=\"og:title\" content=\"Easy Balance | Champ\u00f4 Bivalente\" \/>\n<meta property=\"og:description\" content=\"Champ\u00f4 Easy Balance bivalente para couro cabeludo oleoso e com caspa e para comprimentos secos.\" \/>\n<meta property=\"og:url\" content=\"https:\/\/www.professional-haircare.it\/pt-pt\/products\/treatments-pt-pt\/easy-balance-pt-pt\/easy-balance-champo-bivalente\/\" \/>\n<meta property=\"og:site_name\" content=\"Professional Hair Care\" \/>\n<meta property=\"article:modified_time\" content=\"2023-12-20T14:27:06+00:00\" \/>\n<meta property=\"og:image\" content=\"https:\/\/professional-haircare.it\/wp-content\/uploads\/2018\/05\/professional_easy_balance_shampoo_300ml.png\" \/>\n\t<meta property=\"og:image:width\" content=\"600\" \/>\n\t<meta property=\"og:image:height\" content=\"600\" \/>\n\t<meta property=\"og:image:type\" content=\"image\/png\" \/>\n<meta name=\"twitter:card\" content=\"summary_large_image\" \/>\n<script type=\"application\/ld+json\" class=\"yoast-schema-graph\">{\"@context\":\"https:\/\/schema.org\",\"@graph\":[{\"@type\":\"WebPage\",\"@id\":\"https:\/\/www.professional-haircare.it\/pt-pt\/products\/treatments-pt-pt\/easy-balance-pt-pt\/easy-balance-champo-bivalente\/\",\"url\":\"https:\/\/www.professional-haircare.it\/pt-pt\/products\/treatments-pt-pt\/easy-balance-pt-pt\/easy-balance-champo-bivalente\/\",\"name\":\"Easy Balance | Champ\u00f4 Bivalente\",\"isPartOf\":{\"@id\":\"https:\/\/professional-haircare.it\/#website\"},\"primaryImageOfPage\":{\"@id\":\"https:\/\/www.professional-haircare.it\/pt-pt\/products\/treatments-pt-pt\/easy-balance-pt-pt\/easy-balance-champo-bivalente\/#primaryimage\"},\"image\":{\"@id\":\"https:\/\/www.professional-haircare.it\/pt-pt\/products\/treatments-pt-pt\/easy-balance-pt-pt\/easy-balance-champo-bivalente\/#primaryimage\"},\"thumbnailUrl\":\"https:\/\/www.professional-haircare.it\/wp-content\/uploads\/2015\/06\/professional_easy_balance_shampoo_300ml-copia.png\",\"datePublished\":\"2015-06-29T14:43:26+00:00\",\"dateModified\":\"2023-12-20T14:27:06+00:00\",\"description\":\"Champ\u00f4 Easy Balance bivalente para couro cabeludo oleoso e com caspa e para comprimentos secos.\",\"breadcrumb\":{\"@id\":\"https:\/\/www.professional-haircare.it\/pt-pt\/products\/treatments-pt-pt\/easy-balance-pt-pt\/easy-balance-champo-bivalente\/#breadcrumb\"},\"inLanguage\":\"pt-PT\",\"potentialAction\":[{\"@type\":\"ReadAction\",\"target\":[\"https:\/\/www.professional-haircare.it\/pt-pt\/products\/treatments-pt-pt\/easy-balance-pt-pt\/easy-balance-champo-bivalente\/\"]}]},{\"@type\":\"ImageObject\",\"inLanguage\":\"pt-PT\",\"@id\":\"https:\/\/www.professional-haircare.it\/pt-pt\/products\/treatments-pt-pt\/easy-balance-pt-pt\/easy-balance-champo-bivalente\/#primaryimage\",\"url\":\"https:\/\/www.professional-haircare.it\/wp-content\/uploads\/2015\/06\/professional_easy_balance_shampoo_300ml-copia.png\",\"contentUrl\":\"https:\/\/www.professional-haircare.it\/wp-content\/uploads\/2015\/06\/professional_easy_balance_shampoo_300ml-copia.png\",\"width\":600,\"height\":600},{\"@type\":\"BreadcrumbList\",\"@id\":\"https:\/\/www.professional-haircare.it\/pt-pt\/products\/treatments-pt-pt\/easy-balance-pt-pt\/easy-balance-champo-bivalente\/#breadcrumb\",\"itemListElement\":[{\"@type\":\"ListItem\",\"position\":1,\"name\":\"Home\",\"item\":\"https:\/\/professional-haircare.it\/pt-pt\/\"},{\"@type\":\"ListItem\",\"position\":2,\"name\":\"Shop\",\"item\":\"https:\/\/professional-haircare.it\/shop\/\"},{\"@type\":\"ListItem\",\"position\":3,\"name\":\"Easy Balance | Champ\u00f4 Bivalente\"}]},{\"@type\":\"WebSite\",\"@id\":\"https:\/\/professional-haircare.it\/#website\",\"url\":\"https:\/\/professional-haircare.it\/\",\"name\":\"Professional Hair Care\",\"description\":\"Hair Quality Solutions\",\"potentialAction\":[{\"@type\":\"SearchAction\",\"target\":{\"@type\":\"EntryPoint\",\"urlTemplate\":\"https:\/\/professional-haircare.it\/?s={search_term_string}\"},\"query-input\":{\"@type\":\"PropertyValueSpecification\",\"valueRequired\":true,\"valueName\":\"search_term_string\"}}],\"inLanguage\":\"pt-PT\"}]}<\/script>\n<!-- \/ Yoast SEO plugin. -->","yoast_head_json":{"title":"Easy Balance | Champ\u00f4 Bivalente","description":"Champ\u00f4 Easy Balance bivalente para couro cabeludo oleoso e com caspa e para comprimentos secos.","robots":{"index":"index","follow":"follow","max-snippet":"max-snippet:-1","max-image-preview":"max-image-preview:large","max-video-preview":"max-video-preview:-1"},"canonical":"https:\/\/www.professional-haircare.it\/pt-pt\/products\/treatments-pt-pt\/easy-balance-pt-pt\/easy-balance-champo-bivalente\/","og_locale":"pt_PT","og_type":"article","og_title":"Easy Balance | Champ\u00f4 Bivalente","og_description":"Champ\u00f4 Easy Balance bivalente para couro cabeludo oleoso e com caspa e para comprimentos secos.","og_url":"https:\/\/www.professional-haircare.it\/pt-pt\/products\/treatments-pt-pt\/easy-balance-pt-pt\/easy-balance-champo-bivalente\/","og_site_name":"Professional Hair Care","article_modified_time":"2023-12-20T14:27:06+00:00","og_image":[{"width":600,"height":600,"url":"https:\/\/professional-haircare.it\/wp-content\/uploads\/2018\/05\/professional_easy_balance_shampoo_300ml.png","type":"image\/png"}],"twitter_card":"summary_large_image","schema":{"@context":"https:\/\/schema.org","@graph":[{"@type":"WebPage","@id":"https:\/\/www.professional-haircare.it\/pt-pt\/products\/treatments-pt-pt\/easy-balance-pt-pt\/easy-balance-champo-bivalente\/","url":"https:\/\/www.professional-haircare.it\/pt-pt\/products\/treatments-pt-pt\/easy-balance-pt-pt\/easy-balance-champo-bivalente\/","name":"Easy Balance | Champ\u00f4 Bivalente","isPartOf":{"@id":"https:\/\/professional-haircare.it\/#website"},"primaryImageOfPage":{"@id":"https:\/\/www.professional-haircare.it\/pt-pt\/products\/treatments-pt-pt\/easy-balance-pt-pt\/easy-balance-champo-bivalente\/#primaryimage"},"image":{"@id":"https:\/\/www.professional-haircare.it\/pt-pt\/products\/treatments-pt-pt\/easy-balance-pt-pt\/easy-balance-champo-bivalente\/#primaryimage"},"thumbnailUrl":"https:\/\/www.professional-haircare.it\/wp-content\/uploads\/2015\/06\/professional_easy_balance_shampoo_300ml-copia.png","datePublished":"2015-06-29T14:43:26+00:00","dateModified":"2023-12-20T14:27:06+00:00","description":"Champ\u00f4 Easy Balance bivalente para couro cabeludo oleoso e com caspa e para comprimentos secos.","breadcrumb":{"@id":"https:\/\/www.professional-haircare.it\/pt-pt\/products\/treatments-pt-pt\/easy-balance-pt-pt\/easy-balance-champo-bivalente\/#breadcrumb"},"inLanguage":"pt-PT","potentialAction":[{"@type":"ReadAction","target":["https:\/\/www.professional-haircare.it\/pt-pt\/products\/treatments-pt-pt\/easy-balance-pt-pt\/easy-balance-champo-bivalente\/"]}]},{"@type":"ImageObject","inLanguage":"pt-PT","@id":"https:\/\/www.professional-haircare.it\/pt-pt\/products\/treatments-pt-pt\/easy-balance-pt-pt\/easy-balance-champo-bivalente\/#primaryimage","url":"https:\/\/www.professional-haircare.it\/wp-content\/uploads\/2015\/06\/professional_easy_balance_shampoo_300ml-copia.png","contentUrl":"https:\/\/www.professional-haircare.it\/wp-content\/uploads\/2015\/06\/professional_easy_balance_shampoo_300ml-copia.png","width":600,"height":600},{"@type":"BreadcrumbList","@id":"https:\/\/www.professional-haircare.it\/pt-pt\/products\/treatments-pt-pt\/easy-balance-pt-pt\/easy-balance-champo-bivalente\/#breadcrumb","itemListElement":[{"@type":"ListItem","position":1,"name":"Home","item":"https:\/\/professional-haircare.it\/pt-pt\/"},{"@type":"ListItem","position":2,"name":"Shop","item":"https:\/\/professional-haircare.it\/shop\/"},{"@type":"ListItem","position":3,"name":"Easy Balance | Champ\u00f4 Bivalente"}]},{"@type":"WebSite","@id":"https:\/\/professional-haircare.it\/#website","url":"https:\/\/professional-haircare.it\/","name":"Professional Hair Care","description":"Hair Quality Solutions","potentialAction":[{"@type":"SearchAction","target":{"@type":"EntryPoint","urlTemplate":"https:\/\/professional-haircare.it\/?s={search_term_string}"},"query-input":{"@type":"PropertyValueSpecification","valueRequired":true,"valueName":"search_term_string"}}],"inLanguage":"pt-PT"}]}},"_links":{"self":[{"href":"https:\/\/www.professional-haircare.it\/pt-pt\/wp-json\/wp\/v2\/product\/6562","targetHints":{"allow":["GET"]}}],"collection":[{"href":"https:\/\/www.professional-haircare.it\/pt-pt\/wp-json\/wp\/v2\/product"}],"about":[{"href":"https:\/\/www.professional-haircare.it\/pt-pt\/wp-json\/wp\/v2\/types\/product"}],"replies":[{"embeddable":true,"href":"https:\/\/www.professional-haircare.it\/pt-pt\/wp-json\/wp\/v2\/comments?post=6562"}],"wp:featuredmedia":[{"embeddable":true,"href":"https:\/\/www.professional-haircare.it\/pt-pt\/wp-json\/wp\/v2\/media\/6944"}],"wp:attachment":[{"href":"https:\/\/www.professional-haircare.it\/pt-pt\/wp-json\/wp\/v2\/media?parent=6562"}],"wp:term":[{"taxonomy":"product_brand","embeddable":true,"href":"https:\/\/www.professional-haircare.it\/pt-pt\/wp-json\/wp\/v2\/product_brand?post=6562"},{"taxonomy":"product_cat","embeddable":true,"href":"https:\/\/www.professional-haircare.it\/pt-pt\/wp-json\/wp\/v2\/product_cat?post=6562"},{"taxonomy":"product_tag","embeddable":true,"href":"https:\/\/www.professional-haircare.it\/pt-pt\/wp-json\/wp\/v2\/product_tag?post=6562"}],"curies":[{"name":"wp","href":"https:\/\/api.w.org\/{rel}","templated":true}]}}