{"id":6561,"date":"2015-06-30T12:53:49","date_gmt":"2015-06-30T10:53:49","guid":{"rendered":"https:\/\/www.professional-haircare.it\/products\/sem%20categoria\/c-cinque-delight-locao-tonica-fortalecedora\/"},"modified":"2023-12-20T15:22:24","modified_gmt":"2023-12-20T14:22:24","slug":"c-cinque-delight-locao-tonica-fortalecedora","status":"publish","type":"product","link":"https:\/\/www.professional-haircare.it\/pt-pt\/products\/technical\/c-cinque-pt-pt\/c-cinque-delight-locao-tonica-fortalecedora\/","title":{"rendered":"C Cinque | Delight &#8211; Lo\u00e7\u00e3o T\u00f3nica Fortalecedora"},"content":{"rendered":"","protected":false},"excerpt":{"rendered":"<p><b>C Cinque<\/b><span style=\"font-weight: 400;\">, lo\u00e7\u00e3o \u00e0 base de extrato de <\/span><b>placenta e prote\u00edna vegetal.<\/b><span style=\"font-weight: 400;\"> Exerce uma a\u00e7\u00e3o <\/span><b>revitalizante e revigorante<\/b><span style=\"font-weight: 400;\"> intensa. Tratamento ideal para cabelos enfraquecidos.<\/span><\/p>\n<p><span style=\"font-weight: 400;\">Uso profissional<\/span><\/p>\n<p><span style=\"font-weight: 400;\">Caixa com 10 ampolas de 8 ml<\/span><\/p>\n","protected":false},"featured_media":6981,"comment_status":"closed","ping_status":"closed","template":"","meta":[],"product_brand":[],"product_cat":[889,887],"product_tag":[],"class_list":{"0":"post-6561","1":"product","2":"type-product","3":"status-publish","4":"has-post-thumbnail","6":"product_cat-c-cinque-pt-pt","7":"product_cat-technical","9":"first","10":"instock","11":"shipping-taxable","12":"product-type-simple"},"yoast_head":"<!-- This site is optimized with the Yoast SEO plugin v26.8 - https:\/\/yoast.com\/product\/yoast-seo-wordpress\/ -->\n<title>C Cinque | Delight - Lo\u00e7\u00e3o T\u00f3nica Fortalecedora<\/title>\n<meta name=\"description\" content=\"C Cinque, lo\u00e7\u00e3o \u00e0 base de extrato de placenta e prote\u00edna vegetal. Exerce uma a\u00e7\u00e3o revitalizante e revigorante intensa.\" \/>\n<meta name=\"robots\" content=\"index, follow, max-snippet:-1, max-image-preview:large, max-video-preview:-1\" \/>\n<link rel=\"canonical\" href=\"https:\/\/www.professional-haircare.it\/pt-pt\/products\/technical\/c-cinque-pt-pt\/c-cinque-delight-locao-tonica-fortalecedora\/\" \/>\n<meta property=\"og:locale\" content=\"pt_PT\" \/>\n<meta property=\"og:type\" content=\"article\" \/>\n<meta property=\"og:title\" content=\"C Cinque | Delight - Lo\u00e7\u00e3o T\u00f3nica Fortalecedora\" \/>\n<meta property=\"og:description\" content=\"C Cinque, lo\u00e7\u00e3o \u00e0 base de extrato de placenta e prote\u00edna vegetal. Exerce uma a\u00e7\u00e3o revitalizante e revigorante intensa.\" \/>\n<meta property=\"og:url\" content=\"https:\/\/www.professional-haircare.it\/pt-pt\/products\/technical\/c-cinque-pt-pt\/c-cinque-delight-locao-tonica-fortalecedora\/\" \/>\n<meta property=\"og:site_name\" content=\"Professional Hair Care\" \/>\n<meta property=\"article:modified_time\" content=\"2023-12-20T14:22:24+00:00\" \/>\n<meta property=\"og:image\" content=\"https:\/\/professional-haircare.it\/wp-content\/uploads\/2020\/08\/12037_professional_c_cinque_salon_delight_reinforcing_tonic_lotion.png\" \/>\n\t<meta property=\"og:image:width\" content=\"600\" \/>\n\t<meta property=\"og:image:height\" content=\"600\" \/>\n\t<meta property=\"og:image:type\" content=\"image\/png\" \/>\n<meta name=\"twitter:card\" content=\"summary_large_image\" \/>\n<script type=\"application\/ld+json\" class=\"yoast-schema-graph\">{\"@context\":\"https:\/\/schema.org\",\"@graph\":[{\"@type\":\"WebPage\",\"@id\":\"https:\/\/www.professional-haircare.it\/pt-pt\/products\/technical\/c-cinque-pt-pt\/c-cinque-delight-locao-tonica-fortalecedora\/\",\"url\":\"https:\/\/www.professional-haircare.it\/pt-pt\/products\/technical\/c-cinque-pt-pt\/c-cinque-delight-locao-tonica-fortalecedora\/\",\"name\":\"C Cinque | Delight - Lo\u00e7\u00e3o T\u00f3nica Fortalecedora\",\"isPartOf\":{\"@id\":\"https:\/\/professional-haircare.it\/#website\"},\"primaryImageOfPage\":{\"@id\":\"https:\/\/www.professional-haircare.it\/pt-pt\/products\/technical\/c-cinque-pt-pt\/c-cinque-delight-locao-tonica-fortalecedora\/#primaryimage\"},\"image\":{\"@id\":\"https:\/\/www.professional-haircare.it\/pt-pt\/products\/technical\/c-cinque-pt-pt\/c-cinque-delight-locao-tonica-fortalecedora\/#primaryimage\"},\"thumbnailUrl\":\"https:\/\/www.professional-haircare.it\/wp-content\/uploads\/2025\/02\/12037_professional_c_cinque_salon_delight_reinforcing_tonic_lotion.png\",\"datePublished\":\"2015-06-30T10:53:49+00:00\",\"dateModified\":\"2023-12-20T14:22:24+00:00\",\"description\":\"C Cinque, lo\u00e7\u00e3o \u00e0 base de extrato de placenta e prote\u00edna vegetal. Exerce uma a\u00e7\u00e3o revitalizante e revigorante intensa.\",\"breadcrumb\":{\"@id\":\"https:\/\/www.professional-haircare.it\/pt-pt\/products\/technical\/c-cinque-pt-pt\/c-cinque-delight-locao-tonica-fortalecedora\/#breadcrumb\"},\"inLanguage\":\"pt-PT\",\"potentialAction\":[{\"@type\":\"ReadAction\",\"target\":[\"https:\/\/www.professional-haircare.it\/pt-pt\/products\/technical\/c-cinque-pt-pt\/c-cinque-delight-locao-tonica-fortalecedora\/\"]}]},{\"@type\":\"ImageObject\",\"inLanguage\":\"pt-PT\",\"@id\":\"https:\/\/www.professional-haircare.it\/pt-pt\/products\/technical\/c-cinque-pt-pt\/c-cinque-delight-locao-tonica-fortalecedora\/#primaryimage\",\"url\":\"https:\/\/www.professional-haircare.it\/wp-content\/uploads\/2025\/02\/12037_professional_c_cinque_salon_delight_reinforcing_tonic_lotion.png\",\"contentUrl\":\"https:\/\/www.professional-haircare.it\/wp-content\/uploads\/2025\/02\/12037_professional_c_cinque_salon_delight_reinforcing_tonic_lotion.png\",\"width\":800,\"height\":800},{\"@type\":\"BreadcrumbList\",\"@id\":\"https:\/\/www.professional-haircare.it\/pt-pt\/products\/technical\/c-cinque-pt-pt\/c-cinque-delight-locao-tonica-fortalecedora\/#breadcrumb\",\"itemListElement\":[{\"@type\":\"ListItem\",\"position\":1,\"name\":\"Home\",\"item\":\"https:\/\/professional-haircare.it\/pt-pt\/\"},{\"@type\":\"ListItem\",\"position\":2,\"name\":\"Shop\",\"item\":\"https:\/\/professional-haircare.it\/shop\/\"},{\"@type\":\"ListItem\",\"position\":3,\"name\":\"C Cinque | Delight &#8211; Lo\u00e7\u00e3o T\u00f3nica Fortalecedora\"}]},{\"@type\":\"WebSite\",\"@id\":\"https:\/\/professional-haircare.it\/#website\",\"url\":\"https:\/\/professional-haircare.it\/\",\"name\":\"Professional Hair Care\",\"description\":\"Hair Quality Solutions\",\"potentialAction\":[{\"@type\":\"SearchAction\",\"target\":{\"@type\":\"EntryPoint\",\"urlTemplate\":\"https:\/\/professional-haircare.it\/?s={search_term_string}\"},\"query-input\":{\"@type\":\"PropertyValueSpecification\",\"valueRequired\":true,\"valueName\":\"search_term_string\"}}],\"inLanguage\":\"pt-PT\"}]}<\/script>\n<!-- \/ Yoast SEO plugin. -->","yoast_head_json":{"title":"C Cinque | Delight - Lo\u00e7\u00e3o T\u00f3nica Fortalecedora","description":"C Cinque, lo\u00e7\u00e3o \u00e0 base de extrato de placenta e prote\u00edna vegetal. Exerce uma a\u00e7\u00e3o revitalizante e revigorante intensa.","robots":{"index":"index","follow":"follow","max-snippet":"max-snippet:-1","max-image-preview":"max-image-preview:large","max-video-preview":"max-video-preview:-1"},"canonical":"https:\/\/www.professional-haircare.it\/pt-pt\/products\/technical\/c-cinque-pt-pt\/c-cinque-delight-locao-tonica-fortalecedora\/","og_locale":"pt_PT","og_type":"article","og_title":"C Cinque | Delight - Lo\u00e7\u00e3o T\u00f3nica Fortalecedora","og_description":"C Cinque, lo\u00e7\u00e3o \u00e0 base de extrato de placenta e prote\u00edna vegetal. Exerce uma a\u00e7\u00e3o revitalizante e revigorante intensa.","og_url":"https:\/\/www.professional-haircare.it\/pt-pt\/products\/technical\/c-cinque-pt-pt\/c-cinque-delight-locao-tonica-fortalecedora\/","og_site_name":"Professional Hair Care","article_modified_time":"2023-12-20T14:22:24+00:00","og_image":[{"width":600,"height":600,"url":"https:\/\/professional-haircare.it\/wp-content\/uploads\/2020\/08\/12037_professional_c_cinque_salon_delight_reinforcing_tonic_lotion.png","type":"image\/png"}],"twitter_card":"summary_large_image","schema":{"@context":"https:\/\/schema.org","@graph":[{"@type":"WebPage","@id":"https:\/\/www.professional-haircare.it\/pt-pt\/products\/technical\/c-cinque-pt-pt\/c-cinque-delight-locao-tonica-fortalecedora\/","url":"https:\/\/www.professional-haircare.it\/pt-pt\/products\/technical\/c-cinque-pt-pt\/c-cinque-delight-locao-tonica-fortalecedora\/","name":"C Cinque | Delight - Lo\u00e7\u00e3o T\u00f3nica Fortalecedora","isPartOf":{"@id":"https:\/\/professional-haircare.it\/#website"},"primaryImageOfPage":{"@id":"https:\/\/www.professional-haircare.it\/pt-pt\/products\/technical\/c-cinque-pt-pt\/c-cinque-delight-locao-tonica-fortalecedora\/#primaryimage"},"image":{"@id":"https:\/\/www.professional-haircare.it\/pt-pt\/products\/technical\/c-cinque-pt-pt\/c-cinque-delight-locao-tonica-fortalecedora\/#primaryimage"},"thumbnailUrl":"https:\/\/www.professional-haircare.it\/wp-content\/uploads\/2025\/02\/12037_professional_c_cinque_salon_delight_reinforcing_tonic_lotion.png","datePublished":"2015-06-30T10:53:49+00:00","dateModified":"2023-12-20T14:22:24+00:00","description":"C Cinque, lo\u00e7\u00e3o \u00e0 base de extrato de placenta e prote\u00edna vegetal. Exerce uma a\u00e7\u00e3o revitalizante e revigorante intensa.","breadcrumb":{"@id":"https:\/\/www.professional-haircare.it\/pt-pt\/products\/technical\/c-cinque-pt-pt\/c-cinque-delight-locao-tonica-fortalecedora\/#breadcrumb"},"inLanguage":"pt-PT","potentialAction":[{"@type":"ReadAction","target":["https:\/\/www.professional-haircare.it\/pt-pt\/products\/technical\/c-cinque-pt-pt\/c-cinque-delight-locao-tonica-fortalecedora\/"]}]},{"@type":"ImageObject","inLanguage":"pt-PT","@id":"https:\/\/www.professional-haircare.it\/pt-pt\/products\/technical\/c-cinque-pt-pt\/c-cinque-delight-locao-tonica-fortalecedora\/#primaryimage","url":"https:\/\/www.professional-haircare.it\/wp-content\/uploads\/2025\/02\/12037_professional_c_cinque_salon_delight_reinforcing_tonic_lotion.png","contentUrl":"https:\/\/www.professional-haircare.it\/wp-content\/uploads\/2025\/02\/12037_professional_c_cinque_salon_delight_reinforcing_tonic_lotion.png","width":800,"height":800},{"@type":"BreadcrumbList","@id":"https:\/\/www.professional-haircare.it\/pt-pt\/products\/technical\/c-cinque-pt-pt\/c-cinque-delight-locao-tonica-fortalecedora\/#breadcrumb","itemListElement":[{"@type":"ListItem","position":1,"name":"Home","item":"https:\/\/professional-haircare.it\/pt-pt\/"},{"@type":"ListItem","position":2,"name":"Shop","item":"https:\/\/professional-haircare.it\/shop\/"},{"@type":"ListItem","position":3,"name":"C Cinque | Delight &#8211; Lo\u00e7\u00e3o T\u00f3nica Fortalecedora"}]},{"@type":"WebSite","@id":"https:\/\/professional-haircare.it\/#website","url":"https:\/\/professional-haircare.it\/","name":"Professional Hair Care","description":"Hair Quality Solutions","potentialAction":[{"@type":"SearchAction","target":{"@type":"EntryPoint","urlTemplate":"https:\/\/professional-haircare.it\/?s={search_term_string}"},"query-input":{"@type":"PropertyValueSpecification","valueRequired":true,"valueName":"search_term_string"}}],"inLanguage":"pt-PT"}]}},"_links":{"self":[{"href":"https:\/\/www.professional-haircare.it\/pt-pt\/wp-json\/wp\/v2\/product\/6561","targetHints":{"allow":["GET"]}}],"collection":[{"href":"https:\/\/www.professional-haircare.it\/pt-pt\/wp-json\/wp\/v2\/product"}],"about":[{"href":"https:\/\/www.professional-haircare.it\/pt-pt\/wp-json\/wp\/v2\/types\/product"}],"replies":[{"embeddable":true,"href":"https:\/\/www.professional-haircare.it\/pt-pt\/wp-json\/wp\/v2\/comments?post=6561"}],"wp:featuredmedia":[{"embeddable":true,"href":"https:\/\/www.professional-haircare.it\/pt-pt\/wp-json\/wp\/v2\/media\/6981"}],"wp:attachment":[{"href":"https:\/\/www.professional-haircare.it\/pt-pt\/wp-json\/wp\/v2\/media?parent=6561"}],"wp:term":[{"taxonomy":"product_brand","embeddable":true,"href":"https:\/\/www.professional-haircare.it\/pt-pt\/wp-json\/wp\/v2\/product_brand?post=6561"},{"taxonomy":"product_cat","embeddable":true,"href":"https:\/\/www.professional-haircare.it\/pt-pt\/wp-json\/wp\/v2\/product_cat?post=6561"},{"taxonomy":"product_tag","embeddable":true,"href":"https:\/\/www.professional-haircare.it\/pt-pt\/wp-json\/wp\/v2\/product_tag?post=6561"}],"curies":[{"name":"wp","href":"https:\/\/api.w.org\/{rel}","templated":true}]}}