{"id":6553,"date":"2015-06-30T16:22:35","date_gmt":"2015-06-30T14:22:35","guid":{"rendered":"https:\/\/www.professional-haircare.it\/products\/sem categoria\/decolorvit-caixa-com-24-bolsas\/"},"modified":"2015-06-30T16:22:35","modified_gmt":"2015-06-30T14:22:35","slug":"decolorvit-caixa-com-24-bolsas","status":"publish","type":"product","link":"https:\/\/www.professional-haircare.it\/pt-pt\/products\/technical\/bleaching-pt-pt\/decolorvit-caixa-com-24-bolsas\/","title":{"rendered":"Decolorvit | Caixa Com 24 Bolsas"},"content":{"rendered":"","protected":false},"excerpt":{"rendered":"<p><b>Decolorvit, p\u00f3 descolorante r\u00e1pido<\/b><span style=\"font-weight: 400;\">, \u00e9 indicado para <\/span><b>descolora\u00e7\u00f5es intensas e progressivas at\u00e9 7\/8 tons<\/b><span style=\"font-weight: 400;\">. Ideal para t\u00e9cnicas de balayage em papel de alum\u00ednio. N\u00e3o agride a fibra. Caixa com 24 bolsas monodose, com formula\u00e7\u00e3o concentrada.<\/span><\/p>\n<p><span style=\"font-weight: 400;\">Uso profissional<\/span><\/p>\n<p><span style=\"font-weight: 400;\">Caixa com 24 bolsas monodose de 25 g.<\/span><\/p>\n","protected":false},"featured_media":5125,"comment_status":"closed","ping_status":"closed","template":"","meta":[],"product_brand":[],"product_cat":[888,887],"product_tag":[],"class_list":{"0":"post-6553","1":"product","2":"type-product","3":"status-publish","4":"has-post-thumbnail","6":"product_cat-bleaching-pt-pt","7":"product_cat-technical","9":"first","10":"instock","11":"shipping-taxable","12":"product-type-simple"},"yoast_head":"<!-- This site is optimized with the Yoast SEO plugin v26.8 - https:\/\/yoast.com\/product\/yoast-seo-wordpress\/ -->\n<title>Decolorvit | Caixa Com 24 Bolsas<\/title>\n<meta name=\"description\" content=\"Decolorvit, p\u00f3 descolorante r\u00e1pido, \u00e9 indicado para descolora\u00e7\u00f5es intensas e progressivas at\u00e9 7\/8 tons.\" \/>\n<meta name=\"robots\" content=\"index, follow, max-snippet:-1, max-image-preview:large, max-video-preview:-1\" \/>\n<link rel=\"canonical\" href=\"https:\/\/www.professional-haircare.it\/pt-pt\/products\/technical\/bleaching-pt-pt\/decolorvit-caixa-com-24-bolsas\/\" \/>\n<meta property=\"og:locale\" content=\"pt_PT\" \/>\n<meta property=\"og:type\" content=\"article\" \/>\n<meta property=\"og:title\" content=\"Decolorvit | Caixa Com 24 Bolsas\" \/>\n<meta property=\"og:description\" content=\"Decolorvit, p\u00f3 descolorante r\u00e1pido, \u00e9 indicado para descolora\u00e7\u00f5es intensas e progressivas at\u00e9 7\/8 tons.\" \/>\n<meta property=\"og:url\" content=\"https:\/\/www.professional-haircare.it\/pt-pt\/products\/technical\/bleaching-pt-pt\/decolorvit-caixa-com-24-bolsas\/\" \/>\n<meta property=\"og:site_name\" content=\"Professional Hair Care\" \/>\n<meta property=\"og:image\" content=\"https:\/\/professional-haircare.it\/wp-content\/uploads\/2018\/05\/professional_decolorvit_bleching_powder_bustine.png\" \/>\n\t<meta property=\"og:image:width\" content=\"600\" \/>\n\t<meta property=\"og:image:height\" content=\"600\" \/>\n\t<meta property=\"og:image:type\" content=\"image\/png\" \/>\n<meta name=\"twitter:card\" content=\"summary_large_image\" \/>\n<script type=\"application\/ld+json\" class=\"yoast-schema-graph\">{\"@context\":\"https:\/\/schema.org\",\"@graph\":[{\"@type\":\"WebPage\",\"@id\":\"https:\/\/www.professional-haircare.it\/pt-pt\/products\/technical\/bleaching-pt-pt\/decolorvit-caixa-com-24-bolsas\/\",\"url\":\"https:\/\/www.professional-haircare.it\/pt-pt\/products\/technical\/bleaching-pt-pt\/decolorvit-caixa-com-24-bolsas\/\",\"name\":\"Decolorvit | Caixa Com 24 Bolsas\",\"isPartOf\":{\"@id\":\"https:\/\/professional-haircare.it\/#website\"},\"primaryImageOfPage\":{\"@id\":\"https:\/\/www.professional-haircare.it\/pt-pt\/products\/technical\/bleaching-pt-pt\/decolorvit-caixa-com-24-bolsas\/#primaryimage\"},\"image\":{\"@id\":\"https:\/\/www.professional-haircare.it\/pt-pt\/products\/technical\/bleaching-pt-pt\/decolorvit-caixa-com-24-bolsas\/#primaryimage\"},\"thumbnailUrl\":\"https:\/\/www.professional-haircare.it\/wp-content\/uploads\/2018\/05\/professional_decolorvit_bleching_powder_bustine.png\",\"datePublished\":\"2015-06-30T14:22:35+00:00\",\"description\":\"Decolorvit, p\u00f3 descolorante r\u00e1pido, \u00e9 indicado para descolora\u00e7\u00f5es intensas e progressivas at\u00e9 7\/8 tons.\",\"breadcrumb\":{\"@id\":\"https:\/\/www.professional-haircare.it\/pt-pt\/products\/technical\/bleaching-pt-pt\/decolorvit-caixa-com-24-bolsas\/#breadcrumb\"},\"inLanguage\":\"pt-PT\",\"potentialAction\":[{\"@type\":\"ReadAction\",\"target\":[\"https:\/\/www.professional-haircare.it\/pt-pt\/products\/technical\/bleaching-pt-pt\/decolorvit-caixa-com-24-bolsas\/\"]}]},{\"@type\":\"ImageObject\",\"inLanguage\":\"pt-PT\",\"@id\":\"https:\/\/www.professional-haircare.it\/pt-pt\/products\/technical\/bleaching-pt-pt\/decolorvit-caixa-com-24-bolsas\/#primaryimage\",\"url\":\"https:\/\/www.professional-haircare.it\/wp-content\/uploads\/2018\/05\/professional_decolorvit_bleching_powder_bustine.png\",\"contentUrl\":\"https:\/\/www.professional-haircare.it\/wp-content\/uploads\/2018\/05\/professional_decolorvit_bleching_powder_bustine.png\",\"width\":600,\"height\":600},{\"@type\":\"BreadcrumbList\",\"@id\":\"https:\/\/www.professional-haircare.it\/pt-pt\/products\/technical\/bleaching-pt-pt\/decolorvit-caixa-com-24-bolsas\/#breadcrumb\",\"itemListElement\":[{\"@type\":\"ListItem\",\"position\":1,\"name\":\"Home\",\"item\":\"https:\/\/professional-haircare.it\/pt-pt\/\"},{\"@type\":\"ListItem\",\"position\":2,\"name\":\"Shop\",\"item\":\"https:\/\/professional-haircare.it\/shop\/\"},{\"@type\":\"ListItem\",\"position\":3,\"name\":\"Decolorvit | Caixa Com 24 Bolsas\"}]},{\"@type\":\"WebSite\",\"@id\":\"https:\/\/professional-haircare.it\/#website\",\"url\":\"https:\/\/professional-haircare.it\/\",\"name\":\"Professional Hair Care\",\"description\":\"Hair Quality Solutions\",\"potentialAction\":[{\"@type\":\"SearchAction\",\"target\":{\"@type\":\"EntryPoint\",\"urlTemplate\":\"https:\/\/professional-haircare.it\/?s={search_term_string}\"},\"query-input\":{\"@type\":\"PropertyValueSpecification\",\"valueRequired\":true,\"valueName\":\"search_term_string\"}}],\"inLanguage\":\"pt-PT\"}]}<\/script>\n<!-- \/ Yoast SEO plugin. -->","yoast_head_json":{"title":"Decolorvit | Caixa Com 24 Bolsas","description":"Decolorvit, p\u00f3 descolorante r\u00e1pido, \u00e9 indicado para descolora\u00e7\u00f5es intensas e progressivas at\u00e9 7\/8 tons.","robots":{"index":"index","follow":"follow","max-snippet":"max-snippet:-1","max-image-preview":"max-image-preview:large","max-video-preview":"max-video-preview:-1"},"canonical":"https:\/\/www.professional-haircare.it\/pt-pt\/products\/technical\/bleaching-pt-pt\/decolorvit-caixa-com-24-bolsas\/","og_locale":"pt_PT","og_type":"article","og_title":"Decolorvit | Caixa Com 24 Bolsas","og_description":"Decolorvit, p\u00f3 descolorante r\u00e1pido, \u00e9 indicado para descolora\u00e7\u00f5es intensas e progressivas at\u00e9 7\/8 tons.","og_url":"https:\/\/www.professional-haircare.it\/pt-pt\/products\/technical\/bleaching-pt-pt\/decolorvit-caixa-com-24-bolsas\/","og_site_name":"Professional Hair Care","og_image":[{"width":600,"height":600,"url":"https:\/\/professional-haircare.it\/wp-content\/uploads\/2018\/05\/professional_decolorvit_bleching_powder_bustine.png","type":"image\/png"}],"twitter_card":"summary_large_image","schema":{"@context":"https:\/\/schema.org","@graph":[{"@type":"WebPage","@id":"https:\/\/www.professional-haircare.it\/pt-pt\/products\/technical\/bleaching-pt-pt\/decolorvit-caixa-com-24-bolsas\/","url":"https:\/\/www.professional-haircare.it\/pt-pt\/products\/technical\/bleaching-pt-pt\/decolorvit-caixa-com-24-bolsas\/","name":"Decolorvit | Caixa Com 24 Bolsas","isPartOf":{"@id":"https:\/\/professional-haircare.it\/#website"},"primaryImageOfPage":{"@id":"https:\/\/www.professional-haircare.it\/pt-pt\/products\/technical\/bleaching-pt-pt\/decolorvit-caixa-com-24-bolsas\/#primaryimage"},"image":{"@id":"https:\/\/www.professional-haircare.it\/pt-pt\/products\/technical\/bleaching-pt-pt\/decolorvit-caixa-com-24-bolsas\/#primaryimage"},"thumbnailUrl":"https:\/\/www.professional-haircare.it\/wp-content\/uploads\/2018\/05\/professional_decolorvit_bleching_powder_bustine.png","datePublished":"2015-06-30T14:22:35+00:00","description":"Decolorvit, p\u00f3 descolorante r\u00e1pido, \u00e9 indicado para descolora\u00e7\u00f5es intensas e progressivas at\u00e9 7\/8 tons.","breadcrumb":{"@id":"https:\/\/www.professional-haircare.it\/pt-pt\/products\/technical\/bleaching-pt-pt\/decolorvit-caixa-com-24-bolsas\/#breadcrumb"},"inLanguage":"pt-PT","potentialAction":[{"@type":"ReadAction","target":["https:\/\/www.professional-haircare.it\/pt-pt\/products\/technical\/bleaching-pt-pt\/decolorvit-caixa-com-24-bolsas\/"]}]},{"@type":"ImageObject","inLanguage":"pt-PT","@id":"https:\/\/www.professional-haircare.it\/pt-pt\/products\/technical\/bleaching-pt-pt\/decolorvit-caixa-com-24-bolsas\/#primaryimage","url":"https:\/\/www.professional-haircare.it\/wp-content\/uploads\/2018\/05\/professional_decolorvit_bleching_powder_bustine.png","contentUrl":"https:\/\/www.professional-haircare.it\/wp-content\/uploads\/2018\/05\/professional_decolorvit_bleching_powder_bustine.png","width":600,"height":600},{"@type":"BreadcrumbList","@id":"https:\/\/www.professional-haircare.it\/pt-pt\/products\/technical\/bleaching-pt-pt\/decolorvit-caixa-com-24-bolsas\/#breadcrumb","itemListElement":[{"@type":"ListItem","position":1,"name":"Home","item":"https:\/\/professional-haircare.it\/pt-pt\/"},{"@type":"ListItem","position":2,"name":"Shop","item":"https:\/\/professional-haircare.it\/shop\/"},{"@type":"ListItem","position":3,"name":"Decolorvit | Caixa Com 24 Bolsas"}]},{"@type":"WebSite","@id":"https:\/\/professional-haircare.it\/#website","url":"https:\/\/professional-haircare.it\/","name":"Professional Hair Care","description":"Hair Quality Solutions","potentialAction":[{"@type":"SearchAction","target":{"@type":"EntryPoint","urlTemplate":"https:\/\/professional-haircare.it\/?s={search_term_string}"},"query-input":{"@type":"PropertyValueSpecification","valueRequired":true,"valueName":"search_term_string"}}],"inLanguage":"pt-PT"}]}},"_links":{"self":[{"href":"https:\/\/www.professional-haircare.it\/pt-pt\/wp-json\/wp\/v2\/product\/6553","targetHints":{"allow":["GET"]}}],"collection":[{"href":"https:\/\/www.professional-haircare.it\/pt-pt\/wp-json\/wp\/v2\/product"}],"about":[{"href":"https:\/\/www.professional-haircare.it\/pt-pt\/wp-json\/wp\/v2\/types\/product"}],"replies":[{"embeddable":true,"href":"https:\/\/www.professional-haircare.it\/pt-pt\/wp-json\/wp\/v2\/comments?post=6553"}],"wp:featuredmedia":[{"embeddable":true,"href":"https:\/\/www.professional-haircare.it\/pt-pt\/wp-json\/wp\/v2\/media\/5125"}],"wp:attachment":[{"href":"https:\/\/www.professional-haircare.it\/pt-pt\/wp-json\/wp\/v2\/media?parent=6553"}],"wp:term":[{"taxonomy":"product_brand","embeddable":true,"href":"https:\/\/www.professional-haircare.it\/pt-pt\/wp-json\/wp\/v2\/product_brand?post=6553"},{"taxonomy":"product_cat","embeddable":true,"href":"https:\/\/www.professional-haircare.it\/pt-pt\/wp-json\/wp\/v2\/product_cat?post=6553"},{"taxonomy":"product_tag","embeddable":true,"href":"https:\/\/www.professional-haircare.it\/pt-pt\/wp-json\/wp\/v2\/product_tag?post=6553"}],"curies":[{"name":"wp","href":"https:\/\/api.w.org\/{rel}","templated":true}]}}