{"id":6548,"date":"2015-06-30T16:54:52","date_gmt":"2015-06-30T14:54:52","guid":{"rendered":"https:\/\/www.professional-haircare.it\/products\/sem%20categoria\/professional-fixacao-neutralizante-cosmetico\/"},"modified":"2024-02-15T11:48:19","modified_gmt":"2024-02-15T10:48:19","slug":"ondavit-fixacao-neutralizante-cosmetico","status":"publish","type":"product","link":"https:\/\/www.professional-haircare.it\/pt-pt\/products\/technical\/texture-pt-pt\/ondavit-fixacao-neutralizante-cosmetico\/","title":{"rendered":"Ondavit | Fixa\u00e7\u00e3o Neutralizante Cosm\u00e9tico"},"content":{"rendered":"","protected":false},"excerpt":{"rendered":"<p><b>Neutralizante cosm\u00e9tico<\/b><span style=\"font-weight: 400;\"> que garante uma fixa\u00e7\u00e3o instant\u00e2nea. Adequado para<\/span><b> qualquer tipo de permanente<\/b><span style=\"font-weight: 400;\"> e todos os tipos de cabelo.<\/span><\/p>\n<p><span style=\"font-weight: 400;\">Uso profissional<\/span><\/p>\n<p><span style=\"font-weight: 400;\">Frasco de 1000 ml<\/span><\/p>\n","protected":false},"featured_media":6670,"comment_status":"closed","ping_status":"closed","template":"","meta":[],"product_brand":[],"product_cat":[887,891],"product_tag":[],"class_list":{"0":"post-6548","1":"product","2":"type-product","3":"status-publish","4":"has-post-thumbnail","6":"product_cat-technical","7":"product_cat-texture-pt-pt","9":"first","10":"instock","11":"shipping-taxable","12":"product-type-simple"},"yoast_head":"<!-- This site is optimized with the Yoast SEO plugin v26.8 - https:\/\/yoast.com\/product\/yoast-seo-wordpress\/ -->\n<title>Professional | Fixa\u00e7\u00e3o Neutralizante Cosm\u00e9tico<\/title>\n<meta name=\"description\" content=\"Neutralizante cosm\u00e9tico que garante uma fixa\u00e7\u00e3o instant\u00e2nea. Adequado para qualquer tipo de permanente e todos os tipos de cabelo.\" \/>\n<meta name=\"robots\" content=\"index, follow, max-snippet:-1, max-image-preview:large, max-video-preview:-1\" \/>\n<link rel=\"canonical\" href=\"https:\/\/www.professional-haircare.it\/pt-pt\/products\/technical\/texture-pt-pt\/ondavit-fixacao-neutralizante-cosmetico\/\" \/>\n<meta property=\"og:locale\" content=\"pt_PT\" \/>\n<meta property=\"og:type\" content=\"article\" \/>\n<meta property=\"og:title\" content=\"Professional | Fixa\u00e7\u00e3o Neutralizante Cosm\u00e9tico\" \/>\n<meta property=\"og:description\" content=\"Neutralizante cosm\u00e9tico que garante uma fixa\u00e7\u00e3o instant\u00e2nea. Adequado para qualquer tipo de permanente e todos os tipos de cabelo.\" \/>\n<meta property=\"og:url\" content=\"https:\/\/www.professional-haircare.it\/pt-pt\/products\/technical\/texture-pt-pt\/ondavit-fixacao-neutralizante-cosmetico\/\" \/>\n<meta property=\"og:site_name\" content=\"Professional Hair Care\" \/>\n<meta property=\"article:modified_time\" content=\"2024-02-15T10:48:19+00:00\" \/>\n<meta property=\"og:image\" content=\"https:\/\/professional-haircare.it\/wp-content\/uploads\/2024\/02\/11025_professional_ondavit_cosmetic_neutralizer_1000ml.png\" \/>\n\t<meta property=\"og:image:width\" content=\"800\" \/>\n\t<meta property=\"og:image:height\" content=\"800\" \/>\n\t<meta property=\"og:image:type\" content=\"image\/png\" \/>\n<meta name=\"twitter:card\" content=\"summary_large_image\" \/>\n<script type=\"application\/ld+json\" class=\"yoast-schema-graph\">{\"@context\":\"https:\/\/schema.org\",\"@graph\":[{\"@type\":\"WebPage\",\"@id\":\"https:\/\/www.professional-haircare.it\/pt-pt\/products\/technical\/texture-pt-pt\/ondavit-fixacao-neutralizante-cosmetico\/\",\"url\":\"https:\/\/www.professional-haircare.it\/pt-pt\/products\/technical\/texture-pt-pt\/ondavit-fixacao-neutralizante-cosmetico\/\",\"name\":\"Professional | Fixa\u00e7\u00e3o Neutralizante Cosm\u00e9tico\",\"isPartOf\":{\"@id\":\"https:\/\/professional-haircare.it\/#website\"},\"primaryImageOfPage\":{\"@id\":\"https:\/\/www.professional-haircare.it\/pt-pt\/products\/technical\/texture-pt-pt\/ondavit-fixacao-neutralizante-cosmetico\/#primaryimage\"},\"image\":{\"@id\":\"https:\/\/www.professional-haircare.it\/pt-pt\/products\/technical\/texture-pt-pt\/ondavit-fixacao-neutralizante-cosmetico\/#primaryimage\"},\"thumbnailUrl\":\"https:\/\/www.professional-haircare.it\/wp-content\/uploads\/2024\/02\/11025_professional_ondavit_cosmetic_neutralizer_1000ml.png\",\"datePublished\":\"2015-06-30T14:54:52+00:00\",\"dateModified\":\"2024-02-15T10:48:19+00:00\",\"description\":\"Neutralizante cosm\u00e9tico que garante uma fixa\u00e7\u00e3o instant\u00e2nea. Adequado para qualquer tipo de permanente e todos os tipos de cabelo.\",\"breadcrumb\":{\"@id\":\"https:\/\/www.professional-haircare.it\/pt-pt\/products\/technical\/texture-pt-pt\/ondavit-fixacao-neutralizante-cosmetico\/#breadcrumb\"},\"inLanguage\":\"pt-PT\",\"potentialAction\":[{\"@type\":\"ReadAction\",\"target\":[\"https:\/\/www.professional-haircare.it\/pt-pt\/products\/technical\/texture-pt-pt\/ondavit-fixacao-neutralizante-cosmetico\/\"]}]},{\"@type\":\"ImageObject\",\"inLanguage\":\"pt-PT\",\"@id\":\"https:\/\/www.professional-haircare.it\/pt-pt\/products\/technical\/texture-pt-pt\/ondavit-fixacao-neutralizante-cosmetico\/#primaryimage\",\"url\":\"https:\/\/www.professional-haircare.it\/wp-content\/uploads\/2024\/02\/11025_professional_ondavit_cosmetic_neutralizer_1000ml.png\",\"contentUrl\":\"https:\/\/www.professional-haircare.it\/wp-content\/uploads\/2024\/02\/11025_professional_ondavit_cosmetic_neutralizer_1000ml.png\",\"width\":800,\"height\":800},{\"@type\":\"BreadcrumbList\",\"@id\":\"https:\/\/www.professional-haircare.it\/pt-pt\/products\/technical\/texture-pt-pt\/ondavit-fixacao-neutralizante-cosmetico\/#breadcrumb\",\"itemListElement\":[{\"@type\":\"ListItem\",\"position\":1,\"name\":\"Home\",\"item\":\"https:\/\/professional-haircare.it\/pt-pt\/\"},{\"@type\":\"ListItem\",\"position\":2,\"name\":\"Shop\",\"item\":\"https:\/\/professional-haircare.it\/shop\/\"},{\"@type\":\"ListItem\",\"position\":3,\"name\":\"Ondavit | Fixa\u00e7\u00e3o Neutralizante Cosm\u00e9tico\"}]},{\"@type\":\"WebSite\",\"@id\":\"https:\/\/professional-haircare.it\/#website\",\"url\":\"https:\/\/professional-haircare.it\/\",\"name\":\"Professional Hair Care\",\"description\":\"Hair Quality Solutions\",\"potentialAction\":[{\"@type\":\"SearchAction\",\"target\":{\"@type\":\"EntryPoint\",\"urlTemplate\":\"https:\/\/professional-haircare.it\/?s={search_term_string}\"},\"query-input\":{\"@type\":\"PropertyValueSpecification\",\"valueRequired\":true,\"valueName\":\"search_term_string\"}}],\"inLanguage\":\"pt-PT\"}]}<\/script>\n<!-- \/ Yoast SEO plugin. -->","yoast_head_json":{"title":"Professional | Fixa\u00e7\u00e3o Neutralizante Cosm\u00e9tico","description":"Neutralizante cosm\u00e9tico que garante uma fixa\u00e7\u00e3o instant\u00e2nea. Adequado para qualquer tipo de permanente e todos os tipos de cabelo.","robots":{"index":"index","follow":"follow","max-snippet":"max-snippet:-1","max-image-preview":"max-image-preview:large","max-video-preview":"max-video-preview:-1"},"canonical":"https:\/\/www.professional-haircare.it\/pt-pt\/products\/technical\/texture-pt-pt\/ondavit-fixacao-neutralizante-cosmetico\/","og_locale":"pt_PT","og_type":"article","og_title":"Professional | Fixa\u00e7\u00e3o Neutralizante Cosm\u00e9tico","og_description":"Neutralizante cosm\u00e9tico que garante uma fixa\u00e7\u00e3o instant\u00e2nea. Adequado para qualquer tipo de permanente e todos os tipos de cabelo.","og_url":"https:\/\/www.professional-haircare.it\/pt-pt\/products\/technical\/texture-pt-pt\/ondavit-fixacao-neutralizante-cosmetico\/","og_site_name":"Professional Hair Care","article_modified_time":"2024-02-15T10:48:19+00:00","og_image":[{"width":800,"height":800,"url":"https:\/\/professional-haircare.it\/wp-content\/uploads\/2024\/02\/11025_professional_ondavit_cosmetic_neutralizer_1000ml.png","type":"image\/png"}],"twitter_card":"summary_large_image","schema":{"@context":"https:\/\/schema.org","@graph":[{"@type":"WebPage","@id":"https:\/\/www.professional-haircare.it\/pt-pt\/products\/technical\/texture-pt-pt\/ondavit-fixacao-neutralizante-cosmetico\/","url":"https:\/\/www.professional-haircare.it\/pt-pt\/products\/technical\/texture-pt-pt\/ondavit-fixacao-neutralizante-cosmetico\/","name":"Professional | Fixa\u00e7\u00e3o Neutralizante Cosm\u00e9tico","isPartOf":{"@id":"https:\/\/professional-haircare.it\/#website"},"primaryImageOfPage":{"@id":"https:\/\/www.professional-haircare.it\/pt-pt\/products\/technical\/texture-pt-pt\/ondavit-fixacao-neutralizante-cosmetico\/#primaryimage"},"image":{"@id":"https:\/\/www.professional-haircare.it\/pt-pt\/products\/technical\/texture-pt-pt\/ondavit-fixacao-neutralizante-cosmetico\/#primaryimage"},"thumbnailUrl":"https:\/\/www.professional-haircare.it\/wp-content\/uploads\/2024\/02\/11025_professional_ondavit_cosmetic_neutralizer_1000ml.png","datePublished":"2015-06-30T14:54:52+00:00","dateModified":"2024-02-15T10:48:19+00:00","description":"Neutralizante cosm\u00e9tico que garante uma fixa\u00e7\u00e3o instant\u00e2nea. Adequado para qualquer tipo de permanente e todos os tipos de cabelo.","breadcrumb":{"@id":"https:\/\/www.professional-haircare.it\/pt-pt\/products\/technical\/texture-pt-pt\/ondavit-fixacao-neutralizante-cosmetico\/#breadcrumb"},"inLanguage":"pt-PT","potentialAction":[{"@type":"ReadAction","target":["https:\/\/www.professional-haircare.it\/pt-pt\/products\/technical\/texture-pt-pt\/ondavit-fixacao-neutralizante-cosmetico\/"]}]},{"@type":"ImageObject","inLanguage":"pt-PT","@id":"https:\/\/www.professional-haircare.it\/pt-pt\/products\/technical\/texture-pt-pt\/ondavit-fixacao-neutralizante-cosmetico\/#primaryimage","url":"https:\/\/www.professional-haircare.it\/wp-content\/uploads\/2024\/02\/11025_professional_ondavit_cosmetic_neutralizer_1000ml.png","contentUrl":"https:\/\/www.professional-haircare.it\/wp-content\/uploads\/2024\/02\/11025_professional_ondavit_cosmetic_neutralizer_1000ml.png","width":800,"height":800},{"@type":"BreadcrumbList","@id":"https:\/\/www.professional-haircare.it\/pt-pt\/products\/technical\/texture-pt-pt\/ondavit-fixacao-neutralizante-cosmetico\/#breadcrumb","itemListElement":[{"@type":"ListItem","position":1,"name":"Home","item":"https:\/\/professional-haircare.it\/pt-pt\/"},{"@type":"ListItem","position":2,"name":"Shop","item":"https:\/\/professional-haircare.it\/shop\/"},{"@type":"ListItem","position":3,"name":"Ondavit | Fixa\u00e7\u00e3o Neutralizante Cosm\u00e9tico"}]},{"@type":"WebSite","@id":"https:\/\/professional-haircare.it\/#website","url":"https:\/\/professional-haircare.it\/","name":"Professional Hair Care","description":"Hair Quality Solutions","potentialAction":[{"@type":"SearchAction","target":{"@type":"EntryPoint","urlTemplate":"https:\/\/professional-haircare.it\/?s={search_term_string}"},"query-input":{"@type":"PropertyValueSpecification","valueRequired":true,"valueName":"search_term_string"}}],"inLanguage":"pt-PT"}]}},"_links":{"self":[{"href":"https:\/\/www.professional-haircare.it\/pt-pt\/wp-json\/wp\/v2\/product\/6548","targetHints":{"allow":["GET"]}}],"collection":[{"href":"https:\/\/www.professional-haircare.it\/pt-pt\/wp-json\/wp\/v2\/product"}],"about":[{"href":"https:\/\/www.professional-haircare.it\/pt-pt\/wp-json\/wp\/v2\/types\/product"}],"replies":[{"embeddable":true,"href":"https:\/\/www.professional-haircare.it\/pt-pt\/wp-json\/wp\/v2\/comments?post=6548"}],"wp:featuredmedia":[{"embeddable":true,"href":"https:\/\/www.professional-haircare.it\/pt-pt\/wp-json\/wp\/v2\/media\/6670"}],"wp:attachment":[{"href":"https:\/\/www.professional-haircare.it\/pt-pt\/wp-json\/wp\/v2\/media?parent=6548"}],"wp:term":[{"taxonomy":"product_brand","embeddable":true,"href":"https:\/\/www.professional-haircare.it\/pt-pt\/wp-json\/wp\/v2\/product_brand?post=6548"},{"taxonomy":"product_cat","embeddable":true,"href":"https:\/\/www.professional-haircare.it\/pt-pt\/wp-json\/wp\/v2\/product_cat?post=6548"},{"taxonomy":"product_tag","embeddable":true,"href":"https:\/\/www.professional-haircare.it\/pt-pt\/wp-json\/wp\/v2\/product_tag?post=6548"}],"curies":[{"name":"wp","href":"https:\/\/api.w.org\/{rel}","templated":true}]}}