{"id":6546,"date":"2015-06-30T17:31:25","date_gmt":"2015-06-30T15:31:25","guid":{"rendered":"https:\/\/www.professional-haircare.it\/products\/sem%20categoria\/professional-colour-clean-removedor-de-manchas-da-pele\/"},"modified":"2025-02-24T10:45:47","modified_gmt":"2025-02-24T09:45:47","slug":"professional-clean-vit-removedor-de-manchas-da-pele","status":"publish","type":"product","link":"https:\/\/www.professional-haircare.it\/pt-pt\/products\/technical\/texture-pt-pt\/professional-clean-vit-removedor-de-manchas-da-pele\/","title":{"rendered":"Professional | Clean Vit &#8211; Removedor De Manchas Da Pele"},"content":{"rendered":"","protected":false},"excerpt":{"rendered":"<p><span style=\"font-weight: 400;\"><strong>Clean Vit<\/strong>, removedor de manchas da pele l\u00edquido universal. <\/span><b>Remove delicadamente os res\u00edduos de cor<\/b><span style=\"font-weight: 400;\"> e as eventuais manchas da pele, resultantes da colora\u00e7\u00e3o. F\u00f3rmula enriquecida com <\/span><b>vitamina E e \u00f3mega 9<\/b><span style=\"font-weight: 400;\">.<\/span><\/p>\n<p><span style=\"font-weight: 400;\">Uso profissional<\/span><\/p>\n<p><span style=\"font-weight: 400;\">Frasco de 200 ml<\/span><\/p>\n","protected":false},"featured_media":6996,"comment_status":"closed","ping_status":"closed","template":"","meta":[],"product_brand":[],"product_cat":[887,891],"product_tag":[],"class_list":{"0":"post-6546","1":"product","2":"type-product","3":"status-publish","4":"has-post-thumbnail","6":"product_cat-technical","7":"product_cat-texture-pt-pt","9":"first","10":"instock","11":"shipping-taxable","12":"product-type-simple"},"yoast_head":"<!-- This site is optimized with the Yoast SEO plugin v26.8 - https:\/\/yoast.com\/product\/yoast-seo-wordpress\/ -->\n<title>Professional | Clean Vit - Removedor De Manchas Da Pele<\/title>\n<meta name=\"description\" content=\"Clean Vit, removedor de manchas da pele l\u00edquido universal. Remove delicadamente os res\u00edduos de cor e as eventuais manchas da pel\" \/>\n<meta name=\"robots\" content=\"index, follow, max-snippet:-1, max-image-preview:large, max-video-preview:-1\" \/>\n<link rel=\"canonical\" href=\"https:\/\/www.professional-haircare.it\/pt-pt\/products\/technical\/texture-pt-pt\/professional-clean-vit-removedor-de-manchas-da-pele\/\" \/>\n<meta property=\"og:locale\" content=\"pt_PT\" \/>\n<meta property=\"og:type\" content=\"article\" \/>\n<meta property=\"og:title\" content=\"Professional | Clean Vit - Removedor De Manchas Da Pele\" \/>\n<meta property=\"og:description\" content=\"Clean Vit, removedor de manchas da pele l\u00edquido universal. Remove delicadamente os res\u00edduos de cor e as eventuais manchas da pel\" \/>\n<meta property=\"og:url\" content=\"https:\/\/www.professional-haircare.it\/pt-pt\/products\/technical\/texture-pt-pt\/professional-clean-vit-removedor-de-manchas-da-pele\/\" \/>\n<meta property=\"og:site_name\" content=\"Professional Hair Care\" \/>\n<meta property=\"article:modified_time\" content=\"2025-02-24T09:45:47+00:00\" \/>\n<meta property=\"og:image\" content=\"https:\/\/professional-haircare.it\/wp-content\/uploads\/2025\/02\/11020_professional_clean_vit_200ml.png\" \/>\n\t<meta property=\"og:image:width\" content=\"800\" \/>\n\t<meta property=\"og:image:height\" content=\"800\" \/>\n\t<meta property=\"og:image:type\" content=\"image\/png\" \/>\n<meta name=\"twitter:card\" content=\"summary_large_image\" \/>\n<meta name=\"twitter:label1\" content=\"Tempo estimado de leitura\" \/>\n\t<meta name=\"twitter:data1\" content=\"1 minuto\" \/>\n<script type=\"application\/ld+json\" class=\"yoast-schema-graph\">{\"@context\":\"https:\/\/schema.org\",\"@graph\":[{\"@type\":\"WebPage\",\"@id\":\"https:\/\/www.professional-haircare.it\/pt-pt\/products\/technical\/texture-pt-pt\/professional-clean-vit-removedor-de-manchas-da-pele\/\",\"url\":\"https:\/\/www.professional-haircare.it\/pt-pt\/products\/technical\/texture-pt-pt\/professional-clean-vit-removedor-de-manchas-da-pele\/\",\"name\":\"Professional | Clean Vit - Removedor De Manchas Da Pele\",\"isPartOf\":{\"@id\":\"https:\/\/professional-haircare.it\/#website\"},\"primaryImageOfPage\":{\"@id\":\"https:\/\/www.professional-haircare.it\/pt-pt\/products\/technical\/texture-pt-pt\/professional-clean-vit-removedor-de-manchas-da-pele\/#primaryimage\"},\"image\":{\"@id\":\"https:\/\/www.professional-haircare.it\/pt-pt\/products\/technical\/texture-pt-pt\/professional-clean-vit-removedor-de-manchas-da-pele\/#primaryimage\"},\"thumbnailUrl\":\"https:\/\/www.professional-haircare.it\/wp-content\/uploads\/2025\/02\/11020_professional_clean_vit_200ml.png\",\"datePublished\":\"2015-06-30T15:31:25+00:00\",\"dateModified\":\"2025-02-24T09:45:47+00:00\",\"description\":\"Clean Vit, removedor de manchas da pele l\u00edquido universal. Remove delicadamente os res\u00edduos de cor e as eventuais manchas da pel\",\"breadcrumb\":{\"@id\":\"https:\/\/www.professional-haircare.it\/pt-pt\/products\/technical\/texture-pt-pt\/professional-clean-vit-removedor-de-manchas-da-pele\/#breadcrumb\"},\"inLanguage\":\"pt-PT\",\"potentialAction\":[{\"@type\":\"ReadAction\",\"target\":[\"https:\/\/www.professional-haircare.it\/pt-pt\/products\/technical\/texture-pt-pt\/professional-clean-vit-removedor-de-manchas-da-pele\/\"]}]},{\"@type\":\"ImageObject\",\"inLanguage\":\"pt-PT\",\"@id\":\"https:\/\/www.professional-haircare.it\/pt-pt\/products\/technical\/texture-pt-pt\/professional-clean-vit-removedor-de-manchas-da-pele\/#primaryimage\",\"url\":\"https:\/\/www.professional-haircare.it\/wp-content\/uploads\/2025\/02\/11020_professional_clean_vit_200ml.png\",\"contentUrl\":\"https:\/\/www.professional-haircare.it\/wp-content\/uploads\/2025\/02\/11020_professional_clean_vit_200ml.png\",\"width\":800,\"height\":800},{\"@type\":\"BreadcrumbList\",\"@id\":\"https:\/\/www.professional-haircare.it\/pt-pt\/products\/technical\/texture-pt-pt\/professional-clean-vit-removedor-de-manchas-da-pele\/#breadcrumb\",\"itemListElement\":[{\"@type\":\"ListItem\",\"position\":1,\"name\":\"Home\",\"item\":\"https:\/\/professional-haircare.it\/pt-pt\/\"},{\"@type\":\"ListItem\",\"position\":2,\"name\":\"Shop\",\"item\":\"https:\/\/professional-haircare.it\/shop\/\"},{\"@type\":\"ListItem\",\"position\":3,\"name\":\"Professional | Clean Vit &#8211; Removedor De Manchas Da Pele\"}]},{\"@type\":\"WebSite\",\"@id\":\"https:\/\/professional-haircare.it\/#website\",\"url\":\"https:\/\/professional-haircare.it\/\",\"name\":\"Professional Hair Care\",\"description\":\"Hair Quality Solutions\",\"potentialAction\":[{\"@type\":\"SearchAction\",\"target\":{\"@type\":\"EntryPoint\",\"urlTemplate\":\"https:\/\/professional-haircare.it\/?s={search_term_string}\"},\"query-input\":{\"@type\":\"PropertyValueSpecification\",\"valueRequired\":true,\"valueName\":\"search_term_string\"}}],\"inLanguage\":\"pt-PT\"}]}<\/script>\n<!-- \/ Yoast SEO plugin. -->","yoast_head_json":{"title":"Professional | Clean Vit - Removedor De Manchas Da Pele","description":"Clean Vit, removedor de manchas da pele l\u00edquido universal. Remove delicadamente os res\u00edduos de cor e as eventuais manchas da pel","robots":{"index":"index","follow":"follow","max-snippet":"max-snippet:-1","max-image-preview":"max-image-preview:large","max-video-preview":"max-video-preview:-1"},"canonical":"https:\/\/www.professional-haircare.it\/pt-pt\/products\/technical\/texture-pt-pt\/professional-clean-vit-removedor-de-manchas-da-pele\/","og_locale":"pt_PT","og_type":"article","og_title":"Professional | Clean Vit - Removedor De Manchas Da Pele","og_description":"Clean Vit, removedor de manchas da pele l\u00edquido universal. Remove delicadamente os res\u00edduos de cor e as eventuais manchas da pel","og_url":"https:\/\/www.professional-haircare.it\/pt-pt\/products\/technical\/texture-pt-pt\/professional-clean-vit-removedor-de-manchas-da-pele\/","og_site_name":"Professional Hair Care","article_modified_time":"2025-02-24T09:45:47+00:00","og_image":[{"width":800,"height":800,"url":"https:\/\/professional-haircare.it\/wp-content\/uploads\/2025\/02\/11020_professional_clean_vit_200ml.png","type":"image\/png"}],"twitter_card":"summary_large_image","twitter_misc":{"Tempo estimado de leitura":"1 minuto"},"schema":{"@context":"https:\/\/schema.org","@graph":[{"@type":"WebPage","@id":"https:\/\/www.professional-haircare.it\/pt-pt\/products\/technical\/texture-pt-pt\/professional-clean-vit-removedor-de-manchas-da-pele\/","url":"https:\/\/www.professional-haircare.it\/pt-pt\/products\/technical\/texture-pt-pt\/professional-clean-vit-removedor-de-manchas-da-pele\/","name":"Professional | Clean Vit - Removedor De Manchas Da Pele","isPartOf":{"@id":"https:\/\/professional-haircare.it\/#website"},"primaryImageOfPage":{"@id":"https:\/\/www.professional-haircare.it\/pt-pt\/products\/technical\/texture-pt-pt\/professional-clean-vit-removedor-de-manchas-da-pele\/#primaryimage"},"image":{"@id":"https:\/\/www.professional-haircare.it\/pt-pt\/products\/technical\/texture-pt-pt\/professional-clean-vit-removedor-de-manchas-da-pele\/#primaryimage"},"thumbnailUrl":"https:\/\/www.professional-haircare.it\/wp-content\/uploads\/2025\/02\/11020_professional_clean_vit_200ml.png","datePublished":"2015-06-30T15:31:25+00:00","dateModified":"2025-02-24T09:45:47+00:00","description":"Clean Vit, removedor de manchas da pele l\u00edquido universal. Remove delicadamente os res\u00edduos de cor e as eventuais manchas da pel","breadcrumb":{"@id":"https:\/\/www.professional-haircare.it\/pt-pt\/products\/technical\/texture-pt-pt\/professional-clean-vit-removedor-de-manchas-da-pele\/#breadcrumb"},"inLanguage":"pt-PT","potentialAction":[{"@type":"ReadAction","target":["https:\/\/www.professional-haircare.it\/pt-pt\/products\/technical\/texture-pt-pt\/professional-clean-vit-removedor-de-manchas-da-pele\/"]}]},{"@type":"ImageObject","inLanguage":"pt-PT","@id":"https:\/\/www.professional-haircare.it\/pt-pt\/products\/technical\/texture-pt-pt\/professional-clean-vit-removedor-de-manchas-da-pele\/#primaryimage","url":"https:\/\/www.professional-haircare.it\/wp-content\/uploads\/2025\/02\/11020_professional_clean_vit_200ml.png","contentUrl":"https:\/\/www.professional-haircare.it\/wp-content\/uploads\/2025\/02\/11020_professional_clean_vit_200ml.png","width":800,"height":800},{"@type":"BreadcrumbList","@id":"https:\/\/www.professional-haircare.it\/pt-pt\/products\/technical\/texture-pt-pt\/professional-clean-vit-removedor-de-manchas-da-pele\/#breadcrumb","itemListElement":[{"@type":"ListItem","position":1,"name":"Home","item":"https:\/\/professional-haircare.it\/pt-pt\/"},{"@type":"ListItem","position":2,"name":"Shop","item":"https:\/\/professional-haircare.it\/shop\/"},{"@type":"ListItem","position":3,"name":"Professional | Clean Vit &#8211; Removedor De Manchas Da Pele"}]},{"@type":"WebSite","@id":"https:\/\/professional-haircare.it\/#website","url":"https:\/\/professional-haircare.it\/","name":"Professional Hair Care","description":"Hair Quality Solutions","potentialAction":[{"@type":"SearchAction","target":{"@type":"EntryPoint","urlTemplate":"https:\/\/professional-haircare.it\/?s={search_term_string}"},"query-input":{"@type":"PropertyValueSpecification","valueRequired":true,"valueName":"search_term_string"}}],"inLanguage":"pt-PT"}]}},"_links":{"self":[{"href":"https:\/\/www.professional-haircare.it\/pt-pt\/wp-json\/wp\/v2\/product\/6546","targetHints":{"allow":["GET"]}}],"collection":[{"href":"https:\/\/www.professional-haircare.it\/pt-pt\/wp-json\/wp\/v2\/product"}],"about":[{"href":"https:\/\/www.professional-haircare.it\/pt-pt\/wp-json\/wp\/v2\/types\/product"}],"replies":[{"embeddable":true,"href":"https:\/\/www.professional-haircare.it\/pt-pt\/wp-json\/wp\/v2\/comments?post=6546"}],"wp:featuredmedia":[{"embeddable":true,"href":"https:\/\/www.professional-haircare.it\/pt-pt\/wp-json\/wp\/v2\/media\/6996"}],"wp:attachment":[{"href":"https:\/\/www.professional-haircare.it\/pt-pt\/wp-json\/wp\/v2\/media?parent=6546"}],"wp:term":[{"taxonomy":"product_brand","embeddable":true,"href":"https:\/\/www.professional-haircare.it\/pt-pt\/wp-json\/wp\/v2\/product_brand?post=6546"},{"taxonomy":"product_cat","embeddable":true,"href":"https:\/\/www.professional-haircare.it\/pt-pt\/wp-json\/wp\/v2\/product_cat?post=6546"},{"taxonomy":"product_tag","embeddable":true,"href":"https:\/\/www.professional-haircare.it\/pt-pt\/wp-json\/wp\/v2\/product_tag?post=6546"}],"curies":[{"name":"wp","href":"https:\/\/api.w.org\/{rel}","templated":true}]}}