{"id":6530,"date":"2015-06-30T08:54:54","date_gmt":"2015-06-30T06:54:54","guid":{"rendered":"https:\/\/www.professional-haircare.it\/products\/sem%20categoria\/x-mode-laca-ecologica-volumizadora\/"},"modified":"2025-12-01T11:25:30","modified_gmt":"2025-12-01T10:25:30","slug":"x-mode-laca-ecologica-volumizadora","status":"publish","type":"product","link":"https:\/\/www.professional-haircare.it\/pt-pt\/products\/finishing-pt-pt\/spray-pt-pt\/x-mode-laca-ecologica-volumizadora\/","title":{"rendered":"X Mode &#8211; Eco Blast | Laca Ecol\u00f3gica Volumizadora"},"content":{"rendered":"","protected":false},"excerpt":{"rendered":"<p><span style=\"font-weight: 400;\">A <\/span><b>\u00a0laca ecol\u00f3gica volumizadora X Mode<\/b><span style=\"font-weight: 400;\"> garante uma <\/span><b>fixa\u00e7\u00e3o natural<\/b><span style=\"font-weight: 400;\"> e <\/span><b>facilita o movimento<\/b><span style=\"font-weight: 400;\"> ondulado ou liso. N\u00e3o deixa res\u00edduos e n\u00e3o cont\u00e9m g\u00e1s.<\/span><\/p>\n<p><span style=\"font-weight: 400;\">Uso profissional<\/span><\/p>\n<p><span style=\"font-weight: 400;\">Frasco de 400 ml<\/span><\/p>\n","protected":false},"featured_media":7049,"comment_status":"closed","ping_status":"closed","template":"","meta":[],"product_brand":[],"product_cat":[882,885],"product_tag":[],"class_list":{"0":"post-6530","1":"product","2":"type-product","3":"status-publish","4":"has-post-thumbnail","6":"product_cat-finishing-pt-pt","7":"product_cat-spray-pt-pt","9":"first","10":"instock","11":"shipping-taxable","12":"product-type-simple"},"yoast_head":"<!-- This site is optimized with the Yoast SEO plugin v26.8 - https:\/\/yoast.com\/product\/yoast-seo-wordpress\/ -->\n<title>X Mode | Laca Ecol\u00f3gica Volumizadora<\/title>\n<meta name=\"description\" content=\"A \u00a0laca ecol\u00f3gica volumizadora X Mode garante uma fixa\u00e7\u00e3o natural e facilita o movimento ondulado ou liso.\" \/>\n<meta name=\"robots\" content=\"index, follow, max-snippet:-1, max-image-preview:large, max-video-preview:-1\" \/>\n<link rel=\"canonical\" href=\"https:\/\/www.professional-haircare.it\/pt-pt\/products\/finishing-pt-pt\/spray-pt-pt\/x-mode-laca-ecologica-volumizadora\/\" \/>\n<meta property=\"og:locale\" content=\"pt_PT\" \/>\n<meta property=\"og:type\" content=\"article\" \/>\n<meta property=\"og:title\" content=\"X Mode | Laca Ecol\u00f3gica Volumizadora\" \/>\n<meta property=\"og:description\" content=\"A \u00a0laca ecol\u00f3gica volumizadora X Mode garante uma fixa\u00e7\u00e3o natural e facilita o movimento ondulado ou liso.\" \/>\n<meta property=\"og:url\" content=\"https:\/\/www.professional-haircare.it\/pt-pt\/products\/finishing-pt-pt\/spray-pt-pt\/x-mode-laca-ecologica-volumizadora\/\" \/>\n<meta property=\"og:site_name\" content=\"Professional Hair Care\" \/>\n<meta property=\"article:modified_time\" content=\"2025-12-01T10:25:30+00:00\" \/>\n<meta property=\"og:image\" content=\"https:\/\/professional-haircare.it\/wp-content\/uploads\/2015\/06\/13020_professional_xmode_ecological_hair_spray_400ml-copia.png\" \/>\n\t<meta property=\"og:image:width\" content=\"600\" \/>\n\t<meta property=\"og:image:height\" content=\"600\" \/>\n\t<meta property=\"og:image:type\" content=\"image\/png\" \/>\n<meta name=\"twitter:card\" content=\"summary_large_image\" \/>\n<meta name=\"twitter:label1\" content=\"Tempo estimado de leitura\" \/>\n\t<meta name=\"twitter:data1\" content=\"1 minuto\" \/>\n<script type=\"application\/ld+json\" class=\"yoast-schema-graph\">{\"@context\":\"https:\/\/schema.org\",\"@graph\":[{\"@type\":\"WebPage\",\"@id\":\"https:\/\/www.professional-haircare.it\/pt-pt\/products\/finishing-pt-pt\/spray-pt-pt\/x-mode-laca-ecologica-volumizadora\/\",\"url\":\"https:\/\/www.professional-haircare.it\/pt-pt\/products\/finishing-pt-pt\/spray-pt-pt\/x-mode-laca-ecologica-volumizadora\/\",\"name\":\"X Mode | Laca Ecol\u00f3gica Volumizadora\",\"isPartOf\":{\"@id\":\"https:\/\/professional-haircare.it\/#website\"},\"primaryImageOfPage\":{\"@id\":\"https:\/\/www.professional-haircare.it\/pt-pt\/products\/finishing-pt-pt\/spray-pt-pt\/x-mode-laca-ecologica-volumizadora\/#primaryimage\"},\"image\":{\"@id\":\"https:\/\/www.professional-haircare.it\/pt-pt\/products\/finishing-pt-pt\/spray-pt-pt\/x-mode-laca-ecologica-volumizadora\/#primaryimage\"},\"thumbnailUrl\":\"https:\/\/www.professional-haircare.it\/wp-content\/uploads\/2015\/06\/13020_professional_xmode_ecological_hair_spray_400ml-copia.png\",\"datePublished\":\"2015-06-30T06:54:54+00:00\",\"dateModified\":\"2025-12-01T10:25:30+00:00\",\"description\":\"A \u00a0laca ecol\u00f3gica volumizadora X Mode garante uma fixa\u00e7\u00e3o natural e facilita o movimento ondulado ou liso.\",\"breadcrumb\":{\"@id\":\"https:\/\/www.professional-haircare.it\/pt-pt\/products\/finishing-pt-pt\/spray-pt-pt\/x-mode-laca-ecologica-volumizadora\/#breadcrumb\"},\"inLanguage\":\"pt-PT\",\"potentialAction\":[{\"@type\":\"ReadAction\",\"target\":[\"https:\/\/www.professional-haircare.it\/pt-pt\/products\/finishing-pt-pt\/spray-pt-pt\/x-mode-laca-ecologica-volumizadora\/\"]}]},{\"@type\":\"ImageObject\",\"inLanguage\":\"pt-PT\",\"@id\":\"https:\/\/www.professional-haircare.it\/pt-pt\/products\/finishing-pt-pt\/spray-pt-pt\/x-mode-laca-ecologica-volumizadora\/#primaryimage\",\"url\":\"https:\/\/www.professional-haircare.it\/wp-content\/uploads\/2015\/06\/13020_professional_xmode_ecological_hair_spray_400ml-copia.png\",\"contentUrl\":\"https:\/\/www.professional-haircare.it\/wp-content\/uploads\/2015\/06\/13020_professional_xmode_ecological_hair_spray_400ml-copia.png\",\"width\":600,\"height\":600},{\"@type\":\"BreadcrumbList\",\"@id\":\"https:\/\/www.professional-haircare.it\/pt-pt\/products\/finishing-pt-pt\/spray-pt-pt\/x-mode-laca-ecologica-volumizadora\/#breadcrumb\",\"itemListElement\":[{\"@type\":\"ListItem\",\"position\":1,\"name\":\"Home\",\"item\":\"https:\/\/professional-haircare.it\/pt-pt\/\"},{\"@type\":\"ListItem\",\"position\":2,\"name\":\"Shop\",\"item\":\"https:\/\/professional-haircare.it\/shop\/\"},{\"@type\":\"ListItem\",\"position\":3,\"name\":\"X Mode &#8211; Eco Blast | Laca Ecol\u00f3gica Volumizadora\"}]},{\"@type\":\"WebSite\",\"@id\":\"https:\/\/professional-haircare.it\/#website\",\"url\":\"https:\/\/professional-haircare.it\/\",\"name\":\"Professional Hair Care\",\"description\":\"Hair Quality Solutions\",\"potentialAction\":[{\"@type\":\"SearchAction\",\"target\":{\"@type\":\"EntryPoint\",\"urlTemplate\":\"https:\/\/professional-haircare.it\/?s={search_term_string}\"},\"query-input\":{\"@type\":\"PropertyValueSpecification\",\"valueRequired\":true,\"valueName\":\"search_term_string\"}}],\"inLanguage\":\"pt-PT\"}]}<\/script>\n<!-- \/ Yoast SEO plugin. -->","yoast_head_json":{"title":"X Mode | Laca Ecol\u00f3gica Volumizadora","description":"A \u00a0laca ecol\u00f3gica volumizadora X Mode garante uma fixa\u00e7\u00e3o natural e facilita o movimento ondulado ou liso.","robots":{"index":"index","follow":"follow","max-snippet":"max-snippet:-1","max-image-preview":"max-image-preview:large","max-video-preview":"max-video-preview:-1"},"canonical":"https:\/\/www.professional-haircare.it\/pt-pt\/products\/finishing-pt-pt\/spray-pt-pt\/x-mode-laca-ecologica-volumizadora\/","og_locale":"pt_PT","og_type":"article","og_title":"X Mode | Laca Ecol\u00f3gica Volumizadora","og_description":"A \u00a0laca ecol\u00f3gica volumizadora X Mode garante uma fixa\u00e7\u00e3o natural e facilita o movimento ondulado ou liso.","og_url":"https:\/\/www.professional-haircare.it\/pt-pt\/products\/finishing-pt-pt\/spray-pt-pt\/x-mode-laca-ecologica-volumizadora\/","og_site_name":"Professional Hair Care","article_modified_time":"2025-12-01T10:25:30+00:00","og_image":[{"width":600,"height":600,"url":"https:\/\/professional-haircare.it\/wp-content\/uploads\/2015\/06\/13020_professional_xmode_ecological_hair_spray_400ml-copia.png","type":"image\/png"}],"twitter_card":"summary_large_image","twitter_misc":{"Tempo estimado de leitura":"1 minuto"},"schema":{"@context":"https:\/\/schema.org","@graph":[{"@type":"WebPage","@id":"https:\/\/www.professional-haircare.it\/pt-pt\/products\/finishing-pt-pt\/spray-pt-pt\/x-mode-laca-ecologica-volumizadora\/","url":"https:\/\/www.professional-haircare.it\/pt-pt\/products\/finishing-pt-pt\/spray-pt-pt\/x-mode-laca-ecologica-volumizadora\/","name":"X Mode | Laca Ecol\u00f3gica Volumizadora","isPartOf":{"@id":"https:\/\/professional-haircare.it\/#website"},"primaryImageOfPage":{"@id":"https:\/\/www.professional-haircare.it\/pt-pt\/products\/finishing-pt-pt\/spray-pt-pt\/x-mode-laca-ecologica-volumizadora\/#primaryimage"},"image":{"@id":"https:\/\/www.professional-haircare.it\/pt-pt\/products\/finishing-pt-pt\/spray-pt-pt\/x-mode-laca-ecologica-volumizadora\/#primaryimage"},"thumbnailUrl":"https:\/\/www.professional-haircare.it\/wp-content\/uploads\/2015\/06\/13020_professional_xmode_ecological_hair_spray_400ml-copia.png","datePublished":"2015-06-30T06:54:54+00:00","dateModified":"2025-12-01T10:25:30+00:00","description":"A \u00a0laca ecol\u00f3gica volumizadora X Mode garante uma fixa\u00e7\u00e3o natural e facilita o movimento ondulado ou liso.","breadcrumb":{"@id":"https:\/\/www.professional-haircare.it\/pt-pt\/products\/finishing-pt-pt\/spray-pt-pt\/x-mode-laca-ecologica-volumizadora\/#breadcrumb"},"inLanguage":"pt-PT","potentialAction":[{"@type":"ReadAction","target":["https:\/\/www.professional-haircare.it\/pt-pt\/products\/finishing-pt-pt\/spray-pt-pt\/x-mode-laca-ecologica-volumizadora\/"]}]},{"@type":"ImageObject","inLanguage":"pt-PT","@id":"https:\/\/www.professional-haircare.it\/pt-pt\/products\/finishing-pt-pt\/spray-pt-pt\/x-mode-laca-ecologica-volumizadora\/#primaryimage","url":"https:\/\/www.professional-haircare.it\/wp-content\/uploads\/2015\/06\/13020_professional_xmode_ecological_hair_spray_400ml-copia.png","contentUrl":"https:\/\/www.professional-haircare.it\/wp-content\/uploads\/2015\/06\/13020_professional_xmode_ecological_hair_spray_400ml-copia.png","width":600,"height":600},{"@type":"BreadcrumbList","@id":"https:\/\/www.professional-haircare.it\/pt-pt\/products\/finishing-pt-pt\/spray-pt-pt\/x-mode-laca-ecologica-volumizadora\/#breadcrumb","itemListElement":[{"@type":"ListItem","position":1,"name":"Home","item":"https:\/\/professional-haircare.it\/pt-pt\/"},{"@type":"ListItem","position":2,"name":"Shop","item":"https:\/\/professional-haircare.it\/shop\/"},{"@type":"ListItem","position":3,"name":"X Mode &#8211; Eco Blast | Laca Ecol\u00f3gica Volumizadora"}]},{"@type":"WebSite","@id":"https:\/\/professional-haircare.it\/#website","url":"https:\/\/professional-haircare.it\/","name":"Professional Hair Care","description":"Hair Quality Solutions","potentialAction":[{"@type":"SearchAction","target":{"@type":"EntryPoint","urlTemplate":"https:\/\/professional-haircare.it\/?s={search_term_string}"},"query-input":{"@type":"PropertyValueSpecification","valueRequired":true,"valueName":"search_term_string"}}],"inLanguage":"pt-PT"}]}},"_links":{"self":[{"href":"https:\/\/www.professional-haircare.it\/pt-pt\/wp-json\/wp\/v2\/product\/6530","targetHints":{"allow":["GET"]}}],"collection":[{"href":"https:\/\/www.professional-haircare.it\/pt-pt\/wp-json\/wp\/v2\/product"}],"about":[{"href":"https:\/\/www.professional-haircare.it\/pt-pt\/wp-json\/wp\/v2\/types\/product"}],"replies":[{"embeddable":true,"href":"https:\/\/www.professional-haircare.it\/pt-pt\/wp-json\/wp\/v2\/comments?post=6530"}],"wp:featuredmedia":[{"embeddable":true,"href":"https:\/\/www.professional-haircare.it\/pt-pt\/wp-json\/wp\/v2\/media\/7049"}],"wp:attachment":[{"href":"https:\/\/www.professional-haircare.it\/pt-pt\/wp-json\/wp\/v2\/media?parent=6530"}],"wp:term":[{"taxonomy":"product_brand","embeddable":true,"href":"https:\/\/www.professional-haircare.it\/pt-pt\/wp-json\/wp\/v2\/product_brand?post=6530"},{"taxonomy":"product_cat","embeddable":true,"href":"https:\/\/www.professional-haircare.it\/pt-pt\/wp-json\/wp\/v2\/product_cat?post=6530"},{"taxonomy":"product_tag","embeddable":true,"href":"https:\/\/www.professional-haircare.it\/pt-pt\/wp-json\/wp\/v2\/product_tag?post=6530"}],"curies":[{"name":"wp","href":"https:\/\/api.w.org\/{rel}","templated":true}]}}