{"id":6527,"date":"2015-06-30T09:41:43","date_gmt":"2015-06-30T07:41:43","guid":{"rendered":"https:\/\/www.professional-haircare.it\/products\/sem%20categoria\/x-mode-cera-modeladora\/"},"modified":"2023-12-20T14:20:37","modified_gmt":"2023-12-20T13:20:37","slug":"x-mode-cera-modeladora","status":"publish","type":"product","link":"https:\/\/www.professional-haircare.it\/pt-pt\/products\/finishing-pt-pt\/wax-cream-pt-pt\/x-mode-cera-modeladora\/","title":{"rendered":"X Mode | Cera Modeladora"},"content":{"rendered":"","protected":false},"excerpt":{"rendered":"<p><b>X Mode, cera modeladora<\/b><span style=\"font-weight: 400;\"> que garante uma elevada defini\u00e7\u00e3o, ideal para criar <\/span><b>qualquer tipo de estilo<\/b><span style=\"font-weight: 400;\">. Proporciona <\/span><b>brilho com efeito espelho<\/b><span style=\"font-weight: 400;\"> ao penteado e promove a separa\u00e7\u00e3o dos fios individuais para dar estrutura. N\u00e3o deixa o cabelo oleoso nem pesado.<\/span><\/p>\n<p><span style=\"font-weight: 400;\">Uso profissional<\/span><\/p>\n<p><span style=\"font-weight: 400;\">Frasco de 100 ml<\/span><\/p>\n","protected":false},"featured_media":4993,"comment_status":"closed","ping_status":"closed","template":"","meta":[],"product_brand":[],"product_cat":[882,886],"product_tag":[],"class_list":{"0":"post-6527","1":"product","2":"type-product","3":"status-publish","4":"has-post-thumbnail","6":"product_cat-finishing-pt-pt","7":"product_cat-wax-cream-pt-pt","9":"first","10":"instock","11":"shipping-taxable","12":"product-type-simple"},"yoast_head":"<!-- This site is optimized with the Yoast SEO plugin v26.8 - https:\/\/yoast.com\/product\/yoast-seo-wordpress\/ -->\n<title>X Mode | Cera Modeladora<\/title>\n<meta name=\"description\" content=\"X Mode, cera modeladora que garante uma elevada defini\u00e7\u00e3o, ideal para criar qualquer tipo de estilo.\" \/>\n<meta name=\"robots\" content=\"index, follow, max-snippet:-1, max-image-preview:large, max-video-preview:-1\" \/>\n<link rel=\"canonical\" href=\"https:\/\/www.professional-haircare.it\/pt-pt\/products\/finishing-pt-pt\/wax-cream-pt-pt\/x-mode-cera-modeladora\/\" \/>\n<meta property=\"og:locale\" content=\"pt_PT\" \/>\n<meta property=\"og:type\" content=\"article\" \/>\n<meta property=\"og:title\" content=\"X Mode | Cera Modeladora\" \/>\n<meta property=\"og:description\" content=\"X Mode, cera modeladora que garante uma elevada defini\u00e7\u00e3o, ideal para criar qualquer tipo de estilo.\" \/>\n<meta property=\"og:url\" content=\"https:\/\/www.professional-haircare.it\/pt-pt\/products\/finishing-pt-pt\/wax-cream-pt-pt\/x-mode-cera-modeladora\/\" \/>\n<meta property=\"og:site_name\" content=\"Professional Hair Care\" \/>\n<meta property=\"article:modified_time\" content=\"2023-12-20T13:20:37+00:00\" \/>\n<meta property=\"og:image\" content=\"https:\/\/professional-haircare.it\/wp-content\/uploads\/2015\/06\/professional_xmode_cera_modellante.png\" \/>\n\t<meta property=\"og:image:width\" content=\"500\" \/>\n\t<meta property=\"og:image:height\" content=\"500\" \/>\n\t<meta property=\"og:image:type\" content=\"image\/png\" \/>\n<meta name=\"twitter:card\" content=\"summary_large_image\" \/>\n<script type=\"application\/ld+json\" class=\"yoast-schema-graph\">{\"@context\":\"https:\/\/schema.org\",\"@graph\":[{\"@type\":\"WebPage\",\"@id\":\"https:\/\/www.professional-haircare.it\/pt-pt\/products\/finishing-pt-pt\/wax-cream-pt-pt\/x-mode-cera-modeladora\/\",\"url\":\"https:\/\/www.professional-haircare.it\/pt-pt\/products\/finishing-pt-pt\/wax-cream-pt-pt\/x-mode-cera-modeladora\/\",\"name\":\"X Mode | Cera Modeladora\",\"isPartOf\":{\"@id\":\"https:\/\/professional-haircare.it\/#website\"},\"primaryImageOfPage\":{\"@id\":\"https:\/\/www.professional-haircare.it\/pt-pt\/products\/finishing-pt-pt\/wax-cream-pt-pt\/x-mode-cera-modeladora\/#primaryimage\"},\"image\":{\"@id\":\"https:\/\/www.professional-haircare.it\/pt-pt\/products\/finishing-pt-pt\/wax-cream-pt-pt\/x-mode-cera-modeladora\/#primaryimage\"},\"thumbnailUrl\":\"https:\/\/www.professional-haircare.it\/wp-content\/uploads\/2015\/06\/professional_xmode_cera_modellante.png\",\"datePublished\":\"2015-06-30T07:41:43+00:00\",\"dateModified\":\"2023-12-20T13:20:37+00:00\",\"description\":\"X Mode, cera modeladora que garante uma elevada defini\u00e7\u00e3o, ideal para criar qualquer tipo de estilo.\",\"breadcrumb\":{\"@id\":\"https:\/\/www.professional-haircare.it\/pt-pt\/products\/finishing-pt-pt\/wax-cream-pt-pt\/x-mode-cera-modeladora\/#breadcrumb\"},\"inLanguage\":\"pt-PT\",\"potentialAction\":[{\"@type\":\"ReadAction\",\"target\":[\"https:\/\/www.professional-haircare.it\/pt-pt\/products\/finishing-pt-pt\/wax-cream-pt-pt\/x-mode-cera-modeladora\/\"]}]},{\"@type\":\"ImageObject\",\"inLanguage\":\"pt-PT\",\"@id\":\"https:\/\/www.professional-haircare.it\/pt-pt\/products\/finishing-pt-pt\/wax-cream-pt-pt\/x-mode-cera-modeladora\/#primaryimage\",\"url\":\"https:\/\/www.professional-haircare.it\/wp-content\/uploads\/2015\/06\/professional_xmode_cera_modellante.png\",\"contentUrl\":\"https:\/\/www.professional-haircare.it\/wp-content\/uploads\/2015\/06\/professional_xmode_cera_modellante.png\",\"width\":500,\"height\":500},{\"@type\":\"BreadcrumbList\",\"@id\":\"https:\/\/www.professional-haircare.it\/pt-pt\/products\/finishing-pt-pt\/wax-cream-pt-pt\/x-mode-cera-modeladora\/#breadcrumb\",\"itemListElement\":[{\"@type\":\"ListItem\",\"position\":1,\"name\":\"Home\",\"item\":\"https:\/\/professional-haircare.it\/pt-pt\/\"},{\"@type\":\"ListItem\",\"position\":2,\"name\":\"Shop\",\"item\":\"https:\/\/professional-haircare.it\/shop\/\"},{\"@type\":\"ListItem\",\"position\":3,\"name\":\"X Mode | Cera Modeladora\"}]},{\"@type\":\"WebSite\",\"@id\":\"https:\/\/professional-haircare.it\/#website\",\"url\":\"https:\/\/professional-haircare.it\/\",\"name\":\"Professional Hair Care\",\"description\":\"Hair Quality Solutions\",\"potentialAction\":[{\"@type\":\"SearchAction\",\"target\":{\"@type\":\"EntryPoint\",\"urlTemplate\":\"https:\/\/professional-haircare.it\/?s={search_term_string}\"},\"query-input\":{\"@type\":\"PropertyValueSpecification\",\"valueRequired\":true,\"valueName\":\"search_term_string\"}}],\"inLanguage\":\"pt-PT\"}]}<\/script>\n<!-- \/ Yoast SEO plugin. -->","yoast_head_json":{"title":"X Mode | Cera Modeladora","description":"X Mode, cera modeladora que garante uma elevada defini\u00e7\u00e3o, ideal para criar qualquer tipo de estilo.","robots":{"index":"index","follow":"follow","max-snippet":"max-snippet:-1","max-image-preview":"max-image-preview:large","max-video-preview":"max-video-preview:-1"},"canonical":"https:\/\/www.professional-haircare.it\/pt-pt\/products\/finishing-pt-pt\/wax-cream-pt-pt\/x-mode-cera-modeladora\/","og_locale":"pt_PT","og_type":"article","og_title":"X Mode | Cera Modeladora","og_description":"X Mode, cera modeladora que garante uma elevada defini\u00e7\u00e3o, ideal para criar qualquer tipo de estilo.","og_url":"https:\/\/www.professional-haircare.it\/pt-pt\/products\/finishing-pt-pt\/wax-cream-pt-pt\/x-mode-cera-modeladora\/","og_site_name":"Professional Hair Care","article_modified_time":"2023-12-20T13:20:37+00:00","og_image":[{"width":500,"height":500,"url":"https:\/\/professional-haircare.it\/wp-content\/uploads\/2015\/06\/professional_xmode_cera_modellante.png","type":"image\/png"}],"twitter_card":"summary_large_image","schema":{"@context":"https:\/\/schema.org","@graph":[{"@type":"WebPage","@id":"https:\/\/www.professional-haircare.it\/pt-pt\/products\/finishing-pt-pt\/wax-cream-pt-pt\/x-mode-cera-modeladora\/","url":"https:\/\/www.professional-haircare.it\/pt-pt\/products\/finishing-pt-pt\/wax-cream-pt-pt\/x-mode-cera-modeladora\/","name":"X Mode | Cera Modeladora","isPartOf":{"@id":"https:\/\/professional-haircare.it\/#website"},"primaryImageOfPage":{"@id":"https:\/\/www.professional-haircare.it\/pt-pt\/products\/finishing-pt-pt\/wax-cream-pt-pt\/x-mode-cera-modeladora\/#primaryimage"},"image":{"@id":"https:\/\/www.professional-haircare.it\/pt-pt\/products\/finishing-pt-pt\/wax-cream-pt-pt\/x-mode-cera-modeladora\/#primaryimage"},"thumbnailUrl":"https:\/\/www.professional-haircare.it\/wp-content\/uploads\/2015\/06\/professional_xmode_cera_modellante.png","datePublished":"2015-06-30T07:41:43+00:00","dateModified":"2023-12-20T13:20:37+00:00","description":"X Mode, cera modeladora que garante uma elevada defini\u00e7\u00e3o, ideal para criar qualquer tipo de estilo.","breadcrumb":{"@id":"https:\/\/www.professional-haircare.it\/pt-pt\/products\/finishing-pt-pt\/wax-cream-pt-pt\/x-mode-cera-modeladora\/#breadcrumb"},"inLanguage":"pt-PT","potentialAction":[{"@type":"ReadAction","target":["https:\/\/www.professional-haircare.it\/pt-pt\/products\/finishing-pt-pt\/wax-cream-pt-pt\/x-mode-cera-modeladora\/"]}]},{"@type":"ImageObject","inLanguage":"pt-PT","@id":"https:\/\/www.professional-haircare.it\/pt-pt\/products\/finishing-pt-pt\/wax-cream-pt-pt\/x-mode-cera-modeladora\/#primaryimage","url":"https:\/\/www.professional-haircare.it\/wp-content\/uploads\/2015\/06\/professional_xmode_cera_modellante.png","contentUrl":"https:\/\/www.professional-haircare.it\/wp-content\/uploads\/2015\/06\/professional_xmode_cera_modellante.png","width":500,"height":500},{"@type":"BreadcrumbList","@id":"https:\/\/www.professional-haircare.it\/pt-pt\/products\/finishing-pt-pt\/wax-cream-pt-pt\/x-mode-cera-modeladora\/#breadcrumb","itemListElement":[{"@type":"ListItem","position":1,"name":"Home","item":"https:\/\/professional-haircare.it\/pt-pt\/"},{"@type":"ListItem","position":2,"name":"Shop","item":"https:\/\/professional-haircare.it\/shop\/"},{"@type":"ListItem","position":3,"name":"X Mode | Cera Modeladora"}]},{"@type":"WebSite","@id":"https:\/\/professional-haircare.it\/#website","url":"https:\/\/professional-haircare.it\/","name":"Professional Hair Care","description":"Hair Quality Solutions","potentialAction":[{"@type":"SearchAction","target":{"@type":"EntryPoint","urlTemplate":"https:\/\/professional-haircare.it\/?s={search_term_string}"},"query-input":{"@type":"PropertyValueSpecification","valueRequired":true,"valueName":"search_term_string"}}],"inLanguage":"pt-PT"}]}},"_links":{"self":[{"href":"https:\/\/www.professional-haircare.it\/pt-pt\/wp-json\/wp\/v2\/product\/6527","targetHints":{"allow":["GET"]}}],"collection":[{"href":"https:\/\/www.professional-haircare.it\/pt-pt\/wp-json\/wp\/v2\/product"}],"about":[{"href":"https:\/\/www.professional-haircare.it\/pt-pt\/wp-json\/wp\/v2\/types\/product"}],"replies":[{"embeddable":true,"href":"https:\/\/www.professional-haircare.it\/pt-pt\/wp-json\/wp\/v2\/comments?post=6527"}],"wp:featuredmedia":[{"embeddable":true,"href":"https:\/\/www.professional-haircare.it\/pt-pt\/wp-json\/wp\/v2\/media\/4993"}],"wp:attachment":[{"href":"https:\/\/www.professional-haircare.it\/pt-pt\/wp-json\/wp\/v2\/media?parent=6527"}],"wp:term":[{"taxonomy":"product_brand","embeddable":true,"href":"https:\/\/www.professional-haircare.it\/pt-pt\/wp-json\/wp\/v2\/product_brand?post=6527"},{"taxonomy":"product_cat","embeddable":true,"href":"https:\/\/www.professional-haircare.it\/pt-pt\/wp-json\/wp\/v2\/product_cat?post=6527"},{"taxonomy":"product_tag","embeddable":true,"href":"https:\/\/www.professional-haircare.it\/pt-pt\/wp-json\/wp\/v2\/product_tag?post=6527"}],"curies":[{"name":"wp","href":"https:\/\/api.w.org\/{rel}","templated":true}]}}