{"id":6526,"date":"2015-06-30T09:46:50","date_gmt":"2015-06-30T07:46:50","guid":{"rendered":"https:\/\/www.professional-haircare.it\/products\/sem%20categoria\/x-mode-fix-matt-cera-mate\/"},"modified":"2024-06-26T15:33:51","modified_gmt":"2024-06-26T13:33:51","slug":"x-mode-fix-matt-cera-mate","status":"publish","type":"product","link":"https:\/\/www.professional-haircare.it\/pt-pt\/products\/finishing-pt-pt\/wax-cream-pt-pt\/x-mode-fix-matt-cera-mate\/","title":{"rendered":"X Mode | Fix Matt &#8211; Cera Mate"},"content":{"rendered":"","protected":false},"excerpt":{"rendered":"<p><b>X Mode Fix Matt <\/b><span style=\"font-weight: 400;\">cera mate, permite modelar com uma <\/span><b>fixa\u00e7\u00e3o m\u00e9dia<\/b><span style=\"font-weight: 400;\">. Cria uma boa <\/span><b>defini\u00e7\u00e3o dos fios<\/b><span style=\"font-weight: 400;\"> e \u00e9 facilmente removida com uma \u00fanica lavagem. N\u00e3o deixa o cabelo oleoso nem pesado.<\/span><\/p>\n<p><span style=\"font-weight: 400;\">Uso profissional<\/span><\/p>\n<p><span style=\"font-weight: 400;\">100 ml<\/span><\/p>\n","protected":false},"featured_media":6895,"comment_status":"closed","ping_status":"closed","template":"","meta":[],"product_brand":[],"product_cat":[882,886],"product_tag":[],"class_list":{"0":"post-6526","1":"product","2":"type-product","3":"status-publish","4":"has-post-thumbnail","6":"product_cat-finishing-pt-pt","7":"product_cat-wax-cream-pt-pt","9":"first","10":"instock","11":"shipping-taxable","12":"product-type-simple"},"yoast_head":"<!-- This site is optimized with the Yoast SEO plugin v26.8 - https:\/\/yoast.com\/product\/yoast-seo-wordpress\/ -->\n<title>X Mode | Fix Matt - Cera Mate<\/title>\n<meta name=\"description\" content=\"X Mode Fix Matt cera mate, permite modelar com uma fixa\u00e7\u00e3o leve. Cria uma boa defini\u00e7\u00e3o dos fios e \u00e9 facilmente removida com uma \u00fanica lavagem.\" \/>\n<meta name=\"robots\" content=\"index, follow, max-snippet:-1, max-image-preview:large, max-video-preview:-1\" \/>\n<link rel=\"canonical\" href=\"https:\/\/www.professional-haircare.it\/pt-pt\/products\/finishing-pt-pt\/wax-cream-pt-pt\/x-mode-fix-matt-cera-mate\/\" \/>\n<meta property=\"og:locale\" content=\"pt_PT\" \/>\n<meta property=\"og:type\" content=\"article\" \/>\n<meta property=\"og:title\" content=\"X Mode | Fix Matt - Cera Mate\" \/>\n<meta property=\"og:description\" content=\"X Mode Fix Matt cera mate, permite modelar com uma fixa\u00e7\u00e3o leve. Cria uma boa defini\u00e7\u00e3o dos fios e \u00e9 facilmente removida com uma \u00fanica lavagem.\" \/>\n<meta property=\"og:url\" content=\"https:\/\/www.professional-haircare.it\/pt-pt\/products\/finishing-pt-pt\/wax-cream-pt-pt\/x-mode-fix-matt-cera-mate\/\" \/>\n<meta property=\"og:site_name\" content=\"Professional Hair Care\" \/>\n<meta property=\"article:modified_time\" content=\"2024-06-26T13:33:51+00:00\" \/>\n<meta property=\"og:image\" content=\"https:\/\/professional-haircare.it\/wp-content\/uploads\/2024\/06\/13005_professional_x_mode_fix-matt.png\" \/>\n\t<meta property=\"og:image:width\" content=\"800\" \/>\n\t<meta property=\"og:image:height\" content=\"800\" \/>\n\t<meta property=\"og:image:type\" content=\"image\/png\" \/>\n<meta name=\"twitter:card\" content=\"summary_large_image\" \/>\n<meta name=\"twitter:label1\" content=\"Tempo estimado de leitura\" \/>\n\t<meta name=\"twitter:data1\" content=\"1 minuto\" \/>\n<script type=\"application\/ld+json\" class=\"yoast-schema-graph\">{\"@context\":\"https:\/\/schema.org\",\"@graph\":[{\"@type\":\"WebPage\",\"@id\":\"https:\/\/www.professional-haircare.it\/pt-pt\/products\/finishing-pt-pt\/wax-cream-pt-pt\/x-mode-fix-matt-cera-mate\/\",\"url\":\"https:\/\/www.professional-haircare.it\/pt-pt\/products\/finishing-pt-pt\/wax-cream-pt-pt\/x-mode-fix-matt-cera-mate\/\",\"name\":\"X Mode | Fix Matt - Cera Mate\",\"isPartOf\":{\"@id\":\"https:\/\/professional-haircare.it\/#website\"},\"primaryImageOfPage\":{\"@id\":\"https:\/\/www.professional-haircare.it\/pt-pt\/products\/finishing-pt-pt\/wax-cream-pt-pt\/x-mode-fix-matt-cera-mate\/#primaryimage\"},\"image\":{\"@id\":\"https:\/\/www.professional-haircare.it\/pt-pt\/products\/finishing-pt-pt\/wax-cream-pt-pt\/x-mode-fix-matt-cera-mate\/#primaryimage\"},\"thumbnailUrl\":\"https:\/\/www.professional-haircare.it\/wp-content\/uploads\/2024\/06\/13005_professional_x_mode_fix-matt.png\",\"datePublished\":\"2015-06-30T07:46:50+00:00\",\"dateModified\":\"2024-06-26T13:33:51+00:00\",\"description\":\"X Mode Fix Matt cera mate, permite modelar com uma fixa\u00e7\u00e3o leve. Cria uma boa defini\u00e7\u00e3o dos fios e \u00e9 facilmente removida com uma \u00fanica lavagem.\",\"breadcrumb\":{\"@id\":\"https:\/\/www.professional-haircare.it\/pt-pt\/products\/finishing-pt-pt\/wax-cream-pt-pt\/x-mode-fix-matt-cera-mate\/#breadcrumb\"},\"inLanguage\":\"pt-PT\",\"potentialAction\":[{\"@type\":\"ReadAction\",\"target\":[\"https:\/\/www.professional-haircare.it\/pt-pt\/products\/finishing-pt-pt\/wax-cream-pt-pt\/x-mode-fix-matt-cera-mate\/\"]}]},{\"@type\":\"ImageObject\",\"inLanguage\":\"pt-PT\",\"@id\":\"https:\/\/www.professional-haircare.it\/pt-pt\/products\/finishing-pt-pt\/wax-cream-pt-pt\/x-mode-fix-matt-cera-mate\/#primaryimage\",\"url\":\"https:\/\/www.professional-haircare.it\/wp-content\/uploads\/2024\/06\/13005_professional_x_mode_fix-matt.png\",\"contentUrl\":\"https:\/\/www.professional-haircare.it\/wp-content\/uploads\/2024\/06\/13005_professional_x_mode_fix-matt.png\",\"width\":800,\"height\":800},{\"@type\":\"BreadcrumbList\",\"@id\":\"https:\/\/www.professional-haircare.it\/pt-pt\/products\/finishing-pt-pt\/wax-cream-pt-pt\/x-mode-fix-matt-cera-mate\/#breadcrumb\",\"itemListElement\":[{\"@type\":\"ListItem\",\"position\":1,\"name\":\"Home\",\"item\":\"https:\/\/professional-haircare.it\/pt-pt\/\"},{\"@type\":\"ListItem\",\"position\":2,\"name\":\"Shop\",\"item\":\"https:\/\/professional-haircare.it\/shop\/\"},{\"@type\":\"ListItem\",\"position\":3,\"name\":\"X Mode | Fix Matt &#8211; Cera Mate\"}]},{\"@type\":\"WebSite\",\"@id\":\"https:\/\/professional-haircare.it\/#website\",\"url\":\"https:\/\/professional-haircare.it\/\",\"name\":\"Professional Hair Care\",\"description\":\"Hair Quality Solutions\",\"potentialAction\":[{\"@type\":\"SearchAction\",\"target\":{\"@type\":\"EntryPoint\",\"urlTemplate\":\"https:\/\/professional-haircare.it\/?s={search_term_string}\"},\"query-input\":{\"@type\":\"PropertyValueSpecification\",\"valueRequired\":true,\"valueName\":\"search_term_string\"}}],\"inLanguage\":\"pt-PT\"}]}<\/script>\n<!-- \/ Yoast SEO plugin. -->","yoast_head_json":{"title":"X Mode | Fix Matt - Cera Mate","description":"X Mode Fix Matt cera mate, permite modelar com uma fixa\u00e7\u00e3o leve. Cria uma boa defini\u00e7\u00e3o dos fios e \u00e9 facilmente removida com uma \u00fanica lavagem.","robots":{"index":"index","follow":"follow","max-snippet":"max-snippet:-1","max-image-preview":"max-image-preview:large","max-video-preview":"max-video-preview:-1"},"canonical":"https:\/\/www.professional-haircare.it\/pt-pt\/products\/finishing-pt-pt\/wax-cream-pt-pt\/x-mode-fix-matt-cera-mate\/","og_locale":"pt_PT","og_type":"article","og_title":"X Mode | Fix Matt - Cera Mate","og_description":"X Mode Fix Matt cera mate, permite modelar com uma fixa\u00e7\u00e3o leve. Cria uma boa defini\u00e7\u00e3o dos fios e \u00e9 facilmente removida com uma \u00fanica lavagem.","og_url":"https:\/\/www.professional-haircare.it\/pt-pt\/products\/finishing-pt-pt\/wax-cream-pt-pt\/x-mode-fix-matt-cera-mate\/","og_site_name":"Professional Hair Care","article_modified_time":"2024-06-26T13:33:51+00:00","og_image":[{"width":800,"height":800,"url":"https:\/\/professional-haircare.it\/wp-content\/uploads\/2024\/06\/13005_professional_x_mode_fix-matt.png","type":"image\/png"}],"twitter_card":"summary_large_image","twitter_misc":{"Tempo estimado de leitura":"1 minuto"},"schema":{"@context":"https:\/\/schema.org","@graph":[{"@type":"WebPage","@id":"https:\/\/www.professional-haircare.it\/pt-pt\/products\/finishing-pt-pt\/wax-cream-pt-pt\/x-mode-fix-matt-cera-mate\/","url":"https:\/\/www.professional-haircare.it\/pt-pt\/products\/finishing-pt-pt\/wax-cream-pt-pt\/x-mode-fix-matt-cera-mate\/","name":"X Mode | Fix Matt - Cera Mate","isPartOf":{"@id":"https:\/\/professional-haircare.it\/#website"},"primaryImageOfPage":{"@id":"https:\/\/www.professional-haircare.it\/pt-pt\/products\/finishing-pt-pt\/wax-cream-pt-pt\/x-mode-fix-matt-cera-mate\/#primaryimage"},"image":{"@id":"https:\/\/www.professional-haircare.it\/pt-pt\/products\/finishing-pt-pt\/wax-cream-pt-pt\/x-mode-fix-matt-cera-mate\/#primaryimage"},"thumbnailUrl":"https:\/\/www.professional-haircare.it\/wp-content\/uploads\/2024\/06\/13005_professional_x_mode_fix-matt.png","datePublished":"2015-06-30T07:46:50+00:00","dateModified":"2024-06-26T13:33:51+00:00","description":"X Mode Fix Matt cera mate, permite modelar com uma fixa\u00e7\u00e3o leve. Cria uma boa defini\u00e7\u00e3o dos fios e \u00e9 facilmente removida com uma \u00fanica lavagem.","breadcrumb":{"@id":"https:\/\/www.professional-haircare.it\/pt-pt\/products\/finishing-pt-pt\/wax-cream-pt-pt\/x-mode-fix-matt-cera-mate\/#breadcrumb"},"inLanguage":"pt-PT","potentialAction":[{"@type":"ReadAction","target":["https:\/\/www.professional-haircare.it\/pt-pt\/products\/finishing-pt-pt\/wax-cream-pt-pt\/x-mode-fix-matt-cera-mate\/"]}]},{"@type":"ImageObject","inLanguage":"pt-PT","@id":"https:\/\/www.professional-haircare.it\/pt-pt\/products\/finishing-pt-pt\/wax-cream-pt-pt\/x-mode-fix-matt-cera-mate\/#primaryimage","url":"https:\/\/www.professional-haircare.it\/wp-content\/uploads\/2024\/06\/13005_professional_x_mode_fix-matt.png","contentUrl":"https:\/\/www.professional-haircare.it\/wp-content\/uploads\/2024\/06\/13005_professional_x_mode_fix-matt.png","width":800,"height":800},{"@type":"BreadcrumbList","@id":"https:\/\/www.professional-haircare.it\/pt-pt\/products\/finishing-pt-pt\/wax-cream-pt-pt\/x-mode-fix-matt-cera-mate\/#breadcrumb","itemListElement":[{"@type":"ListItem","position":1,"name":"Home","item":"https:\/\/professional-haircare.it\/pt-pt\/"},{"@type":"ListItem","position":2,"name":"Shop","item":"https:\/\/professional-haircare.it\/shop\/"},{"@type":"ListItem","position":3,"name":"X Mode | Fix Matt &#8211; Cera Mate"}]},{"@type":"WebSite","@id":"https:\/\/professional-haircare.it\/#website","url":"https:\/\/professional-haircare.it\/","name":"Professional Hair Care","description":"Hair Quality Solutions","potentialAction":[{"@type":"SearchAction","target":{"@type":"EntryPoint","urlTemplate":"https:\/\/professional-haircare.it\/?s={search_term_string}"},"query-input":{"@type":"PropertyValueSpecification","valueRequired":true,"valueName":"search_term_string"}}],"inLanguage":"pt-PT"}]}},"_links":{"self":[{"href":"https:\/\/www.professional-haircare.it\/pt-pt\/wp-json\/wp\/v2\/product\/6526","targetHints":{"allow":["GET"]}}],"collection":[{"href":"https:\/\/www.professional-haircare.it\/pt-pt\/wp-json\/wp\/v2\/product"}],"about":[{"href":"https:\/\/www.professional-haircare.it\/pt-pt\/wp-json\/wp\/v2\/types\/product"}],"replies":[{"embeddable":true,"href":"https:\/\/www.professional-haircare.it\/pt-pt\/wp-json\/wp\/v2\/comments?post=6526"}],"wp:featuredmedia":[{"embeddable":true,"href":"https:\/\/www.professional-haircare.it\/pt-pt\/wp-json\/wp\/v2\/media\/6895"}],"wp:attachment":[{"href":"https:\/\/www.professional-haircare.it\/pt-pt\/wp-json\/wp\/v2\/media?parent=6526"}],"wp:term":[{"taxonomy":"product_brand","embeddable":true,"href":"https:\/\/www.professional-haircare.it\/pt-pt\/wp-json\/wp\/v2\/product_brand?post=6526"},{"taxonomy":"product_cat","embeddable":true,"href":"https:\/\/www.professional-haircare.it\/pt-pt\/wp-json\/wp\/v2\/product_cat?post=6526"},{"taxonomy":"product_tag","embeddable":true,"href":"https:\/\/www.professional-haircare.it\/pt-pt\/wp-json\/wp\/v2\/product_tag?post=6526"}],"curies":[{"name":"wp","href":"https:\/\/api.w.org\/{rel}","templated":true}]}}