{"id":6518,"date":"2015-06-30T11:34:25","date_gmt":"2015-06-30T09:34:25","guid":{"rendered":"https:\/\/www.professional-haircare.it\/products\/sem%20categoria\/x-mode-espuma-direcional\/"},"modified":"2024-04-17T15:43:16","modified_gmt":"2024-04-17T13:43:16","slug":"x-mode-power-control","status":"publish","type":"product","link":"https:\/\/www.professional-haircare.it\/pt-pt\/products\/finishing-pt-pt\/mousse-pt-pt\/x-mode-power-control\/","title":{"rendered":"X Mode | Power Control"},"content":{"rendered":"","protected":false},"excerpt":{"rendered":"<p><b>X Mode, Power Control<\/b><span style=\"font-weight: 400;\">\u00a0que confere ao penteado uma personaliza\u00e7\u00e3o \u00fanica, conferindo<\/span><b> corpo e suporte<\/b><span style=\"font-weight: 400;\">. N\u00e3o deixa res\u00edduos no cabelo e n\u00e3o pesa. Fixa todos os tipos de penteados com <\/span><b>fixa\u00e7\u00e3o extrema<\/b><span style=\"font-weight: 400;\">.<\/span><\/p>\n<p><span style=\"font-weight: 400;\">Uso profissional<\/span><\/p>\n<p><span style=\"font-weight: 400;\">Frasco de 300 ml<\/span><\/p>\n","protected":false},"featured_media":6863,"comment_status":"closed","ping_status":"closed","template":"","meta":[],"product_brand":[],"product_cat":[882,884],"product_tag":[],"class_list":{"0":"post-6518","1":"product","2":"type-product","3":"status-publish","4":"has-post-thumbnail","6":"product_cat-finishing-pt-pt","7":"product_cat-mousse-pt-pt","9":"first","10":"instock","11":"shipping-taxable","12":"product-type-simple"},"yoast_head":"<!-- This site is optimized with the Yoast SEO plugin v26.8 - https:\/\/yoast.com\/product\/yoast-seo-wordpress\/ -->\n<title>X Mode | Power Control<\/title>\n<meta name=\"description\" content=\"X Mode, Power Control que confere ao penteado uma personaliza\u00e7\u00e3o \u00fanica, conferindo corpo e suporte.\" \/>\n<meta name=\"robots\" content=\"index, follow, max-snippet:-1, max-image-preview:large, max-video-preview:-1\" \/>\n<link rel=\"canonical\" href=\"https:\/\/www.professional-haircare.it\/pt-pt\/products\/finishing-pt-pt\/mousse-pt-pt\/x-mode-power-control\/\" \/>\n<meta property=\"og:locale\" content=\"pt_PT\" \/>\n<meta property=\"og:type\" content=\"article\" \/>\n<meta property=\"og:title\" content=\"X Mode | Power Control\" \/>\n<meta property=\"og:description\" content=\"X Mode, Power Control que confere ao penteado uma personaliza\u00e7\u00e3o \u00fanica, conferindo corpo e suporte.\" \/>\n<meta property=\"og:url\" content=\"https:\/\/www.professional-haircare.it\/pt-pt\/products\/finishing-pt-pt\/mousse-pt-pt\/x-mode-power-control\/\" \/>\n<meta property=\"og:site_name\" content=\"Professional Hair Care\" \/>\n<meta property=\"article:modified_time\" content=\"2024-04-17T13:43:16+00:00\" \/>\n<meta property=\"og:image\" content=\"https:\/\/professional-haircare.it\/wp-content\/uploads\/2024\/04\/13030_professional_x_mode_power_control_300ml.png\" \/>\n\t<meta property=\"og:image:width\" content=\"800\" \/>\n\t<meta property=\"og:image:height\" content=\"800\" \/>\n\t<meta property=\"og:image:type\" content=\"image\/png\" \/>\n<meta name=\"twitter:card\" content=\"summary_large_image\" \/>\n<script type=\"application\/ld+json\" class=\"yoast-schema-graph\">{\"@context\":\"https:\/\/schema.org\",\"@graph\":[{\"@type\":\"WebPage\",\"@id\":\"https:\/\/www.professional-haircare.it\/pt-pt\/products\/finishing-pt-pt\/mousse-pt-pt\/x-mode-power-control\/\",\"url\":\"https:\/\/www.professional-haircare.it\/pt-pt\/products\/finishing-pt-pt\/mousse-pt-pt\/x-mode-power-control\/\",\"name\":\"X Mode | Power Control\",\"isPartOf\":{\"@id\":\"https:\/\/professional-haircare.it\/#website\"},\"primaryImageOfPage\":{\"@id\":\"https:\/\/www.professional-haircare.it\/pt-pt\/products\/finishing-pt-pt\/mousse-pt-pt\/x-mode-power-control\/#primaryimage\"},\"image\":{\"@id\":\"https:\/\/www.professional-haircare.it\/pt-pt\/products\/finishing-pt-pt\/mousse-pt-pt\/x-mode-power-control\/#primaryimage\"},\"thumbnailUrl\":\"https:\/\/www.professional-haircare.it\/wp-content\/uploads\/2024\/04\/13030_professional_x_mode_power_control_300ml.png\",\"datePublished\":\"2015-06-30T09:34:25+00:00\",\"dateModified\":\"2024-04-17T13:43:16+00:00\",\"description\":\"X Mode, Power Control que confere ao penteado uma personaliza\u00e7\u00e3o \u00fanica, conferindo corpo e suporte.\",\"breadcrumb\":{\"@id\":\"https:\/\/www.professional-haircare.it\/pt-pt\/products\/finishing-pt-pt\/mousse-pt-pt\/x-mode-power-control\/#breadcrumb\"},\"inLanguage\":\"pt-PT\",\"potentialAction\":[{\"@type\":\"ReadAction\",\"target\":[\"https:\/\/www.professional-haircare.it\/pt-pt\/products\/finishing-pt-pt\/mousse-pt-pt\/x-mode-power-control\/\"]}]},{\"@type\":\"ImageObject\",\"inLanguage\":\"pt-PT\",\"@id\":\"https:\/\/www.professional-haircare.it\/pt-pt\/products\/finishing-pt-pt\/mousse-pt-pt\/x-mode-power-control\/#primaryimage\",\"url\":\"https:\/\/www.professional-haircare.it\/wp-content\/uploads\/2024\/04\/13030_professional_x_mode_power_control_300ml.png\",\"contentUrl\":\"https:\/\/www.professional-haircare.it\/wp-content\/uploads\/2024\/04\/13030_professional_x_mode_power_control_300ml.png\",\"width\":800,\"height\":800},{\"@type\":\"BreadcrumbList\",\"@id\":\"https:\/\/www.professional-haircare.it\/pt-pt\/products\/finishing-pt-pt\/mousse-pt-pt\/x-mode-power-control\/#breadcrumb\",\"itemListElement\":[{\"@type\":\"ListItem\",\"position\":1,\"name\":\"Home\",\"item\":\"https:\/\/professional-haircare.it\/pt-pt\/\"},{\"@type\":\"ListItem\",\"position\":2,\"name\":\"Shop\",\"item\":\"https:\/\/professional-haircare.it\/shop\/\"},{\"@type\":\"ListItem\",\"position\":3,\"name\":\"X Mode | Power Control\"}]},{\"@type\":\"WebSite\",\"@id\":\"https:\/\/professional-haircare.it\/#website\",\"url\":\"https:\/\/professional-haircare.it\/\",\"name\":\"Professional Hair Care\",\"description\":\"Hair Quality Solutions\",\"potentialAction\":[{\"@type\":\"SearchAction\",\"target\":{\"@type\":\"EntryPoint\",\"urlTemplate\":\"https:\/\/professional-haircare.it\/?s={search_term_string}\"},\"query-input\":{\"@type\":\"PropertyValueSpecification\",\"valueRequired\":true,\"valueName\":\"search_term_string\"}}],\"inLanguage\":\"pt-PT\"}]}<\/script>\n<!-- \/ Yoast SEO plugin. -->","yoast_head_json":{"title":"X Mode | Power Control","description":"X Mode, Power Control que confere ao penteado uma personaliza\u00e7\u00e3o \u00fanica, conferindo corpo e suporte.","robots":{"index":"index","follow":"follow","max-snippet":"max-snippet:-1","max-image-preview":"max-image-preview:large","max-video-preview":"max-video-preview:-1"},"canonical":"https:\/\/www.professional-haircare.it\/pt-pt\/products\/finishing-pt-pt\/mousse-pt-pt\/x-mode-power-control\/","og_locale":"pt_PT","og_type":"article","og_title":"X Mode | Power Control","og_description":"X Mode, Power Control que confere ao penteado uma personaliza\u00e7\u00e3o \u00fanica, conferindo corpo e suporte.","og_url":"https:\/\/www.professional-haircare.it\/pt-pt\/products\/finishing-pt-pt\/mousse-pt-pt\/x-mode-power-control\/","og_site_name":"Professional Hair Care","article_modified_time":"2024-04-17T13:43:16+00:00","og_image":[{"width":800,"height":800,"url":"https:\/\/professional-haircare.it\/wp-content\/uploads\/2024\/04\/13030_professional_x_mode_power_control_300ml.png","type":"image\/png"}],"twitter_card":"summary_large_image","schema":{"@context":"https:\/\/schema.org","@graph":[{"@type":"WebPage","@id":"https:\/\/www.professional-haircare.it\/pt-pt\/products\/finishing-pt-pt\/mousse-pt-pt\/x-mode-power-control\/","url":"https:\/\/www.professional-haircare.it\/pt-pt\/products\/finishing-pt-pt\/mousse-pt-pt\/x-mode-power-control\/","name":"X Mode | Power Control","isPartOf":{"@id":"https:\/\/professional-haircare.it\/#website"},"primaryImageOfPage":{"@id":"https:\/\/www.professional-haircare.it\/pt-pt\/products\/finishing-pt-pt\/mousse-pt-pt\/x-mode-power-control\/#primaryimage"},"image":{"@id":"https:\/\/www.professional-haircare.it\/pt-pt\/products\/finishing-pt-pt\/mousse-pt-pt\/x-mode-power-control\/#primaryimage"},"thumbnailUrl":"https:\/\/www.professional-haircare.it\/wp-content\/uploads\/2024\/04\/13030_professional_x_mode_power_control_300ml.png","datePublished":"2015-06-30T09:34:25+00:00","dateModified":"2024-04-17T13:43:16+00:00","description":"X Mode, Power Control que confere ao penteado uma personaliza\u00e7\u00e3o \u00fanica, conferindo corpo e suporte.","breadcrumb":{"@id":"https:\/\/www.professional-haircare.it\/pt-pt\/products\/finishing-pt-pt\/mousse-pt-pt\/x-mode-power-control\/#breadcrumb"},"inLanguage":"pt-PT","potentialAction":[{"@type":"ReadAction","target":["https:\/\/www.professional-haircare.it\/pt-pt\/products\/finishing-pt-pt\/mousse-pt-pt\/x-mode-power-control\/"]}]},{"@type":"ImageObject","inLanguage":"pt-PT","@id":"https:\/\/www.professional-haircare.it\/pt-pt\/products\/finishing-pt-pt\/mousse-pt-pt\/x-mode-power-control\/#primaryimage","url":"https:\/\/www.professional-haircare.it\/wp-content\/uploads\/2024\/04\/13030_professional_x_mode_power_control_300ml.png","contentUrl":"https:\/\/www.professional-haircare.it\/wp-content\/uploads\/2024\/04\/13030_professional_x_mode_power_control_300ml.png","width":800,"height":800},{"@type":"BreadcrumbList","@id":"https:\/\/www.professional-haircare.it\/pt-pt\/products\/finishing-pt-pt\/mousse-pt-pt\/x-mode-power-control\/#breadcrumb","itemListElement":[{"@type":"ListItem","position":1,"name":"Home","item":"https:\/\/professional-haircare.it\/pt-pt\/"},{"@type":"ListItem","position":2,"name":"Shop","item":"https:\/\/professional-haircare.it\/shop\/"},{"@type":"ListItem","position":3,"name":"X Mode | Power Control"}]},{"@type":"WebSite","@id":"https:\/\/professional-haircare.it\/#website","url":"https:\/\/professional-haircare.it\/","name":"Professional Hair Care","description":"Hair Quality Solutions","potentialAction":[{"@type":"SearchAction","target":{"@type":"EntryPoint","urlTemplate":"https:\/\/professional-haircare.it\/?s={search_term_string}"},"query-input":{"@type":"PropertyValueSpecification","valueRequired":true,"valueName":"search_term_string"}}],"inLanguage":"pt-PT"}]}},"_links":{"self":[{"href":"https:\/\/www.professional-haircare.it\/pt-pt\/wp-json\/wp\/v2\/product\/6518","targetHints":{"allow":["GET"]}}],"collection":[{"href":"https:\/\/www.professional-haircare.it\/pt-pt\/wp-json\/wp\/v2\/product"}],"about":[{"href":"https:\/\/www.professional-haircare.it\/pt-pt\/wp-json\/wp\/v2\/types\/product"}],"replies":[{"embeddable":true,"href":"https:\/\/www.professional-haircare.it\/pt-pt\/wp-json\/wp\/v2\/comments?post=6518"}],"wp:featuredmedia":[{"embeddable":true,"href":"https:\/\/www.professional-haircare.it\/pt-pt\/wp-json\/wp\/v2\/media\/6863"}],"wp:attachment":[{"href":"https:\/\/www.professional-haircare.it\/pt-pt\/wp-json\/wp\/v2\/media?parent=6518"}],"wp:term":[{"taxonomy":"product_brand","embeddable":true,"href":"https:\/\/www.professional-haircare.it\/pt-pt\/wp-json\/wp\/v2\/product_brand?post=6518"},{"taxonomy":"product_cat","embeddable":true,"href":"https:\/\/www.professional-haircare.it\/pt-pt\/wp-json\/wp\/v2\/product_cat?post=6518"},{"taxonomy":"product_tag","embeddable":true,"href":"https:\/\/www.professional-haircare.it\/pt-pt\/wp-json\/wp\/v2\/product_tag?post=6518"}],"curies":[{"name":"wp","href":"https:\/\/api.w.org\/{rel}","templated":true}]}}