{"id":6516,"date":"2017-09-29T12:42:40","date_gmt":"2017-09-29T10:42:40","guid":{"rendered":"https:\/\/www.professional-haircare.it\/products\/sem%20categoria\/x-mode-elixir-spray-condicionador-bifasico-sem-enxaguar\/"},"modified":"2023-12-20T14:16:38","modified_gmt":"2023-12-20T13:16:38","slug":"x-mode-elixir-spray-condicionador-bifasico-sem-enxaguar","status":"publish","type":"product","link":"https:\/\/www.professional-haircare.it\/pt-pt\/products\/finishing-pt-pt\/spray-pt-pt\/x-mode-elixir-spray-condicionador-bifasico-sem-enxaguar\/","title":{"rendered":"X Mode | Elixir Spray <br> Condicionador Bif\u00e1sico Sem Enxaguar"},"content":{"rendered":"","protected":false},"excerpt":{"rendered":"<p><span style=\"font-weight: 400;\">Elixir Spray, <\/span><b>condicionador bif\u00e1sico <\/b><span style=\"font-weight: 400;\">sem enxaguar,<\/span><b> desembara\u00e7a<\/b><span style=\"font-weight: 400;\">, <\/span><b>nutre<\/b><span style=\"font-weight: 400;\"> e<\/span><b> hidrata<\/b><span style=\"font-weight: 400;\"> os cabelos, gra\u00e7as \u00e0 presen\u00e7a de <\/span><b>pantenol<\/b><span style=\"font-weight: 400;\">e<\/span><b> prote\u00ednas de trigo<\/b><span style=\"font-weight: 400;\">. Enriquecido com amino\u00e1cidos de <\/span><b>queratina<\/b><span style=\"font-weight: 400;\">, ajuda a alisar a superf\u00edcie do cabelo, melhorando a sua <\/span><b>penteabilidade<\/b><span style=\"font-weight: 400;\">. Os cabelos ficam mais suaves e luminosos.<\/span><\/p>\n<p><span style=\"font-weight: 400;\">Frasco de 250 ml<\/span><\/p>\n","protected":false},"featured_media":6877,"comment_status":"closed","ping_status":"closed","template":"","meta":[],"product_brand":[],"product_cat":[882,885],"product_tag":[],"class_list":{"0":"post-6516","1":"product","2":"type-product","3":"status-publish","4":"has-post-thumbnail","6":"product_cat-finishing-pt-pt","7":"product_cat-spray-pt-pt","9":"first","10":"instock","11":"shipping-taxable","12":"product-type-simple"},"yoast_head":"<!-- This site is optimized with the Yoast SEO plugin v26.8 - https:\/\/yoast.com\/product\/yoast-seo-wordpress\/ -->\n<title>X Mode | Elixir Spray Condicionador Bif\u00e1sico Sem Enxaguar<\/title>\n<meta name=\"description\" content=\"Elixir Spray, condicionador bif\u00e1sico sem enxaguar, desembara\u00e7a, nutre e hidrata os cabelos, gra\u00e7as \u00e0 presen\u00e7a de pantenole prote\u00ednas de trigo.\" \/>\n<meta name=\"robots\" content=\"index, follow, max-snippet:-1, max-image-preview:large, max-video-preview:-1\" \/>\n<link rel=\"canonical\" href=\"https:\/\/www.professional-haircare.it\/pt-pt\/products\/finishing-pt-pt\/spray-pt-pt\/x-mode-elixir-spray-condicionador-bifasico-sem-enxaguar\/\" \/>\n<meta property=\"og:locale\" content=\"pt_PT\" \/>\n<meta property=\"og:type\" content=\"article\" \/>\n<meta property=\"og:title\" content=\"X Mode | Elixir Spray Condicionador Bif\u00e1sico Sem Enxaguar\" \/>\n<meta property=\"og:description\" content=\"Elixir Spray, condicionador bif\u00e1sico sem enxaguar, desembara\u00e7a, nutre e hidrata os cabelos, gra\u00e7as \u00e0 presen\u00e7a de pantenole prote\u00ednas de trigo.\" \/>\n<meta property=\"og:url\" content=\"https:\/\/www.professional-haircare.it\/pt-pt\/products\/finishing-pt-pt\/spray-pt-pt\/x-mode-elixir-spray-condicionador-bifasico-sem-enxaguar\/\" \/>\n<meta property=\"og:site_name\" content=\"Professional Hair Care\" \/>\n<meta property=\"article:modified_time\" content=\"2023-12-20T13:16:38+00:00\" \/>\n<meta property=\"og:image\" content=\"https:\/\/professional-haircare.it\/wp-content\/uploads\/2017\/09\/13025_professional_x_mode_elixir_spray_2_phase_leave_in_conditioner_250ml.png\" \/>\n\t<meta property=\"og:image:width\" content=\"800\" \/>\n\t<meta property=\"og:image:height\" content=\"800\" \/>\n\t<meta property=\"og:image:type\" content=\"image\/png\" \/>\n<meta name=\"twitter:card\" content=\"summary_large_image\" \/>\n<script type=\"application\/ld+json\" class=\"yoast-schema-graph\">{\"@context\":\"https:\/\/schema.org\",\"@graph\":[{\"@type\":\"WebPage\",\"@id\":\"https:\/\/www.professional-haircare.it\/pt-pt\/products\/finishing-pt-pt\/spray-pt-pt\/x-mode-elixir-spray-condicionador-bifasico-sem-enxaguar\/\",\"url\":\"https:\/\/www.professional-haircare.it\/pt-pt\/products\/finishing-pt-pt\/spray-pt-pt\/x-mode-elixir-spray-condicionador-bifasico-sem-enxaguar\/\",\"name\":\"X Mode | Elixir Spray Condicionador Bif\u00e1sico Sem Enxaguar\",\"isPartOf\":{\"@id\":\"https:\/\/professional-haircare.it\/#website\"},\"primaryImageOfPage\":{\"@id\":\"https:\/\/www.professional-haircare.it\/pt-pt\/products\/finishing-pt-pt\/spray-pt-pt\/x-mode-elixir-spray-condicionador-bifasico-sem-enxaguar\/#primaryimage\"},\"image\":{\"@id\":\"https:\/\/www.professional-haircare.it\/pt-pt\/products\/finishing-pt-pt\/spray-pt-pt\/x-mode-elixir-spray-condicionador-bifasico-sem-enxaguar\/#primaryimage\"},\"thumbnailUrl\":\"https:\/\/www.professional-haircare.it\/wp-content\/uploads\/2017\/09\/13025_professional_x_mode_elixir_spray_2_phase_leave_in_conditioner_250ml.png\",\"datePublished\":\"2017-09-29T10:42:40+00:00\",\"dateModified\":\"2023-12-20T13:16:38+00:00\",\"description\":\"Elixir Spray, condicionador bif\u00e1sico sem enxaguar, desembara\u00e7a, nutre e hidrata os cabelos, gra\u00e7as \u00e0 presen\u00e7a de pantenole prote\u00ednas de trigo.\",\"breadcrumb\":{\"@id\":\"https:\/\/www.professional-haircare.it\/pt-pt\/products\/finishing-pt-pt\/spray-pt-pt\/x-mode-elixir-spray-condicionador-bifasico-sem-enxaguar\/#breadcrumb\"},\"inLanguage\":\"pt-PT\",\"potentialAction\":[{\"@type\":\"ReadAction\",\"target\":[\"https:\/\/www.professional-haircare.it\/pt-pt\/products\/finishing-pt-pt\/spray-pt-pt\/x-mode-elixir-spray-condicionador-bifasico-sem-enxaguar\/\"]}]},{\"@type\":\"ImageObject\",\"inLanguage\":\"pt-PT\",\"@id\":\"https:\/\/www.professional-haircare.it\/pt-pt\/products\/finishing-pt-pt\/spray-pt-pt\/x-mode-elixir-spray-condicionador-bifasico-sem-enxaguar\/#primaryimage\",\"url\":\"https:\/\/www.professional-haircare.it\/wp-content\/uploads\/2017\/09\/13025_professional_x_mode_elixir_spray_2_phase_leave_in_conditioner_250ml.png\",\"contentUrl\":\"https:\/\/www.professional-haircare.it\/wp-content\/uploads\/2017\/09\/13025_professional_x_mode_elixir_spray_2_phase_leave_in_conditioner_250ml.png\",\"width\":800,\"height\":800},{\"@type\":\"BreadcrumbList\",\"@id\":\"https:\/\/www.professional-haircare.it\/pt-pt\/products\/finishing-pt-pt\/spray-pt-pt\/x-mode-elixir-spray-condicionador-bifasico-sem-enxaguar\/#breadcrumb\",\"itemListElement\":[{\"@type\":\"ListItem\",\"position\":1,\"name\":\"Home\",\"item\":\"https:\/\/professional-haircare.it\/pt-pt\/\"},{\"@type\":\"ListItem\",\"position\":2,\"name\":\"Shop\",\"item\":\"https:\/\/professional-haircare.it\/shop\/\"},{\"@type\":\"ListItem\",\"position\":3,\"name\":\"X Mode | Elixir Spray Condicionador Bif\u00e1sico Sem Enxaguar\"}]},{\"@type\":\"WebSite\",\"@id\":\"https:\/\/professional-haircare.it\/#website\",\"url\":\"https:\/\/professional-haircare.it\/\",\"name\":\"Professional Hair Care\",\"description\":\"Hair Quality Solutions\",\"potentialAction\":[{\"@type\":\"SearchAction\",\"target\":{\"@type\":\"EntryPoint\",\"urlTemplate\":\"https:\/\/professional-haircare.it\/?s={search_term_string}\"},\"query-input\":{\"@type\":\"PropertyValueSpecification\",\"valueRequired\":true,\"valueName\":\"search_term_string\"}}],\"inLanguage\":\"pt-PT\"}]}<\/script>\n<!-- \/ Yoast SEO plugin. -->","yoast_head_json":{"title":"X Mode | Elixir Spray Condicionador Bif\u00e1sico Sem Enxaguar","description":"Elixir Spray, condicionador bif\u00e1sico sem enxaguar, desembara\u00e7a, nutre e hidrata os cabelos, gra\u00e7as \u00e0 presen\u00e7a de pantenole prote\u00ednas de trigo.","robots":{"index":"index","follow":"follow","max-snippet":"max-snippet:-1","max-image-preview":"max-image-preview:large","max-video-preview":"max-video-preview:-1"},"canonical":"https:\/\/www.professional-haircare.it\/pt-pt\/products\/finishing-pt-pt\/spray-pt-pt\/x-mode-elixir-spray-condicionador-bifasico-sem-enxaguar\/","og_locale":"pt_PT","og_type":"article","og_title":"X Mode | Elixir Spray Condicionador Bif\u00e1sico Sem Enxaguar","og_description":"Elixir Spray, condicionador bif\u00e1sico sem enxaguar, desembara\u00e7a, nutre e hidrata os cabelos, gra\u00e7as \u00e0 presen\u00e7a de pantenole prote\u00ednas de trigo.","og_url":"https:\/\/www.professional-haircare.it\/pt-pt\/products\/finishing-pt-pt\/spray-pt-pt\/x-mode-elixir-spray-condicionador-bifasico-sem-enxaguar\/","og_site_name":"Professional Hair Care","article_modified_time":"2023-12-20T13:16:38+00:00","og_image":[{"width":800,"height":800,"url":"https:\/\/professional-haircare.it\/wp-content\/uploads\/2017\/09\/13025_professional_x_mode_elixir_spray_2_phase_leave_in_conditioner_250ml.png","type":"image\/png"}],"twitter_card":"summary_large_image","schema":{"@context":"https:\/\/schema.org","@graph":[{"@type":"WebPage","@id":"https:\/\/www.professional-haircare.it\/pt-pt\/products\/finishing-pt-pt\/spray-pt-pt\/x-mode-elixir-spray-condicionador-bifasico-sem-enxaguar\/","url":"https:\/\/www.professional-haircare.it\/pt-pt\/products\/finishing-pt-pt\/spray-pt-pt\/x-mode-elixir-spray-condicionador-bifasico-sem-enxaguar\/","name":"X Mode | Elixir Spray Condicionador Bif\u00e1sico Sem Enxaguar","isPartOf":{"@id":"https:\/\/professional-haircare.it\/#website"},"primaryImageOfPage":{"@id":"https:\/\/www.professional-haircare.it\/pt-pt\/products\/finishing-pt-pt\/spray-pt-pt\/x-mode-elixir-spray-condicionador-bifasico-sem-enxaguar\/#primaryimage"},"image":{"@id":"https:\/\/www.professional-haircare.it\/pt-pt\/products\/finishing-pt-pt\/spray-pt-pt\/x-mode-elixir-spray-condicionador-bifasico-sem-enxaguar\/#primaryimage"},"thumbnailUrl":"https:\/\/www.professional-haircare.it\/wp-content\/uploads\/2017\/09\/13025_professional_x_mode_elixir_spray_2_phase_leave_in_conditioner_250ml.png","datePublished":"2017-09-29T10:42:40+00:00","dateModified":"2023-12-20T13:16:38+00:00","description":"Elixir Spray, condicionador bif\u00e1sico sem enxaguar, desembara\u00e7a, nutre e hidrata os cabelos, gra\u00e7as \u00e0 presen\u00e7a de pantenole prote\u00ednas de trigo.","breadcrumb":{"@id":"https:\/\/www.professional-haircare.it\/pt-pt\/products\/finishing-pt-pt\/spray-pt-pt\/x-mode-elixir-spray-condicionador-bifasico-sem-enxaguar\/#breadcrumb"},"inLanguage":"pt-PT","potentialAction":[{"@type":"ReadAction","target":["https:\/\/www.professional-haircare.it\/pt-pt\/products\/finishing-pt-pt\/spray-pt-pt\/x-mode-elixir-spray-condicionador-bifasico-sem-enxaguar\/"]}]},{"@type":"ImageObject","inLanguage":"pt-PT","@id":"https:\/\/www.professional-haircare.it\/pt-pt\/products\/finishing-pt-pt\/spray-pt-pt\/x-mode-elixir-spray-condicionador-bifasico-sem-enxaguar\/#primaryimage","url":"https:\/\/www.professional-haircare.it\/wp-content\/uploads\/2017\/09\/13025_professional_x_mode_elixir_spray_2_phase_leave_in_conditioner_250ml.png","contentUrl":"https:\/\/www.professional-haircare.it\/wp-content\/uploads\/2017\/09\/13025_professional_x_mode_elixir_spray_2_phase_leave_in_conditioner_250ml.png","width":800,"height":800},{"@type":"BreadcrumbList","@id":"https:\/\/www.professional-haircare.it\/pt-pt\/products\/finishing-pt-pt\/spray-pt-pt\/x-mode-elixir-spray-condicionador-bifasico-sem-enxaguar\/#breadcrumb","itemListElement":[{"@type":"ListItem","position":1,"name":"Home","item":"https:\/\/professional-haircare.it\/pt-pt\/"},{"@type":"ListItem","position":2,"name":"Shop","item":"https:\/\/professional-haircare.it\/shop\/"},{"@type":"ListItem","position":3,"name":"X Mode | Elixir Spray Condicionador Bif\u00e1sico Sem Enxaguar"}]},{"@type":"WebSite","@id":"https:\/\/professional-haircare.it\/#website","url":"https:\/\/professional-haircare.it\/","name":"Professional Hair Care","description":"Hair Quality Solutions","potentialAction":[{"@type":"SearchAction","target":{"@type":"EntryPoint","urlTemplate":"https:\/\/professional-haircare.it\/?s={search_term_string}"},"query-input":{"@type":"PropertyValueSpecification","valueRequired":true,"valueName":"search_term_string"}}],"inLanguage":"pt-PT"}]}},"_links":{"self":[{"href":"https:\/\/www.professional-haircare.it\/pt-pt\/wp-json\/wp\/v2\/product\/6516","targetHints":{"allow":["GET"]}}],"collection":[{"href":"https:\/\/www.professional-haircare.it\/pt-pt\/wp-json\/wp\/v2\/product"}],"about":[{"href":"https:\/\/www.professional-haircare.it\/pt-pt\/wp-json\/wp\/v2\/types\/product"}],"replies":[{"embeddable":true,"href":"https:\/\/www.professional-haircare.it\/pt-pt\/wp-json\/wp\/v2\/comments?post=6516"}],"wp:featuredmedia":[{"embeddable":true,"href":"https:\/\/www.professional-haircare.it\/pt-pt\/wp-json\/wp\/v2\/media\/6877"}],"wp:attachment":[{"href":"https:\/\/www.professional-haircare.it\/pt-pt\/wp-json\/wp\/v2\/media?parent=6516"}],"wp:term":[{"taxonomy":"product_brand","embeddable":true,"href":"https:\/\/www.professional-haircare.it\/pt-pt\/wp-json\/wp\/v2\/product_brand?post=6516"},{"taxonomy":"product_cat","embeddable":true,"href":"https:\/\/www.professional-haircare.it\/pt-pt\/wp-json\/wp\/v2\/product_cat?post=6516"},{"taxonomy":"product_tag","embeddable":true,"href":"https:\/\/www.professional-haircare.it\/pt-pt\/wp-json\/wp\/v2\/product_tag?post=6516"}],"curies":[{"name":"wp","href":"https:\/\/api.w.org\/{rel}","templated":true}]}}