{"id":6349,"date":"2015-06-26T13:14:51","date_gmt":"2015-06-26T11:14:51","guid":{"rendered":"https:\/\/www.professional-haircare.it\/products\/sem%20categoria\/hairgenie-q10-coloracao-permanente-sem-amoniaco-e-sem-ppd\/"},"modified":"2023-12-20T12:32:28","modified_gmt":"2023-12-20T11:32:28","slug":"hairgenie-q10-coloracao-permanente-sem-amoniaco-e-sem-ppd","status":"publish","type":"product","link":"https:\/\/www.professional-haircare.it\/pt-pt\/products\/colouring-pt-pt\/hairgenie-q10-pt-pt\/hairgenie-q10-coloracao-permanente-sem-amoniaco-e-sem-ppd\/","title":{"rendered":"Hairgenie Q10 <br> Colora\u00e7\u00e3o Permanente Sem Amon\u00edaco E Sem Ppd"},"content":{"rendered":"","protected":false},"excerpt":{"rendered":"<p><b>Hairgenie Q10<\/b><span style=\"font-weight: 400;\"> \u00e9 a nova<\/span><b> colora\u00e7\u00e3o permanente oxidativa sem amon\u00edaco<\/b><span style=\"font-weight: 400;\">, para um tratamento exclusivo que proporciona uma excelente cobertura dos cabelos brancos, gra\u00e7as a uma colora\u00e7\u00e3o suave e n\u00e3o agressiva. A sua f\u00f3rmula exclusiva com <\/span><b>coenzima Q10<\/b><span style=\"font-weight: 400;\">, <\/span><b>\u00f3leo de arg\u00e3o<\/b><span style=\"font-weight: 400;\">e<\/span><b>queratina<\/b><span style=\"font-weight: 400;\"> &#8220;nutre&#8221; e revitaliza os cabelos, dando-lhes brilho, for\u00e7a e suavidade.<\/span><\/p>\n<p><span style=\"font-weight: 400;\">Uso profissional<\/span><\/p>\n<p><span style=\"font-weight: 400;\">Bisnaga de 100 ml<\/span><\/p>\n<p><span style=\"font-weight: 400;\">Propor\u00e7\u00e3o de mistura 1:1<\/span><\/p>\n","protected":false},"featured_media":6244,"comment_status":"closed","ping_status":"closed","template":"","meta":[],"product_brand":[],"product_cat":[877,879],"product_tag":[],"class_list":{"0":"post-6349","1":"product","2":"type-product","3":"status-publish","4":"has-post-thumbnail","6":"product_cat-colouring-pt-pt","7":"product_cat-hairgenie-q10-pt-pt","9":"first","10":"instock","11":"shipping-taxable","12":"purchasable","13":"product-type-variable"},"yoast_head":"<!-- This site is optimized with the Yoast SEO plugin v26.8 - https:\/\/yoast.com\/product\/yoast-seo-wordpress\/ -->\n<title>Hairgenie Q10 - Colora\u00e7\u00e3o Permanente Sem Amon\u00edaco E Sem Ppd<\/title>\n<meta name=\"description\" content=\"Hairgenie Q10 \u00e9 a nova colora\u00e7\u00e3o permanente oxidativa sem amon\u00edaco, para um tratamento exclusivo\" \/>\n<meta name=\"robots\" content=\"index, follow, max-snippet:-1, max-image-preview:large, max-video-preview:-1\" \/>\n<link rel=\"canonical\" href=\"https:\/\/www.professional-haircare.it\/pt-pt\/products\/colouring-pt-pt\/hairgenie-q10-pt-pt\/hairgenie-q10-coloracao-permanente-sem-amoniaco-e-sem-ppd\/\" \/>\n<meta property=\"og:locale\" content=\"pt_PT\" \/>\n<meta property=\"og:type\" content=\"article\" \/>\n<meta property=\"og:title\" content=\"Hairgenie Q10 - Colora\u00e7\u00e3o Permanente Sem Amon\u00edaco E Sem Ppd\" \/>\n<meta property=\"og:description\" content=\"Hairgenie Q10 \u00e9 a nova colora\u00e7\u00e3o permanente oxidativa sem amon\u00edaco, para um tratamento exclusivo\" \/>\n<meta property=\"og:url\" content=\"https:\/\/www.professional-haircare.it\/pt-pt\/products\/colouring-pt-pt\/hairgenie-q10-pt-pt\/hairgenie-q10-coloracao-permanente-sem-amoniaco-e-sem-ppd\/\" \/>\n<meta property=\"og:site_name\" content=\"Professional Hair Care\" \/>\n<meta property=\"article:modified_time\" content=\"2023-12-20T11:32:28+00:00\" \/>\n<meta property=\"og:image\" content=\"https:\/\/professional-haircare.it\/wp-content\/uploads\/2022\/12\/10700_professional_hairgenie_q10_oxidative_permanent_hair_colour_100ml.png\" \/>\n\t<meta property=\"og:image:width\" content=\"600\" \/>\n\t<meta property=\"og:image:height\" content=\"600\" \/>\n\t<meta property=\"og:image:type\" content=\"image\/png\" \/>\n<meta name=\"twitter:card\" content=\"summary_large_image\" \/>\n<script type=\"application\/ld+json\" class=\"yoast-schema-graph\">{\"@context\":\"https:\/\/schema.org\",\"@graph\":[{\"@type\":\"WebPage\",\"@id\":\"https:\/\/www.professional-haircare.it\/pt-pt\/products\/colouring-pt-pt\/hairgenie-q10-pt-pt\/hairgenie-q10-coloracao-permanente-sem-amoniaco-e-sem-ppd\/\",\"url\":\"https:\/\/www.professional-haircare.it\/pt-pt\/products\/colouring-pt-pt\/hairgenie-q10-pt-pt\/hairgenie-q10-coloracao-permanente-sem-amoniaco-e-sem-ppd\/\",\"name\":\"Hairgenie Q10 - Colora\u00e7\u00e3o Permanente Sem Amon\u00edaco E Sem Ppd\",\"isPartOf\":{\"@id\":\"https:\/\/professional-haircare.it\/#website\"},\"primaryImageOfPage\":{\"@id\":\"https:\/\/www.professional-haircare.it\/pt-pt\/products\/colouring-pt-pt\/hairgenie-q10-pt-pt\/hairgenie-q10-coloracao-permanente-sem-amoniaco-e-sem-ppd\/#primaryimage\"},\"image\":{\"@id\":\"https:\/\/www.professional-haircare.it\/pt-pt\/products\/colouring-pt-pt\/hairgenie-q10-pt-pt\/hairgenie-q10-coloracao-permanente-sem-amoniaco-e-sem-ppd\/#primaryimage\"},\"thumbnailUrl\":\"https:\/\/www.professional-haircare.it\/wp-content\/uploads\/2022\/12\/10700_professional_hairgenie_q10_oxidative_permanent_hair_colour_100ml.png\",\"datePublished\":\"2015-06-26T11:14:51+00:00\",\"dateModified\":\"2023-12-20T11:32:28+00:00\",\"description\":\"Hairgenie Q10 \u00e9 a nova colora\u00e7\u00e3o permanente oxidativa sem amon\u00edaco, para um tratamento exclusivo\",\"breadcrumb\":{\"@id\":\"https:\/\/www.professional-haircare.it\/pt-pt\/products\/colouring-pt-pt\/hairgenie-q10-pt-pt\/hairgenie-q10-coloracao-permanente-sem-amoniaco-e-sem-ppd\/#breadcrumb\"},\"inLanguage\":\"pt-PT\",\"potentialAction\":[{\"@type\":\"ReadAction\",\"target\":[\"https:\/\/www.professional-haircare.it\/pt-pt\/products\/colouring-pt-pt\/hairgenie-q10-pt-pt\/hairgenie-q10-coloracao-permanente-sem-amoniaco-e-sem-ppd\/\"]}]},{\"@type\":\"ImageObject\",\"inLanguage\":\"pt-PT\",\"@id\":\"https:\/\/www.professional-haircare.it\/pt-pt\/products\/colouring-pt-pt\/hairgenie-q10-pt-pt\/hairgenie-q10-coloracao-permanente-sem-amoniaco-e-sem-ppd\/#primaryimage\",\"url\":\"https:\/\/www.professional-haircare.it\/wp-content\/uploads\/2022\/12\/10700_professional_hairgenie_q10_oxidative_permanent_hair_colour_100ml.png\",\"contentUrl\":\"https:\/\/www.professional-haircare.it\/wp-content\/uploads\/2022\/12\/10700_professional_hairgenie_q10_oxidative_permanent_hair_colour_100ml.png\",\"width\":600,\"height\":600},{\"@type\":\"BreadcrumbList\",\"@id\":\"https:\/\/www.professional-haircare.it\/pt-pt\/products\/colouring-pt-pt\/hairgenie-q10-pt-pt\/hairgenie-q10-coloracao-permanente-sem-amoniaco-e-sem-ppd\/#breadcrumb\",\"itemListElement\":[{\"@type\":\"ListItem\",\"position\":1,\"name\":\"Home\",\"item\":\"https:\/\/professional-haircare.it\/pt-pt\/\"},{\"@type\":\"ListItem\",\"position\":2,\"name\":\"Shop\",\"item\":\"https:\/\/professional-haircare.it\/shop\/\"},{\"@type\":\"ListItem\",\"position\":3,\"name\":\"Hairgenie Q10 Colora\u00e7\u00e3o Permanente Sem Amon\u00edaco E Sem Ppd\"}]},{\"@type\":\"WebSite\",\"@id\":\"https:\/\/professional-haircare.it\/#website\",\"url\":\"https:\/\/professional-haircare.it\/\",\"name\":\"Professional Hair Care\",\"description\":\"Hair Quality Solutions\",\"potentialAction\":[{\"@type\":\"SearchAction\",\"target\":{\"@type\":\"EntryPoint\",\"urlTemplate\":\"https:\/\/professional-haircare.it\/?s={search_term_string}\"},\"query-input\":{\"@type\":\"PropertyValueSpecification\",\"valueRequired\":true,\"valueName\":\"search_term_string\"}}],\"inLanguage\":\"pt-PT\"}]}<\/script>\n<!-- \/ Yoast SEO plugin. -->","yoast_head_json":{"title":"Hairgenie Q10 - Colora\u00e7\u00e3o Permanente Sem Amon\u00edaco E Sem Ppd","description":"Hairgenie Q10 \u00e9 a nova colora\u00e7\u00e3o permanente oxidativa sem amon\u00edaco, para um tratamento exclusivo","robots":{"index":"index","follow":"follow","max-snippet":"max-snippet:-1","max-image-preview":"max-image-preview:large","max-video-preview":"max-video-preview:-1"},"canonical":"https:\/\/www.professional-haircare.it\/pt-pt\/products\/colouring-pt-pt\/hairgenie-q10-pt-pt\/hairgenie-q10-coloracao-permanente-sem-amoniaco-e-sem-ppd\/","og_locale":"pt_PT","og_type":"article","og_title":"Hairgenie Q10 - Colora\u00e7\u00e3o Permanente Sem Amon\u00edaco E Sem Ppd","og_description":"Hairgenie Q10 \u00e9 a nova colora\u00e7\u00e3o permanente oxidativa sem amon\u00edaco, para um tratamento exclusivo","og_url":"https:\/\/www.professional-haircare.it\/pt-pt\/products\/colouring-pt-pt\/hairgenie-q10-pt-pt\/hairgenie-q10-coloracao-permanente-sem-amoniaco-e-sem-ppd\/","og_site_name":"Professional Hair Care","article_modified_time":"2023-12-20T11:32:28+00:00","og_image":[{"width":600,"height":600,"url":"https:\/\/professional-haircare.it\/wp-content\/uploads\/2022\/12\/10700_professional_hairgenie_q10_oxidative_permanent_hair_colour_100ml.png","type":"image\/png"}],"twitter_card":"summary_large_image","schema":{"@context":"https:\/\/schema.org","@graph":[{"@type":"WebPage","@id":"https:\/\/www.professional-haircare.it\/pt-pt\/products\/colouring-pt-pt\/hairgenie-q10-pt-pt\/hairgenie-q10-coloracao-permanente-sem-amoniaco-e-sem-ppd\/","url":"https:\/\/www.professional-haircare.it\/pt-pt\/products\/colouring-pt-pt\/hairgenie-q10-pt-pt\/hairgenie-q10-coloracao-permanente-sem-amoniaco-e-sem-ppd\/","name":"Hairgenie Q10 - Colora\u00e7\u00e3o Permanente Sem Amon\u00edaco E Sem Ppd","isPartOf":{"@id":"https:\/\/professional-haircare.it\/#website"},"primaryImageOfPage":{"@id":"https:\/\/www.professional-haircare.it\/pt-pt\/products\/colouring-pt-pt\/hairgenie-q10-pt-pt\/hairgenie-q10-coloracao-permanente-sem-amoniaco-e-sem-ppd\/#primaryimage"},"image":{"@id":"https:\/\/www.professional-haircare.it\/pt-pt\/products\/colouring-pt-pt\/hairgenie-q10-pt-pt\/hairgenie-q10-coloracao-permanente-sem-amoniaco-e-sem-ppd\/#primaryimage"},"thumbnailUrl":"https:\/\/www.professional-haircare.it\/wp-content\/uploads\/2022\/12\/10700_professional_hairgenie_q10_oxidative_permanent_hair_colour_100ml.png","datePublished":"2015-06-26T11:14:51+00:00","dateModified":"2023-12-20T11:32:28+00:00","description":"Hairgenie Q10 \u00e9 a nova colora\u00e7\u00e3o permanente oxidativa sem amon\u00edaco, para um tratamento exclusivo","breadcrumb":{"@id":"https:\/\/www.professional-haircare.it\/pt-pt\/products\/colouring-pt-pt\/hairgenie-q10-pt-pt\/hairgenie-q10-coloracao-permanente-sem-amoniaco-e-sem-ppd\/#breadcrumb"},"inLanguage":"pt-PT","potentialAction":[{"@type":"ReadAction","target":["https:\/\/www.professional-haircare.it\/pt-pt\/products\/colouring-pt-pt\/hairgenie-q10-pt-pt\/hairgenie-q10-coloracao-permanente-sem-amoniaco-e-sem-ppd\/"]}]},{"@type":"ImageObject","inLanguage":"pt-PT","@id":"https:\/\/www.professional-haircare.it\/pt-pt\/products\/colouring-pt-pt\/hairgenie-q10-pt-pt\/hairgenie-q10-coloracao-permanente-sem-amoniaco-e-sem-ppd\/#primaryimage","url":"https:\/\/www.professional-haircare.it\/wp-content\/uploads\/2022\/12\/10700_professional_hairgenie_q10_oxidative_permanent_hair_colour_100ml.png","contentUrl":"https:\/\/www.professional-haircare.it\/wp-content\/uploads\/2022\/12\/10700_professional_hairgenie_q10_oxidative_permanent_hair_colour_100ml.png","width":600,"height":600},{"@type":"BreadcrumbList","@id":"https:\/\/www.professional-haircare.it\/pt-pt\/products\/colouring-pt-pt\/hairgenie-q10-pt-pt\/hairgenie-q10-coloracao-permanente-sem-amoniaco-e-sem-ppd\/#breadcrumb","itemListElement":[{"@type":"ListItem","position":1,"name":"Home","item":"https:\/\/professional-haircare.it\/pt-pt\/"},{"@type":"ListItem","position":2,"name":"Shop","item":"https:\/\/professional-haircare.it\/shop\/"},{"@type":"ListItem","position":3,"name":"Hairgenie Q10 Colora\u00e7\u00e3o Permanente Sem Amon\u00edaco E Sem Ppd"}]},{"@type":"WebSite","@id":"https:\/\/professional-haircare.it\/#website","url":"https:\/\/professional-haircare.it\/","name":"Professional Hair Care","description":"Hair Quality Solutions","potentialAction":[{"@type":"SearchAction","target":{"@type":"EntryPoint","urlTemplate":"https:\/\/professional-haircare.it\/?s={search_term_string}"},"query-input":{"@type":"PropertyValueSpecification","valueRequired":true,"valueName":"search_term_string"}}],"inLanguage":"pt-PT"}]}},"_links":{"self":[{"href":"https:\/\/www.professional-haircare.it\/pt-pt\/wp-json\/wp\/v2\/product\/6349","targetHints":{"allow":["GET"]}}],"collection":[{"href":"https:\/\/www.professional-haircare.it\/pt-pt\/wp-json\/wp\/v2\/product"}],"about":[{"href":"https:\/\/www.professional-haircare.it\/pt-pt\/wp-json\/wp\/v2\/types\/product"}],"replies":[{"embeddable":true,"href":"https:\/\/www.professional-haircare.it\/pt-pt\/wp-json\/wp\/v2\/comments?post=6349"}],"wp:featuredmedia":[{"embeddable":true,"href":"https:\/\/www.professional-haircare.it\/pt-pt\/wp-json\/wp\/v2\/media\/6244"}],"wp:attachment":[{"href":"https:\/\/www.professional-haircare.it\/pt-pt\/wp-json\/wp\/v2\/media?parent=6349"}],"wp:term":[{"taxonomy":"product_brand","embeddable":true,"href":"https:\/\/www.professional-haircare.it\/pt-pt\/wp-json\/wp\/v2\/product_brand?post=6349"},{"taxonomy":"product_cat","embeddable":true,"href":"https:\/\/www.professional-haircare.it\/pt-pt\/wp-json\/wp\/v2\/product_cat?post=6349"},{"taxonomy":"product_tag","embeddable":true,"href":"https:\/\/www.professional-haircare.it\/pt-pt\/wp-json\/wp\/v2\/product_tag?post=6349"}],"curies":[{"name":"wp","href":"https:\/\/api.w.org\/{rel}","templated":true}]}}