{"id":6348,"date":"2015-06-30T17:04:13","date_gmt":"2015-06-30T15:04:13","guid":{"rendered":"https:\/\/www.professional-haircare.it\/products\/sem%20categoria\/oxyvit-oxigenio-em-creme-20-vol-2\/"},"modified":"2023-12-20T12:32:13","modified_gmt":"2023-12-20T11:32:13","slug":"oxyvit-oxigenio-em-creme-20-vol-2","status":"publish","type":"product","link":"https:\/\/www.professional-haircare.it\/pt-pt\/products\/colouring-pt-pt\/oxidation-pt-pt\/oxyvit-oxigenio-em-creme-20-vol-2\/","title":{"rendered":"Oxyvit | Oxig\u00e9nio Em Creme 20 Vol"},"content":{"rendered":"","protected":false},"excerpt":{"rendered":"<p><b>Oxig\u00e9nio em creme 20 volumes (6%)<\/b><span style=\"font-weight: 400;\"> concebido para ser utilizado com colora\u00e7\u00f5es de oxida\u00e7\u00e3o e descolora\u00e7\u00f5es. Fragr\u00e2ncia agradavelmente perfumada e f\u00f3rmula dermatologicamente testada. <\/span><b>Maneabilidade e efic\u00e1cia<\/b><span style=\"font-weight: 400;\"> asseguradas pelo formato de bolso.<\/span><\/p>\n<p><span style=\"font-weight: 400;\">Uso profissional<\/span><\/p>\n<p><span style=\"font-weight: 400;\">Frasco de 200 ml<\/span><\/p>\n<p><span style=\"font-weight: 400;\">20 volumes (6%)<\/span><\/p>\n","protected":false},"featured_media":6313,"comment_status":"closed","ping_status":"closed","template":"","meta":[],"product_brand":[],"product_cat":[877,881],"product_tag":[],"class_list":{"0":"post-6348","1":"product","2":"type-product","3":"status-publish","4":"has-post-thumbnail","6":"product_cat-colouring-pt-pt","7":"product_cat-oxidation-pt-pt","9":"first","10":"instock","11":"shipping-taxable","12":"product-type-simple"},"yoast_head":"<!-- This site is optimized with the Yoast SEO plugin v26.8 - https:\/\/yoast.com\/product\/yoast-seo-wordpress\/ -->\n<title>Oxyvit | Oxig\u00e9nio Em Creme 20 Vol<\/title>\n<meta name=\"description\" content=\"Oxig\u00e9nio em creme 20 volumes (6%) concebido para ser utilizado com colora\u00e7\u00f5es de oxida\u00e7\u00e3o e descolora\u00e7\u00f5es.\" \/>\n<meta name=\"robots\" content=\"index, follow, max-snippet:-1, max-image-preview:large, max-video-preview:-1\" \/>\n<link rel=\"canonical\" href=\"https:\/\/www.professional-haircare.it\/pt-pt\/products\/colouring-pt-pt\/oxidation-pt-pt\/oxyvit-oxigenio-em-creme-20-vol-2\/\" \/>\n<meta property=\"og:locale\" content=\"pt_PT\" \/>\n<meta property=\"og:type\" content=\"article\" \/>\n<meta property=\"og:title\" content=\"Oxyvit | Oxig\u00e9nio Em Creme 20 Vol\" \/>\n<meta property=\"og:description\" content=\"Oxig\u00e9nio em creme 20 volumes (6%) concebido para ser utilizado com colora\u00e7\u00f5es de oxida\u00e7\u00e3o e descolora\u00e7\u00f5es.\" \/>\n<meta property=\"og:url\" content=\"https:\/\/www.professional-haircare.it\/pt-pt\/products\/colouring-pt-pt\/oxidation-pt-pt\/oxyvit-oxigenio-em-creme-20-vol-2\/\" \/>\n<meta property=\"og:site_name\" content=\"Professional Hair Care\" \/>\n<meta property=\"article:modified_time\" content=\"2023-12-20T11:32:13+00:00\" \/>\n<meta property=\"og:image\" content=\"https:\/\/professional-haircare.it\/wp-content\/uploads\/2015\/06\/11008_professional_oxygen_cream_20vol_200ml-1.png\" \/>\n\t<meta property=\"og:image:width\" content=\"600\" \/>\n\t<meta property=\"og:image:height\" content=\"600\" \/>\n\t<meta property=\"og:image:type\" content=\"image\/png\" \/>\n<meta name=\"twitter:card\" content=\"summary_large_image\" \/>\n<script type=\"application\/ld+json\" class=\"yoast-schema-graph\">{\"@context\":\"https:\/\/schema.org\",\"@graph\":[{\"@type\":\"WebPage\",\"@id\":\"https:\/\/www.professional-haircare.it\/pt-pt\/products\/colouring-pt-pt\/oxidation-pt-pt\/oxyvit-oxigenio-em-creme-20-vol-2\/\",\"url\":\"https:\/\/www.professional-haircare.it\/pt-pt\/products\/colouring-pt-pt\/oxidation-pt-pt\/oxyvit-oxigenio-em-creme-20-vol-2\/\",\"name\":\"Oxyvit | Oxig\u00e9nio Em Creme 20 Vol\",\"isPartOf\":{\"@id\":\"https:\/\/professional-haircare.it\/#website\"},\"primaryImageOfPage\":{\"@id\":\"https:\/\/www.professional-haircare.it\/pt-pt\/products\/colouring-pt-pt\/oxidation-pt-pt\/oxyvit-oxigenio-em-creme-20-vol-2\/#primaryimage\"},\"image\":{\"@id\":\"https:\/\/www.professional-haircare.it\/pt-pt\/products\/colouring-pt-pt\/oxidation-pt-pt\/oxyvit-oxigenio-em-creme-20-vol-2\/#primaryimage\"},\"thumbnailUrl\":\"https:\/\/www.professional-haircare.it\/wp-content\/uploads\/2015\/06\/11008_professional_oxygen_cream_20vol_200ml-1.png\",\"datePublished\":\"2015-06-30T15:04:13+00:00\",\"dateModified\":\"2023-12-20T11:32:13+00:00\",\"description\":\"Oxig\u00e9nio em creme 20 volumes (6%) concebido para ser utilizado com colora\u00e7\u00f5es de oxida\u00e7\u00e3o e descolora\u00e7\u00f5es.\",\"breadcrumb\":{\"@id\":\"https:\/\/www.professional-haircare.it\/pt-pt\/products\/colouring-pt-pt\/oxidation-pt-pt\/oxyvit-oxigenio-em-creme-20-vol-2\/#breadcrumb\"},\"inLanguage\":\"pt-PT\",\"potentialAction\":[{\"@type\":\"ReadAction\",\"target\":[\"https:\/\/www.professional-haircare.it\/pt-pt\/products\/colouring-pt-pt\/oxidation-pt-pt\/oxyvit-oxigenio-em-creme-20-vol-2\/\"]}]},{\"@type\":\"ImageObject\",\"inLanguage\":\"pt-PT\",\"@id\":\"https:\/\/www.professional-haircare.it\/pt-pt\/products\/colouring-pt-pt\/oxidation-pt-pt\/oxyvit-oxigenio-em-creme-20-vol-2\/#primaryimage\",\"url\":\"https:\/\/www.professional-haircare.it\/wp-content\/uploads\/2015\/06\/11008_professional_oxygen_cream_20vol_200ml-1.png\",\"contentUrl\":\"https:\/\/www.professional-haircare.it\/wp-content\/uploads\/2015\/06\/11008_professional_oxygen_cream_20vol_200ml-1.png\",\"width\":600,\"height\":600},{\"@type\":\"BreadcrumbList\",\"@id\":\"https:\/\/www.professional-haircare.it\/pt-pt\/products\/colouring-pt-pt\/oxidation-pt-pt\/oxyvit-oxigenio-em-creme-20-vol-2\/#breadcrumb\",\"itemListElement\":[{\"@type\":\"ListItem\",\"position\":1,\"name\":\"Home\",\"item\":\"https:\/\/professional-haircare.it\/pt-pt\/\"},{\"@type\":\"ListItem\",\"position\":2,\"name\":\"Shop\",\"item\":\"https:\/\/professional-haircare.it\/shop\/\"},{\"@type\":\"ListItem\",\"position\":3,\"name\":\"Oxyvit | Oxig\u00e9nio Em Creme 20 Vol\"}]},{\"@type\":\"WebSite\",\"@id\":\"https:\/\/professional-haircare.it\/#website\",\"url\":\"https:\/\/professional-haircare.it\/\",\"name\":\"Professional Hair Care\",\"description\":\"Hair Quality Solutions\",\"potentialAction\":[{\"@type\":\"SearchAction\",\"target\":{\"@type\":\"EntryPoint\",\"urlTemplate\":\"https:\/\/professional-haircare.it\/?s={search_term_string}\"},\"query-input\":{\"@type\":\"PropertyValueSpecification\",\"valueRequired\":true,\"valueName\":\"search_term_string\"}}],\"inLanguage\":\"pt-PT\"}]}<\/script>\n<!-- \/ Yoast SEO plugin. -->","yoast_head_json":{"title":"Oxyvit | Oxig\u00e9nio Em Creme 20 Vol","description":"Oxig\u00e9nio em creme 20 volumes (6%) concebido para ser utilizado com colora\u00e7\u00f5es de oxida\u00e7\u00e3o e descolora\u00e7\u00f5es.","robots":{"index":"index","follow":"follow","max-snippet":"max-snippet:-1","max-image-preview":"max-image-preview:large","max-video-preview":"max-video-preview:-1"},"canonical":"https:\/\/www.professional-haircare.it\/pt-pt\/products\/colouring-pt-pt\/oxidation-pt-pt\/oxyvit-oxigenio-em-creme-20-vol-2\/","og_locale":"pt_PT","og_type":"article","og_title":"Oxyvit | Oxig\u00e9nio Em Creme 20 Vol","og_description":"Oxig\u00e9nio em creme 20 volumes (6%) concebido para ser utilizado com colora\u00e7\u00f5es de oxida\u00e7\u00e3o e descolora\u00e7\u00f5es.","og_url":"https:\/\/www.professional-haircare.it\/pt-pt\/products\/colouring-pt-pt\/oxidation-pt-pt\/oxyvit-oxigenio-em-creme-20-vol-2\/","og_site_name":"Professional Hair Care","article_modified_time":"2023-12-20T11:32:13+00:00","og_image":[{"width":600,"height":600,"url":"https:\/\/professional-haircare.it\/wp-content\/uploads\/2015\/06\/11008_professional_oxygen_cream_20vol_200ml-1.png","type":"image\/png"}],"twitter_card":"summary_large_image","schema":{"@context":"https:\/\/schema.org","@graph":[{"@type":"WebPage","@id":"https:\/\/www.professional-haircare.it\/pt-pt\/products\/colouring-pt-pt\/oxidation-pt-pt\/oxyvit-oxigenio-em-creme-20-vol-2\/","url":"https:\/\/www.professional-haircare.it\/pt-pt\/products\/colouring-pt-pt\/oxidation-pt-pt\/oxyvit-oxigenio-em-creme-20-vol-2\/","name":"Oxyvit | Oxig\u00e9nio Em Creme 20 Vol","isPartOf":{"@id":"https:\/\/professional-haircare.it\/#website"},"primaryImageOfPage":{"@id":"https:\/\/www.professional-haircare.it\/pt-pt\/products\/colouring-pt-pt\/oxidation-pt-pt\/oxyvit-oxigenio-em-creme-20-vol-2\/#primaryimage"},"image":{"@id":"https:\/\/www.professional-haircare.it\/pt-pt\/products\/colouring-pt-pt\/oxidation-pt-pt\/oxyvit-oxigenio-em-creme-20-vol-2\/#primaryimage"},"thumbnailUrl":"https:\/\/www.professional-haircare.it\/wp-content\/uploads\/2015\/06\/11008_professional_oxygen_cream_20vol_200ml-1.png","datePublished":"2015-06-30T15:04:13+00:00","dateModified":"2023-12-20T11:32:13+00:00","description":"Oxig\u00e9nio em creme 20 volumes (6%) concebido para ser utilizado com colora\u00e7\u00f5es de oxida\u00e7\u00e3o e descolora\u00e7\u00f5es.","breadcrumb":{"@id":"https:\/\/www.professional-haircare.it\/pt-pt\/products\/colouring-pt-pt\/oxidation-pt-pt\/oxyvit-oxigenio-em-creme-20-vol-2\/#breadcrumb"},"inLanguage":"pt-PT","potentialAction":[{"@type":"ReadAction","target":["https:\/\/www.professional-haircare.it\/pt-pt\/products\/colouring-pt-pt\/oxidation-pt-pt\/oxyvit-oxigenio-em-creme-20-vol-2\/"]}]},{"@type":"ImageObject","inLanguage":"pt-PT","@id":"https:\/\/www.professional-haircare.it\/pt-pt\/products\/colouring-pt-pt\/oxidation-pt-pt\/oxyvit-oxigenio-em-creme-20-vol-2\/#primaryimage","url":"https:\/\/www.professional-haircare.it\/wp-content\/uploads\/2015\/06\/11008_professional_oxygen_cream_20vol_200ml-1.png","contentUrl":"https:\/\/www.professional-haircare.it\/wp-content\/uploads\/2015\/06\/11008_professional_oxygen_cream_20vol_200ml-1.png","width":600,"height":600},{"@type":"BreadcrumbList","@id":"https:\/\/www.professional-haircare.it\/pt-pt\/products\/colouring-pt-pt\/oxidation-pt-pt\/oxyvit-oxigenio-em-creme-20-vol-2\/#breadcrumb","itemListElement":[{"@type":"ListItem","position":1,"name":"Home","item":"https:\/\/professional-haircare.it\/pt-pt\/"},{"@type":"ListItem","position":2,"name":"Shop","item":"https:\/\/professional-haircare.it\/shop\/"},{"@type":"ListItem","position":3,"name":"Oxyvit | Oxig\u00e9nio Em Creme 20 Vol"}]},{"@type":"WebSite","@id":"https:\/\/professional-haircare.it\/#website","url":"https:\/\/professional-haircare.it\/","name":"Professional Hair Care","description":"Hair Quality Solutions","potentialAction":[{"@type":"SearchAction","target":{"@type":"EntryPoint","urlTemplate":"https:\/\/professional-haircare.it\/?s={search_term_string}"},"query-input":{"@type":"PropertyValueSpecification","valueRequired":true,"valueName":"search_term_string"}}],"inLanguage":"pt-PT"}]}},"_links":{"self":[{"href":"https:\/\/www.professional-haircare.it\/pt-pt\/wp-json\/wp\/v2\/product\/6348","targetHints":{"allow":["GET"]}}],"collection":[{"href":"https:\/\/www.professional-haircare.it\/pt-pt\/wp-json\/wp\/v2\/product"}],"about":[{"href":"https:\/\/www.professional-haircare.it\/pt-pt\/wp-json\/wp\/v2\/types\/product"}],"replies":[{"embeddable":true,"href":"https:\/\/www.professional-haircare.it\/pt-pt\/wp-json\/wp\/v2\/comments?post=6348"}],"wp:featuredmedia":[{"embeddable":true,"href":"https:\/\/www.professional-haircare.it\/pt-pt\/wp-json\/wp\/v2\/media\/6313"}],"wp:attachment":[{"href":"https:\/\/www.professional-haircare.it\/pt-pt\/wp-json\/wp\/v2\/media?parent=6348"}],"wp:term":[{"taxonomy":"product_brand","embeddable":true,"href":"https:\/\/www.professional-haircare.it\/pt-pt\/wp-json\/wp\/v2\/product_brand?post=6348"},{"taxonomy":"product_cat","embeddable":true,"href":"https:\/\/www.professional-haircare.it\/pt-pt\/wp-json\/wp\/v2\/product_cat?post=6348"},{"taxonomy":"product_tag","embeddable":true,"href":"https:\/\/www.professional-haircare.it\/pt-pt\/wp-json\/wp\/v2\/product_tag?post=6348"}],"curies":[{"name":"wp","href":"https:\/\/api.w.org\/{rel}","templated":true}]}}