{"id":6344,"date":"2015-06-30T17:19:46","date_gmt":"2015-06-30T15:19:46","guid":{"rendered":"https:\/\/www.professional-haircare.it\/products\/sem%20categoria\/professional-oxigenio-em-creme-40-vol-2\/"},"modified":"2023-12-29T14:10:42","modified_gmt":"2023-12-29T13:10:42","slug":"professional-oxigenio-em-creme-40-vol-2","status":"publish","type":"product","link":"https:\/\/www.professional-haircare.it\/pt-pt\/products\/colouring-pt-pt\/oxidation-pt-pt\/professional-oxigenio-em-creme-40-vol-2\/","title":{"rendered":"Professional | Oxig\u00e9nio Em Creme 40 Vol"},"content":{"rendered":"","protected":false},"excerpt":{"rendered":"<p><b>Oxig\u00e9nio em creme 40 vol (12%),<\/b><span style=\"font-weight: 400;\"> formulado para ativar e orientar a liberta\u00e7\u00e3o de oxig\u00e9nio durante as fases de tratamento. Garante uma <\/span><b>descolora\u00e7\u00e3o completa e uma colora\u00e7\u00e3o \u00f3tima<\/b><span style=\"font-weight: 400;\">.\u00a0 Fragr\u00e2ncia agrad\u00e1vel.<\/span><\/p>\n<p><span style=\"font-weight: 400;\">Uso profissional<\/span><\/p>\n<p><span style=\"font-weight: 400;\">Frasco de 200 ml<\/span><\/p>\n<p><span style=\"font-weight: 400;\">40 volumes (12%)<\/span><\/p>\n","protected":false},"featured_media":5427,"comment_status":"closed","ping_status":"closed","template":"","meta":[],"product_brand":[],"product_cat":[877,881],"product_tag":[],"class_list":{"0":"post-6344","1":"product","2":"type-product","3":"status-publish","4":"has-post-thumbnail","6":"product_cat-colouring-pt-pt","7":"product_cat-oxidation-pt-pt","9":"first","10":"instock","11":"shipping-taxable","12":"product-type-simple"},"yoast_head":"<!-- This site is optimized with the Yoast SEO plugin v26.8 - https:\/\/yoast.com\/product\/yoast-seo-wordpress\/ -->\n<title>Professional | Oxig\u00e9nio Em Creme 40 Vol<\/title>\n<meta name=\"description\" content=\"Oxig\u00e9nio em creme 40 vol (12%), formulado para ativar e orientar a liberta\u00e7\u00e3o de oxig\u00e9nio durante as fases de tratamento.\" \/>\n<meta name=\"robots\" content=\"index, follow, max-snippet:-1, max-image-preview:large, max-video-preview:-1\" \/>\n<link rel=\"canonical\" href=\"https:\/\/www.professional-haircare.it\/pt-pt\/products\/colouring-pt-pt\/oxidation-pt-pt\/professional-oxigenio-em-creme-40-vol-2\/\" \/>\n<meta property=\"og:locale\" content=\"pt_PT\" \/>\n<meta property=\"og:type\" content=\"article\" \/>\n<meta property=\"og:title\" content=\"Professional | Oxig\u00e9nio Em Creme 40 Vol\" \/>\n<meta property=\"og:description\" content=\"Oxig\u00e9nio em creme 40 vol (12%), formulado para ativar e orientar a liberta\u00e7\u00e3o de oxig\u00e9nio durante as fases de tratamento.\" \/>\n<meta property=\"og:url\" content=\"https:\/\/www.professional-haircare.it\/pt-pt\/products\/colouring-pt-pt\/oxidation-pt-pt\/professional-oxigenio-em-creme-40-vol-2\/\" \/>\n<meta property=\"og:site_name\" content=\"Professional Hair Care\" \/>\n<meta property=\"article:modified_time\" content=\"2023-12-29T13:10:42+00:00\" \/>\n<meta property=\"og:image\" content=\"https:\/\/professional-haircare.it\/wp-content\/uploads\/2021\/09\/11010_professional_oxygen_cream_40vol_200ml.png\" \/>\n\t<meta property=\"og:image:width\" content=\"600\" \/>\n\t<meta property=\"og:image:height\" content=\"600\" \/>\n\t<meta property=\"og:image:type\" content=\"image\/png\" \/>\n<meta name=\"twitter:card\" content=\"summary_large_image\" \/>\n<script type=\"application\/ld+json\" class=\"yoast-schema-graph\">{\"@context\":\"https:\/\/schema.org\",\"@graph\":[{\"@type\":\"WebPage\",\"@id\":\"https:\/\/www.professional-haircare.it\/pt-pt\/products\/colouring-pt-pt\/oxidation-pt-pt\/professional-oxigenio-em-creme-40-vol-2\/\",\"url\":\"https:\/\/www.professional-haircare.it\/pt-pt\/products\/colouring-pt-pt\/oxidation-pt-pt\/professional-oxigenio-em-creme-40-vol-2\/\",\"name\":\"Professional | Oxig\u00e9nio Em Creme 40 Vol\",\"isPartOf\":{\"@id\":\"https:\/\/professional-haircare.it\/#website\"},\"primaryImageOfPage\":{\"@id\":\"https:\/\/www.professional-haircare.it\/pt-pt\/products\/colouring-pt-pt\/oxidation-pt-pt\/professional-oxigenio-em-creme-40-vol-2\/#primaryimage\"},\"image\":{\"@id\":\"https:\/\/www.professional-haircare.it\/pt-pt\/products\/colouring-pt-pt\/oxidation-pt-pt\/professional-oxigenio-em-creme-40-vol-2\/#primaryimage\"},\"thumbnailUrl\":\"https:\/\/www.professional-haircare.it\/wp-content\/uploads\/2021\/09\/11010_professional_oxygen_cream_40vol_200ml.png\",\"datePublished\":\"2015-06-30T15:19:46+00:00\",\"dateModified\":\"2023-12-29T13:10:42+00:00\",\"description\":\"Oxig\u00e9nio em creme 40 vol (12%), formulado para ativar e orientar a liberta\u00e7\u00e3o de oxig\u00e9nio durante as fases de tratamento.\",\"breadcrumb\":{\"@id\":\"https:\/\/www.professional-haircare.it\/pt-pt\/products\/colouring-pt-pt\/oxidation-pt-pt\/professional-oxigenio-em-creme-40-vol-2\/#breadcrumb\"},\"inLanguage\":\"pt-PT\",\"potentialAction\":[{\"@type\":\"ReadAction\",\"target\":[\"https:\/\/www.professional-haircare.it\/pt-pt\/products\/colouring-pt-pt\/oxidation-pt-pt\/professional-oxigenio-em-creme-40-vol-2\/\"]}]},{\"@type\":\"ImageObject\",\"inLanguage\":\"pt-PT\",\"@id\":\"https:\/\/www.professional-haircare.it\/pt-pt\/products\/colouring-pt-pt\/oxidation-pt-pt\/professional-oxigenio-em-creme-40-vol-2\/#primaryimage\",\"url\":\"https:\/\/www.professional-haircare.it\/wp-content\/uploads\/2021\/09\/11010_professional_oxygen_cream_40vol_200ml.png\",\"contentUrl\":\"https:\/\/www.professional-haircare.it\/wp-content\/uploads\/2021\/09\/11010_professional_oxygen_cream_40vol_200ml.png\",\"width\":600,\"height\":600},{\"@type\":\"BreadcrumbList\",\"@id\":\"https:\/\/www.professional-haircare.it\/pt-pt\/products\/colouring-pt-pt\/oxidation-pt-pt\/professional-oxigenio-em-creme-40-vol-2\/#breadcrumb\",\"itemListElement\":[{\"@type\":\"ListItem\",\"position\":1,\"name\":\"Home\",\"item\":\"https:\/\/professional-haircare.it\/pt-pt\/\"},{\"@type\":\"ListItem\",\"position\":2,\"name\":\"Shop\",\"item\":\"https:\/\/professional-haircare.it\/shop\/\"},{\"@type\":\"ListItem\",\"position\":3,\"name\":\"Professional | Oxig\u00e9nio Em Creme 40 Vol\"}]},{\"@type\":\"WebSite\",\"@id\":\"https:\/\/professional-haircare.it\/#website\",\"url\":\"https:\/\/professional-haircare.it\/\",\"name\":\"Professional Hair Care\",\"description\":\"Hair Quality Solutions\",\"potentialAction\":[{\"@type\":\"SearchAction\",\"target\":{\"@type\":\"EntryPoint\",\"urlTemplate\":\"https:\/\/professional-haircare.it\/?s={search_term_string}\"},\"query-input\":{\"@type\":\"PropertyValueSpecification\",\"valueRequired\":true,\"valueName\":\"search_term_string\"}}],\"inLanguage\":\"pt-PT\"}]}<\/script>\n<!-- \/ Yoast SEO plugin. -->","yoast_head_json":{"title":"Professional | Oxig\u00e9nio Em Creme 40 Vol","description":"Oxig\u00e9nio em creme 40 vol (12%), formulado para ativar e orientar a liberta\u00e7\u00e3o de oxig\u00e9nio durante as fases de tratamento.","robots":{"index":"index","follow":"follow","max-snippet":"max-snippet:-1","max-image-preview":"max-image-preview:large","max-video-preview":"max-video-preview:-1"},"canonical":"https:\/\/www.professional-haircare.it\/pt-pt\/products\/colouring-pt-pt\/oxidation-pt-pt\/professional-oxigenio-em-creme-40-vol-2\/","og_locale":"pt_PT","og_type":"article","og_title":"Professional | Oxig\u00e9nio Em Creme 40 Vol","og_description":"Oxig\u00e9nio em creme 40 vol (12%), formulado para ativar e orientar a liberta\u00e7\u00e3o de oxig\u00e9nio durante as fases de tratamento.","og_url":"https:\/\/www.professional-haircare.it\/pt-pt\/products\/colouring-pt-pt\/oxidation-pt-pt\/professional-oxigenio-em-creme-40-vol-2\/","og_site_name":"Professional Hair Care","article_modified_time":"2023-12-29T13:10:42+00:00","og_image":[{"width":600,"height":600,"url":"https:\/\/professional-haircare.it\/wp-content\/uploads\/2021\/09\/11010_professional_oxygen_cream_40vol_200ml.png","type":"image\/png"}],"twitter_card":"summary_large_image","schema":{"@context":"https:\/\/schema.org","@graph":[{"@type":"WebPage","@id":"https:\/\/www.professional-haircare.it\/pt-pt\/products\/colouring-pt-pt\/oxidation-pt-pt\/professional-oxigenio-em-creme-40-vol-2\/","url":"https:\/\/www.professional-haircare.it\/pt-pt\/products\/colouring-pt-pt\/oxidation-pt-pt\/professional-oxigenio-em-creme-40-vol-2\/","name":"Professional | Oxig\u00e9nio Em Creme 40 Vol","isPartOf":{"@id":"https:\/\/professional-haircare.it\/#website"},"primaryImageOfPage":{"@id":"https:\/\/www.professional-haircare.it\/pt-pt\/products\/colouring-pt-pt\/oxidation-pt-pt\/professional-oxigenio-em-creme-40-vol-2\/#primaryimage"},"image":{"@id":"https:\/\/www.professional-haircare.it\/pt-pt\/products\/colouring-pt-pt\/oxidation-pt-pt\/professional-oxigenio-em-creme-40-vol-2\/#primaryimage"},"thumbnailUrl":"https:\/\/www.professional-haircare.it\/wp-content\/uploads\/2021\/09\/11010_professional_oxygen_cream_40vol_200ml.png","datePublished":"2015-06-30T15:19:46+00:00","dateModified":"2023-12-29T13:10:42+00:00","description":"Oxig\u00e9nio em creme 40 vol (12%), formulado para ativar e orientar a liberta\u00e7\u00e3o de oxig\u00e9nio durante as fases de tratamento.","breadcrumb":{"@id":"https:\/\/www.professional-haircare.it\/pt-pt\/products\/colouring-pt-pt\/oxidation-pt-pt\/professional-oxigenio-em-creme-40-vol-2\/#breadcrumb"},"inLanguage":"pt-PT","potentialAction":[{"@type":"ReadAction","target":["https:\/\/www.professional-haircare.it\/pt-pt\/products\/colouring-pt-pt\/oxidation-pt-pt\/professional-oxigenio-em-creme-40-vol-2\/"]}]},{"@type":"ImageObject","inLanguage":"pt-PT","@id":"https:\/\/www.professional-haircare.it\/pt-pt\/products\/colouring-pt-pt\/oxidation-pt-pt\/professional-oxigenio-em-creme-40-vol-2\/#primaryimage","url":"https:\/\/www.professional-haircare.it\/wp-content\/uploads\/2021\/09\/11010_professional_oxygen_cream_40vol_200ml.png","contentUrl":"https:\/\/www.professional-haircare.it\/wp-content\/uploads\/2021\/09\/11010_professional_oxygen_cream_40vol_200ml.png","width":600,"height":600},{"@type":"BreadcrumbList","@id":"https:\/\/www.professional-haircare.it\/pt-pt\/products\/colouring-pt-pt\/oxidation-pt-pt\/professional-oxigenio-em-creme-40-vol-2\/#breadcrumb","itemListElement":[{"@type":"ListItem","position":1,"name":"Home","item":"https:\/\/professional-haircare.it\/pt-pt\/"},{"@type":"ListItem","position":2,"name":"Shop","item":"https:\/\/professional-haircare.it\/shop\/"},{"@type":"ListItem","position":3,"name":"Professional | Oxig\u00e9nio Em Creme 40 Vol"}]},{"@type":"WebSite","@id":"https:\/\/professional-haircare.it\/#website","url":"https:\/\/professional-haircare.it\/","name":"Professional Hair Care","description":"Hair Quality Solutions","potentialAction":[{"@type":"SearchAction","target":{"@type":"EntryPoint","urlTemplate":"https:\/\/professional-haircare.it\/?s={search_term_string}"},"query-input":{"@type":"PropertyValueSpecification","valueRequired":true,"valueName":"search_term_string"}}],"inLanguage":"pt-PT"}]}},"_links":{"self":[{"href":"https:\/\/www.professional-haircare.it\/pt-pt\/wp-json\/wp\/v2\/product\/6344","targetHints":{"allow":["GET"]}}],"collection":[{"href":"https:\/\/www.professional-haircare.it\/pt-pt\/wp-json\/wp\/v2\/product"}],"about":[{"href":"https:\/\/www.professional-haircare.it\/pt-pt\/wp-json\/wp\/v2\/types\/product"}],"replies":[{"embeddable":true,"href":"https:\/\/www.professional-haircare.it\/pt-pt\/wp-json\/wp\/v2\/comments?post=6344"}],"wp:featuredmedia":[{"embeddable":true,"href":"https:\/\/www.professional-haircare.it\/pt-pt\/wp-json\/wp\/v2\/media\/5427"}],"wp:attachment":[{"href":"https:\/\/www.professional-haircare.it\/pt-pt\/wp-json\/wp\/v2\/media?parent=6344"}],"wp:term":[{"taxonomy":"product_brand","embeddable":true,"href":"https:\/\/www.professional-haircare.it\/pt-pt\/wp-json\/wp\/v2\/product_brand?post=6344"},{"taxonomy":"product_cat","embeddable":true,"href":"https:\/\/www.professional-haircare.it\/pt-pt\/wp-json\/wp\/v2\/product_cat?post=6344"},{"taxonomy":"product_tag","embeddable":true,"href":"https:\/\/www.professional-haircare.it\/pt-pt\/wp-json\/wp\/v2\/product_tag?post=6344"}],"curies":[{"name":"wp","href":"https:\/\/api.w.org\/{rel}","templated":true}]}}