{"id":6338,"date":"2016-03-30T17:26:06","date_gmt":"2016-03-30T15:26:06","guid":{"rendered":"https:\/\/www.professional-haircare.it\/products\/sem%20categoria\/intense-colour-care-tratamento-de-reflexo-cobre\/"},"modified":"2023-12-20T12:23:51","modified_gmt":"2023-12-20T11:23:51","slug":"intense-colour-care-tratamento-de-reflexo-cobre","status":"publish","type":"product","link":"https:\/\/www.professional-haircare.it\/pt-pt\/products\/colouring-pt-pt\/intense-colour-care-pt-pt\/intense-colour-care-tratamento-de-reflexo-cobre\/","title":{"rendered":"Intense Colour &#038; Care &#8211; Tratamento De Reflexo: Cobre"},"content":{"rendered":"","protected":false},"excerpt":{"rendered":"<p><span style=\"font-weight: 400;\">A nova <\/span><b>m\u00e1scara de reflexos Intense Colour<\/b> <b>&amp; Care<\/b><span style=\"font-weight: 400;\"> apresenta <\/span><b>7 tonalidades excecionais<\/b><span style=\"font-weight: 400;\">. O tratamento refletor com pigmentos diretos Professional combina in\u00fameros benef\u00edcios sobre para o cabelo: intensifica\u00e7\u00e3o e manuten\u00e7\u00e3o constante dos <\/span><b>reflexos cosm\u00e9ticos<\/b><span style=\"font-weight: 400;\">, <\/span><b>realce<\/b><span style=\"font-weight: 400;\"> da cor, <\/span><b>cobertura<\/b><span style=\"font-weight: 400;\"> dos primeiros cabelos brancos e uma <\/span><b>mistura<\/b><span style=\"font-weight: 400;\"> extremamente f\u00e1cil que permite personalizar a tonalidade desejada.<\/span><\/p>\n<p><span style=\"font-weight: 400;\">Cobre: reflexos brilhantes e quentes numa base castanha clara a loira clara<\/span><\/p>\n<p>200 ml<\/p>\n","protected":false},"featured_media":6117,"comment_status":"closed","ping_status":"closed","template":"","meta":[],"product_brand":[],"product_cat":[877,880],"product_tag":[],"class_list":{"0":"post-6338","1":"product","2":"type-product","3":"status-publish","4":"has-post-thumbnail","6":"product_cat-colouring-pt-pt","7":"product_cat-intense-colour-care-pt-pt","9":"first","10":"instock","11":"shipping-taxable","12":"product-type-simple"},"yoast_head":"<!-- This site is optimized with the Yoast SEO plugin v26.8 - https:\/\/yoast.com\/product\/yoast-seo-wordpress\/ -->\n<title>Intense Colour &amp; Care - Tratamento De Reflexo<\/title>\n<meta name=\"description\" content=\"A nova m\u00e1scara de reflexos Intense Colour &amp; Care apresenta 7 tonalidades excecionais.\" \/>\n<meta name=\"robots\" content=\"index, follow, max-snippet:-1, max-image-preview:large, max-video-preview:-1\" \/>\n<link rel=\"canonical\" href=\"https:\/\/www.professional-haircare.it\/pt-pt\/products\/colouring-pt-pt\/intense-colour-care-pt-pt\/intense-colour-care-tratamento-de-reflexo-cobre\/\" \/>\n<meta property=\"og:locale\" content=\"pt_PT\" \/>\n<meta property=\"og:type\" content=\"article\" \/>\n<meta property=\"og:title\" content=\"Intense Colour &amp; Care - Tratamento De Reflexo\" \/>\n<meta property=\"og:description\" content=\"A nova m\u00e1scara de reflexos Intense Colour &amp; Care apresenta 7 tonalidades excecionais.\" \/>\n<meta property=\"og:url\" content=\"https:\/\/www.professional-haircare.it\/pt-pt\/products\/colouring-pt-pt\/intense-colour-care-pt-pt\/intense-colour-care-tratamento-de-reflexo-cobre\/\" \/>\n<meta property=\"og:site_name\" content=\"Professional Hair Care\" \/>\n<meta property=\"article:modified_time\" content=\"2023-12-20T11:23:51+00:00\" \/>\n<meta property=\"og:image\" content=\"https:\/\/professional-haircare.it\/wp-content\/uploads\/2016\/03\/10609_professional_intense_colour__care_copper_200ml.png\" \/>\n\t<meta property=\"og:image:width\" content=\"600\" \/>\n\t<meta property=\"og:image:height\" content=\"600\" \/>\n\t<meta property=\"og:image:type\" content=\"image\/png\" \/>\n<meta name=\"twitter:card\" content=\"summary_large_image\" \/>\n<script type=\"application\/ld+json\" class=\"yoast-schema-graph\">{\"@context\":\"https:\/\/schema.org\",\"@graph\":[{\"@type\":\"WebPage\",\"@id\":\"https:\/\/www.professional-haircare.it\/pt-pt\/products\/colouring-pt-pt\/intense-colour-care-pt-pt\/intense-colour-care-tratamento-de-reflexo-cobre\/\",\"url\":\"https:\/\/www.professional-haircare.it\/pt-pt\/products\/colouring-pt-pt\/intense-colour-care-pt-pt\/intense-colour-care-tratamento-de-reflexo-cobre\/\",\"name\":\"Intense Colour & Care - Tratamento De Reflexo\",\"isPartOf\":{\"@id\":\"https:\/\/professional-haircare.it\/#website\"},\"primaryImageOfPage\":{\"@id\":\"https:\/\/www.professional-haircare.it\/pt-pt\/products\/colouring-pt-pt\/intense-colour-care-pt-pt\/intense-colour-care-tratamento-de-reflexo-cobre\/#primaryimage\"},\"image\":{\"@id\":\"https:\/\/www.professional-haircare.it\/pt-pt\/products\/colouring-pt-pt\/intense-colour-care-pt-pt\/intense-colour-care-tratamento-de-reflexo-cobre\/#primaryimage\"},\"thumbnailUrl\":\"https:\/\/www.professional-haircare.it\/wp-content\/uploads\/2016\/03\/10609_professional_intense_colour__care_copper_200ml.png\",\"datePublished\":\"2016-03-30T15:26:06+00:00\",\"dateModified\":\"2023-12-20T11:23:51+00:00\",\"description\":\"A nova m\u00e1scara de reflexos Intense Colour & Care apresenta 7 tonalidades excecionais.\",\"breadcrumb\":{\"@id\":\"https:\/\/www.professional-haircare.it\/pt-pt\/products\/colouring-pt-pt\/intense-colour-care-pt-pt\/intense-colour-care-tratamento-de-reflexo-cobre\/#breadcrumb\"},\"inLanguage\":\"pt-PT\",\"potentialAction\":[{\"@type\":\"ReadAction\",\"target\":[\"https:\/\/www.professional-haircare.it\/pt-pt\/products\/colouring-pt-pt\/intense-colour-care-pt-pt\/intense-colour-care-tratamento-de-reflexo-cobre\/\"]}]},{\"@type\":\"ImageObject\",\"inLanguage\":\"pt-PT\",\"@id\":\"https:\/\/www.professional-haircare.it\/pt-pt\/products\/colouring-pt-pt\/intense-colour-care-pt-pt\/intense-colour-care-tratamento-de-reflexo-cobre\/#primaryimage\",\"url\":\"https:\/\/www.professional-haircare.it\/wp-content\/uploads\/2016\/03\/10609_professional_intense_colour__care_copper_200ml.png\",\"contentUrl\":\"https:\/\/www.professional-haircare.it\/wp-content\/uploads\/2016\/03\/10609_professional_intense_colour__care_copper_200ml.png\",\"width\":600,\"height\":600},{\"@type\":\"BreadcrumbList\",\"@id\":\"https:\/\/www.professional-haircare.it\/pt-pt\/products\/colouring-pt-pt\/intense-colour-care-pt-pt\/intense-colour-care-tratamento-de-reflexo-cobre\/#breadcrumb\",\"itemListElement\":[{\"@type\":\"ListItem\",\"position\":1,\"name\":\"Home\",\"item\":\"https:\/\/professional-haircare.it\/pt-pt\/\"},{\"@type\":\"ListItem\",\"position\":2,\"name\":\"Shop\",\"item\":\"https:\/\/professional-haircare.it\/shop\/\"},{\"@type\":\"ListItem\",\"position\":3,\"name\":\"Intense Colour &#038; Care &#8211; Tratamento De Reflexo: Cobre\"}]},{\"@type\":\"WebSite\",\"@id\":\"https:\/\/professional-haircare.it\/#website\",\"url\":\"https:\/\/professional-haircare.it\/\",\"name\":\"Professional Hair Care\",\"description\":\"Hair Quality Solutions\",\"potentialAction\":[{\"@type\":\"SearchAction\",\"target\":{\"@type\":\"EntryPoint\",\"urlTemplate\":\"https:\/\/professional-haircare.it\/?s={search_term_string}\"},\"query-input\":{\"@type\":\"PropertyValueSpecification\",\"valueRequired\":true,\"valueName\":\"search_term_string\"}}],\"inLanguage\":\"pt-PT\"}]}<\/script>\n<!-- \/ Yoast SEO plugin. -->","yoast_head_json":{"title":"Intense Colour & Care - Tratamento De Reflexo","description":"A nova m\u00e1scara de reflexos Intense Colour & Care apresenta 7 tonalidades excecionais.","robots":{"index":"index","follow":"follow","max-snippet":"max-snippet:-1","max-image-preview":"max-image-preview:large","max-video-preview":"max-video-preview:-1"},"canonical":"https:\/\/www.professional-haircare.it\/pt-pt\/products\/colouring-pt-pt\/intense-colour-care-pt-pt\/intense-colour-care-tratamento-de-reflexo-cobre\/","og_locale":"pt_PT","og_type":"article","og_title":"Intense Colour & Care - Tratamento De Reflexo","og_description":"A nova m\u00e1scara de reflexos Intense Colour & Care apresenta 7 tonalidades excecionais.","og_url":"https:\/\/www.professional-haircare.it\/pt-pt\/products\/colouring-pt-pt\/intense-colour-care-pt-pt\/intense-colour-care-tratamento-de-reflexo-cobre\/","og_site_name":"Professional Hair Care","article_modified_time":"2023-12-20T11:23:51+00:00","og_image":[{"width":600,"height":600,"url":"https:\/\/professional-haircare.it\/wp-content\/uploads\/2016\/03\/10609_professional_intense_colour__care_copper_200ml.png","type":"image\/png"}],"twitter_card":"summary_large_image","schema":{"@context":"https:\/\/schema.org","@graph":[{"@type":"WebPage","@id":"https:\/\/www.professional-haircare.it\/pt-pt\/products\/colouring-pt-pt\/intense-colour-care-pt-pt\/intense-colour-care-tratamento-de-reflexo-cobre\/","url":"https:\/\/www.professional-haircare.it\/pt-pt\/products\/colouring-pt-pt\/intense-colour-care-pt-pt\/intense-colour-care-tratamento-de-reflexo-cobre\/","name":"Intense Colour & Care - Tratamento De Reflexo","isPartOf":{"@id":"https:\/\/professional-haircare.it\/#website"},"primaryImageOfPage":{"@id":"https:\/\/www.professional-haircare.it\/pt-pt\/products\/colouring-pt-pt\/intense-colour-care-pt-pt\/intense-colour-care-tratamento-de-reflexo-cobre\/#primaryimage"},"image":{"@id":"https:\/\/www.professional-haircare.it\/pt-pt\/products\/colouring-pt-pt\/intense-colour-care-pt-pt\/intense-colour-care-tratamento-de-reflexo-cobre\/#primaryimage"},"thumbnailUrl":"https:\/\/www.professional-haircare.it\/wp-content\/uploads\/2016\/03\/10609_professional_intense_colour__care_copper_200ml.png","datePublished":"2016-03-30T15:26:06+00:00","dateModified":"2023-12-20T11:23:51+00:00","description":"A nova m\u00e1scara de reflexos Intense Colour & Care apresenta 7 tonalidades excecionais.","breadcrumb":{"@id":"https:\/\/www.professional-haircare.it\/pt-pt\/products\/colouring-pt-pt\/intense-colour-care-pt-pt\/intense-colour-care-tratamento-de-reflexo-cobre\/#breadcrumb"},"inLanguage":"pt-PT","potentialAction":[{"@type":"ReadAction","target":["https:\/\/www.professional-haircare.it\/pt-pt\/products\/colouring-pt-pt\/intense-colour-care-pt-pt\/intense-colour-care-tratamento-de-reflexo-cobre\/"]}]},{"@type":"ImageObject","inLanguage":"pt-PT","@id":"https:\/\/www.professional-haircare.it\/pt-pt\/products\/colouring-pt-pt\/intense-colour-care-pt-pt\/intense-colour-care-tratamento-de-reflexo-cobre\/#primaryimage","url":"https:\/\/www.professional-haircare.it\/wp-content\/uploads\/2016\/03\/10609_professional_intense_colour__care_copper_200ml.png","contentUrl":"https:\/\/www.professional-haircare.it\/wp-content\/uploads\/2016\/03\/10609_professional_intense_colour__care_copper_200ml.png","width":600,"height":600},{"@type":"BreadcrumbList","@id":"https:\/\/www.professional-haircare.it\/pt-pt\/products\/colouring-pt-pt\/intense-colour-care-pt-pt\/intense-colour-care-tratamento-de-reflexo-cobre\/#breadcrumb","itemListElement":[{"@type":"ListItem","position":1,"name":"Home","item":"https:\/\/professional-haircare.it\/pt-pt\/"},{"@type":"ListItem","position":2,"name":"Shop","item":"https:\/\/professional-haircare.it\/shop\/"},{"@type":"ListItem","position":3,"name":"Intense Colour &#038; Care &#8211; Tratamento De Reflexo: Cobre"}]},{"@type":"WebSite","@id":"https:\/\/professional-haircare.it\/#website","url":"https:\/\/professional-haircare.it\/","name":"Professional Hair Care","description":"Hair Quality Solutions","potentialAction":[{"@type":"SearchAction","target":{"@type":"EntryPoint","urlTemplate":"https:\/\/professional-haircare.it\/?s={search_term_string}"},"query-input":{"@type":"PropertyValueSpecification","valueRequired":true,"valueName":"search_term_string"}}],"inLanguage":"pt-PT"}]}},"_links":{"self":[{"href":"https:\/\/www.professional-haircare.it\/pt-pt\/wp-json\/wp\/v2\/product\/6338","targetHints":{"allow":["GET"]}}],"collection":[{"href":"https:\/\/www.professional-haircare.it\/pt-pt\/wp-json\/wp\/v2\/product"}],"about":[{"href":"https:\/\/www.professional-haircare.it\/pt-pt\/wp-json\/wp\/v2\/types\/product"}],"replies":[{"embeddable":true,"href":"https:\/\/www.professional-haircare.it\/pt-pt\/wp-json\/wp\/v2\/comments?post=6338"}],"wp:featuredmedia":[{"embeddable":true,"href":"https:\/\/www.professional-haircare.it\/pt-pt\/wp-json\/wp\/v2\/media\/6117"}],"wp:attachment":[{"href":"https:\/\/www.professional-haircare.it\/pt-pt\/wp-json\/wp\/v2\/media?parent=6338"}],"wp:term":[{"taxonomy":"product_brand","embeddable":true,"href":"https:\/\/www.professional-haircare.it\/pt-pt\/wp-json\/wp\/v2\/product_brand?post=6338"},{"taxonomy":"product_cat","embeddable":true,"href":"https:\/\/www.professional-haircare.it\/pt-pt\/wp-json\/wp\/v2\/product_cat?post=6338"},{"taxonomy":"product_tag","embeddable":true,"href":"https:\/\/www.professional-haircare.it\/pt-pt\/wp-json\/wp\/v2\/product_tag?post=6338"}],"curies":[{"name":"wp","href":"https:\/\/api.w.org\/{rel}","templated":true}]}}