{"id":6333,"date":"2023-12-19T12:22:22","date_gmt":"2023-12-19T11:22:22","guid":{"rendered":"https:\/\/www.professional-haircare.it\/dados-completos-da-empresa\/"},"modified":"2023-12-19T12:22:23","modified_gmt":"2023-12-19T11:22:23","slug":"dados-completos-da-empresa","status":"publish","type":"page","link":"https:\/\/www.professional-haircare.it\/pt-pt\/dados-completos-da-empresa\/","title":{"rendered":"Dados completos da empresa"},"content":{"rendered":"<div class=\"wpb-content-wrapper\"><p>[vc_row][vc_column][vc_column_text]<br \/>\nComprof Milano S.r.l.<\/p>\n<p>N\u00famero de IVA: IT07479001211<\/p>\n<p>Sede legal: P.zza S. Maria degli Angeli a Pizzofalcone 1, N\u00e1poles (Na) 80132<\/p>\n<p>Sede Operacional: Cis di Nola Isola 8, lotto 8032-8035, 80035 Nola (Na)<\/p>\n<p>Conservat\u00f3ria do registo comercial: N\u00e1poles \u2013 sec\u00e7\u00e3o ordin\u00e1ria<\/p>\n<p>N\u00famero de inscri\u00e7\u00e3o no registo comercial: 07479001211<\/p>\n<p>Capital social realizado: \u20ac 100.000,00<\/p>\n<p>Endere\u00e7o de correio eletr\u00f3nico certificado:\u00a0<a href=\"mailto:comprofmilano@legalmail.it\">comprofmilano@legalmail.it<\/a><br \/>\n[\/vc_column_text][\/vc_column][\/vc_row]<\/p>\n<\/div>","protected":false},"excerpt":{"rendered":"<p>&#8230;<\/p>\n","protected":false},"author":1,"featured_media":0,"parent":0,"menu_order":0,"comment_status":"closed","ping_status":"closed","template":"","meta":{"footnotes":""},"class_list":["post-6333","page","type-page","status-publish","hentry"],"yoast_head":"<!-- This site is optimized with the Yoast SEO plugin v26.8 - https:\/\/yoast.com\/product\/yoast-seo-wordpress\/ -->\n<title>Dados completos da empresa - Professional Hair Care<\/title>\n<meta name=\"robots\" content=\"noindex, nofollow\" \/>\n<meta property=\"og:locale\" content=\"pt_PT\" \/>\n<meta property=\"og:type\" content=\"article\" \/>\n<meta property=\"og:title\" content=\"Dados completos da empresa - Professional Hair Care\" \/>\n<meta property=\"og:description\" content=\"...\" \/>\n<meta property=\"og:url\" content=\"https:\/\/www.professional-haircare.it\/pt-pt\/dados-completos-da-empresa\/\" \/>\n<meta property=\"og:site_name\" content=\"Professional Hair Care\" \/>\n<meta property=\"article:modified_time\" content=\"2023-12-19T11:22:23+00:00\" \/>\n<meta name=\"twitter:card\" content=\"summary_large_image\" \/>\n<script type=\"application\/ld+json\" class=\"yoast-schema-graph\">{\"@context\":\"https:\/\/schema.org\",\"@graph\":[{\"@type\":\"WebPage\",\"@id\":\"https:\/\/www.professional-haircare.it\/pt-pt\/dados-completos-da-empresa\/\",\"url\":\"https:\/\/www.professional-haircare.it\/pt-pt\/dados-completos-da-empresa\/\",\"name\":\"Dados completos da empresa - Professional Hair Care\",\"isPartOf\":{\"@id\":\"https:\/\/professional-haircare.it\/#website\"},\"datePublished\":\"2023-12-19T11:22:22+00:00\",\"dateModified\":\"2023-12-19T11:22:23+00:00\",\"breadcrumb\":{\"@id\":\"https:\/\/www.professional-haircare.it\/pt-pt\/dados-completos-da-empresa\/#breadcrumb\"},\"inLanguage\":\"pt-PT\",\"potentialAction\":[{\"@type\":\"ReadAction\",\"target\":[\"https:\/\/www.professional-haircare.it\/pt-pt\/dados-completos-da-empresa\/\"]}]},{\"@type\":\"BreadcrumbList\",\"@id\":\"https:\/\/www.professional-haircare.it\/pt-pt\/dados-completos-da-empresa\/#breadcrumb\",\"itemListElement\":[{\"@type\":\"ListItem\",\"position\":1,\"name\":\"Home\",\"item\":\"https:\/\/professional-haircare.it\/pt-pt\/\"},{\"@type\":\"ListItem\",\"position\":2,\"name\":\"Dados completos da empresa\"}]},{\"@type\":\"WebSite\",\"@id\":\"https:\/\/professional-haircare.it\/#website\",\"url\":\"https:\/\/professional-haircare.it\/\",\"name\":\"Professional Hair Care\",\"description\":\"Hair Quality Solutions\",\"potentialAction\":[{\"@type\":\"SearchAction\",\"target\":{\"@type\":\"EntryPoint\",\"urlTemplate\":\"https:\/\/professional-haircare.it\/?s={search_term_string}\"},\"query-input\":{\"@type\":\"PropertyValueSpecification\",\"valueRequired\":true,\"valueName\":\"search_term_string\"}}],\"inLanguage\":\"pt-PT\"}]}<\/script>\n<!-- \/ Yoast SEO plugin. -->","yoast_head_json":{"title":"Dados completos da empresa - Professional Hair Care","robots":{"index":"noindex","follow":"nofollow"},"og_locale":"pt_PT","og_type":"article","og_title":"Dados completos da empresa - Professional Hair Care","og_description":"...","og_url":"https:\/\/www.professional-haircare.it\/pt-pt\/dados-completos-da-empresa\/","og_site_name":"Professional Hair Care","article_modified_time":"2023-12-19T11:22:23+00:00","twitter_card":"summary_large_image","schema":{"@context":"https:\/\/schema.org","@graph":[{"@type":"WebPage","@id":"https:\/\/www.professional-haircare.it\/pt-pt\/dados-completos-da-empresa\/","url":"https:\/\/www.professional-haircare.it\/pt-pt\/dados-completos-da-empresa\/","name":"Dados completos da empresa - Professional Hair Care","isPartOf":{"@id":"https:\/\/professional-haircare.it\/#website"},"datePublished":"2023-12-19T11:22:22+00:00","dateModified":"2023-12-19T11:22:23+00:00","breadcrumb":{"@id":"https:\/\/www.professional-haircare.it\/pt-pt\/dados-completos-da-empresa\/#breadcrumb"},"inLanguage":"pt-PT","potentialAction":[{"@type":"ReadAction","target":["https:\/\/www.professional-haircare.it\/pt-pt\/dados-completos-da-empresa\/"]}]},{"@type":"BreadcrumbList","@id":"https:\/\/www.professional-haircare.it\/pt-pt\/dados-completos-da-empresa\/#breadcrumb","itemListElement":[{"@type":"ListItem","position":1,"name":"Home","item":"https:\/\/professional-haircare.it\/pt-pt\/"},{"@type":"ListItem","position":2,"name":"Dados completos da empresa"}]},{"@type":"WebSite","@id":"https:\/\/professional-haircare.it\/#website","url":"https:\/\/professional-haircare.it\/","name":"Professional Hair Care","description":"Hair Quality Solutions","potentialAction":[{"@type":"SearchAction","target":{"@type":"EntryPoint","urlTemplate":"https:\/\/professional-haircare.it\/?s={search_term_string}"},"query-input":{"@type":"PropertyValueSpecification","valueRequired":true,"valueName":"search_term_string"}}],"inLanguage":"pt-PT"}]}},"_links":{"self":[{"href":"https:\/\/www.professional-haircare.it\/pt-pt\/wp-json\/wp\/v2\/pages\/6333","targetHints":{"allow":["GET"]}}],"collection":[{"href":"https:\/\/www.professional-haircare.it\/pt-pt\/wp-json\/wp\/v2\/pages"}],"about":[{"href":"https:\/\/www.professional-haircare.it\/pt-pt\/wp-json\/wp\/v2\/types\/page"}],"author":[{"embeddable":true,"href":"https:\/\/www.professional-haircare.it\/pt-pt\/wp-json\/wp\/v2\/users\/1"}],"replies":[{"embeddable":true,"href":"https:\/\/www.professional-haircare.it\/pt-pt\/wp-json\/wp\/v2\/comments?post=6333"}],"version-history":[{"count":0,"href":"https:\/\/www.professional-haircare.it\/pt-pt\/wp-json\/wp\/v2\/pages\/6333\/revisions"}],"wp:attachment":[{"href":"https:\/\/www.professional-haircare.it\/pt-pt\/wp-json\/wp\/v2\/media?parent=6333"}],"curies":[{"name":"wp","href":"https:\/\/api.w.org\/{rel}","templated":true}]}}