{"id":6322,"date":"2023-12-19T12:19:06","date_gmt":"2023-12-19T11:19:06","guid":{"rendered":"https:\/\/www.professional-haircare.it\/contacts\/"},"modified":"2023-12-29T11:48:37","modified_gmt":"2023-12-29T10:48:37","slug":"contacts","status":"publish","type":"page","link":"https:\/\/www.professional-haircare.it\/pt-pt\/contacts\/","title":{"rendered":"Contacts"},"content":{"rendered":"<div class=\"wpb-content-wrapper\"><p>[vc_row][vc_column width=&#8221;2\/3&#8243;][vc_raw_html]JTNDc2NyaXB0JTIwY2hhcnNldCUzRCUyMnV0Zi04JTIyJTIwdHlwZSUzRCUyMnRleHQlMkZqYXZhc2NyaXB0JTIyJTIwc3JjJTNEJTIyJTJGJTJGanMtZXUxLmhzZm9ybXMubmV0JTJGZm9ybXMlMkZlbWJlZCUyRnYyLmpzJTIyJTNFJTNDJTJGc2NyaXB0JTNFJTBBJTNDc2NyaXB0JTNFJTBBJTIwJTIwaGJzcHQuZm9ybXMuY3JlYXRlJTI4JTdCJTBBJTIwJTIwJTIwJTIwcmVnaW9uJTNBJTIwJTIyZXUxJTIyJTJDJTBBJTIwJTIwJTIwJTIwcG9ydGFsSWQlM0ElMjAlMjIyNDg5MDY1NyUyMiUyQyUwQSUyMCUyMCUyMCUyMGZvcm1JZCUzQSUyMCUyMjY0YWQ5MDYyLTk2M2UtNDY4Yi1hZmE5LWYwYTEyZWFmYmZjNiUyMiUwQSUyMCUyMCU3RCUyOSUzQiUwQSUzQyUyRnNjcmlwdCUzRQ==[\/vc_raw_html][\/vc_column][vc_column width=&#8221;1\/3&#8243;]<div class=\"block-with-ico ico-box-6167 ico-position-left ico-style-\"><i class=\"fa fa-phone\" ><\/i><div class=\"ico-box-content\"><h5>CUSTOMER SERVICE<\/h5>Para comunica\u00e7\u00f5es ou obter mais informa\u00e7\u00f5es<br \/>\ncontactar a linha direta:<\/p>\n<h3>800 273 708<\/h3>\n<p><\/div><\/div><style>.ico-box-6167 i {color:#b6b6b6!important;}.ico-box-6167:hover i {}<\/style><div class=\"block-with-ico ico-box-6416 ico-position-left ico-style-\"><i class=\"fa fa-envelope\" ><\/i><div class=\"ico-box-content\"><h5>WEB SERVICE<\/h5>E-mail address:<\/p>\n<p><span style=\"color: #808080;\"><strong><a style=\"color: #808080;\" href=\"mailto:info@professional-haircare.it\">info@professional-haircare.it<\/a><\/strong><\/span><\/div><\/div><style>.ico-box-6416 i {}.ico-box-6416:hover i {}<\/style><div class=\"block-with-ico ico-box-1717 ico-position-left ico-style-\"><i class=\"fa fa-book\" ><\/i><div class=\"ico-box-content\"><h5>PRODUCT<\/h5><span style=\"font-weight: 400;\">Descarregue o Cat\u00e1logo de produtos<\/span><\/p>\n<p><a href=\"https:\/\/comprof.it\/cataloghi\/professional\/professional_products_book.pdf\"><b>clique aqui<\/b><\/a><\/div><\/div><style>.ico-box-1717 i {}.ico-box-1717:hover i {}<\/style>[\/vc_column][\/vc_row]<\/p>\n<\/div>","protected":false},"excerpt":{"rendered":"<p>&#8230;<\/p>\n","protected":false},"author":1,"featured_media":0,"parent":0,"menu_order":0,"comment_status":"closed","ping_status":"closed","template":"","meta":{"footnotes":""},"class_list":["post-6322","page","type-page","status-publish","hentry"],"yoast_head":"<!-- This site is optimized with the Yoast SEO plugin v26.8 - https:\/\/yoast.com\/product\/yoast-seo-wordpress\/ -->\n<title>Professional Comprof | Contacts<\/title>\n<meta name=\"description\" content=\"Nascida dos muitos anos de experi\u00eancia da Comprof, Professional \u00e9 a marca que revoluciona os cuidados capilares, oferecendo produtos com uma a\u00e7\u00e3o cosm\u00e9tica e funcional.\" \/>\n<meta name=\"robots\" content=\"index, follow, max-snippet:-1, max-image-preview:large, max-video-preview:-1\" \/>\n<link rel=\"canonical\" href=\"https:\/\/www.professional-haircare.it\/pt-pt\/contacts\/\" \/>\n<meta property=\"og:locale\" content=\"pt_PT\" \/>\n<meta property=\"og:type\" content=\"article\" \/>\n<meta property=\"og:title\" content=\"Professional Comprof | Contacts\" \/>\n<meta property=\"og:description\" content=\"Nascida dos muitos anos de experi\u00eancia da Comprof, Professional \u00e9 a marca que revoluciona os cuidados capilares, oferecendo produtos com uma a\u00e7\u00e3o cosm\u00e9tica e funcional.\" \/>\n<meta property=\"og:url\" content=\"https:\/\/www.professional-haircare.it\/pt-pt\/contacts\/\" \/>\n<meta property=\"og:site_name\" content=\"Professional Hair Care\" \/>\n<meta property=\"article:modified_time\" content=\"2023-12-29T10:48:37+00:00\" \/>\n<meta name=\"twitter:card\" content=\"summary_large_image\" \/>\n<meta name=\"twitter:label1\" content=\"Tempo estimado de leitura\" \/>\n\t<meta name=\"twitter:data1\" content=\"1 minuto\" \/>\n<script type=\"application\/ld+json\" class=\"yoast-schema-graph\">{\"@context\":\"https:\/\/schema.org\",\"@graph\":[{\"@type\":\"WebPage\",\"@id\":\"https:\/\/www.professional-haircare.it\/pt-pt\/contacts\/\",\"url\":\"https:\/\/www.professional-haircare.it\/pt-pt\/contacts\/\",\"name\":\"Professional Comprof | Contacts\",\"isPartOf\":{\"@id\":\"https:\/\/professional-haircare.it\/#website\"},\"datePublished\":\"2023-12-19T11:19:06+00:00\",\"dateModified\":\"2023-12-29T10:48:37+00:00\",\"description\":\"Nascida dos muitos anos de experi\u00eancia da Comprof, Professional \u00e9 a marca que revoluciona os cuidados capilares, oferecendo produtos com uma a\u00e7\u00e3o cosm\u00e9tica e funcional.\",\"breadcrumb\":{\"@id\":\"https:\/\/www.professional-haircare.it\/pt-pt\/contacts\/#breadcrumb\"},\"inLanguage\":\"pt-PT\",\"potentialAction\":[{\"@type\":\"ReadAction\",\"target\":[\"https:\/\/www.professional-haircare.it\/pt-pt\/contacts\/\"]}]},{\"@type\":\"BreadcrumbList\",\"@id\":\"https:\/\/www.professional-haircare.it\/pt-pt\/contacts\/#breadcrumb\",\"itemListElement\":[{\"@type\":\"ListItem\",\"position\":1,\"name\":\"Home\",\"item\":\"https:\/\/professional-haircare.it\/pt-pt\/\"},{\"@type\":\"ListItem\",\"position\":2,\"name\":\"Contacts\"}]},{\"@type\":\"WebSite\",\"@id\":\"https:\/\/professional-haircare.it\/#website\",\"url\":\"https:\/\/professional-haircare.it\/\",\"name\":\"Professional Hair Care\",\"description\":\"Hair Quality Solutions\",\"potentialAction\":[{\"@type\":\"SearchAction\",\"target\":{\"@type\":\"EntryPoint\",\"urlTemplate\":\"https:\/\/professional-haircare.it\/?s={search_term_string}\"},\"query-input\":{\"@type\":\"PropertyValueSpecification\",\"valueRequired\":true,\"valueName\":\"search_term_string\"}}],\"inLanguage\":\"pt-PT\"}]}<\/script>\n<!-- \/ Yoast SEO plugin. -->","yoast_head_json":{"title":"Professional Comprof | Contacts","description":"Nascida dos muitos anos de experi\u00eancia da Comprof, Professional \u00e9 a marca que revoluciona os cuidados capilares, oferecendo produtos com uma a\u00e7\u00e3o cosm\u00e9tica e funcional.","robots":{"index":"index","follow":"follow","max-snippet":"max-snippet:-1","max-image-preview":"max-image-preview:large","max-video-preview":"max-video-preview:-1"},"canonical":"https:\/\/www.professional-haircare.it\/pt-pt\/contacts\/","og_locale":"pt_PT","og_type":"article","og_title":"Professional Comprof | Contacts","og_description":"Nascida dos muitos anos de experi\u00eancia da Comprof, Professional \u00e9 a marca que revoluciona os cuidados capilares, oferecendo produtos com uma a\u00e7\u00e3o cosm\u00e9tica e funcional.","og_url":"https:\/\/www.professional-haircare.it\/pt-pt\/contacts\/","og_site_name":"Professional Hair Care","article_modified_time":"2023-12-29T10:48:37+00:00","twitter_card":"summary_large_image","twitter_misc":{"Tempo estimado de leitura":"1 minuto"},"schema":{"@context":"https:\/\/schema.org","@graph":[{"@type":"WebPage","@id":"https:\/\/www.professional-haircare.it\/pt-pt\/contacts\/","url":"https:\/\/www.professional-haircare.it\/pt-pt\/contacts\/","name":"Professional Comprof | Contacts","isPartOf":{"@id":"https:\/\/professional-haircare.it\/#website"},"datePublished":"2023-12-19T11:19:06+00:00","dateModified":"2023-12-29T10:48:37+00:00","description":"Nascida dos muitos anos de experi\u00eancia da Comprof, Professional \u00e9 a marca que revoluciona os cuidados capilares, oferecendo produtos com uma a\u00e7\u00e3o cosm\u00e9tica e funcional.","breadcrumb":{"@id":"https:\/\/www.professional-haircare.it\/pt-pt\/contacts\/#breadcrumb"},"inLanguage":"pt-PT","potentialAction":[{"@type":"ReadAction","target":["https:\/\/www.professional-haircare.it\/pt-pt\/contacts\/"]}]},{"@type":"BreadcrumbList","@id":"https:\/\/www.professional-haircare.it\/pt-pt\/contacts\/#breadcrumb","itemListElement":[{"@type":"ListItem","position":1,"name":"Home","item":"https:\/\/professional-haircare.it\/pt-pt\/"},{"@type":"ListItem","position":2,"name":"Contacts"}]},{"@type":"WebSite","@id":"https:\/\/professional-haircare.it\/#website","url":"https:\/\/professional-haircare.it\/","name":"Professional Hair Care","description":"Hair Quality Solutions","potentialAction":[{"@type":"SearchAction","target":{"@type":"EntryPoint","urlTemplate":"https:\/\/professional-haircare.it\/?s={search_term_string}"},"query-input":{"@type":"PropertyValueSpecification","valueRequired":true,"valueName":"search_term_string"}}],"inLanguage":"pt-PT"}]}},"_links":{"self":[{"href":"https:\/\/www.professional-haircare.it\/pt-pt\/wp-json\/wp\/v2\/pages\/6322","targetHints":{"allow":["GET"]}}],"collection":[{"href":"https:\/\/www.professional-haircare.it\/pt-pt\/wp-json\/wp\/v2\/pages"}],"about":[{"href":"https:\/\/www.professional-haircare.it\/pt-pt\/wp-json\/wp\/v2\/types\/page"}],"author":[{"embeddable":true,"href":"https:\/\/www.professional-haircare.it\/pt-pt\/wp-json\/wp\/v2\/users\/1"}],"replies":[{"embeddable":true,"href":"https:\/\/www.professional-haircare.it\/pt-pt\/wp-json\/wp\/v2\/comments?post=6322"}],"version-history":[{"count":0,"href":"https:\/\/www.professional-haircare.it\/pt-pt\/wp-json\/wp\/v2\/pages\/6322\/revisions"}],"wp:attachment":[{"href":"https:\/\/www.professional-haircare.it\/pt-pt\/wp-json\/wp\/v2\/media?parent=6322"}],"curies":[{"name":"wp","href":"https:\/\/api.w.org\/{rel}","templated":true}]}}