{"id":6318,"date":"2023-12-19T12:15:16","date_gmt":"2023-12-19T11:15:16","guid":{"rendered":"https:\/\/www.professional-haircare.it\/identity\/"},"modified":"2024-03-08T16:03:38","modified_gmt":"2024-03-08T15:03:38","slug":"identity","status":"publish","type":"page","link":"https:\/\/www.professional-haircare.it\/pt-pt\/identity\/","title":{"rendered":"Identity"},"content":{"rendered":"<div class=\"wpb-content-wrapper\"><p>[vc_row][vc_column][vc_column_text]<\/p>\n<h1 style=\"text-align: center;\">EXTRAORDINARY EXPERIENCE<\/h1>\n<p>[\/vc_column_text][vc_empty_space][\/vc_column][\/vc_row][vc_row][vc_column offset=&#8221;vc_hidden-sm vc_hidden-xs&#8221;][vc_row_inner][vc_column_inner width=&#8221;1\/2&#8243;][vc_single_image image=&#8221;5026&#8243; img_size=&#8221;full&#8221; css_animation=&#8221;appear&#8221;][\/vc_column_inner][vc_column_inner width=&#8221;1\/2&#8243;][vc_column_text css=&#8221;.vc_custom_1709910195648{padding-top: 10% !important;padding-bottom: 10% !important;}&#8221;]<\/p>\n<p style=\"text-align: center;\"><span style=\"font-weight: 400;\">Professional nasceu em 1995 de uma profunda experi\u00eancia no setor tricol\u00f3gico.<\/span><\/p>\n<p style=\"text-align: center;\"><span style=\"font-weight: 400;\">\u00c9 a marca <\/span><b>profissional<\/b><span style=\"font-weight: 400;\"> enraizada na tradi\u00e7\u00e3o <\/span><b>Made in Italy<\/b><span style=\"font-weight: 400;\">, desenvolvida para promover o <\/span><b>bem-estar dos cabelos<\/b><span style=\"font-weight: 400;\">, tanto no sal\u00e3o de cabeleireiro como em casa.<\/span><\/p>\n<p>[\/vc_column_text][\/vc_column_inner][\/vc_row_inner][vc_row_inner][vc_column_inner][vc_empty_space][\/vc_column_inner][\/vc_row_inner][vc_row_inner][vc_column_inner width=&#8221;1\/2&#8243;][vc_column_text css=&#8221;.vc_custom_1650015612621{padding-top: 10% !important;padding-bottom: 10% !important;}&#8221;]<\/p>\n<p style=\"text-align: center;\"><span style=\"font-weight: 400;\">Temos por miss\u00e3o ser o ponto de refer\u00eancia dos <\/span><b>\u00a0cabeleireiros<\/b><span style=\"font-weight: 400;\">, desenvolvendo produtos resultantes da sua experi\u00eancia e pensados para ganhar a <\/span><b>confian\u00e7a dos clientes<\/b><span style=\"font-weight: 400;\">. Esta \u00e9 a nossa vis\u00e3o: promover o <\/span><b>bem-estar<\/b><span style=\"font-weight: 400;\"> e o <\/span><b>luxo<\/b><span style=\"font-weight: 400;\"> inclusivo, sem excessos, para valorizar o cabelo, cuidando dele com dedica\u00e7\u00e3o.<\/span><\/p>\n<p>[\/vc_column_text][\/vc_column_inner][vc_column_inner width=&#8221;1\/2&#8243;][vc_single_image image=&#8221;5027&#8243; img_size=&#8221;full&#8221; css_animation=&#8221;appear&#8221;][\/vc_column_inner][\/vc_row_inner][vc_row_inner][vc_column_inner][vc_empty_space][\/vc_column_inner][\/vc_row_inner][vc_row_inner][vc_column_inner width=&#8221;1\/2&#8243;][vc_single_image image=&#8221;5028&#8243; img_size=&#8221;full&#8221; css_animation=&#8221;appear&#8221;][\/vc_column_inner][vc_column_inner width=&#8221;1\/2&#8243;][vc_column_text css=&#8221;.vc_custom_1650015594823{padding-top: 10% !important;padding-bottom: 10% !important;}&#8221;]<\/p>\n<p style=\"text-align: center;\"><span style=\"font-weight: 400;\">A paix\u00e3o \u00e9 dedica\u00e7\u00e3o e a dedica\u00e7\u00e3o consiste em colocar as necessidades dos profissionais e das <\/span><b>mulheres<\/b><span style=\"font-weight: 400;\">no centro para criar valor para o cabelo. Criamos <\/span><b>formula\u00e7\u00f5es<\/b><span style=\"font-weight: 400;\"> que respeitam o cabelo e promovem o seu <\/span><b>bem-estar<\/b><span style=\"font-weight: 400;\"> para responder \u00e0s necessidades e expetativas de todas as mulheres.<\/span><\/p>\n<p>[\/vc_column_text][\/vc_column_inner][\/vc_row_inner][vc_row_inner][vc_column_inner][vc_empty_space][\/vc_column_inner][\/vc_row_inner][vc_row_inner][vc_column_inner width=&#8221;1\/2&#8243;][vc_column_text css=&#8221;.vc_custom_1647851891497{padding-top: 10% !important;padding-bottom: 10% !important;}&#8221;]<\/p>\n<p style=\"text-align: center;\"><span style=\"font-weight: 400;\">Sem experi\u00eancia n\u00e3o h\u00e1 progresso. Acreditamos no <\/span><b>valor da forma\u00e7\u00e3o<\/b><span style=\"font-weight: 400;\">, construimos o futuro a partir da experi\u00eancia e da tradi\u00e7\u00e3o.<\/span><span style=\"font-weight: 400;\"> Acreditamos na experi\u00eancia como conhecimento e como momento memor\u00e1vel.<\/span><\/p>\n<p>[\/vc_column_text][\/vc_column_inner][vc_column_inner width=&#8221;1\/2&#8243;][vc_single_image image=&#8221;5029&#8243; img_size=&#8221;full&#8221; css_animation=&#8221;appear&#8221;][\/vc_column_inner][\/vc_row_inner][\/vc_column][\/vc_row][vc_row][vc_column offset=&#8221;vc_hidden-lg vc_hidden-md&#8221;][vc_row_inner][vc_column_inner width=&#8221;1\/2&#8243;][vc_single_image image=&#8221;5026&#8243; img_size=&#8221;full&#8221; css_animation=&#8221;appear&#8221;][\/vc_column_inner][vc_column_inner width=&#8221;1\/2&#8243;][vc_column_text css=&#8221;.vc_custom_1709910208562{padding-top: 15px !important;}&#8221;]<\/p>\n<p style=\"text-align: center;\"><span style=\"font-weight: 400;\">Professional nasceu em 1995 de uma profunda experi\u00eancia no setor tricol\u00f3gico.<\/span><\/p>\n<p style=\"text-align: center;\"><span style=\"font-weight: 400;\">\u00c9 a marca <\/span><b>profissional<\/b><span style=\"font-weight: 400;\"> enraizada na tradi\u00e7\u00e3o <\/span><b>Made in Italy<\/b><span style=\"font-weight: 400;\">, desenvolvida para promover o <\/span><b>bem-estar dos cabelos<\/b><span style=\"font-weight: 400;\">, tanto no sal\u00e3o de cabeleireiro como em casa.<\/span><\/p>\n<p>[\/vc_column_text][\/vc_column_inner][\/vc_row_inner][vc_row_inner][vc_column_inner width=&#8221;1\/2&#8243;][vc_single_image image=&#8221;5027&#8243; img_size=&#8221;full&#8221; css_animation=&#8221;appear&#8221;][\/vc_column_inner][vc_column_inner width=&#8221;1\/2&#8243;][vc_column_text]<\/p>\n<p style=\"text-align: center;\"><span style=\"font-weight: 400;\">Temos por miss\u00e3o ser o ponto de refer\u00eancia dos <\/span><b>\u00a0cabeleireiros<\/b><span style=\"font-weight: 400;\">, desenvolvendo produtos resultantes da sua experi\u00eancia e pensados para ganhar a <\/span><b>confian\u00e7a dos clientes<\/b><span style=\"font-weight: 400;\">. Esta \u00e9 a nossa vis\u00e3o: promover o <\/span><b>bem-estar<\/b><span style=\"font-weight: 400;\"> e o <\/span><b>luxo<\/b><span style=\"font-weight: 400;\"> inclusivo, sem excessos, para valorizar o cabelo, cuidando dele com dedica\u00e7\u00e3o.<\/span><\/p>\n<p>[\/vc_column_text][\/vc_column_inner][\/vc_row_inner][vc_row_inner][vc_column_inner width=&#8221;1\/2&#8243;][vc_single_image image=&#8221;5028&#8243; img_size=&#8221;full&#8221; css_animation=&#8221;appear&#8221;][\/vc_column_inner][vc_column_inner width=&#8221;1\/2&#8243;][vc_column_text]<\/p>\n<p style=\"text-align: center;\"><span style=\"font-weight: 400;\">A paix\u00e3o \u00e9 dedica\u00e7\u00e3o e a dedica\u00e7\u00e3o consiste em colocar as necessidades dos profissionais e das <\/span><b>mulheres<\/b><span style=\"font-weight: 400;\">no centro para criar valor para o cabelo. Criamos <\/span><b>formula\u00e7\u00f5es<\/b><span style=\"font-weight: 400;\"> que respeitam o cabelo e promovem o seu <\/span><b>bem-estar<\/b><span style=\"font-weight: 400;\"> para responder \u00e0s necessidades e expetativas de todas as mulheres.<\/span><\/p>\n<p>[\/vc_column_text][\/vc_column_inner][\/vc_row_inner][vc_row_inner][vc_column_inner width=&#8221;1\/2&#8243;][vc_single_image image=&#8221;5029&#8243; img_size=&#8221;full&#8221; css_animation=&#8221;appear&#8221;][\/vc_column_inner][vc_column_inner width=&#8221;1\/2&#8243;][vc_column_text]<\/p>\n<p style=\"text-align: center;\"><span style=\"font-weight: 400;\">Sem experi\u00eancia n\u00e3o h\u00e1 progresso. Acreditamos no <\/span><b>valor da forma\u00e7\u00e3o<\/b><span style=\"font-weight: 400;\">, construimos o futuro a partir da experi\u00eancia e da tradi\u00e7\u00e3o.<\/span><span style=\"font-weight: 400;\"> Acreditamos na experi\u00eancia como conhecimento e como momento memor\u00e1vel.<\/span><\/p>\n<p>[\/vc_column_text][\/vc_column_inner][\/vc_row_inner][\/vc_column][\/vc_row]<\/p>\n<\/div>","protected":false},"excerpt":{"rendered":"<p>&#8230;<\/p>\n","protected":false},"author":1,"featured_media":0,"parent":0,"menu_order":0,"comment_status":"closed","ping_status":"closed","template":"","meta":{"footnotes":""},"class_list":["post-6318","page","type-page","status-publish","hentry"],"yoast_head":"<!-- This site is optimized with the Yoast SEO plugin v26.8 - https:\/\/yoast.com\/product\/yoast-seo-wordpress\/ -->\n<title>Professional Comprof | Identity<\/title>\n<meta name=\"description\" content=\"Nascida dos muitos anos de experi\u00eancia da Comprof, Professional \u00e9 a marca que revoluciona os cuidados capilares, oferecendo produtos com uma a\u00e7\u00e3o cosm\u00e9tica e funcional.\" \/>\n<meta name=\"robots\" content=\"index, follow, max-snippet:-1, max-image-preview:large, max-video-preview:-1\" \/>\n<link rel=\"canonical\" href=\"https:\/\/www.professional-haircare.it\/pt-pt\/identity\/\" \/>\n<meta property=\"og:locale\" content=\"pt_PT\" \/>\n<meta property=\"og:type\" content=\"article\" \/>\n<meta property=\"og:title\" content=\"Professional Comprof | Identity\" \/>\n<meta property=\"og:description\" content=\"Nascida dos muitos anos de experi\u00eancia da Comprof, Professional \u00e9 a marca que revoluciona os cuidados capilares, oferecendo produtos com uma a\u00e7\u00e3o cosm\u00e9tica e funcional.\" \/>\n<meta property=\"og:url\" content=\"https:\/\/www.professional-haircare.it\/pt-pt\/identity\/\" \/>\n<meta property=\"og:site_name\" content=\"Professional Hair Care\" \/>\n<meta property=\"article:modified_time\" content=\"2024-03-08T15:03:38+00:00\" \/>\n<meta name=\"twitter:card\" content=\"summary_large_image\" \/>\n<meta name=\"twitter:label1\" content=\"Tempo estimado de leitura\" \/>\n\t<meta name=\"twitter:data1\" content=\"3 minutos\" \/>\n<script type=\"application\/ld+json\" class=\"yoast-schema-graph\">{\"@context\":\"https:\/\/schema.org\",\"@graph\":[{\"@type\":\"WebPage\",\"@id\":\"https:\/\/www.professional-haircare.it\/pt-pt\/identity\/\",\"url\":\"https:\/\/www.professional-haircare.it\/pt-pt\/identity\/\",\"name\":\"Professional Comprof | Identity\",\"isPartOf\":{\"@id\":\"https:\/\/professional-haircare.it\/#website\"},\"datePublished\":\"2023-12-19T11:15:16+00:00\",\"dateModified\":\"2024-03-08T15:03:38+00:00\",\"description\":\"Nascida dos muitos anos de experi\u00eancia da Comprof, Professional \u00e9 a marca que revoluciona os cuidados capilares, oferecendo produtos com uma a\u00e7\u00e3o cosm\u00e9tica e funcional.\",\"breadcrumb\":{\"@id\":\"https:\/\/www.professional-haircare.it\/pt-pt\/identity\/#breadcrumb\"},\"inLanguage\":\"pt-PT\",\"potentialAction\":[{\"@type\":\"ReadAction\",\"target\":[\"https:\/\/www.professional-haircare.it\/pt-pt\/identity\/\"]}]},{\"@type\":\"BreadcrumbList\",\"@id\":\"https:\/\/www.professional-haircare.it\/pt-pt\/identity\/#breadcrumb\",\"itemListElement\":[{\"@type\":\"ListItem\",\"position\":1,\"name\":\"Home\",\"item\":\"https:\/\/professional-haircare.it\/pt-pt\/\"},{\"@type\":\"ListItem\",\"position\":2,\"name\":\"Identity\"}]},{\"@type\":\"WebSite\",\"@id\":\"https:\/\/professional-haircare.it\/#website\",\"url\":\"https:\/\/professional-haircare.it\/\",\"name\":\"Professional Hair Care\",\"description\":\"Hair Quality Solutions\",\"potentialAction\":[{\"@type\":\"SearchAction\",\"target\":{\"@type\":\"EntryPoint\",\"urlTemplate\":\"https:\/\/professional-haircare.it\/?s={search_term_string}\"},\"query-input\":{\"@type\":\"PropertyValueSpecification\",\"valueRequired\":true,\"valueName\":\"search_term_string\"}}],\"inLanguage\":\"pt-PT\"}]}<\/script>\n<!-- \/ Yoast SEO plugin. -->","yoast_head_json":{"title":"Professional Comprof | Identity","description":"Nascida dos muitos anos de experi\u00eancia da Comprof, Professional \u00e9 a marca que revoluciona os cuidados capilares, oferecendo produtos com uma a\u00e7\u00e3o cosm\u00e9tica e funcional.","robots":{"index":"index","follow":"follow","max-snippet":"max-snippet:-1","max-image-preview":"max-image-preview:large","max-video-preview":"max-video-preview:-1"},"canonical":"https:\/\/www.professional-haircare.it\/pt-pt\/identity\/","og_locale":"pt_PT","og_type":"article","og_title":"Professional Comprof | Identity","og_description":"Nascida dos muitos anos de experi\u00eancia da Comprof, Professional \u00e9 a marca que revoluciona os cuidados capilares, oferecendo produtos com uma a\u00e7\u00e3o cosm\u00e9tica e funcional.","og_url":"https:\/\/www.professional-haircare.it\/pt-pt\/identity\/","og_site_name":"Professional Hair Care","article_modified_time":"2024-03-08T15:03:38+00:00","twitter_card":"summary_large_image","twitter_misc":{"Tempo estimado de leitura":"3 minutos"},"schema":{"@context":"https:\/\/schema.org","@graph":[{"@type":"WebPage","@id":"https:\/\/www.professional-haircare.it\/pt-pt\/identity\/","url":"https:\/\/www.professional-haircare.it\/pt-pt\/identity\/","name":"Professional Comprof | Identity","isPartOf":{"@id":"https:\/\/professional-haircare.it\/#website"},"datePublished":"2023-12-19T11:15:16+00:00","dateModified":"2024-03-08T15:03:38+00:00","description":"Nascida dos muitos anos de experi\u00eancia da Comprof, Professional \u00e9 a marca que revoluciona os cuidados capilares, oferecendo produtos com uma a\u00e7\u00e3o cosm\u00e9tica e funcional.","breadcrumb":{"@id":"https:\/\/www.professional-haircare.it\/pt-pt\/identity\/#breadcrumb"},"inLanguage":"pt-PT","potentialAction":[{"@type":"ReadAction","target":["https:\/\/www.professional-haircare.it\/pt-pt\/identity\/"]}]},{"@type":"BreadcrumbList","@id":"https:\/\/www.professional-haircare.it\/pt-pt\/identity\/#breadcrumb","itemListElement":[{"@type":"ListItem","position":1,"name":"Home","item":"https:\/\/professional-haircare.it\/pt-pt\/"},{"@type":"ListItem","position":2,"name":"Identity"}]},{"@type":"WebSite","@id":"https:\/\/professional-haircare.it\/#website","url":"https:\/\/professional-haircare.it\/","name":"Professional Hair Care","description":"Hair Quality Solutions","potentialAction":[{"@type":"SearchAction","target":{"@type":"EntryPoint","urlTemplate":"https:\/\/professional-haircare.it\/?s={search_term_string}"},"query-input":{"@type":"PropertyValueSpecification","valueRequired":true,"valueName":"search_term_string"}}],"inLanguage":"pt-PT"}]}},"_links":{"self":[{"href":"https:\/\/www.professional-haircare.it\/pt-pt\/wp-json\/wp\/v2\/pages\/6318","targetHints":{"allow":["GET"]}}],"collection":[{"href":"https:\/\/www.professional-haircare.it\/pt-pt\/wp-json\/wp\/v2\/pages"}],"about":[{"href":"https:\/\/www.professional-haircare.it\/pt-pt\/wp-json\/wp\/v2\/types\/page"}],"author":[{"embeddable":true,"href":"https:\/\/www.professional-haircare.it\/pt-pt\/wp-json\/wp\/v2\/users\/1"}],"replies":[{"embeddable":true,"href":"https:\/\/www.professional-haircare.it\/pt-pt\/wp-json\/wp\/v2\/comments?post=6318"}],"version-history":[{"count":0,"href":"https:\/\/www.professional-haircare.it\/pt-pt\/wp-json\/wp\/v2\/pages\/6318\/revisions"}],"wp:attachment":[{"href":"https:\/\/www.professional-haircare.it\/pt-pt\/wp-json\/wp\/v2\/media?parent=6318"}],"curies":[{"name":"wp","href":"https:\/\/api.w.org\/{rel}","templated":true}]}}