{"id":6315,"date":"2023-12-19T12:10:33","date_gmt":"2023-12-19T11:10:33","guid":{"rendered":"https:\/\/www.professional-haircare.it\/home\/"},"modified":"2023-12-29T12:20:07","modified_gmt":"2023-12-29T11:20:07","slug":"home","status":"publish","type":"page","link":"https:\/\/www.professional-haircare.it\/pt-pt\/","title":{"rendered":"Home"},"content":{"rendered":"<div class=\"wpb-content-wrapper\"><p>[vc_row][vc_column][layerslider_vc id=&#8221;18&#8243;][\/vc_column][\/vc_row][vc_row][vc_column][vc_empty_space height=&#8221;30px&#8221;][\/vc_column][\/vc_row][vc_row][vc_column width=&#8221;1\/2&#8243;][layerslider_vc id=&#8221;17&#8243;][\/vc_column][vc_column width=&#8221;1\/2&#8243;][layerslider_vc id=&#8221;16&#8243;][\/vc_column][\/vc_row][vc_row][vc_column][vc_empty_space height=&#8221;50px&#8221;][\/vc_column][\/vc_row][vc_row][vc_column][vc_column_text css_animation=&#8221;appear&#8221;]<\/p>\n<h2 style=\"text-align: center;\">PROFESSIONAL QUALITY BRAND<\/h2>\n<p>[\/vc_column_text][\/vc_column][\/vc_row][vc_row][vc_column width=&#8221;1\/4&#8243;][vc_column_text]<br \/>\n[\/vc_column_text][\/vc_column][vc_column width=&#8221;1\/2&#8243;][vc_column_text css_animation=&#8221;appear&#8221;]<\/p>\n<h4 style=\"text-align: center;\"><strong>Marca de qualidade profissional. A marca dos especialistas. Pura tecnologia ao servi\u00e7o do cabelo. Novas tend\u00eancias e tratamentos para o cuidado dos cabelos: tudo isto s\u00e3o solu\u00e7\u00f5es profissionais e de qualidade para o cabelo.<\/strong><\/h4>\n<h5 style=\"text-align: center;\"><a href=\"https:\/\/www.professional-haircare.it\/pt-pt\/identity\/\">DESCOBRIR O MUNDO PROFISSIONAL &gt;<\/a><\/h5>\n<p>[\/vc_column_text][\/vc_column][vc_column width=&#8221;1\/4&#8243;][vc_column_text]<br \/>\n[\/vc_column_text][\/vc_column][\/vc_row][vc_row][vc_column][vc_empty_space height=&#8221;50px&#8221;][\/vc_column][\/vc_row][vc_row][vc_column][layerslider_vc id=&#8221;4&#8243;][\/vc_column][\/vc_row][vc_row][vc_column][vc_empty_space height=&#8221;30px&#8221;][\/vc_column][\/vc_row][vc_row][vc_column width=&#8221;1\/4&#8243;][vc_column_text css_animation=&#8221;bottom-to-top&#8221;]<\/p>\n<p><b>Qualidade, tecnologia, investiga\u00e7\u00e3o e inova\u00e7\u00e3o garantidas pela Comprof:<\/b><span style=\"font-weight: 400;\"> Professional oferece aos profissionais produtos de a\u00e7\u00e3o cosm\u00e9tica e funcional, que combinam versatilidade e efic\u00e1cia estrutural com O prazer de utiliza\u00e7\u00e3o, gra\u00e7as a formula\u00e7\u00f5es delicadas, leves e perfumadas.<\/span><\/p>\n<p>[\/vc_column_text][\/vc_column][vc_column width=&#8221;1\/4&#8243;][vc_column_text css_animation=&#8221;bottom-to-top&#8221;]<br \/>\n<b>Todos os produtos Professional<\/b><span style=\"font-weight: 400;\"> s\u00e3o concebidos para tratar problemas espec\u00edficos do cabelo: todos os tipos de cabelo (seco, oleoso, com caspa, com tend\u00eancia \u00e0 queda) necessitam de componentes ativos e ben\u00e9ficos para restaurar o bem-estar perdido.<\/span><br \/>\n[\/vc_column_text][\/vc_column][vc_column width=&#8221;1\/4&#8243;][vc_column_text css_animation=&#8221;bottom-to-top&#8221;]<br \/>\n<b>Complexos vitam\u00ednicos, sais minerais, \u00f3leo de linha\u00e7a, \u00f3leo de arg\u00e3o, queratina, alo\u00e9, prote\u00edna de trigo<\/b><span style=\"font-weight: 400;\"> s\u00e3o alguns dos elementos funcionais que distinguem as formula\u00e7\u00f5es de Professional, estudadas em laborat\u00f3rio, que nutrem intensamente, aumentam a textura, hidratam, protegem a fibra e previnem os danos do stress di\u00e1rio.<\/span><br \/>\n[\/vc_column_text][\/vc_column][vc_column width=&#8221;1\/4&#8243;][vc_column_text css_animation=&#8221;bottom-to-top&#8221;]<br \/>\n<b>Tirando partido dos muitos anos de experi\u00eancia da Comprof, Professional baniu todos os componentes agressivos das f\u00f3rmulas <\/b><span style=\"font-weight: 400;\">revolucion\u00e1rias das suas linhas de cuidados capilares: a a\u00e7\u00e3o cosm\u00e9tica e nutritiva dos ingredientes ativos oferece benef\u00edcios \u00fanicos e duradouros para<\/span><i><span style=\"font-weight: 400;\"> rituais de bem-estar duradouros<\/span><\/i><span style=\"font-weight: 400;\"> para o cabelo e para a mente.<\/span><br \/>\n[\/vc_column_text][\/vc_column][\/vc_row][vc_row][vc_column][vc_empty_space height=&#8221;30px&#8221;][\/vc_column][\/vc_row][vc_row][vc_column][vc_column_text]<\/p>\n<h2 style=\"text-align: center;\"><strong>PRODUTOS EM DESTAQUE<\/strong><\/h2>\n<p>[\/vc_column_text][\/vc_column][\/vc_row][vc_row][vc_column]<div class=\"woocommerce columns-3 \"><div class=\"product-loop products-grid product-count-3\">\n<div class=\"first product type-product post-6345 status-publish instock product_cat-colouring-pt-pt product_cat-oxidation-pt-pt has-post-thumbnail shipping-taxable product-type-simple\">\n\n\t\n\t\t\t\t\t\t<div class=\"product-image-wrapper hover-effect-\">\n\t\t\t\n\t        \n\t\t\t\t\t\t\t\n\t\t\t\t<a id=\"https:\/\/www.professional-haircare.it\/wp-content\/uploads\/2021\/09\/11009_professional_oxygen_cream_30vol_200ml-500x500.png\" href=\"https:\/\/www.professional-haircare.it\/pt-pt\/products\/colouring-pt-pt\/oxidation-pt-pt\/professional-oxigenio-em-creme-30-vol\/\" class=\"product-content-image \" >\n\t\t\t\t\t<img loading=\"lazy\" decoding=\"async\" width=\"250\" height=\"250\" src=\"https:\/\/www.professional-haircare.it\/wp-content\/uploads\/2021\/09\/11009_professional_oxygen_cream_30vol_200ml-250x250.png\" class=\"main-image\" alt=\"\" srcset=\"https:\/\/www.professional-haircare.it\/wp-content\/uploads\/2021\/09\/11009_professional_oxygen_cream_30vol_200ml-250x250.png 250w, https:\/\/www.professional-haircare.it\/wp-content\/uploads\/2021\/09\/11009_professional_oxygen_cream_30vol_200ml-150x150.png 150w, https:\/\/www.professional-haircare.it\/wp-content\/uploads\/2021\/09\/11009_professional_oxygen_cream_30vol_200ml-300x300.png 300w, https:\/\/www.professional-haircare.it\/wp-content\/uploads\/2021\/09\/11009_professional_oxygen_cream_30vol_200ml-500x500.png 500w, https:\/\/www.professional-haircare.it\/wp-content\/uploads\/2021\/09\/11009_professional_oxygen_cream_30vol_200ml-100x100.png 100w, https:\/\/www.professional-haircare.it\/wp-content\/uploads\/2021\/09\/11009_professional_oxygen_cream_30vol_200ml.png 600w\" sizes=\"auto, (max-width: 250px) 100vw, 250px\" \/>\n\t\t\t\t<\/a>\n\t\t\t\n\n\t\t\t\n\t\t\t\t\t<\/div>\n\n\t\t\n\t\t\n\t\t\n\n\t\t\n\n\t\t<div class=\"product-excerpt\">\n\t\t\t<p><b>Oxig\u00e9nio em creme 30 vol (9%),<\/b><span style=\"font-weight: 400;\"> formulado para ativar e orientar a liberta\u00e7\u00e3o de oxig\u00e9nio durante as fases de tratamento. Garante uma <\/span><b>descolora\u00e7\u00e3o completa e uma colora\u00e7\u00e3o \u00f3tima<\/b><span style=\"font-weight: 400;\">.\u00a0 Fragr\u00e2ncia agrad\u00e1vel.<\/span><\/p>\n<p><span style=\"font-weight: 400;\">Uso profissional<\/span><\/p>\n<p><span style=\"font-weight: 400;\">Frasco de 200 ml<\/span><\/p>\n<p><span style=\"font-weight: 400;\">30 volumes (9%)<\/span><\/p>\n\t\t<\/div>\n\n\t\t<div class=\"add-to-container\">\n\n\t\t\t\n\t                <\/div>\n\n\n\n\t\t\t<div class=\"clear\"><\/div>\n<\/div><div class=\"last product type-product post-6545 status-publish first instock product_cat-bleaching-pt-pt product_cat-technical has-post-thumbnail shipping-taxable product-type-simple\">\n\n\t\n\t\t\t\t\t\t<div class=\"product-image-wrapper hover-effect-\">\n\t\t\t\n\t        \n\t\t\t\t\t\t\t\n\t\t\t\t<a id=\"https:\/\/www.professional-haircare.it\/wp-content\/uploads\/2019\/03\/12009_professional_silver_mask_500ml-500x500.png\" href=\"https:\/\/www.professional-haircare.it\/pt-pt\/products\/technical\/bleaching-pt-pt\/silver-mascara-antiamarelecimento\/\" class=\"product-content-image \" >\n\t\t\t\t\t<img loading=\"lazy\" decoding=\"async\" width=\"250\" height=\"250\" src=\"https:\/\/www.professional-haircare.it\/wp-content\/uploads\/2019\/03\/12009_professional_silver_mask_500ml-250x250.png\" class=\"main-image\" alt=\"\" srcset=\"https:\/\/www.professional-haircare.it\/wp-content\/uploads\/2019\/03\/12009_professional_silver_mask_500ml-250x250.png 250w, https:\/\/www.professional-haircare.it\/wp-content\/uploads\/2019\/03\/12009_professional_silver_mask_500ml-150x150.png 150w, https:\/\/www.professional-haircare.it\/wp-content\/uploads\/2019\/03\/12009_professional_silver_mask_500ml-300x300.png 300w, https:\/\/www.professional-haircare.it\/wp-content\/uploads\/2019\/03\/12009_professional_silver_mask_500ml-500x500.png 500w, https:\/\/www.professional-haircare.it\/wp-content\/uploads\/2019\/03\/12009_professional_silver_mask_500ml-100x100.png 100w, https:\/\/www.professional-haircare.it\/wp-content\/uploads\/2019\/03\/12009_professional_silver_mask_500ml.png 600w\" sizes=\"auto, (max-width: 250px) 100vw, 250px\" \/>\n\t\t\t\t<\/a>\n\t\t\t\n\n\t\t\t\n\t\t\t\t\t<\/div>\n\n\t\t\n\t\t\n\t\t\n\n\t\t\n\n\t\t<div class=\"product-excerpt\">\n\t\t\t<p><span style=\"font-weight: 400;\">A <\/span><b>m\u00e1scara Silver <\/b><span style=\"font-weight: 400;\">permite <\/span><b>neutralizar <\/b><span style=\"font-weight: 400;\">os <\/span><b>tons amarelados<\/b><span style=\"font-weight: 400;\"> dos cabelos brancos, grisalhos, descoloridos e com madeixas, deixando-os <\/span><b>suaves <\/b><span style=\"font-weight: 400;\">e<\/span><b>sedosos<\/b><span style=\"font-weight: 400;\">.<\/span><\/p>\n<p><span style=\"font-weight: 400;\">Formato de 500 ml<\/span><\/p>\n\t\t<\/div>\n\n\t\t<div class=\"add-to-container\">\n\n\t\t\t\n\t                <\/div>\n\n\n\n\t\t\t<div class=\"clear\"><\/div>\n<\/div><div class=\"product type-product post-6578 status-publish last instock product_cat-hairgenie-intensive-nutre-pt-pt product_cat-treatments-pt-pt has-post-thumbnail shipping-taxable product-type-simple\">\n\n\t\n\t\t\t\t\t\t<div class=\"product-image-wrapper hover-effect-\">\n\t\t\t\n\t        \n\t\t\t\t\t\t\t\n\t\t\t\t<a id=\"https:\/\/www.professional-haircare.it\/wp-content\/uploads\/2021\/02\/12059_professional_hairgenie_perfect_curl_shampoo_300ml-500x500.png\" href=\"https:\/\/www.professional-haircare.it\/pt-pt\/products\/treatments-pt-pt\/hairgenie-pt-pt\/hairgenie-intensive-nutre-pt-pt\/hairgenie-intensive-nutre-champo-para-cabelos-secos-e-quebradicos\/\" class=\"product-content-image \" >\n\t\t\t\t\t<img loading=\"lazy\" decoding=\"async\" width=\"250\" height=\"250\" src=\"https:\/\/www.professional-haircare.it\/wp-content\/uploads\/2021\/02\/12059_professional_hairgenie_perfect_curl_shampoo_300ml-250x250.png\" class=\"main-image\" alt=\"\" srcset=\"https:\/\/www.professional-haircare.it\/wp-content\/uploads\/2021\/02\/12059_professional_hairgenie_perfect_curl_shampoo_300ml-250x250.png 250w, https:\/\/www.professional-haircare.it\/wp-content\/uploads\/2021\/02\/12059_professional_hairgenie_perfect_curl_shampoo_300ml-150x150.png 150w, https:\/\/www.professional-haircare.it\/wp-content\/uploads\/2021\/02\/12059_professional_hairgenie_perfect_curl_shampoo_300ml-300x300.png 300w, https:\/\/www.professional-haircare.it\/wp-content\/uploads\/2021\/02\/12059_professional_hairgenie_perfect_curl_shampoo_300ml-500x500.png 500w, https:\/\/www.professional-haircare.it\/wp-content\/uploads\/2021\/02\/12059_professional_hairgenie_perfect_curl_shampoo_300ml-100x100.png 100w, https:\/\/www.professional-haircare.it\/wp-content\/uploads\/2021\/02\/12059_professional_hairgenie_perfect_curl_shampoo_300ml.png 600w\" sizes=\"auto, (max-width: 250px) 100vw, 250px\" \/>\n\t\t\t\t<\/a>\n\t\t\t\n\n\t\t\t\n\t\t\t\t\t<\/div>\n\n\t\t\n\t\t\n\t\t\n\n\t\t\n\n\t\t<div class=\"product-excerpt\">\n\t\t\t<p><b>Shampoo nutritivo e hidratante,<\/b><span style=\"font-weight: 400;\"> particularmente indicado para <\/span><b>cabelos secos e quebradi\u00e7os<\/b><span style=\"font-weight: 400;\">.\u00a0 Limpa suavemente, deixando o cabelo brilhante, macio e sedoso.<\/span><\/p>\n<p><span style=\"font-weight: 400;\">Uso profissional<\/span><\/p>\n<p><span style=\"font-weight: 400;\">300 ml<\/span><\/p>\n\t\t<\/div>\n\n\t\t<div class=\"add-to-container\">\n\n\t\t\t\n\t                <\/div>\n\n\n\n\t\t\t<div class=\"clear\"><\/div>\n<\/div><\/div><\/div>[\/vc_column][\/vc_row]<\/p>\n<\/div>","protected":false},"excerpt":{"rendered":"<p>&#8230;<\/p>\n","protected":false},"author":1,"featured_media":0,"parent":0,"menu_order":0,"comment_status":"closed","ping_status":"closed","template":"","meta":{"footnotes":""},"class_list":["post-6315","page","type-page","status-publish","hentry"],"yoast_head":"<!-- This site is optimized with the Yoast SEO plugin v26.8 - https:\/\/yoast.com\/product\/yoast-seo-wordpress\/ -->\n<title>Professional Comprof<\/title>\n<meta name=\"description\" content=\"Nascida dos muitos anos de experi\u00eancia da Comprof, Professional \u00e9 a marca que revoluciona os cuidados capilares, oferecendo produtos com uma a\u00e7\u00e3o cosm\u00e9tica e funcional.\" \/>\n<meta name=\"robots\" content=\"index, follow, max-snippet:-1, max-image-preview:large, max-video-preview:-1\" \/>\n<link rel=\"canonical\" href=\"https:\/\/www.professional-haircare.it\/pt-pt\/\" \/>\n<meta property=\"og:locale\" content=\"pt_PT\" \/>\n<meta property=\"og:type\" content=\"article\" \/>\n<meta property=\"og:title\" content=\"Professional Comprof\" \/>\n<meta property=\"og:description\" content=\"Nascida dos muitos anos de experi\u00eancia da Comprof, Professional \u00e9 a marca que revoluciona os cuidados capilares, oferecendo produtos com uma a\u00e7\u00e3o cosm\u00e9tica e funcional.\" \/>\n<meta property=\"og:url\" content=\"https:\/\/www.professional-haircare.it\/pt-pt\/\" \/>\n<meta property=\"og:site_name\" content=\"Professional Hair Care\" \/>\n<meta property=\"article:modified_time\" content=\"2023-12-29T11:20:07+00:00\" \/>\n<meta name=\"twitter:card\" content=\"summary_large_image\" \/>\n<meta name=\"twitter:label1\" content=\"Tempo estimado de leitura\" \/>\n\t<meta name=\"twitter:data1\" content=\"2 minutos\" \/>\n<script type=\"application\/ld+json\" class=\"yoast-schema-graph\">{\"@context\":\"https:\/\/schema.org\",\"@graph\":[{\"@type\":\"WebPage\",\"@id\":\"https:\/\/www.professional-haircare.it\/pt-pt\/\",\"url\":\"https:\/\/www.professional-haircare.it\/pt-pt\/\",\"name\":\"Professional Comprof\",\"isPartOf\":{\"@id\":\"https:\/\/professional-haircare.it\/#website\"},\"datePublished\":\"2023-12-19T11:10:33+00:00\",\"dateModified\":\"2023-12-29T11:20:07+00:00\",\"description\":\"Nascida dos muitos anos de experi\u00eancia da Comprof, Professional \u00e9 a marca que revoluciona os cuidados capilares, oferecendo produtos com uma a\u00e7\u00e3o cosm\u00e9tica e funcional.\",\"breadcrumb\":{\"@id\":\"https:\/\/www.professional-haircare.it\/pt-pt\/#breadcrumb\"},\"inLanguage\":\"pt-PT\",\"potentialAction\":[{\"@type\":\"ReadAction\",\"target\":[\"https:\/\/www.professional-haircare.it\/pt-pt\/\"]}]},{\"@type\":\"BreadcrumbList\",\"@id\":\"https:\/\/www.professional-haircare.it\/pt-pt\/#breadcrumb\",\"itemListElement\":[{\"@type\":\"ListItem\",\"position\":1,\"name\":\"Home\",\"item\":\"https:\/\/professional-haircare.it\/pt-pt\/\"},{\"@type\":\"ListItem\",\"position\":2,\"name\":\"Home\"}]},{\"@type\":\"WebSite\",\"@id\":\"https:\/\/professional-haircare.it\/#website\",\"url\":\"https:\/\/professional-haircare.it\/\",\"name\":\"Professional Hair Care\",\"description\":\"Hair Quality Solutions\",\"potentialAction\":[{\"@type\":\"SearchAction\",\"target\":{\"@type\":\"EntryPoint\",\"urlTemplate\":\"https:\/\/professional-haircare.it\/?s={search_term_string}\"},\"query-input\":{\"@type\":\"PropertyValueSpecification\",\"valueRequired\":true,\"valueName\":\"search_term_string\"}}],\"inLanguage\":\"pt-PT\"}]}<\/script>\n<!-- \/ Yoast SEO plugin. -->","yoast_head_json":{"title":"Professional Comprof","description":"Nascida dos muitos anos de experi\u00eancia da Comprof, Professional \u00e9 a marca que revoluciona os cuidados capilares, oferecendo produtos com uma a\u00e7\u00e3o cosm\u00e9tica e funcional.","robots":{"index":"index","follow":"follow","max-snippet":"max-snippet:-1","max-image-preview":"max-image-preview:large","max-video-preview":"max-video-preview:-1"},"canonical":"https:\/\/www.professional-haircare.it\/pt-pt\/","og_locale":"pt_PT","og_type":"article","og_title":"Professional Comprof","og_description":"Nascida dos muitos anos de experi\u00eancia da Comprof, Professional \u00e9 a marca que revoluciona os cuidados capilares, oferecendo produtos com uma a\u00e7\u00e3o cosm\u00e9tica e funcional.","og_url":"https:\/\/www.professional-haircare.it\/pt-pt\/","og_site_name":"Professional Hair Care","article_modified_time":"2023-12-29T11:20:07+00:00","twitter_card":"summary_large_image","twitter_misc":{"Tempo estimado de leitura":"2 minutos"},"schema":{"@context":"https:\/\/schema.org","@graph":[{"@type":"WebPage","@id":"https:\/\/www.professional-haircare.it\/pt-pt\/","url":"https:\/\/www.professional-haircare.it\/pt-pt\/","name":"Professional Comprof","isPartOf":{"@id":"https:\/\/professional-haircare.it\/#website"},"datePublished":"2023-12-19T11:10:33+00:00","dateModified":"2023-12-29T11:20:07+00:00","description":"Nascida dos muitos anos de experi\u00eancia da Comprof, Professional \u00e9 a marca que revoluciona os cuidados capilares, oferecendo produtos com uma a\u00e7\u00e3o cosm\u00e9tica e funcional.","breadcrumb":{"@id":"https:\/\/www.professional-haircare.it\/pt-pt\/#breadcrumb"},"inLanguage":"pt-PT","potentialAction":[{"@type":"ReadAction","target":["https:\/\/www.professional-haircare.it\/pt-pt\/"]}]},{"@type":"BreadcrumbList","@id":"https:\/\/www.professional-haircare.it\/pt-pt\/#breadcrumb","itemListElement":[{"@type":"ListItem","position":1,"name":"Home","item":"https:\/\/professional-haircare.it\/pt-pt\/"},{"@type":"ListItem","position":2,"name":"Home"}]},{"@type":"WebSite","@id":"https:\/\/professional-haircare.it\/#website","url":"https:\/\/professional-haircare.it\/","name":"Professional Hair Care","description":"Hair Quality Solutions","potentialAction":[{"@type":"SearchAction","target":{"@type":"EntryPoint","urlTemplate":"https:\/\/professional-haircare.it\/?s={search_term_string}"},"query-input":{"@type":"PropertyValueSpecification","valueRequired":true,"valueName":"search_term_string"}}],"inLanguage":"pt-PT"}]}},"_links":{"self":[{"href":"https:\/\/www.professional-haircare.it\/pt-pt\/wp-json\/wp\/v2\/pages\/6315","targetHints":{"allow":["GET"]}}],"collection":[{"href":"https:\/\/www.professional-haircare.it\/pt-pt\/wp-json\/wp\/v2\/pages"}],"about":[{"href":"https:\/\/www.professional-haircare.it\/pt-pt\/wp-json\/wp\/v2\/types\/page"}],"author":[{"embeddable":true,"href":"https:\/\/www.professional-haircare.it\/pt-pt\/wp-json\/wp\/v2\/users\/1"}],"replies":[{"embeddable":true,"href":"https:\/\/www.professional-haircare.it\/pt-pt\/wp-json\/wp\/v2\/comments?post=6315"}],"version-history":[{"count":0,"href":"https:\/\/www.professional-haircare.it\/pt-pt\/wp-json\/wp\/v2\/pages\/6315\/revisions"}],"wp:attachment":[{"href":"https:\/\/www.professional-haircare.it\/pt-pt\/wp-json\/wp\/v2\/media?parent=6315"}],"curies":[{"name":"wp","href":"https:\/\/api.w.org\/{rel}","templated":true}]}}