{"id":6925,"date":"2024-07-09T12:04:40","date_gmt":"2024-07-09T10:04:41","guid":{"rendered":"https:\/\/www.professional-haircare.it\/?post_type=product&#038;p=6925"},"modified":"2024-07-09T12:20:34","modified_gmt":"2024-07-09T10:20:34","slug":"x-mode-sea-wild-spray-teksturyzujacy","status":"publish","type":"product","link":"https:\/\/www.professional-haircare.it\/pl\/products\/finishing-pl\/spray-pl\/x-mode-sea-wild-spray-teksturyzujacy\/","title":{"rendered":"X Mode | Sea Wild  \u2013 Spray teksturyzuj\u0105cy"},"content":{"rendered":"","protected":false},"excerpt":{"rendered":"<p><strong>Sea Wild<\/strong>, spray teksturyzuj\u0105cy z <strong>sol\u0105 morsk\u0105<\/strong> tworzy <strong>delikatne fale<\/strong>, a w\u0142osy wygl\u0105daj\u0105 jak po dniu sp\u0119dzonym na pla\u017cy, idealny, aby uzyska\u0107 \u015bwie\u017c\u0105 i naturaln\u0105 fryzur\u0119.<\/p>\n<p>Spray opracowany przez Professional sprawdzi si\u0119 <strong>idealnie, aby stworzy\u0107 mi\u0119kkie i puszyste fale <\/strong>o <strong>matowym wyko\u0144czeniu<\/strong>.<\/p>\n<p>Flakon o pojemno\u015bci 150 ml<\/p>\n","protected":false},"featured_media":6930,"comment_status":"closed","ping_status":"closed","template":"","meta":[],"product_brand":[],"product_cat":[284,287],"product_tag":[],"class_list":{"0":"post-6925","1":"product","2":"type-product","3":"status-publish","4":"has-post-thumbnail","6":"product_cat-finishing-pl","7":"product_cat-spray-pl","9":"first","10":"instock","11":"shipping-taxable","12":"product-type-simple"},"yoast_head":"<!-- This site is optimized with the Yoast SEO plugin v26.8 - https:\/\/yoast.com\/product\/yoast-seo-wordpress\/ -->\n<title>X Mode | Sea Wild \u2013 Spray teksturyzuj\u0105cy<\/title>\n<meta name=\"description\" content=\"Sea Wild, spray teksturyzuj\u0105cy z sol\u0105 morsk\u0105 tworzy delikatne fale, a w\u0142osy wygl\u0105daj\u0105 jak po dniu sp\u0119dzonym na pla\u017cy, idealny, aby uzyska\u0107 \u015bwie\u017c\u0105 i naturaln\u0105 fryzur\u0119.\" \/>\n<meta name=\"robots\" content=\"index, follow, max-snippet:-1, max-image-preview:large, max-video-preview:-1\" \/>\n<link rel=\"canonical\" href=\"https:\/\/www.professional-haircare.it\/pl\/products\/finishing-pl\/spray-pl\/x-mode-sea-wild-spray-teksturyzujacy\/\" \/>\n<meta property=\"og:locale\" content=\"pl_PL\" \/>\n<meta property=\"og:type\" content=\"article\" \/>\n<meta property=\"og:title\" content=\"X Mode | Sea Wild \u2013 Spray teksturyzuj\u0105cy\" \/>\n<meta property=\"og:description\" content=\"Sea Wild, spray teksturyzuj\u0105cy z sol\u0105 morsk\u0105 tworzy delikatne fale, a w\u0142osy wygl\u0105daj\u0105 jak po dniu sp\u0119dzonym na pla\u017cy, idealny, aby uzyska\u0107 \u015bwie\u017c\u0105 i naturaln\u0105 fryzur\u0119.\" \/>\n<meta property=\"og:url\" content=\"https:\/\/www.professional-haircare.it\/pl\/products\/finishing-pl\/spray-pl\/x-mode-sea-wild-spray-teksturyzujacy\/\" \/>\n<meta property=\"og:site_name\" content=\"Professional Hair Care\" \/>\n<meta property=\"article:modified_time\" content=\"2024-07-09T10:20:34+00:00\" \/>\n<meta property=\"og:image\" content=\"https:\/\/professional-haircare.it\/wp-content\/uploads\/2024\/07\/13031_professional_xmode_sea_wild_150ml.png\" \/>\n\t<meta property=\"og:image:width\" content=\"800\" \/>\n\t<meta property=\"og:image:height\" content=\"800\" \/>\n\t<meta property=\"og:image:type\" content=\"image\/png\" \/>\n<meta name=\"twitter:card\" content=\"summary_large_image\" \/>\n<meta name=\"twitter:label1\" content=\"Szacowany czas czytania\" \/>\n\t<meta name=\"twitter:data1\" content=\"1 minuta\" \/>\n<script type=\"application\/ld+json\" class=\"yoast-schema-graph\">{\"@context\":\"https:\/\/schema.org\",\"@graph\":[{\"@type\":\"WebPage\",\"@id\":\"https:\/\/www.professional-haircare.it\/pl\/products\/finishing-pl\/spray-pl\/x-mode-sea-wild-spray-teksturyzujacy\/\",\"url\":\"https:\/\/www.professional-haircare.it\/pl\/products\/finishing-pl\/spray-pl\/x-mode-sea-wild-spray-teksturyzujacy\/\",\"name\":\"X Mode | Sea Wild \u2013 Spray teksturyzuj\u0105cy\",\"isPartOf\":{\"@id\":\"https:\/\/professional-haircare.it\/#website\"},\"primaryImageOfPage\":{\"@id\":\"https:\/\/www.professional-haircare.it\/pl\/products\/finishing-pl\/spray-pl\/x-mode-sea-wild-spray-teksturyzujacy\/#primaryimage\"},\"image\":{\"@id\":\"https:\/\/www.professional-haircare.it\/pl\/products\/finishing-pl\/spray-pl\/x-mode-sea-wild-spray-teksturyzujacy\/#primaryimage\"},\"thumbnailUrl\":\"https:\/\/www.professional-haircare.it\/wp-content\/uploads\/2024\/07\/13031_professional_xmode_sea_wild_150ml.png\",\"datePublished\":\"2024-07-09T10:04:41+00:00\",\"dateModified\":\"2024-07-09T10:20:34+00:00\",\"description\":\"Sea Wild, spray teksturyzuj\u0105cy z sol\u0105 morsk\u0105 tworzy delikatne fale, a w\u0142osy wygl\u0105daj\u0105 jak po dniu sp\u0119dzonym na pla\u017cy, idealny, aby uzyska\u0107 \u015bwie\u017c\u0105 i naturaln\u0105 fryzur\u0119.\",\"breadcrumb\":{\"@id\":\"https:\/\/www.professional-haircare.it\/pl\/products\/finishing-pl\/spray-pl\/x-mode-sea-wild-spray-teksturyzujacy\/#breadcrumb\"},\"inLanguage\":\"pl-PL\",\"potentialAction\":[{\"@type\":\"ReadAction\",\"target\":[\"https:\/\/www.professional-haircare.it\/pl\/products\/finishing-pl\/spray-pl\/x-mode-sea-wild-spray-teksturyzujacy\/\"]}]},{\"@type\":\"ImageObject\",\"inLanguage\":\"pl-PL\",\"@id\":\"https:\/\/www.professional-haircare.it\/pl\/products\/finishing-pl\/spray-pl\/x-mode-sea-wild-spray-teksturyzujacy\/#primaryimage\",\"url\":\"https:\/\/www.professional-haircare.it\/wp-content\/uploads\/2024\/07\/13031_professional_xmode_sea_wild_150ml.png\",\"contentUrl\":\"https:\/\/www.professional-haircare.it\/wp-content\/uploads\/2024\/07\/13031_professional_xmode_sea_wild_150ml.png\",\"width\":800,\"height\":800},{\"@type\":\"BreadcrumbList\",\"@id\":\"https:\/\/www.professional-haircare.it\/pl\/products\/finishing-pl\/spray-pl\/x-mode-sea-wild-spray-teksturyzujacy\/#breadcrumb\",\"itemListElement\":[{\"@type\":\"ListItem\",\"position\":1,\"name\":\"Home\",\"item\":\"https:\/\/professional-haircare.it\/pl\/\"},{\"@type\":\"ListItem\",\"position\":2,\"name\":\"Sklep\",\"item\":\"https:\/\/professional-haircare.it\/pl\/sklep\/\"},{\"@type\":\"ListItem\",\"position\":3,\"name\":\"X Mode | Sea Wild \u2013 Spray teksturyzuj\u0105cy\"}]},{\"@type\":\"WebSite\",\"@id\":\"https:\/\/professional-haircare.it\/#website\",\"url\":\"https:\/\/professional-haircare.it\/\",\"name\":\"Professional Hair Care\",\"description\":\"Hair Quality Solutions\",\"potentialAction\":[{\"@type\":\"SearchAction\",\"target\":{\"@type\":\"EntryPoint\",\"urlTemplate\":\"https:\/\/professional-haircare.it\/?s={search_term_string}\"},\"query-input\":{\"@type\":\"PropertyValueSpecification\",\"valueRequired\":true,\"valueName\":\"search_term_string\"}}],\"inLanguage\":\"pl-PL\"}]}<\/script>\n<!-- \/ Yoast SEO plugin. -->","yoast_head_json":{"title":"X Mode | Sea Wild \u2013 Spray teksturyzuj\u0105cy","description":"Sea Wild, spray teksturyzuj\u0105cy z sol\u0105 morsk\u0105 tworzy delikatne fale, a w\u0142osy wygl\u0105daj\u0105 jak po dniu sp\u0119dzonym na pla\u017cy, idealny, aby uzyska\u0107 \u015bwie\u017c\u0105 i naturaln\u0105 fryzur\u0119.","robots":{"index":"index","follow":"follow","max-snippet":"max-snippet:-1","max-image-preview":"max-image-preview:large","max-video-preview":"max-video-preview:-1"},"canonical":"https:\/\/www.professional-haircare.it\/pl\/products\/finishing-pl\/spray-pl\/x-mode-sea-wild-spray-teksturyzujacy\/","og_locale":"pl_PL","og_type":"article","og_title":"X Mode | Sea Wild \u2013 Spray teksturyzuj\u0105cy","og_description":"Sea Wild, spray teksturyzuj\u0105cy z sol\u0105 morsk\u0105 tworzy delikatne fale, a w\u0142osy wygl\u0105daj\u0105 jak po dniu sp\u0119dzonym na pla\u017cy, idealny, aby uzyska\u0107 \u015bwie\u017c\u0105 i naturaln\u0105 fryzur\u0119.","og_url":"https:\/\/www.professional-haircare.it\/pl\/products\/finishing-pl\/spray-pl\/x-mode-sea-wild-spray-teksturyzujacy\/","og_site_name":"Professional Hair Care","article_modified_time":"2024-07-09T10:20:34+00:00","og_image":[{"width":800,"height":800,"url":"https:\/\/professional-haircare.it\/wp-content\/uploads\/2024\/07\/13031_professional_xmode_sea_wild_150ml.png","type":"image\/png"}],"twitter_card":"summary_large_image","twitter_misc":{"Szacowany czas czytania":"1 minuta"},"schema":{"@context":"https:\/\/schema.org","@graph":[{"@type":"WebPage","@id":"https:\/\/www.professional-haircare.it\/pl\/products\/finishing-pl\/spray-pl\/x-mode-sea-wild-spray-teksturyzujacy\/","url":"https:\/\/www.professional-haircare.it\/pl\/products\/finishing-pl\/spray-pl\/x-mode-sea-wild-spray-teksturyzujacy\/","name":"X Mode | Sea Wild \u2013 Spray teksturyzuj\u0105cy","isPartOf":{"@id":"https:\/\/professional-haircare.it\/#website"},"primaryImageOfPage":{"@id":"https:\/\/www.professional-haircare.it\/pl\/products\/finishing-pl\/spray-pl\/x-mode-sea-wild-spray-teksturyzujacy\/#primaryimage"},"image":{"@id":"https:\/\/www.professional-haircare.it\/pl\/products\/finishing-pl\/spray-pl\/x-mode-sea-wild-spray-teksturyzujacy\/#primaryimage"},"thumbnailUrl":"https:\/\/www.professional-haircare.it\/wp-content\/uploads\/2024\/07\/13031_professional_xmode_sea_wild_150ml.png","datePublished":"2024-07-09T10:04:41+00:00","dateModified":"2024-07-09T10:20:34+00:00","description":"Sea Wild, spray teksturyzuj\u0105cy z sol\u0105 morsk\u0105 tworzy delikatne fale, a w\u0142osy wygl\u0105daj\u0105 jak po dniu sp\u0119dzonym na pla\u017cy, idealny, aby uzyska\u0107 \u015bwie\u017c\u0105 i naturaln\u0105 fryzur\u0119.","breadcrumb":{"@id":"https:\/\/www.professional-haircare.it\/pl\/products\/finishing-pl\/spray-pl\/x-mode-sea-wild-spray-teksturyzujacy\/#breadcrumb"},"inLanguage":"pl-PL","potentialAction":[{"@type":"ReadAction","target":["https:\/\/www.professional-haircare.it\/pl\/products\/finishing-pl\/spray-pl\/x-mode-sea-wild-spray-teksturyzujacy\/"]}]},{"@type":"ImageObject","inLanguage":"pl-PL","@id":"https:\/\/www.professional-haircare.it\/pl\/products\/finishing-pl\/spray-pl\/x-mode-sea-wild-spray-teksturyzujacy\/#primaryimage","url":"https:\/\/www.professional-haircare.it\/wp-content\/uploads\/2024\/07\/13031_professional_xmode_sea_wild_150ml.png","contentUrl":"https:\/\/www.professional-haircare.it\/wp-content\/uploads\/2024\/07\/13031_professional_xmode_sea_wild_150ml.png","width":800,"height":800},{"@type":"BreadcrumbList","@id":"https:\/\/www.professional-haircare.it\/pl\/products\/finishing-pl\/spray-pl\/x-mode-sea-wild-spray-teksturyzujacy\/#breadcrumb","itemListElement":[{"@type":"ListItem","position":1,"name":"Home","item":"https:\/\/professional-haircare.it\/pl\/"},{"@type":"ListItem","position":2,"name":"Sklep","item":"https:\/\/professional-haircare.it\/pl\/sklep\/"},{"@type":"ListItem","position":3,"name":"X Mode | Sea Wild \u2013 Spray teksturyzuj\u0105cy"}]},{"@type":"WebSite","@id":"https:\/\/professional-haircare.it\/#website","url":"https:\/\/professional-haircare.it\/","name":"Professional Hair Care","description":"Hair Quality Solutions","potentialAction":[{"@type":"SearchAction","target":{"@type":"EntryPoint","urlTemplate":"https:\/\/professional-haircare.it\/?s={search_term_string}"},"query-input":{"@type":"PropertyValueSpecification","valueRequired":true,"valueName":"search_term_string"}}],"inLanguage":"pl-PL"}]}},"_links":{"self":[{"href":"https:\/\/www.professional-haircare.it\/pl\/wp-json\/wp\/v2\/product\/6925","targetHints":{"allow":["GET"]}}],"collection":[{"href":"https:\/\/www.professional-haircare.it\/pl\/wp-json\/wp\/v2\/product"}],"about":[{"href":"https:\/\/www.professional-haircare.it\/pl\/wp-json\/wp\/v2\/types\/product"}],"replies":[{"embeddable":true,"href":"https:\/\/www.professional-haircare.it\/pl\/wp-json\/wp\/v2\/comments?post=6925"}],"wp:featuredmedia":[{"embeddable":true,"href":"https:\/\/www.professional-haircare.it\/pl\/wp-json\/wp\/v2\/media\/6930"}],"wp:attachment":[{"href":"https:\/\/www.professional-haircare.it\/pl\/wp-json\/wp\/v2\/media?parent=6925"}],"wp:term":[{"taxonomy":"product_brand","embeddable":true,"href":"https:\/\/www.professional-haircare.it\/pl\/wp-json\/wp\/v2\/product_brand?post=6925"},{"taxonomy":"product_cat","embeddable":true,"href":"https:\/\/www.professional-haircare.it\/pl\/wp-json\/wp\/v2\/product_cat?post=6925"},{"taxonomy":"product_tag","embeddable":true,"href":"https:\/\/www.professional-haircare.it\/pl\/wp-json\/wp\/v2\/product_tag?post=6925"}],"curies":[{"name":"wp","href":"https:\/\/api.w.org\/{rel}","templated":true}]}}