{"id":6828,"date":"2024-03-25T14:40:37","date_gmt":"2024-03-25T13:40:38","guid":{"rendered":"https:\/\/www.professional-haircare.it\/?post_type=product&#038;p=6828"},"modified":"2024-03-25T14:52:36","modified_gmt":"2024-03-25T13:52:36","slug":"hairgenie-high-detox-szampon-nawilzajacy","status":"publish","type":"product","link":"https:\/\/www.professional-haircare.it\/pl\/products\/treatments-pl\/hairgenie-pl\/hairgenie-high-detox-pl\/hairgenie-high-detox-szampon-nawilzajacy\/","title":{"rendered":"Hairgenie High Detox | Szampon nawil\u017caj\u0105cy"},"content":{"rendered":"","protected":false},"excerpt":{"rendered":"<p><span style=\"font-weight: 400;\">Szampon nawil\u017caj\u0105cy Hairgenie High Detox:<\/span><b> oczyszcza bez surfakant\u00f3w siarczanowych<\/b><span style=\"font-weight: 400;\">, skutecznie \u0142\u0105cz\u0105c sk\u0142adniki aktywne, tj. Ekstrakt z Kasztanowca i Ekstrakt z Lawendy, kt\u00f3re<\/span><b> oczyszczaj\u0105 sk\u00f3r\u0119 g\u0142owy<\/b><span style=\"font-weight: 400;\"> z zanieczyszcze\u0144. Dzi\u0119ki delikatnej formule daje<\/span><b> uczucie lekko\u015bci<\/b><span style=\"font-weight: 400;\"> i mi\u0119kko\u015bci, jednocze\u015bnie koj\u0105c i przywracaj\u0105c r\u00f3wnowag\u0119 sk\u00f3rze g\u0142owy.<\/span><\/p>\n<p>1000 ml<\/p>\n","protected":false},"featured_media":6813,"comment_status":"closed","ping_status":"closed","template":"","meta":[],"product_brand":[],"product_cat":[1112,294],"product_tag":[],"class_list":{"0":"post-6828","1":"product","2":"type-product","3":"status-publish","4":"has-post-thumbnail","6":"product_cat-hairgenie-high-detox-pl","7":"product_cat-treatments-pl","9":"first","10":"instock","11":"shipping-taxable","12":"product-type-simple"},"yoast_head":"<!-- This site is optimized with the Yoast SEO plugin v26.8 - https:\/\/yoast.com\/product\/yoast-seo-wordpress\/ -->\n<title>Hairgenie High Detox | Szampon nawil\u017caj\u0105cy - Professional Hair Care<\/title>\n<meta name=\"description\" content=\"Hairgenie High Detox: oczyszcza bez surfakant\u00f3w siarczanowych, skutecznie \u0142\u0105cz\u0105c sk\u0142adniki aktywne, tj.\" \/>\n<meta name=\"robots\" content=\"index, follow, max-snippet:-1, max-image-preview:large, max-video-preview:-1\" \/>\n<link rel=\"canonical\" href=\"https:\/\/www.professional-haircare.it\/pl\/products\/treatments-pl\/hairgenie-pl\/hairgenie-high-detox-pl\/hairgenie-high-detox-szampon-nawilzajacy\/\" \/>\n<meta property=\"og:locale\" content=\"pl_PL\" \/>\n<meta property=\"og:type\" content=\"article\" \/>\n<meta property=\"og:title\" content=\"Hairgenie High Detox | Szampon nawil\u017caj\u0105cy - Professional Hair Care\" \/>\n<meta property=\"og:description\" content=\"Hairgenie High Detox: oczyszcza bez surfakant\u00f3w siarczanowych, skutecznie \u0142\u0105cz\u0105c sk\u0142adniki aktywne, tj.\" \/>\n<meta property=\"og:url\" content=\"https:\/\/www.professional-haircare.it\/pl\/products\/treatments-pl\/hairgenie-pl\/hairgenie-high-detox-pl\/hairgenie-high-detox-szampon-nawilzajacy\/\" \/>\n<meta property=\"og:site_name\" content=\"Professional Hair Care\" \/>\n<meta property=\"article:modified_time\" content=\"2024-03-25T13:52:36+00:00\" \/>\n<meta property=\"og:image\" content=\"https:\/\/professional-haircare.it\/wp-content\/uploads\/2024\/03\/12084_professional_hairgenie_high_detox_shampoo_1000ml-1024x1024.png\" \/>\n\t<meta property=\"og:image:width\" content=\"1024\" \/>\n\t<meta property=\"og:image:height\" content=\"1024\" \/>\n\t<meta property=\"og:image:type\" content=\"image\/png\" \/>\n<meta name=\"twitter:card\" content=\"summary_large_image\" \/>\n<script type=\"application\/ld+json\" class=\"yoast-schema-graph\">{\"@context\":\"https:\/\/schema.org\",\"@graph\":[{\"@type\":\"WebPage\",\"@id\":\"https:\/\/www.professional-haircare.it\/pl\/products\/treatments-pl\/hairgenie-pl\/hairgenie-high-detox-pl\/hairgenie-high-detox-szampon-nawilzajacy\/\",\"url\":\"https:\/\/www.professional-haircare.it\/pl\/products\/treatments-pl\/hairgenie-pl\/hairgenie-high-detox-pl\/hairgenie-high-detox-szampon-nawilzajacy\/\",\"name\":\"Hairgenie High Detox | Szampon nawil\u017caj\u0105cy - Professional Hair Care\",\"isPartOf\":{\"@id\":\"https:\/\/professional-haircare.it\/#website\"},\"primaryImageOfPage\":{\"@id\":\"https:\/\/www.professional-haircare.it\/pl\/products\/treatments-pl\/hairgenie-pl\/hairgenie-high-detox-pl\/hairgenie-high-detox-szampon-nawilzajacy\/#primaryimage\"},\"image\":{\"@id\":\"https:\/\/www.professional-haircare.it\/pl\/products\/treatments-pl\/hairgenie-pl\/hairgenie-high-detox-pl\/hairgenie-high-detox-szampon-nawilzajacy\/#primaryimage\"},\"thumbnailUrl\":\"https:\/\/www.professional-haircare.it\/wp-content\/uploads\/2024\/03\/12084_professional_hairgenie_high_detox_shampoo_1000ml.png\",\"datePublished\":\"2024-03-25T13:40:38+00:00\",\"dateModified\":\"2024-03-25T13:52:36+00:00\",\"description\":\"Hairgenie High Detox: oczyszcza bez surfakant\u00f3w siarczanowych, skutecznie \u0142\u0105cz\u0105c sk\u0142adniki aktywne, tj.\",\"breadcrumb\":{\"@id\":\"https:\/\/www.professional-haircare.it\/pl\/products\/treatments-pl\/hairgenie-pl\/hairgenie-high-detox-pl\/hairgenie-high-detox-szampon-nawilzajacy\/#breadcrumb\"},\"inLanguage\":\"pl-PL\",\"potentialAction\":[{\"@type\":\"ReadAction\",\"target\":[\"https:\/\/www.professional-haircare.it\/pl\/products\/treatments-pl\/hairgenie-pl\/hairgenie-high-detox-pl\/hairgenie-high-detox-szampon-nawilzajacy\/\"]}]},{\"@type\":\"ImageObject\",\"inLanguage\":\"pl-PL\",\"@id\":\"https:\/\/www.professional-haircare.it\/pl\/products\/treatments-pl\/hairgenie-pl\/hairgenie-high-detox-pl\/hairgenie-high-detox-szampon-nawilzajacy\/#primaryimage\",\"url\":\"https:\/\/www.professional-haircare.it\/wp-content\/uploads\/2024\/03\/12084_professional_hairgenie_high_detox_shampoo_1000ml.png\",\"contentUrl\":\"https:\/\/www.professional-haircare.it\/wp-content\/uploads\/2024\/03\/12084_professional_hairgenie_high_detox_shampoo_1000ml.png\",\"width\":2000,\"height\":2000},{\"@type\":\"BreadcrumbList\",\"@id\":\"https:\/\/www.professional-haircare.it\/pl\/products\/treatments-pl\/hairgenie-pl\/hairgenie-high-detox-pl\/hairgenie-high-detox-szampon-nawilzajacy\/#breadcrumb\",\"itemListElement\":[{\"@type\":\"ListItem\",\"position\":1,\"name\":\"Home\",\"item\":\"https:\/\/professional-haircare.it\/pl\/\"},{\"@type\":\"ListItem\",\"position\":2,\"name\":\"Sklep\",\"item\":\"https:\/\/professional-haircare.it\/pl\/sklep\/\"},{\"@type\":\"ListItem\",\"position\":3,\"name\":\"Hairgenie High Detox | Szampon nawil\u017caj\u0105cy\"}]},{\"@type\":\"WebSite\",\"@id\":\"https:\/\/professional-haircare.it\/#website\",\"url\":\"https:\/\/professional-haircare.it\/\",\"name\":\"Professional Hair Care\",\"description\":\"Hair Quality Solutions\",\"potentialAction\":[{\"@type\":\"SearchAction\",\"target\":{\"@type\":\"EntryPoint\",\"urlTemplate\":\"https:\/\/professional-haircare.it\/?s={search_term_string}\"},\"query-input\":{\"@type\":\"PropertyValueSpecification\",\"valueRequired\":true,\"valueName\":\"search_term_string\"}}],\"inLanguage\":\"pl-PL\"}]}<\/script>\n<!-- \/ Yoast SEO plugin. -->","yoast_head_json":{"title":"Hairgenie High Detox | Szampon nawil\u017caj\u0105cy - Professional Hair Care","description":"Hairgenie High Detox: oczyszcza bez surfakant\u00f3w siarczanowych, skutecznie \u0142\u0105cz\u0105c sk\u0142adniki aktywne, tj.","robots":{"index":"index","follow":"follow","max-snippet":"max-snippet:-1","max-image-preview":"max-image-preview:large","max-video-preview":"max-video-preview:-1"},"canonical":"https:\/\/www.professional-haircare.it\/pl\/products\/treatments-pl\/hairgenie-pl\/hairgenie-high-detox-pl\/hairgenie-high-detox-szampon-nawilzajacy\/","og_locale":"pl_PL","og_type":"article","og_title":"Hairgenie High Detox | Szampon nawil\u017caj\u0105cy - Professional Hair Care","og_description":"Hairgenie High Detox: oczyszcza bez surfakant\u00f3w siarczanowych, skutecznie \u0142\u0105cz\u0105c sk\u0142adniki aktywne, tj.","og_url":"https:\/\/www.professional-haircare.it\/pl\/products\/treatments-pl\/hairgenie-pl\/hairgenie-high-detox-pl\/hairgenie-high-detox-szampon-nawilzajacy\/","og_site_name":"Professional Hair Care","article_modified_time":"2024-03-25T13:52:36+00:00","og_image":[{"width":1024,"height":1024,"url":"https:\/\/professional-haircare.it\/wp-content\/uploads\/2024\/03\/12084_professional_hairgenie_high_detox_shampoo_1000ml-1024x1024.png","type":"image\/png"}],"twitter_card":"summary_large_image","schema":{"@context":"https:\/\/schema.org","@graph":[{"@type":"WebPage","@id":"https:\/\/www.professional-haircare.it\/pl\/products\/treatments-pl\/hairgenie-pl\/hairgenie-high-detox-pl\/hairgenie-high-detox-szampon-nawilzajacy\/","url":"https:\/\/www.professional-haircare.it\/pl\/products\/treatments-pl\/hairgenie-pl\/hairgenie-high-detox-pl\/hairgenie-high-detox-szampon-nawilzajacy\/","name":"Hairgenie High Detox | Szampon nawil\u017caj\u0105cy - Professional Hair Care","isPartOf":{"@id":"https:\/\/professional-haircare.it\/#website"},"primaryImageOfPage":{"@id":"https:\/\/www.professional-haircare.it\/pl\/products\/treatments-pl\/hairgenie-pl\/hairgenie-high-detox-pl\/hairgenie-high-detox-szampon-nawilzajacy\/#primaryimage"},"image":{"@id":"https:\/\/www.professional-haircare.it\/pl\/products\/treatments-pl\/hairgenie-pl\/hairgenie-high-detox-pl\/hairgenie-high-detox-szampon-nawilzajacy\/#primaryimage"},"thumbnailUrl":"https:\/\/www.professional-haircare.it\/wp-content\/uploads\/2024\/03\/12084_professional_hairgenie_high_detox_shampoo_1000ml.png","datePublished":"2024-03-25T13:40:38+00:00","dateModified":"2024-03-25T13:52:36+00:00","description":"Hairgenie High Detox: oczyszcza bez surfakant\u00f3w siarczanowych, skutecznie \u0142\u0105cz\u0105c sk\u0142adniki aktywne, tj.","breadcrumb":{"@id":"https:\/\/www.professional-haircare.it\/pl\/products\/treatments-pl\/hairgenie-pl\/hairgenie-high-detox-pl\/hairgenie-high-detox-szampon-nawilzajacy\/#breadcrumb"},"inLanguage":"pl-PL","potentialAction":[{"@type":"ReadAction","target":["https:\/\/www.professional-haircare.it\/pl\/products\/treatments-pl\/hairgenie-pl\/hairgenie-high-detox-pl\/hairgenie-high-detox-szampon-nawilzajacy\/"]}]},{"@type":"ImageObject","inLanguage":"pl-PL","@id":"https:\/\/www.professional-haircare.it\/pl\/products\/treatments-pl\/hairgenie-pl\/hairgenie-high-detox-pl\/hairgenie-high-detox-szampon-nawilzajacy\/#primaryimage","url":"https:\/\/www.professional-haircare.it\/wp-content\/uploads\/2024\/03\/12084_professional_hairgenie_high_detox_shampoo_1000ml.png","contentUrl":"https:\/\/www.professional-haircare.it\/wp-content\/uploads\/2024\/03\/12084_professional_hairgenie_high_detox_shampoo_1000ml.png","width":2000,"height":2000},{"@type":"BreadcrumbList","@id":"https:\/\/www.professional-haircare.it\/pl\/products\/treatments-pl\/hairgenie-pl\/hairgenie-high-detox-pl\/hairgenie-high-detox-szampon-nawilzajacy\/#breadcrumb","itemListElement":[{"@type":"ListItem","position":1,"name":"Home","item":"https:\/\/professional-haircare.it\/pl\/"},{"@type":"ListItem","position":2,"name":"Sklep","item":"https:\/\/professional-haircare.it\/pl\/sklep\/"},{"@type":"ListItem","position":3,"name":"Hairgenie High Detox | Szampon nawil\u017caj\u0105cy"}]},{"@type":"WebSite","@id":"https:\/\/professional-haircare.it\/#website","url":"https:\/\/professional-haircare.it\/","name":"Professional Hair Care","description":"Hair Quality Solutions","potentialAction":[{"@type":"SearchAction","target":{"@type":"EntryPoint","urlTemplate":"https:\/\/professional-haircare.it\/?s={search_term_string}"},"query-input":{"@type":"PropertyValueSpecification","valueRequired":true,"valueName":"search_term_string"}}],"inLanguage":"pl-PL"}]}},"_links":{"self":[{"href":"https:\/\/www.professional-haircare.it\/pl\/wp-json\/wp\/v2\/product\/6828","targetHints":{"allow":["GET"]}}],"collection":[{"href":"https:\/\/www.professional-haircare.it\/pl\/wp-json\/wp\/v2\/product"}],"about":[{"href":"https:\/\/www.professional-haircare.it\/pl\/wp-json\/wp\/v2\/types\/product"}],"replies":[{"embeddable":true,"href":"https:\/\/www.professional-haircare.it\/pl\/wp-json\/wp\/v2\/comments?post=6828"}],"wp:featuredmedia":[{"embeddable":true,"href":"https:\/\/www.professional-haircare.it\/pl\/wp-json\/wp\/v2\/media\/6813"}],"wp:attachment":[{"href":"https:\/\/www.professional-haircare.it\/pl\/wp-json\/wp\/v2\/media?parent=6828"}],"wp:term":[{"taxonomy":"product_brand","embeddable":true,"href":"https:\/\/www.professional-haircare.it\/pl\/wp-json\/wp\/v2\/product_brand?post=6828"},{"taxonomy":"product_cat","embeddable":true,"href":"https:\/\/www.professional-haircare.it\/pl\/wp-json\/wp\/v2\/product_cat?post=6828"},{"taxonomy":"product_tag","embeddable":true,"href":"https:\/\/www.professional-haircare.it\/pl\/wp-json\/wp\/v2\/product_tag?post=6828"}],"curies":[{"name":"wp","href":"https:\/\/api.w.org\/{rel}","templated":true}]}}