{"id":2759,"date":"2022-09-01T12:35:03","date_gmt":"2022-09-01T10:35:03","guid":{"rendered":"https:\/\/www.professional-haircare.it\/?post_type=product&#038;p=2759"},"modified":"2022-09-12T14:11:29","modified_gmt":"2022-09-12T12:11:29","slug":"easy-energy-zestaw-zapobiegajacy-wypadaniu-wlosow","status":"publish","type":"product","link":"https:\/\/www.professional-haircare.it\/pl\/products\/treatments-pl\/easy-energy-pl\/easy-energy-zestaw-zapobiegajacy-wypadaniu-wlosow\/","title":{"rendered":"Easy Energy | Zestaw zapobiegaj\u0105cy wypadaniu w\u0142os\u00f3w"},"content":{"rendered":"","protected":false},"excerpt":{"rendered":"<p><span style=\"font-weight: 400;\"><strong>S\u0142abe i delikatne w\u0142osy<\/strong> zyskuj\u0105 nowe \u017cycie dzi\u0119ki Zestawowi Easy Energy.\u00a0 Szampon, p\u0142yn i masa\u017cer do sk\u00f3ry <strong>g\u0142owy pomagaj\u0105 zapobiega\u0107 wypadaniu w\u0142os\u00f3w<\/strong> dzi\u0119ki po\u0142\u0105czeniu sk\u0142adnik\u00f3w aktywnych, kt\u00f3re poprawiaj\u0105 mikrokr\u0105\u017cenie oraz sprawiaj\u0105, \u017ce w\u0142osy staj\u0105 si\u0119 silniejsze i zdrowsze.<\/span><\/p>\n<p><span style=\"font-weight: 400;\">Zestaw zawiera Szampon zapobiegaj\u0105cy wypadaniu w\u0142os\u00f3w o pojemno\u015bci 300 ml, Box z 10 ampu\u0142kami zawieraj\u0105cymi jedn\u0105 dawk\u0119 produktu o pojemno\u015bci 8 ml ka\u017cda oraz masa\u017cer do sk\u00f3ry g\u0142owy, kt\u00f3ry wspomaga porost w\u0142os\u00f3w.<\/span><\/p>\n","protected":false},"featured_media":2757,"comment_status":"closed","ping_status":"closed","template":"","meta":[],"product_brand":[],"product_cat":[296,294],"product_tag":[],"class_list":{"0":"post-2759","1":"product","2":"type-product","3":"status-publish","4":"has-post-thumbnail","6":"product_cat-easy-energy-pl","7":"product_cat-treatments-pl","9":"first","10":"instock","11":"shipping-taxable","12":"product-type-simple"},"yoast_head":"<!-- This site is optimized with the Yoast SEO plugin v26.8 - https:\/\/yoast.com\/product\/yoast-seo-wordpress\/ -->\n<title>Zestaw zapobiegaj\u0105cy wypadaniu w\u0142os\u00f3w<\/title>\n<meta name=\"description\" content=\"Balsam Easy Energy to kuracja w ampu\u0142kach przeznaczona do przedwcze\u015bnie wypadaj\u0105cych w\u0142os\u00f3w.\" \/>\n<meta name=\"robots\" content=\"index, follow, max-snippet:-1, max-image-preview:large, max-video-preview:-1\" \/>\n<link rel=\"canonical\" href=\"https:\/\/www.professional-haircare.it\/pl\/products\/treatments-pl\/easy-energy-pl\/easy-energy-zestaw-zapobiegajacy-wypadaniu-wlosow\/\" \/>\n<meta property=\"og:locale\" content=\"pl_PL\" \/>\n<meta property=\"og:type\" content=\"article\" \/>\n<meta property=\"og:title\" content=\"Zestaw zapobiegaj\u0105cy wypadaniu w\u0142os\u00f3w\" \/>\n<meta property=\"og:description\" content=\"Balsam Easy Energy to kuracja w ampu\u0142kach przeznaczona do przedwcze\u015bnie wypadaj\u0105cych w\u0142os\u00f3w.\" \/>\n<meta property=\"og:url\" content=\"https:\/\/www.professional-haircare.it\/pl\/products\/treatments-pl\/easy-energy-pl\/easy-energy-zestaw-zapobiegajacy-wypadaniu-wlosow\/\" \/>\n<meta property=\"og:site_name\" content=\"Professional Hair Care\" \/>\n<meta property=\"article:modified_time\" content=\"2022-09-12T12:11:29+00:00\" \/>\n<meta property=\"og:image\" content=\"https:\/\/professional-haircare.it\/wp-content\/uploads\/2022\/08\/professional_easy_energy_kit_massaggiatore.png\" \/>\n\t<meta property=\"og:image:width\" content=\"600\" \/>\n\t<meta property=\"og:image:height\" content=\"600\" \/>\n\t<meta property=\"og:image:type\" content=\"image\/png\" \/>\n<meta name=\"twitter:card\" content=\"summary_large_image\" \/>\n<script type=\"application\/ld+json\" class=\"yoast-schema-graph\">{\"@context\":\"https:\/\/schema.org\",\"@graph\":[{\"@type\":\"WebPage\",\"@id\":\"https:\/\/www.professional-haircare.it\/pl\/products\/treatments-pl\/easy-energy-pl\/easy-energy-zestaw-zapobiegajacy-wypadaniu-wlosow\/\",\"url\":\"https:\/\/www.professional-haircare.it\/pl\/products\/treatments-pl\/easy-energy-pl\/easy-energy-zestaw-zapobiegajacy-wypadaniu-wlosow\/\",\"name\":\"Zestaw zapobiegaj\u0105cy wypadaniu w\u0142os\u00f3w\",\"isPartOf\":{\"@id\":\"https:\/\/professional-haircare.it\/#website\"},\"primaryImageOfPage\":{\"@id\":\"https:\/\/www.professional-haircare.it\/pl\/products\/treatments-pl\/easy-energy-pl\/easy-energy-zestaw-zapobiegajacy-wypadaniu-wlosow\/#primaryimage\"},\"image\":{\"@id\":\"https:\/\/www.professional-haircare.it\/pl\/products\/treatments-pl\/easy-energy-pl\/easy-energy-zestaw-zapobiegajacy-wypadaniu-wlosow\/#primaryimage\"},\"thumbnailUrl\":\"https:\/\/www.professional-haircare.it\/wp-content\/uploads\/2022\/08\/professional_easy_energy_kit_massaggiatore.png\",\"datePublished\":\"2022-09-01T10:35:03+00:00\",\"dateModified\":\"2022-09-12T12:11:29+00:00\",\"description\":\"Balsam Easy Energy to kuracja w ampu\u0142kach przeznaczona do przedwcze\u015bnie wypadaj\u0105cych w\u0142os\u00f3w.\",\"breadcrumb\":{\"@id\":\"https:\/\/www.professional-haircare.it\/pl\/products\/treatments-pl\/easy-energy-pl\/easy-energy-zestaw-zapobiegajacy-wypadaniu-wlosow\/#breadcrumb\"},\"inLanguage\":\"pl-PL\",\"potentialAction\":[{\"@type\":\"ReadAction\",\"target\":[\"https:\/\/www.professional-haircare.it\/pl\/products\/treatments-pl\/easy-energy-pl\/easy-energy-zestaw-zapobiegajacy-wypadaniu-wlosow\/\"]}]},{\"@type\":\"ImageObject\",\"inLanguage\":\"pl-PL\",\"@id\":\"https:\/\/www.professional-haircare.it\/pl\/products\/treatments-pl\/easy-energy-pl\/easy-energy-zestaw-zapobiegajacy-wypadaniu-wlosow\/#primaryimage\",\"url\":\"https:\/\/www.professional-haircare.it\/wp-content\/uploads\/2022\/08\/professional_easy_energy_kit_massaggiatore.png\",\"contentUrl\":\"https:\/\/www.professional-haircare.it\/wp-content\/uploads\/2022\/08\/professional_easy_energy_kit_massaggiatore.png\",\"width\":600,\"height\":600},{\"@type\":\"BreadcrumbList\",\"@id\":\"https:\/\/www.professional-haircare.it\/pl\/products\/treatments-pl\/easy-energy-pl\/easy-energy-zestaw-zapobiegajacy-wypadaniu-wlosow\/#breadcrumb\",\"itemListElement\":[{\"@type\":\"ListItem\",\"position\":1,\"name\":\"Home\",\"item\":\"https:\/\/professional-haircare.it\/pl\/\"},{\"@type\":\"ListItem\",\"position\":2,\"name\":\"Sklep\",\"item\":\"https:\/\/professional-haircare.it\/pl\/sklep\/\"},{\"@type\":\"ListItem\",\"position\":3,\"name\":\"Easy Energy | Zestaw zapobiegaj\u0105cy wypadaniu w\u0142os\u00f3w\"}]},{\"@type\":\"WebSite\",\"@id\":\"https:\/\/professional-haircare.it\/#website\",\"url\":\"https:\/\/professional-haircare.it\/\",\"name\":\"Professional Hair Care\",\"description\":\"Hair Quality Solutions\",\"potentialAction\":[{\"@type\":\"SearchAction\",\"target\":{\"@type\":\"EntryPoint\",\"urlTemplate\":\"https:\/\/professional-haircare.it\/?s={search_term_string}\"},\"query-input\":{\"@type\":\"PropertyValueSpecification\",\"valueRequired\":true,\"valueName\":\"search_term_string\"}}],\"inLanguage\":\"pl-PL\"}]}<\/script>\n<!-- \/ Yoast SEO plugin. -->","yoast_head_json":{"title":"Zestaw zapobiegaj\u0105cy wypadaniu w\u0142os\u00f3w","description":"Balsam Easy Energy to kuracja w ampu\u0142kach przeznaczona do przedwcze\u015bnie wypadaj\u0105cych w\u0142os\u00f3w.","robots":{"index":"index","follow":"follow","max-snippet":"max-snippet:-1","max-image-preview":"max-image-preview:large","max-video-preview":"max-video-preview:-1"},"canonical":"https:\/\/www.professional-haircare.it\/pl\/products\/treatments-pl\/easy-energy-pl\/easy-energy-zestaw-zapobiegajacy-wypadaniu-wlosow\/","og_locale":"pl_PL","og_type":"article","og_title":"Zestaw zapobiegaj\u0105cy wypadaniu w\u0142os\u00f3w","og_description":"Balsam Easy Energy to kuracja w ampu\u0142kach przeznaczona do przedwcze\u015bnie wypadaj\u0105cych w\u0142os\u00f3w.","og_url":"https:\/\/www.professional-haircare.it\/pl\/products\/treatments-pl\/easy-energy-pl\/easy-energy-zestaw-zapobiegajacy-wypadaniu-wlosow\/","og_site_name":"Professional Hair Care","article_modified_time":"2022-09-12T12:11:29+00:00","og_image":[{"width":600,"height":600,"url":"https:\/\/professional-haircare.it\/wp-content\/uploads\/2022\/08\/professional_easy_energy_kit_massaggiatore.png","type":"image\/png"}],"twitter_card":"summary_large_image","schema":{"@context":"https:\/\/schema.org","@graph":[{"@type":"WebPage","@id":"https:\/\/www.professional-haircare.it\/pl\/products\/treatments-pl\/easy-energy-pl\/easy-energy-zestaw-zapobiegajacy-wypadaniu-wlosow\/","url":"https:\/\/www.professional-haircare.it\/pl\/products\/treatments-pl\/easy-energy-pl\/easy-energy-zestaw-zapobiegajacy-wypadaniu-wlosow\/","name":"Zestaw zapobiegaj\u0105cy wypadaniu w\u0142os\u00f3w","isPartOf":{"@id":"https:\/\/professional-haircare.it\/#website"},"primaryImageOfPage":{"@id":"https:\/\/www.professional-haircare.it\/pl\/products\/treatments-pl\/easy-energy-pl\/easy-energy-zestaw-zapobiegajacy-wypadaniu-wlosow\/#primaryimage"},"image":{"@id":"https:\/\/www.professional-haircare.it\/pl\/products\/treatments-pl\/easy-energy-pl\/easy-energy-zestaw-zapobiegajacy-wypadaniu-wlosow\/#primaryimage"},"thumbnailUrl":"https:\/\/www.professional-haircare.it\/wp-content\/uploads\/2022\/08\/professional_easy_energy_kit_massaggiatore.png","datePublished":"2022-09-01T10:35:03+00:00","dateModified":"2022-09-12T12:11:29+00:00","description":"Balsam Easy Energy to kuracja w ampu\u0142kach przeznaczona do przedwcze\u015bnie wypadaj\u0105cych w\u0142os\u00f3w.","breadcrumb":{"@id":"https:\/\/www.professional-haircare.it\/pl\/products\/treatments-pl\/easy-energy-pl\/easy-energy-zestaw-zapobiegajacy-wypadaniu-wlosow\/#breadcrumb"},"inLanguage":"pl-PL","potentialAction":[{"@type":"ReadAction","target":["https:\/\/www.professional-haircare.it\/pl\/products\/treatments-pl\/easy-energy-pl\/easy-energy-zestaw-zapobiegajacy-wypadaniu-wlosow\/"]}]},{"@type":"ImageObject","inLanguage":"pl-PL","@id":"https:\/\/www.professional-haircare.it\/pl\/products\/treatments-pl\/easy-energy-pl\/easy-energy-zestaw-zapobiegajacy-wypadaniu-wlosow\/#primaryimage","url":"https:\/\/www.professional-haircare.it\/wp-content\/uploads\/2022\/08\/professional_easy_energy_kit_massaggiatore.png","contentUrl":"https:\/\/www.professional-haircare.it\/wp-content\/uploads\/2022\/08\/professional_easy_energy_kit_massaggiatore.png","width":600,"height":600},{"@type":"BreadcrumbList","@id":"https:\/\/www.professional-haircare.it\/pl\/products\/treatments-pl\/easy-energy-pl\/easy-energy-zestaw-zapobiegajacy-wypadaniu-wlosow\/#breadcrumb","itemListElement":[{"@type":"ListItem","position":1,"name":"Home","item":"https:\/\/professional-haircare.it\/pl\/"},{"@type":"ListItem","position":2,"name":"Sklep","item":"https:\/\/professional-haircare.it\/pl\/sklep\/"},{"@type":"ListItem","position":3,"name":"Easy Energy | Zestaw zapobiegaj\u0105cy wypadaniu w\u0142os\u00f3w"}]},{"@type":"WebSite","@id":"https:\/\/professional-haircare.it\/#website","url":"https:\/\/professional-haircare.it\/","name":"Professional Hair Care","description":"Hair Quality Solutions","potentialAction":[{"@type":"SearchAction","target":{"@type":"EntryPoint","urlTemplate":"https:\/\/professional-haircare.it\/?s={search_term_string}"},"query-input":{"@type":"PropertyValueSpecification","valueRequired":true,"valueName":"search_term_string"}}],"inLanguage":"pl-PL"}]}},"_links":{"self":[{"href":"https:\/\/www.professional-haircare.it\/pl\/wp-json\/wp\/v2\/product\/2759","targetHints":{"allow":["GET"]}}],"collection":[{"href":"https:\/\/www.professional-haircare.it\/pl\/wp-json\/wp\/v2\/product"}],"about":[{"href":"https:\/\/www.professional-haircare.it\/pl\/wp-json\/wp\/v2\/types\/product"}],"replies":[{"embeddable":true,"href":"https:\/\/www.professional-haircare.it\/pl\/wp-json\/wp\/v2\/comments?post=2759"}],"wp:featuredmedia":[{"embeddable":true,"href":"https:\/\/www.professional-haircare.it\/pl\/wp-json\/wp\/v2\/media\/2757"}],"wp:attachment":[{"href":"https:\/\/www.professional-haircare.it\/pl\/wp-json\/wp\/v2\/media?parent=2759"}],"wp:term":[{"taxonomy":"product_brand","embeddable":true,"href":"https:\/\/www.professional-haircare.it\/pl\/wp-json\/wp\/v2\/product_brand?post=2759"},{"taxonomy":"product_cat","embeddable":true,"href":"https:\/\/www.professional-haircare.it\/pl\/wp-json\/wp\/v2\/product_cat?post=2759"},{"taxonomy":"product_tag","embeddable":true,"href":"https:\/\/www.professional-haircare.it\/pl\/wp-json\/wp\/v2\/product_tag?post=2759"}],"curies":[{"name":"wp","href":"https:\/\/api.w.org\/{rel}","templated":true}]}}