{"id":2745,"date":"2022-07-01T16:28:05","date_gmt":"2022-07-01T14:28:05","guid":{"rendered":"https:\/\/www.professional-haircare.it\/products\/bez-kategorii\/spray-per-capelli-sottili-e-privi-di-corpo\/"},"modified":"2022-07-01T17:16:36","modified_gmt":"2022-07-01T15:16:36","slug":"spray-do-wlosow-cienkich-i-pozbawionych-objetosci","status":"publish","type":"product","link":"https:\/\/www.professional-haircare.it\/pl\/products\/treatments-pl\/hairgenie-pl\/hairgenie-volume-boost-pl\/spray-do-wlosow-cienkich-i-pozbawionych-objetosci\/","title":{"rendered":"Hairgenie Volume Boost | Spray do w\u0142os\u00f3w cienkich i pozbawionych obj\u0119to\u015bci"},"content":{"rendered":"","protected":false},"excerpt":{"rendered":"<p>Hairgenie Volume Boost to spray o dzia\u0142aniu dodaj\u0105cym obj\u0119to\u015bci, kt\u00f3ry <strong>nie obci\u0105\u017ca w\u0142os\u00f3w<\/strong>.<\/p>\n<p>Ju\u017c od pierwszego zastosowania mo\u017cna cieszy\u0107 si\u0119 efektem wi\u0119kszej obj\u0119to\u015bci w\u0142os\u00f3w, kt\u00f3ry <strong>przed\u0142u\u017ca trwa\u0142o\u015b\u0107 stylizacji<\/strong>.<\/p>\n<p>150 ml<\/p>\n","protected":false},"featured_media":2719,"comment_status":"closed","ping_status":"closed","template":"","meta":[],"product_brand":[],"product_cat":[298,470,294],"product_tag":[],"class_list":{"0":"post-2745","1":"product","2":"type-product","3":"status-publish","4":"has-post-thumbnail","6":"product_cat-hairgenie-pl","7":"product_cat-hairgenie-volume-boost-pl","8":"product_cat-treatments-pl","10":"first","11":"instock","12":"shipping-taxable","13":"product-type-simple"},"yoast_head":"<!-- This site is optimized with the Yoast SEO plugin v26.8 - https:\/\/yoast.com\/product\/yoast-seo-wordpress\/ -->\n<title>Hairgenie Volume Boost | Spray do w\u0142os\u00f3w cienkich i pozbawionych obj\u0119to\u015bci - Professional Hair Care<\/title>\n<meta name=\"robots\" content=\"index, follow, max-snippet:-1, max-image-preview:large, max-video-preview:-1\" \/>\n<link rel=\"canonical\" href=\"https:\/\/www.professional-haircare.it\/pl\/products\/treatments-pl\/hairgenie-pl\/hairgenie-volume-boost-pl\/spray-do-wlosow-cienkich-i-pozbawionych-objetosci\/\" \/>\n<meta property=\"og:locale\" content=\"pl_PL\" \/>\n<meta property=\"og:type\" content=\"article\" \/>\n<meta property=\"og:title\" content=\"Hairgenie Volume Boost | Spray do w\u0142os\u00f3w cienkich i pozbawionych obj\u0119to\u015bci - Professional Hair Care\" \/>\n<meta property=\"og:description\" content=\"Hairgenie Volume Boost to spray o dzia\u0142aniu dodaj\u0105cym obj\u0119to\u015bci, kt\u00f3ry nie obci\u0105\u017ca w\u0142os\u00f3w.  Ju\u017c od pierwszego zastosowania mo\u017cna cieszy\u0107 si\u0119 efektem wi\u0119kszej obj\u0119to\u015bci w\u0142os\u00f3w, kt\u00f3ry przed\u0142u\u017ca trwa\u0142o\u015b\u0107 stylizacji.  150 ml\" \/>\n<meta property=\"og:url\" content=\"https:\/\/www.professional-haircare.it\/pl\/products\/treatments-pl\/hairgenie-pl\/hairgenie-volume-boost-pl\/spray-do-wlosow-cienkich-i-pozbawionych-objetosci\/\" \/>\n<meta property=\"og:site_name\" content=\"Professional Hair Care\" \/>\n<meta property=\"article:modified_time\" content=\"2022-07-01T15:16:36+00:00\" \/>\n<meta property=\"og:image\" content=\"https:\/\/professional-haircare.it\/wp-content\/uploads\/2022\/06\/12082_professional_treatment_volume_spray_150ml.png\" \/>\n\t<meta property=\"og:image:width\" content=\"600\" \/>\n\t<meta property=\"og:image:height\" content=\"600\" \/>\n\t<meta property=\"og:image:type\" content=\"image\/png\" \/>\n<meta name=\"twitter:card\" content=\"summary_large_image\" \/>\n<script type=\"application\/ld+json\" class=\"yoast-schema-graph\">{\"@context\":\"https:\/\/schema.org\",\"@graph\":[{\"@type\":\"WebPage\",\"@id\":\"https:\/\/www.professional-haircare.it\/pl\/products\/treatments-pl\/hairgenie-pl\/hairgenie-volume-boost-pl\/spray-do-wlosow-cienkich-i-pozbawionych-objetosci\/\",\"url\":\"https:\/\/www.professional-haircare.it\/pl\/products\/treatments-pl\/hairgenie-pl\/hairgenie-volume-boost-pl\/spray-do-wlosow-cienkich-i-pozbawionych-objetosci\/\",\"name\":\"Hairgenie Volume Boost | Spray do w\u0142os\u00f3w cienkich i pozbawionych obj\u0119to\u015bci - Professional Hair Care\",\"isPartOf\":{\"@id\":\"https:\/\/professional-haircare.it\/#website\"},\"primaryImageOfPage\":{\"@id\":\"https:\/\/www.professional-haircare.it\/pl\/products\/treatments-pl\/hairgenie-pl\/hairgenie-volume-boost-pl\/spray-do-wlosow-cienkich-i-pozbawionych-objetosci\/#primaryimage\"},\"image\":{\"@id\":\"https:\/\/www.professional-haircare.it\/pl\/products\/treatments-pl\/hairgenie-pl\/hairgenie-volume-boost-pl\/spray-do-wlosow-cienkich-i-pozbawionych-objetosci\/#primaryimage\"},\"thumbnailUrl\":\"https:\/\/www.professional-haircare.it\/wp-content\/uploads\/2022\/06\/12082_professional_treatment_volume_spray_150ml.png\",\"datePublished\":\"2022-07-01T14:28:05+00:00\",\"dateModified\":\"2022-07-01T15:16:36+00:00\",\"breadcrumb\":{\"@id\":\"https:\/\/www.professional-haircare.it\/pl\/products\/treatments-pl\/hairgenie-pl\/hairgenie-volume-boost-pl\/spray-do-wlosow-cienkich-i-pozbawionych-objetosci\/#breadcrumb\"},\"inLanguage\":\"pl-PL\",\"potentialAction\":[{\"@type\":\"ReadAction\",\"target\":[\"https:\/\/www.professional-haircare.it\/pl\/products\/treatments-pl\/hairgenie-pl\/hairgenie-volume-boost-pl\/spray-do-wlosow-cienkich-i-pozbawionych-objetosci\/\"]}]},{\"@type\":\"ImageObject\",\"inLanguage\":\"pl-PL\",\"@id\":\"https:\/\/www.professional-haircare.it\/pl\/products\/treatments-pl\/hairgenie-pl\/hairgenie-volume-boost-pl\/spray-do-wlosow-cienkich-i-pozbawionych-objetosci\/#primaryimage\",\"url\":\"https:\/\/www.professional-haircare.it\/wp-content\/uploads\/2022\/06\/12082_professional_treatment_volume_spray_150ml.png\",\"contentUrl\":\"https:\/\/www.professional-haircare.it\/wp-content\/uploads\/2022\/06\/12082_professional_treatment_volume_spray_150ml.png\",\"width\":600,\"height\":600,\"caption\":\"Spray per capelli sottili e privi di corpo\"},{\"@type\":\"BreadcrumbList\",\"@id\":\"https:\/\/www.professional-haircare.it\/pl\/products\/treatments-pl\/hairgenie-pl\/hairgenie-volume-boost-pl\/spray-do-wlosow-cienkich-i-pozbawionych-objetosci\/#breadcrumb\",\"itemListElement\":[{\"@type\":\"ListItem\",\"position\":1,\"name\":\"Home\",\"item\":\"https:\/\/professional-haircare.it\/pl\/\"},{\"@type\":\"ListItem\",\"position\":2,\"name\":\"Sklep\",\"item\":\"https:\/\/professional-haircare.it\/pl\/sklep\/\"},{\"@type\":\"ListItem\",\"position\":3,\"name\":\"Hairgenie Volume Boost | Spray do w\u0142os\u00f3w cienkich i pozbawionych obj\u0119to\u015bci\"}]},{\"@type\":\"WebSite\",\"@id\":\"https:\/\/professional-haircare.it\/#website\",\"url\":\"https:\/\/professional-haircare.it\/\",\"name\":\"Professional Hair Care\",\"description\":\"Hair Quality Solutions\",\"potentialAction\":[{\"@type\":\"SearchAction\",\"target\":{\"@type\":\"EntryPoint\",\"urlTemplate\":\"https:\/\/professional-haircare.it\/?s={search_term_string}\"},\"query-input\":{\"@type\":\"PropertyValueSpecification\",\"valueRequired\":true,\"valueName\":\"search_term_string\"}}],\"inLanguage\":\"pl-PL\"}]}<\/script>\n<!-- \/ Yoast SEO plugin. -->","yoast_head_json":{"title":"Hairgenie Volume Boost | Spray do w\u0142os\u00f3w cienkich i pozbawionych obj\u0119to\u015bci - Professional Hair Care","robots":{"index":"index","follow":"follow","max-snippet":"max-snippet:-1","max-image-preview":"max-image-preview:large","max-video-preview":"max-video-preview:-1"},"canonical":"https:\/\/www.professional-haircare.it\/pl\/products\/treatments-pl\/hairgenie-pl\/hairgenie-volume-boost-pl\/spray-do-wlosow-cienkich-i-pozbawionych-objetosci\/","og_locale":"pl_PL","og_type":"article","og_title":"Hairgenie Volume Boost | Spray do w\u0142os\u00f3w cienkich i pozbawionych obj\u0119to\u015bci - Professional Hair Care","og_description":"Hairgenie Volume Boost to spray o dzia\u0142aniu dodaj\u0105cym obj\u0119to\u015bci, kt\u00f3ry nie obci\u0105\u017ca w\u0142os\u00f3w.  Ju\u017c od pierwszego zastosowania mo\u017cna cieszy\u0107 si\u0119 efektem wi\u0119kszej obj\u0119to\u015bci w\u0142os\u00f3w, kt\u00f3ry przed\u0142u\u017ca trwa\u0142o\u015b\u0107 stylizacji.  150 ml","og_url":"https:\/\/www.professional-haircare.it\/pl\/products\/treatments-pl\/hairgenie-pl\/hairgenie-volume-boost-pl\/spray-do-wlosow-cienkich-i-pozbawionych-objetosci\/","og_site_name":"Professional Hair Care","article_modified_time":"2022-07-01T15:16:36+00:00","og_image":[{"width":600,"height":600,"url":"https:\/\/professional-haircare.it\/wp-content\/uploads\/2022\/06\/12082_professional_treatment_volume_spray_150ml.png","type":"image\/png"}],"twitter_card":"summary_large_image","schema":{"@context":"https:\/\/schema.org","@graph":[{"@type":"WebPage","@id":"https:\/\/www.professional-haircare.it\/pl\/products\/treatments-pl\/hairgenie-pl\/hairgenie-volume-boost-pl\/spray-do-wlosow-cienkich-i-pozbawionych-objetosci\/","url":"https:\/\/www.professional-haircare.it\/pl\/products\/treatments-pl\/hairgenie-pl\/hairgenie-volume-boost-pl\/spray-do-wlosow-cienkich-i-pozbawionych-objetosci\/","name":"Hairgenie Volume Boost | Spray do w\u0142os\u00f3w cienkich i pozbawionych obj\u0119to\u015bci - Professional Hair Care","isPartOf":{"@id":"https:\/\/professional-haircare.it\/#website"},"primaryImageOfPage":{"@id":"https:\/\/www.professional-haircare.it\/pl\/products\/treatments-pl\/hairgenie-pl\/hairgenie-volume-boost-pl\/spray-do-wlosow-cienkich-i-pozbawionych-objetosci\/#primaryimage"},"image":{"@id":"https:\/\/www.professional-haircare.it\/pl\/products\/treatments-pl\/hairgenie-pl\/hairgenie-volume-boost-pl\/spray-do-wlosow-cienkich-i-pozbawionych-objetosci\/#primaryimage"},"thumbnailUrl":"https:\/\/www.professional-haircare.it\/wp-content\/uploads\/2022\/06\/12082_professional_treatment_volume_spray_150ml.png","datePublished":"2022-07-01T14:28:05+00:00","dateModified":"2022-07-01T15:16:36+00:00","breadcrumb":{"@id":"https:\/\/www.professional-haircare.it\/pl\/products\/treatments-pl\/hairgenie-pl\/hairgenie-volume-boost-pl\/spray-do-wlosow-cienkich-i-pozbawionych-objetosci\/#breadcrumb"},"inLanguage":"pl-PL","potentialAction":[{"@type":"ReadAction","target":["https:\/\/www.professional-haircare.it\/pl\/products\/treatments-pl\/hairgenie-pl\/hairgenie-volume-boost-pl\/spray-do-wlosow-cienkich-i-pozbawionych-objetosci\/"]}]},{"@type":"ImageObject","inLanguage":"pl-PL","@id":"https:\/\/www.professional-haircare.it\/pl\/products\/treatments-pl\/hairgenie-pl\/hairgenie-volume-boost-pl\/spray-do-wlosow-cienkich-i-pozbawionych-objetosci\/#primaryimage","url":"https:\/\/www.professional-haircare.it\/wp-content\/uploads\/2022\/06\/12082_professional_treatment_volume_spray_150ml.png","contentUrl":"https:\/\/www.professional-haircare.it\/wp-content\/uploads\/2022\/06\/12082_professional_treatment_volume_spray_150ml.png","width":600,"height":600,"caption":"Spray per capelli sottili e privi di corpo"},{"@type":"BreadcrumbList","@id":"https:\/\/www.professional-haircare.it\/pl\/products\/treatments-pl\/hairgenie-pl\/hairgenie-volume-boost-pl\/spray-do-wlosow-cienkich-i-pozbawionych-objetosci\/#breadcrumb","itemListElement":[{"@type":"ListItem","position":1,"name":"Home","item":"https:\/\/professional-haircare.it\/pl\/"},{"@type":"ListItem","position":2,"name":"Sklep","item":"https:\/\/professional-haircare.it\/pl\/sklep\/"},{"@type":"ListItem","position":3,"name":"Hairgenie Volume Boost | Spray do w\u0142os\u00f3w cienkich i pozbawionych obj\u0119to\u015bci"}]},{"@type":"WebSite","@id":"https:\/\/professional-haircare.it\/#website","url":"https:\/\/professional-haircare.it\/","name":"Professional Hair Care","description":"Hair Quality Solutions","potentialAction":[{"@type":"SearchAction","target":{"@type":"EntryPoint","urlTemplate":"https:\/\/professional-haircare.it\/?s={search_term_string}"},"query-input":{"@type":"PropertyValueSpecification","valueRequired":true,"valueName":"search_term_string"}}],"inLanguage":"pl-PL"}]}},"_links":{"self":[{"href":"https:\/\/www.professional-haircare.it\/pl\/wp-json\/wp\/v2\/product\/2745","targetHints":{"allow":["GET"]}}],"collection":[{"href":"https:\/\/www.professional-haircare.it\/pl\/wp-json\/wp\/v2\/product"}],"about":[{"href":"https:\/\/www.professional-haircare.it\/pl\/wp-json\/wp\/v2\/types\/product"}],"replies":[{"embeddable":true,"href":"https:\/\/www.professional-haircare.it\/pl\/wp-json\/wp\/v2\/comments?post=2745"}],"wp:featuredmedia":[{"embeddable":true,"href":"https:\/\/www.professional-haircare.it\/pl\/wp-json\/wp\/v2\/media\/2719"}],"wp:attachment":[{"href":"https:\/\/www.professional-haircare.it\/pl\/wp-json\/wp\/v2\/media?parent=2745"}],"wp:term":[{"taxonomy":"product_brand","embeddable":true,"href":"https:\/\/www.professional-haircare.it\/pl\/wp-json\/wp\/v2\/product_brand?post=2745"},{"taxonomy":"product_cat","embeddable":true,"href":"https:\/\/www.professional-haircare.it\/pl\/wp-json\/wp\/v2\/product_cat?post=2745"},{"taxonomy":"product_tag","embeddable":true,"href":"https:\/\/www.professional-haircare.it\/pl\/wp-json\/wp\/v2\/product_tag?post=2745"}],"curies":[{"name":"wp","href":"https:\/\/api.w.org\/{rel}","templated":true}]}}