{"id":2742,"date":"2022-07-01T16:20:38","date_gmt":"2022-07-01T14:20:38","guid":{"rendered":"https:\/\/www.professional-haircare.it\/products\/bez-kategorii\/hairgenie-volume-boost-shampoo-per-capelli-sottili-e-privi-di-corpo-300-ml\/"},"modified":"2022-07-01T17:16:05","modified_gmt":"2022-07-01T15:16:05","slug":"szampon-do-wlosow-cienkich-i-pozbawionych-objetosci-300-ml","status":"publish","type":"product","link":"https:\/\/www.professional-haircare.it\/pl\/products\/treatments-pl\/hairgenie-pl\/hairgenie-volume-boost-pl\/szampon-do-wlosow-cienkich-i-pozbawionych-objetosci-300-ml\/","title":{"rendered":"Hairgenie Volume Boost | Szampon do w\u0142os\u00f3w cienkich i pozbawionych obj\u0119to\u015bci"},"content":{"rendered":"","protected":false},"excerpt":{"rendered":"<p>Hairgenie Volume Boost to szampon, kt\u00f3ry delikatnie oczyszcza w\u0142\u00f3kna w\u0142os\u00f3w<strong>, przywracaj\u0105c cienkim w\u0142osom obj\u0119to\u015b\u0107 i spr\u0119\u017cysto\u015b\u0107<\/strong>.<\/p>\n<p>Formu\u0142a wzbogacona <strong>Ekstraktem z R\u00f3\u017cy Dzikiej<\/strong> dzia\u0142a przeciwutleniaj\u0105co na w\u0142osy, <strong>sprawiaj\u0105c, \u017ce staj\u0105 si\u0119 mi\u0119kkie i lekkie<\/strong>.<\/p>\n<p>300 ml<\/p>\n","protected":false},"featured_media":2723,"comment_status":"closed","ping_status":"closed","template":"","meta":[],"product_brand":[],"product_cat":[298,470,294],"product_tag":[],"class_list":{"0":"post-2742","1":"product","2":"type-product","3":"status-publish","4":"has-post-thumbnail","6":"product_cat-hairgenie-pl","7":"product_cat-hairgenie-volume-boost-pl","8":"product_cat-treatments-pl","10":"first","11":"instock","12":"shipping-taxable","13":"product-type-simple"},"yoast_head":"<!-- This site is optimized with the Yoast SEO plugin v26.8 - https:\/\/yoast.com\/product\/yoast-seo-wordpress\/ -->\n<title>Hairgenie Volume Boost | Szampon do w\u0142os\u00f3w cienkich i pozbawionych obj\u0119to\u015bci - Professional Hair Care<\/title>\n<meta name=\"robots\" content=\"index, follow, max-snippet:-1, max-image-preview:large, max-video-preview:-1\" \/>\n<link rel=\"canonical\" href=\"https:\/\/www.professional-haircare.it\/pl\/products\/treatments-pl\/hairgenie-pl\/hairgenie-volume-boost-pl\/szampon-do-wlosow-cienkich-i-pozbawionych-objetosci-300-ml\/\" \/>\n<meta property=\"og:locale\" content=\"pl_PL\" \/>\n<meta property=\"og:type\" content=\"article\" \/>\n<meta property=\"og:title\" content=\"Hairgenie Volume Boost | Szampon do w\u0142os\u00f3w cienkich i pozbawionych obj\u0119to\u015bci - Professional Hair Care\" \/>\n<meta property=\"og:description\" content=\"Hairgenie Volume Boost to szampon, kt\u00f3ry delikatnie oczyszcza w\u0142\u00f3kna w\u0142os\u00f3w, przywracaj\u0105c cienkim w\u0142osom obj\u0119to\u015b\u0107 i spr\u0119\u017cysto\u015b\u0107.  Formu\u0142a wzbogacona Ekstraktem z R\u00f3\u017cy Dzikiej dzia\u0142a przeciwutleniaj\u0105co na w\u0142osy, sprawiaj\u0105c, \u017ce staj\u0105 si\u0119 mi\u0119kkie i lekkie.  300 ml\" \/>\n<meta property=\"og:url\" content=\"https:\/\/www.professional-haircare.it\/pl\/products\/treatments-pl\/hairgenie-pl\/hairgenie-volume-boost-pl\/szampon-do-wlosow-cienkich-i-pozbawionych-objetosci-300-ml\/\" \/>\n<meta property=\"og:site_name\" content=\"Professional Hair Care\" \/>\n<meta property=\"article:modified_time\" content=\"2022-07-01T15:16:05+00:00\" \/>\n<meta property=\"og:image\" content=\"https:\/\/professional-haircare.it\/wp-content\/uploads\/2022\/06\/12079_professional_hairgenie_Volume-shampoo_300ml.png\" \/>\n\t<meta property=\"og:image:width\" content=\"600\" \/>\n\t<meta property=\"og:image:height\" content=\"600\" \/>\n\t<meta property=\"og:image:type\" content=\"image\/png\" \/>\n<meta name=\"twitter:card\" content=\"summary_large_image\" \/>\n<script type=\"application\/ld+json\" class=\"yoast-schema-graph\">{\"@context\":\"https:\/\/schema.org\",\"@graph\":[{\"@type\":\"WebPage\",\"@id\":\"https:\/\/www.professional-haircare.it\/pl\/products\/treatments-pl\/hairgenie-pl\/hairgenie-volume-boost-pl\/szampon-do-wlosow-cienkich-i-pozbawionych-objetosci-300-ml\/\",\"url\":\"https:\/\/www.professional-haircare.it\/pl\/products\/treatments-pl\/hairgenie-pl\/hairgenie-volume-boost-pl\/szampon-do-wlosow-cienkich-i-pozbawionych-objetosci-300-ml\/\",\"name\":\"Hairgenie Volume Boost | Szampon do w\u0142os\u00f3w cienkich i pozbawionych obj\u0119to\u015bci - Professional Hair Care\",\"isPartOf\":{\"@id\":\"https:\/\/professional-haircare.it\/#website\"},\"primaryImageOfPage\":{\"@id\":\"https:\/\/www.professional-haircare.it\/pl\/products\/treatments-pl\/hairgenie-pl\/hairgenie-volume-boost-pl\/szampon-do-wlosow-cienkich-i-pozbawionych-objetosci-300-ml\/#primaryimage\"},\"image\":{\"@id\":\"https:\/\/www.professional-haircare.it\/pl\/products\/treatments-pl\/hairgenie-pl\/hairgenie-volume-boost-pl\/szampon-do-wlosow-cienkich-i-pozbawionych-objetosci-300-ml\/#primaryimage\"},\"thumbnailUrl\":\"https:\/\/www.professional-haircare.it\/wp-content\/uploads\/2022\/06\/12079_professional_hairgenie_Volume-shampoo_300ml.png\",\"datePublished\":\"2022-07-01T14:20:38+00:00\",\"dateModified\":\"2022-07-01T15:16:05+00:00\",\"breadcrumb\":{\"@id\":\"https:\/\/www.professional-haircare.it\/pl\/products\/treatments-pl\/hairgenie-pl\/hairgenie-volume-boost-pl\/szampon-do-wlosow-cienkich-i-pozbawionych-objetosci-300-ml\/#breadcrumb\"},\"inLanguage\":\"pl-PL\",\"potentialAction\":[{\"@type\":\"ReadAction\",\"target\":[\"https:\/\/www.professional-haircare.it\/pl\/products\/treatments-pl\/hairgenie-pl\/hairgenie-volume-boost-pl\/szampon-do-wlosow-cienkich-i-pozbawionych-objetosci-300-ml\/\"]}]},{\"@type\":\"ImageObject\",\"inLanguage\":\"pl-PL\",\"@id\":\"https:\/\/www.professional-haircare.it\/pl\/products\/treatments-pl\/hairgenie-pl\/hairgenie-volume-boost-pl\/szampon-do-wlosow-cienkich-i-pozbawionych-objetosci-300-ml\/#primaryimage\",\"url\":\"https:\/\/www.professional-haircare.it\/wp-content\/uploads\/2022\/06\/12079_professional_hairgenie_Volume-shampoo_300ml.png\",\"contentUrl\":\"https:\/\/www.professional-haircare.it\/wp-content\/uploads\/2022\/06\/12079_professional_hairgenie_Volume-shampoo_300ml.png\",\"width\":600,\"height\":600,\"caption\":\"Hairgenie Volume Boost | Shampoo per capelli sottili e privi di corpo\"},{\"@type\":\"BreadcrumbList\",\"@id\":\"https:\/\/www.professional-haircare.it\/pl\/products\/treatments-pl\/hairgenie-pl\/hairgenie-volume-boost-pl\/szampon-do-wlosow-cienkich-i-pozbawionych-objetosci-300-ml\/#breadcrumb\",\"itemListElement\":[{\"@type\":\"ListItem\",\"position\":1,\"name\":\"Home\",\"item\":\"https:\/\/professional-haircare.it\/pl\/\"},{\"@type\":\"ListItem\",\"position\":2,\"name\":\"Sklep\",\"item\":\"https:\/\/professional-haircare.it\/pl\/sklep\/\"},{\"@type\":\"ListItem\",\"position\":3,\"name\":\"Hairgenie Volume Boost | Szampon do w\u0142os\u00f3w cienkich i pozbawionych obj\u0119to\u015bci\"}]},{\"@type\":\"WebSite\",\"@id\":\"https:\/\/professional-haircare.it\/#website\",\"url\":\"https:\/\/professional-haircare.it\/\",\"name\":\"Professional Hair Care\",\"description\":\"Hair Quality Solutions\",\"potentialAction\":[{\"@type\":\"SearchAction\",\"target\":{\"@type\":\"EntryPoint\",\"urlTemplate\":\"https:\/\/professional-haircare.it\/?s={search_term_string}\"},\"query-input\":{\"@type\":\"PropertyValueSpecification\",\"valueRequired\":true,\"valueName\":\"search_term_string\"}}],\"inLanguage\":\"pl-PL\"}]}<\/script>\n<!-- \/ Yoast SEO plugin. -->","yoast_head_json":{"title":"Hairgenie Volume Boost | Szampon do w\u0142os\u00f3w cienkich i pozbawionych obj\u0119to\u015bci - Professional Hair Care","robots":{"index":"index","follow":"follow","max-snippet":"max-snippet:-1","max-image-preview":"max-image-preview:large","max-video-preview":"max-video-preview:-1"},"canonical":"https:\/\/www.professional-haircare.it\/pl\/products\/treatments-pl\/hairgenie-pl\/hairgenie-volume-boost-pl\/szampon-do-wlosow-cienkich-i-pozbawionych-objetosci-300-ml\/","og_locale":"pl_PL","og_type":"article","og_title":"Hairgenie Volume Boost | Szampon do w\u0142os\u00f3w cienkich i pozbawionych obj\u0119to\u015bci - Professional Hair Care","og_description":"Hairgenie Volume Boost to szampon, kt\u00f3ry delikatnie oczyszcza w\u0142\u00f3kna w\u0142os\u00f3w, przywracaj\u0105c cienkim w\u0142osom obj\u0119to\u015b\u0107 i spr\u0119\u017cysto\u015b\u0107.  Formu\u0142a wzbogacona Ekstraktem z R\u00f3\u017cy Dzikiej dzia\u0142a przeciwutleniaj\u0105co na w\u0142osy, sprawiaj\u0105c, \u017ce staj\u0105 si\u0119 mi\u0119kkie i lekkie.  300 ml","og_url":"https:\/\/www.professional-haircare.it\/pl\/products\/treatments-pl\/hairgenie-pl\/hairgenie-volume-boost-pl\/szampon-do-wlosow-cienkich-i-pozbawionych-objetosci-300-ml\/","og_site_name":"Professional Hair Care","article_modified_time":"2022-07-01T15:16:05+00:00","og_image":[{"width":600,"height":600,"url":"https:\/\/professional-haircare.it\/wp-content\/uploads\/2022\/06\/12079_professional_hairgenie_Volume-shampoo_300ml.png","type":"image\/png"}],"twitter_card":"summary_large_image","schema":{"@context":"https:\/\/schema.org","@graph":[{"@type":"WebPage","@id":"https:\/\/www.professional-haircare.it\/pl\/products\/treatments-pl\/hairgenie-pl\/hairgenie-volume-boost-pl\/szampon-do-wlosow-cienkich-i-pozbawionych-objetosci-300-ml\/","url":"https:\/\/www.professional-haircare.it\/pl\/products\/treatments-pl\/hairgenie-pl\/hairgenie-volume-boost-pl\/szampon-do-wlosow-cienkich-i-pozbawionych-objetosci-300-ml\/","name":"Hairgenie Volume Boost | Szampon do w\u0142os\u00f3w cienkich i pozbawionych obj\u0119to\u015bci - Professional Hair Care","isPartOf":{"@id":"https:\/\/professional-haircare.it\/#website"},"primaryImageOfPage":{"@id":"https:\/\/www.professional-haircare.it\/pl\/products\/treatments-pl\/hairgenie-pl\/hairgenie-volume-boost-pl\/szampon-do-wlosow-cienkich-i-pozbawionych-objetosci-300-ml\/#primaryimage"},"image":{"@id":"https:\/\/www.professional-haircare.it\/pl\/products\/treatments-pl\/hairgenie-pl\/hairgenie-volume-boost-pl\/szampon-do-wlosow-cienkich-i-pozbawionych-objetosci-300-ml\/#primaryimage"},"thumbnailUrl":"https:\/\/www.professional-haircare.it\/wp-content\/uploads\/2022\/06\/12079_professional_hairgenie_Volume-shampoo_300ml.png","datePublished":"2022-07-01T14:20:38+00:00","dateModified":"2022-07-01T15:16:05+00:00","breadcrumb":{"@id":"https:\/\/www.professional-haircare.it\/pl\/products\/treatments-pl\/hairgenie-pl\/hairgenie-volume-boost-pl\/szampon-do-wlosow-cienkich-i-pozbawionych-objetosci-300-ml\/#breadcrumb"},"inLanguage":"pl-PL","potentialAction":[{"@type":"ReadAction","target":["https:\/\/www.professional-haircare.it\/pl\/products\/treatments-pl\/hairgenie-pl\/hairgenie-volume-boost-pl\/szampon-do-wlosow-cienkich-i-pozbawionych-objetosci-300-ml\/"]}]},{"@type":"ImageObject","inLanguage":"pl-PL","@id":"https:\/\/www.professional-haircare.it\/pl\/products\/treatments-pl\/hairgenie-pl\/hairgenie-volume-boost-pl\/szampon-do-wlosow-cienkich-i-pozbawionych-objetosci-300-ml\/#primaryimage","url":"https:\/\/www.professional-haircare.it\/wp-content\/uploads\/2022\/06\/12079_professional_hairgenie_Volume-shampoo_300ml.png","contentUrl":"https:\/\/www.professional-haircare.it\/wp-content\/uploads\/2022\/06\/12079_professional_hairgenie_Volume-shampoo_300ml.png","width":600,"height":600,"caption":"Hairgenie Volume Boost | Shampoo per capelli sottili e privi di corpo"},{"@type":"BreadcrumbList","@id":"https:\/\/www.professional-haircare.it\/pl\/products\/treatments-pl\/hairgenie-pl\/hairgenie-volume-boost-pl\/szampon-do-wlosow-cienkich-i-pozbawionych-objetosci-300-ml\/#breadcrumb","itemListElement":[{"@type":"ListItem","position":1,"name":"Home","item":"https:\/\/professional-haircare.it\/pl\/"},{"@type":"ListItem","position":2,"name":"Sklep","item":"https:\/\/professional-haircare.it\/pl\/sklep\/"},{"@type":"ListItem","position":3,"name":"Hairgenie Volume Boost | Szampon do w\u0142os\u00f3w cienkich i pozbawionych obj\u0119to\u015bci"}]},{"@type":"WebSite","@id":"https:\/\/professional-haircare.it\/#website","url":"https:\/\/professional-haircare.it\/","name":"Professional Hair Care","description":"Hair Quality Solutions","potentialAction":[{"@type":"SearchAction","target":{"@type":"EntryPoint","urlTemplate":"https:\/\/professional-haircare.it\/?s={search_term_string}"},"query-input":{"@type":"PropertyValueSpecification","valueRequired":true,"valueName":"search_term_string"}}],"inLanguage":"pl-PL"}]}},"_links":{"self":[{"href":"https:\/\/www.professional-haircare.it\/pl\/wp-json\/wp\/v2\/product\/2742","targetHints":{"allow":["GET"]}}],"collection":[{"href":"https:\/\/www.professional-haircare.it\/pl\/wp-json\/wp\/v2\/product"}],"about":[{"href":"https:\/\/www.professional-haircare.it\/pl\/wp-json\/wp\/v2\/types\/product"}],"replies":[{"embeddable":true,"href":"https:\/\/www.professional-haircare.it\/pl\/wp-json\/wp\/v2\/comments?post=2742"}],"wp:featuredmedia":[{"embeddable":true,"href":"https:\/\/www.professional-haircare.it\/pl\/wp-json\/wp\/v2\/media\/2723"}],"wp:attachment":[{"href":"https:\/\/www.professional-haircare.it\/pl\/wp-json\/wp\/v2\/media?parent=2742"}],"wp:term":[{"taxonomy":"product_brand","embeddable":true,"href":"https:\/\/www.professional-haircare.it\/pl\/wp-json\/wp\/v2\/product_brand?post=2742"},{"taxonomy":"product_cat","embeddable":true,"href":"https:\/\/www.professional-haircare.it\/pl\/wp-json\/wp\/v2\/product_cat?post=2742"},{"taxonomy":"product_tag","embeddable":true,"href":"https:\/\/www.professional-haircare.it\/pl\/wp-json\/wp\/v2\/product_tag?post=2742"}],"curies":[{"name":"wp","href":"https:\/\/api.w.org\/{rel}","templated":true}]}}