{"id":2586,"date":"2015-06-29T17:38:09","date_gmt":"2015-06-29T15:38:09","guid":{"rendered":"https:\/\/www.professional-haircare.it\/products\/bez-kategorii\/x-mode-sleek-iron\/"},"modified":"2022-02-03T14:24:57","modified_gmt":"2022-02-03T13:24:57","slug":"x-mode-sleek-iron","status":"publish","type":"product","link":"https:\/\/www.professional-haircare.it\/pl\/products\/finishing-pl\/spray-pl\/x-mode-sleek-iron\/","title":{"rendered":"X Mode | Sleek Iron"},"content":{"rendered":"","protected":false},"excerpt":{"rendered":"<p><b>X Mode Sleek Iron<\/b><span style=\"font-weight: 400;\"> to wyj\u0105tkowy spray, kt\u00f3ry zapewnia <\/span><b>efekt ultra g\u0142adkich, ultra nawil\u017conych i wyj\u0105tkowo l\u015bni\u0105cych w\u0142os\u00f3w<\/b><span style=\"font-weight: 400;\">. Idealny do stosowania z prostownicami, chroni w\u0142\u00f3kno w\u0142osa przed wysok\u0105 temperatur\u0105 i intensywnie <\/span><b>zwalcza puszenie si\u0119 w\u0142os\u00f3w.<\/b><span style=\"font-weight: 400;\">.<\/span><\/p>\n<p><span style=\"font-weight: 400;\">Do u\u017cytku profesjonalnego<\/span><\/p>\n<p><span style=\"font-weight: 400;\">Flakon o pojemno\u015bci 150 ml<\/span><\/p>\n","protected":false},"featured_media":4188,"comment_status":"closed","ping_status":"closed","template":"","meta":[],"product_brand":[],"product_cat":[284,287],"product_tag":[],"class_list":{"0":"post-2586","1":"product","2":"type-product","3":"status-publish","4":"has-post-thumbnail","6":"product_cat-finishing-pl","7":"product_cat-spray-pl","9":"first","10":"instock","11":"shipping-taxable","12":"product-type-simple"},"yoast_head":"<!-- This site is optimized with the Yoast SEO plugin v26.8 - https:\/\/yoast.com\/product\/yoast-seo-wordpress\/ -->\n<title>X Mode | Sleek Iron<\/title>\n<meta name=\"description\" content=\"X Mode Sleek Iron to wyj\u0105tkowy spray, kt\u00f3ry zapewnia efekt ultra g\u0142adkich, ultra nawil\u017conych i wyj\u0105tkowo l\u015bni\u0105cych w\u0142os\u00f3w.\" \/>\n<meta name=\"robots\" content=\"index, follow, max-snippet:-1, max-image-preview:large, max-video-preview:-1\" \/>\n<link rel=\"canonical\" href=\"https:\/\/www.professional-haircare.it\/pl\/products\/finishing-pl\/spray-pl\/x-mode-sleek-iron\/\" \/>\n<meta property=\"og:locale\" content=\"pl_PL\" \/>\n<meta property=\"og:type\" content=\"article\" \/>\n<meta property=\"og:title\" content=\"X Mode | Sleek Iron\" \/>\n<meta property=\"og:description\" content=\"X Mode Sleek Iron to wyj\u0105tkowy spray, kt\u00f3ry zapewnia efekt ultra g\u0142adkich, ultra nawil\u017conych i wyj\u0105tkowo l\u015bni\u0105cych w\u0142os\u00f3w.\" \/>\n<meta property=\"og:url\" content=\"https:\/\/www.professional-haircare.it\/pl\/products\/finishing-pl\/spray-pl\/x-mode-sleek-iron\/\" \/>\n<meta property=\"og:site_name\" content=\"Professional Hair Care\" \/>\n<meta property=\"article:modified_time\" content=\"2022-02-03T13:24:57+00:00\" \/>\n<meta property=\"og:image\" content=\"https:\/\/professional-haircare.it\/wp-content\/uploads\/2015\/06\/13008_professional_xmode_sleek_iron_spray_150ml.png\" \/>\n\t<meta property=\"og:image:width\" content=\"600\" \/>\n\t<meta property=\"og:image:height\" content=\"600\" \/>\n\t<meta property=\"og:image:type\" content=\"image\/png\" \/>\n<meta name=\"twitter:card\" content=\"summary_large_image\" \/>\n<script type=\"application\/ld+json\" class=\"yoast-schema-graph\">{\"@context\":\"https:\/\/schema.org\",\"@graph\":[{\"@type\":\"WebPage\",\"@id\":\"https:\/\/www.professional-haircare.it\/pl\/products\/finishing-pl\/spray-pl\/x-mode-sleek-iron\/\",\"url\":\"https:\/\/www.professional-haircare.it\/pl\/products\/finishing-pl\/spray-pl\/x-mode-sleek-iron\/\",\"name\":\"X Mode | Sleek Iron\",\"isPartOf\":{\"@id\":\"https:\/\/professional-haircare.it\/#website\"},\"primaryImageOfPage\":{\"@id\":\"https:\/\/www.professional-haircare.it\/pl\/products\/finishing-pl\/spray-pl\/x-mode-sleek-iron\/#primaryimage\"},\"image\":{\"@id\":\"https:\/\/www.professional-haircare.it\/pl\/products\/finishing-pl\/spray-pl\/x-mode-sleek-iron\/#primaryimage\"},\"thumbnailUrl\":\"https:\/\/www.professional-haircare.it\/wp-content\/uploads\/2015\/06\/13008_professional_xmode_sleek_iron_spray_150ml-1.png\",\"datePublished\":\"2015-06-29T15:38:09+00:00\",\"dateModified\":\"2022-02-03T13:24:57+00:00\",\"description\":\"X Mode Sleek Iron to wyj\u0105tkowy spray, kt\u00f3ry zapewnia efekt ultra g\u0142adkich, ultra nawil\u017conych i wyj\u0105tkowo l\u015bni\u0105cych w\u0142os\u00f3w.\",\"breadcrumb\":{\"@id\":\"https:\/\/www.professional-haircare.it\/pl\/products\/finishing-pl\/spray-pl\/x-mode-sleek-iron\/#breadcrumb\"},\"inLanguage\":\"pl-PL\",\"potentialAction\":[{\"@type\":\"ReadAction\",\"target\":[\"https:\/\/www.professional-haircare.it\/pl\/products\/finishing-pl\/spray-pl\/x-mode-sleek-iron\/\"]}]},{\"@type\":\"ImageObject\",\"inLanguage\":\"pl-PL\",\"@id\":\"https:\/\/www.professional-haircare.it\/pl\/products\/finishing-pl\/spray-pl\/x-mode-sleek-iron\/#primaryimage\",\"url\":\"https:\/\/www.professional-haircare.it\/wp-content\/uploads\/2015\/06\/13008_professional_xmode_sleek_iron_spray_150ml-1.png\",\"contentUrl\":\"https:\/\/www.professional-haircare.it\/wp-content\/uploads\/2015\/06\/13008_professional_xmode_sleek_iron_spray_150ml-1.png\",\"width\":600,\"height\":600},{\"@type\":\"BreadcrumbList\",\"@id\":\"https:\/\/www.professional-haircare.it\/pl\/products\/finishing-pl\/spray-pl\/x-mode-sleek-iron\/#breadcrumb\",\"itemListElement\":[{\"@type\":\"ListItem\",\"position\":1,\"name\":\"Home\",\"item\":\"https:\/\/professional-haircare.it\/pl\/\"},{\"@type\":\"ListItem\",\"position\":2,\"name\":\"Sklep\",\"item\":\"https:\/\/professional-haircare.it\/pl\/sklep\/\"},{\"@type\":\"ListItem\",\"position\":3,\"name\":\"X Mode | Sleek Iron\"}]},{\"@type\":\"WebSite\",\"@id\":\"https:\/\/professional-haircare.it\/#website\",\"url\":\"https:\/\/professional-haircare.it\/\",\"name\":\"Professional Hair Care\",\"description\":\"Hair Quality Solutions\",\"potentialAction\":[{\"@type\":\"SearchAction\",\"target\":{\"@type\":\"EntryPoint\",\"urlTemplate\":\"https:\/\/professional-haircare.it\/?s={search_term_string}\"},\"query-input\":{\"@type\":\"PropertyValueSpecification\",\"valueRequired\":true,\"valueName\":\"search_term_string\"}}],\"inLanguage\":\"pl-PL\"}]}<\/script>\n<!-- \/ Yoast SEO plugin. -->","yoast_head_json":{"title":"X Mode | Sleek Iron","description":"X Mode Sleek Iron to wyj\u0105tkowy spray, kt\u00f3ry zapewnia efekt ultra g\u0142adkich, ultra nawil\u017conych i wyj\u0105tkowo l\u015bni\u0105cych w\u0142os\u00f3w.","robots":{"index":"index","follow":"follow","max-snippet":"max-snippet:-1","max-image-preview":"max-image-preview:large","max-video-preview":"max-video-preview:-1"},"canonical":"https:\/\/www.professional-haircare.it\/pl\/products\/finishing-pl\/spray-pl\/x-mode-sleek-iron\/","og_locale":"pl_PL","og_type":"article","og_title":"X Mode | Sleek Iron","og_description":"X Mode Sleek Iron to wyj\u0105tkowy spray, kt\u00f3ry zapewnia efekt ultra g\u0142adkich, ultra nawil\u017conych i wyj\u0105tkowo l\u015bni\u0105cych w\u0142os\u00f3w.","og_url":"https:\/\/www.professional-haircare.it\/pl\/products\/finishing-pl\/spray-pl\/x-mode-sleek-iron\/","og_site_name":"Professional Hair Care","article_modified_time":"2022-02-03T13:24:57+00:00","og_image":[{"width":600,"height":600,"url":"https:\/\/professional-haircare.it\/wp-content\/uploads\/2015\/06\/13008_professional_xmode_sleek_iron_spray_150ml.png","type":"image\/png"}],"twitter_card":"summary_large_image","schema":{"@context":"https:\/\/schema.org","@graph":[{"@type":"WebPage","@id":"https:\/\/www.professional-haircare.it\/pl\/products\/finishing-pl\/spray-pl\/x-mode-sleek-iron\/","url":"https:\/\/www.professional-haircare.it\/pl\/products\/finishing-pl\/spray-pl\/x-mode-sleek-iron\/","name":"X Mode | Sleek Iron","isPartOf":{"@id":"https:\/\/professional-haircare.it\/#website"},"primaryImageOfPage":{"@id":"https:\/\/www.professional-haircare.it\/pl\/products\/finishing-pl\/spray-pl\/x-mode-sleek-iron\/#primaryimage"},"image":{"@id":"https:\/\/www.professional-haircare.it\/pl\/products\/finishing-pl\/spray-pl\/x-mode-sleek-iron\/#primaryimage"},"thumbnailUrl":"https:\/\/www.professional-haircare.it\/wp-content\/uploads\/2015\/06\/13008_professional_xmode_sleek_iron_spray_150ml-1.png","datePublished":"2015-06-29T15:38:09+00:00","dateModified":"2022-02-03T13:24:57+00:00","description":"X Mode Sleek Iron to wyj\u0105tkowy spray, kt\u00f3ry zapewnia efekt ultra g\u0142adkich, ultra nawil\u017conych i wyj\u0105tkowo l\u015bni\u0105cych w\u0142os\u00f3w.","breadcrumb":{"@id":"https:\/\/www.professional-haircare.it\/pl\/products\/finishing-pl\/spray-pl\/x-mode-sleek-iron\/#breadcrumb"},"inLanguage":"pl-PL","potentialAction":[{"@type":"ReadAction","target":["https:\/\/www.professional-haircare.it\/pl\/products\/finishing-pl\/spray-pl\/x-mode-sleek-iron\/"]}]},{"@type":"ImageObject","inLanguage":"pl-PL","@id":"https:\/\/www.professional-haircare.it\/pl\/products\/finishing-pl\/spray-pl\/x-mode-sleek-iron\/#primaryimage","url":"https:\/\/www.professional-haircare.it\/wp-content\/uploads\/2015\/06\/13008_professional_xmode_sleek_iron_spray_150ml-1.png","contentUrl":"https:\/\/www.professional-haircare.it\/wp-content\/uploads\/2015\/06\/13008_professional_xmode_sleek_iron_spray_150ml-1.png","width":600,"height":600},{"@type":"BreadcrumbList","@id":"https:\/\/www.professional-haircare.it\/pl\/products\/finishing-pl\/spray-pl\/x-mode-sleek-iron\/#breadcrumb","itemListElement":[{"@type":"ListItem","position":1,"name":"Home","item":"https:\/\/professional-haircare.it\/pl\/"},{"@type":"ListItem","position":2,"name":"Sklep","item":"https:\/\/professional-haircare.it\/pl\/sklep\/"},{"@type":"ListItem","position":3,"name":"X Mode | Sleek Iron"}]},{"@type":"WebSite","@id":"https:\/\/professional-haircare.it\/#website","url":"https:\/\/professional-haircare.it\/","name":"Professional Hair Care","description":"Hair Quality Solutions","potentialAction":[{"@type":"SearchAction","target":{"@type":"EntryPoint","urlTemplate":"https:\/\/professional-haircare.it\/?s={search_term_string}"},"query-input":{"@type":"PropertyValueSpecification","valueRequired":true,"valueName":"search_term_string"}}],"inLanguage":"pl-PL"}]}},"_links":{"self":[{"href":"https:\/\/www.professional-haircare.it\/pl\/wp-json\/wp\/v2\/product\/2586","targetHints":{"allow":["GET"]}}],"collection":[{"href":"https:\/\/www.professional-haircare.it\/pl\/wp-json\/wp\/v2\/product"}],"about":[{"href":"https:\/\/www.professional-haircare.it\/pl\/wp-json\/wp\/v2\/types\/product"}],"replies":[{"embeddable":true,"href":"https:\/\/www.professional-haircare.it\/pl\/wp-json\/wp\/v2\/comments?post=2586"}],"wp:featuredmedia":[{"embeddable":true,"href":"https:\/\/www.professional-haircare.it\/pl\/wp-json\/wp\/v2\/media\/4188"}],"wp:attachment":[{"href":"https:\/\/www.professional-haircare.it\/pl\/wp-json\/wp\/v2\/media?parent=2586"}],"wp:term":[{"taxonomy":"product_brand","embeddable":true,"href":"https:\/\/www.professional-haircare.it\/pl\/wp-json\/wp\/v2\/product_brand?post=2586"},{"taxonomy":"product_cat","embeddable":true,"href":"https:\/\/www.professional-haircare.it\/pl\/wp-json\/wp\/v2\/product_cat?post=2586"},{"taxonomy":"product_tag","embeddable":true,"href":"https:\/\/www.professional-haircare.it\/pl\/wp-json\/wp\/v2\/product_tag?post=2586"}],"curies":[{"name":"wp","href":"https:\/\/api.w.org\/{rel}","templated":true}]}}