{"id":2578,"date":"2021-03-31T10:20:48","date_gmt":"2021-03-31T08:20:48","guid":{"rendered":"https:\/\/www.professional-haircare.it\/products\/bez-kategorii\/hairgenie-silky-liss-krem-do-wlosow-niezdyscyplinowanych-i-puszacych-sie\/"},"modified":"2022-02-03T12:30:27","modified_gmt":"2022-02-03T11:30:27","slug":"hairgenie-silky-liss-krem-do-wlosow-niezdyscyplinowanych-i-puszacych-sie","status":"publish","type":"product","link":"https:\/\/www.professional-haircare.it\/pl\/products\/treatments-pl\/hairgenie-pl\/hairgenie-silky-liss-pl\/hairgenie-silky-liss-krem-do-wlosow-niezdyscyplinowanych-i-puszacych-sie\/","title":{"rendered":"Hairgenie Silky Liss | Krem do w\u0142os\u00f3w niezdyscyplinowanych i pusz\u0105cych si\u0119"},"content":{"rendered":"","protected":false},"excerpt":{"rendered":"<p><span style=\"font-weight: 400;\">Hairgenie Silky Liss to <\/span><b>\u00a0krem bez sp\u0142ukiwania, kt\u00f3ry wyg\u0142adza w\u0142osy i przeciwdzia\u0142a ich puszeniu si\u0119<\/b><span style=\"font-weight: 400;\">. Wzbogacony o ekstrakt z malwy <\/span><b>nawil\u017ca, zmi\u0119kcza i chroni<\/b><span style=\"font-weight: 400;\"> w\u0142osy przed wilgoci\u0105. W\u0142osy s\u0105 wyra\u017anie <\/span><b>mi\u0119kkie i jedwabiste<\/b><span style=\"font-weight: 400;\"> ju\u017c po pierwszym u\u017cyciu.<\/span><\/p>\n<p><span style=\"font-weight: 400;\">200 ml<\/span><\/p>\n","protected":false},"featured_media":2204,"comment_status":"closed","ping_status":"closed","template":"","meta":[],"product_brand":[],"product_cat":[298,303,294],"product_tag":[],"class_list":{"0":"post-2578","1":"product","2":"type-product","3":"status-publish","4":"has-post-thumbnail","6":"product_cat-hairgenie-pl","7":"product_cat-hairgenie-silky-liss-pl","8":"product_cat-treatments-pl","10":"first","11":"instock","12":"shipping-taxable","13":"product-type-simple"},"yoast_head":"<!-- This site is optimized with the Yoast SEO plugin v26.8 - https:\/\/yoast.com\/product\/yoast-seo-wordpress\/ -->\n<title>Hairgenie Silky Liss | Krem do w\u0142os\u00f3w niezdyscyplinowanych i pusz\u0105cych si\u0119<\/title>\n<meta name=\"description\" content=\"Hairgenie Silky Liss to \u00a0krem bez sp\u0142ukiwania, kt\u00f3ry wyg\u0142adza w\u0142osy i przeciwdzia\u0142a ich puszeniu si\u0119.\" \/>\n<meta name=\"robots\" content=\"index, follow, max-snippet:-1, max-image-preview:large, max-video-preview:-1\" \/>\n<link rel=\"canonical\" href=\"https:\/\/www.professional-haircare.it\/pl\/products\/treatments-pl\/hairgenie-pl\/hairgenie-silky-liss-pl\/hairgenie-silky-liss-krem-do-wlosow-niezdyscyplinowanych-i-puszacych-sie\/\" \/>\n<meta property=\"og:locale\" content=\"pl_PL\" \/>\n<meta property=\"og:type\" content=\"article\" \/>\n<meta property=\"og:title\" content=\"Hairgenie Silky Liss | Krem do w\u0142os\u00f3w niezdyscyplinowanych i pusz\u0105cych si\u0119\" \/>\n<meta property=\"og:description\" content=\"Hairgenie Silky Liss to \u00a0krem bez sp\u0142ukiwania, kt\u00f3ry wyg\u0142adza w\u0142osy i przeciwdzia\u0142a ich puszeniu si\u0119.\" \/>\n<meta property=\"og:url\" content=\"https:\/\/www.professional-haircare.it\/pl\/products\/treatments-pl\/hairgenie-pl\/hairgenie-silky-liss-pl\/hairgenie-silky-liss-krem-do-wlosow-niezdyscyplinowanych-i-puszacych-sie\/\" \/>\n<meta property=\"og:site_name\" content=\"Professional Hair Care\" \/>\n<meta property=\"article:modified_time\" content=\"2022-02-03T11:30:27+00:00\" \/>\n<meta property=\"og:image\" content=\"https:\/\/professional-haircare.it\/wp-content\/uploads\/2021\/03\/12070_professional_hairgenie_silky_liss_cream_200ml.png\" \/>\n\t<meta property=\"og:image:width\" content=\"600\" \/>\n\t<meta property=\"og:image:height\" content=\"600\" \/>\n\t<meta property=\"og:image:type\" content=\"image\/png\" \/>\n<meta name=\"twitter:card\" content=\"summary_large_image\" \/>\n<script type=\"application\/ld+json\" class=\"yoast-schema-graph\">{\"@context\":\"https:\/\/schema.org\",\"@graph\":[{\"@type\":\"WebPage\",\"@id\":\"https:\/\/www.professional-haircare.it\/pl\/products\/treatments-pl\/hairgenie-pl\/hairgenie-silky-liss-pl\/hairgenie-silky-liss-krem-do-wlosow-niezdyscyplinowanych-i-puszacych-sie\/\",\"url\":\"https:\/\/www.professional-haircare.it\/pl\/products\/treatments-pl\/hairgenie-pl\/hairgenie-silky-liss-pl\/hairgenie-silky-liss-krem-do-wlosow-niezdyscyplinowanych-i-puszacych-sie\/\",\"name\":\"Hairgenie Silky Liss | Krem do w\u0142os\u00f3w niezdyscyplinowanych i pusz\u0105cych si\u0119\",\"isPartOf\":{\"@id\":\"https:\/\/professional-haircare.it\/#website\"},\"primaryImageOfPage\":{\"@id\":\"https:\/\/www.professional-haircare.it\/pl\/products\/treatments-pl\/hairgenie-pl\/hairgenie-silky-liss-pl\/hairgenie-silky-liss-krem-do-wlosow-niezdyscyplinowanych-i-puszacych-sie\/#primaryimage\"},\"image\":{\"@id\":\"https:\/\/www.professional-haircare.it\/pl\/products\/treatments-pl\/hairgenie-pl\/hairgenie-silky-liss-pl\/hairgenie-silky-liss-krem-do-wlosow-niezdyscyplinowanych-i-puszacych-sie\/#primaryimage\"},\"thumbnailUrl\":\"https:\/\/www.professional-haircare.it\/wp-content\/uploads\/2021\/03\/12070_professional_hairgenie_silky_liss_cream_200ml.png\",\"datePublished\":\"2021-03-31T08:20:48+00:00\",\"dateModified\":\"2022-02-03T11:30:27+00:00\",\"description\":\"Hairgenie Silky Liss to \u00a0krem bez sp\u0142ukiwania, kt\u00f3ry wyg\u0142adza w\u0142osy i przeciwdzia\u0142a ich puszeniu si\u0119.\",\"breadcrumb\":{\"@id\":\"https:\/\/www.professional-haircare.it\/pl\/products\/treatments-pl\/hairgenie-pl\/hairgenie-silky-liss-pl\/hairgenie-silky-liss-krem-do-wlosow-niezdyscyplinowanych-i-puszacych-sie\/#breadcrumb\"},\"inLanguage\":\"pl-PL\",\"potentialAction\":[{\"@type\":\"ReadAction\",\"target\":[\"https:\/\/www.professional-haircare.it\/pl\/products\/treatments-pl\/hairgenie-pl\/hairgenie-silky-liss-pl\/hairgenie-silky-liss-krem-do-wlosow-niezdyscyplinowanych-i-puszacych-sie\/\"]}]},{\"@type\":\"ImageObject\",\"inLanguage\":\"pl-PL\",\"@id\":\"https:\/\/www.professional-haircare.it\/pl\/products\/treatments-pl\/hairgenie-pl\/hairgenie-silky-liss-pl\/hairgenie-silky-liss-krem-do-wlosow-niezdyscyplinowanych-i-puszacych-sie\/#primaryimage\",\"url\":\"https:\/\/www.professional-haircare.it\/wp-content\/uploads\/2021\/03\/12070_professional_hairgenie_silky_liss_cream_200ml.png\",\"contentUrl\":\"https:\/\/www.professional-haircare.it\/wp-content\/uploads\/2021\/03\/12070_professional_hairgenie_silky_liss_cream_200ml.png\",\"width\":600,\"height\":600},{\"@type\":\"BreadcrumbList\",\"@id\":\"https:\/\/www.professional-haircare.it\/pl\/products\/treatments-pl\/hairgenie-pl\/hairgenie-silky-liss-pl\/hairgenie-silky-liss-krem-do-wlosow-niezdyscyplinowanych-i-puszacych-sie\/#breadcrumb\",\"itemListElement\":[{\"@type\":\"ListItem\",\"position\":1,\"name\":\"Home\",\"item\":\"https:\/\/professional-haircare.it\/pl\/\"},{\"@type\":\"ListItem\",\"position\":2,\"name\":\"Sklep\",\"item\":\"https:\/\/professional-haircare.it\/pl\/sklep\/\"},{\"@type\":\"ListItem\",\"position\":3,\"name\":\"Hairgenie Silky Liss | Krem do w\u0142os\u00f3w niezdyscyplinowanych i pusz\u0105cych si\u0119\"}]},{\"@type\":\"WebSite\",\"@id\":\"https:\/\/professional-haircare.it\/#website\",\"url\":\"https:\/\/professional-haircare.it\/\",\"name\":\"Professional Hair Care\",\"description\":\"Hair Quality Solutions\",\"potentialAction\":[{\"@type\":\"SearchAction\",\"target\":{\"@type\":\"EntryPoint\",\"urlTemplate\":\"https:\/\/professional-haircare.it\/?s={search_term_string}\"},\"query-input\":{\"@type\":\"PropertyValueSpecification\",\"valueRequired\":true,\"valueName\":\"search_term_string\"}}],\"inLanguage\":\"pl-PL\"}]}<\/script>\n<!-- \/ Yoast SEO plugin. -->","yoast_head_json":{"title":"Hairgenie Silky Liss | Krem do w\u0142os\u00f3w niezdyscyplinowanych i pusz\u0105cych si\u0119","description":"Hairgenie Silky Liss to \u00a0krem bez sp\u0142ukiwania, kt\u00f3ry wyg\u0142adza w\u0142osy i przeciwdzia\u0142a ich puszeniu si\u0119.","robots":{"index":"index","follow":"follow","max-snippet":"max-snippet:-1","max-image-preview":"max-image-preview:large","max-video-preview":"max-video-preview:-1"},"canonical":"https:\/\/www.professional-haircare.it\/pl\/products\/treatments-pl\/hairgenie-pl\/hairgenie-silky-liss-pl\/hairgenie-silky-liss-krem-do-wlosow-niezdyscyplinowanych-i-puszacych-sie\/","og_locale":"pl_PL","og_type":"article","og_title":"Hairgenie Silky Liss | Krem do w\u0142os\u00f3w niezdyscyplinowanych i pusz\u0105cych si\u0119","og_description":"Hairgenie Silky Liss to \u00a0krem bez sp\u0142ukiwania, kt\u00f3ry wyg\u0142adza w\u0142osy i przeciwdzia\u0142a ich puszeniu si\u0119.","og_url":"https:\/\/www.professional-haircare.it\/pl\/products\/treatments-pl\/hairgenie-pl\/hairgenie-silky-liss-pl\/hairgenie-silky-liss-krem-do-wlosow-niezdyscyplinowanych-i-puszacych-sie\/","og_site_name":"Professional Hair Care","article_modified_time":"2022-02-03T11:30:27+00:00","og_image":[{"width":600,"height":600,"url":"https:\/\/professional-haircare.it\/wp-content\/uploads\/2021\/03\/12070_professional_hairgenie_silky_liss_cream_200ml.png","type":"image\/png"}],"twitter_card":"summary_large_image","schema":{"@context":"https:\/\/schema.org","@graph":[{"@type":"WebPage","@id":"https:\/\/www.professional-haircare.it\/pl\/products\/treatments-pl\/hairgenie-pl\/hairgenie-silky-liss-pl\/hairgenie-silky-liss-krem-do-wlosow-niezdyscyplinowanych-i-puszacych-sie\/","url":"https:\/\/www.professional-haircare.it\/pl\/products\/treatments-pl\/hairgenie-pl\/hairgenie-silky-liss-pl\/hairgenie-silky-liss-krem-do-wlosow-niezdyscyplinowanych-i-puszacych-sie\/","name":"Hairgenie Silky Liss | Krem do w\u0142os\u00f3w niezdyscyplinowanych i pusz\u0105cych si\u0119","isPartOf":{"@id":"https:\/\/professional-haircare.it\/#website"},"primaryImageOfPage":{"@id":"https:\/\/www.professional-haircare.it\/pl\/products\/treatments-pl\/hairgenie-pl\/hairgenie-silky-liss-pl\/hairgenie-silky-liss-krem-do-wlosow-niezdyscyplinowanych-i-puszacych-sie\/#primaryimage"},"image":{"@id":"https:\/\/www.professional-haircare.it\/pl\/products\/treatments-pl\/hairgenie-pl\/hairgenie-silky-liss-pl\/hairgenie-silky-liss-krem-do-wlosow-niezdyscyplinowanych-i-puszacych-sie\/#primaryimage"},"thumbnailUrl":"https:\/\/www.professional-haircare.it\/wp-content\/uploads\/2021\/03\/12070_professional_hairgenie_silky_liss_cream_200ml.png","datePublished":"2021-03-31T08:20:48+00:00","dateModified":"2022-02-03T11:30:27+00:00","description":"Hairgenie Silky Liss to \u00a0krem bez sp\u0142ukiwania, kt\u00f3ry wyg\u0142adza w\u0142osy i przeciwdzia\u0142a ich puszeniu si\u0119.","breadcrumb":{"@id":"https:\/\/www.professional-haircare.it\/pl\/products\/treatments-pl\/hairgenie-pl\/hairgenie-silky-liss-pl\/hairgenie-silky-liss-krem-do-wlosow-niezdyscyplinowanych-i-puszacych-sie\/#breadcrumb"},"inLanguage":"pl-PL","potentialAction":[{"@type":"ReadAction","target":["https:\/\/www.professional-haircare.it\/pl\/products\/treatments-pl\/hairgenie-pl\/hairgenie-silky-liss-pl\/hairgenie-silky-liss-krem-do-wlosow-niezdyscyplinowanych-i-puszacych-sie\/"]}]},{"@type":"ImageObject","inLanguage":"pl-PL","@id":"https:\/\/www.professional-haircare.it\/pl\/products\/treatments-pl\/hairgenie-pl\/hairgenie-silky-liss-pl\/hairgenie-silky-liss-krem-do-wlosow-niezdyscyplinowanych-i-puszacych-sie\/#primaryimage","url":"https:\/\/www.professional-haircare.it\/wp-content\/uploads\/2021\/03\/12070_professional_hairgenie_silky_liss_cream_200ml.png","contentUrl":"https:\/\/www.professional-haircare.it\/wp-content\/uploads\/2021\/03\/12070_professional_hairgenie_silky_liss_cream_200ml.png","width":600,"height":600},{"@type":"BreadcrumbList","@id":"https:\/\/www.professional-haircare.it\/pl\/products\/treatments-pl\/hairgenie-pl\/hairgenie-silky-liss-pl\/hairgenie-silky-liss-krem-do-wlosow-niezdyscyplinowanych-i-puszacych-sie\/#breadcrumb","itemListElement":[{"@type":"ListItem","position":1,"name":"Home","item":"https:\/\/professional-haircare.it\/pl\/"},{"@type":"ListItem","position":2,"name":"Sklep","item":"https:\/\/professional-haircare.it\/pl\/sklep\/"},{"@type":"ListItem","position":3,"name":"Hairgenie Silky Liss | Krem do w\u0142os\u00f3w niezdyscyplinowanych i pusz\u0105cych si\u0119"}]},{"@type":"WebSite","@id":"https:\/\/professional-haircare.it\/#website","url":"https:\/\/professional-haircare.it\/","name":"Professional Hair Care","description":"Hair Quality Solutions","potentialAction":[{"@type":"SearchAction","target":{"@type":"EntryPoint","urlTemplate":"https:\/\/professional-haircare.it\/?s={search_term_string}"},"query-input":{"@type":"PropertyValueSpecification","valueRequired":true,"valueName":"search_term_string"}}],"inLanguage":"pl-PL"}]}},"_links":{"self":[{"href":"https:\/\/www.professional-haircare.it\/pl\/wp-json\/wp\/v2\/product\/2578","targetHints":{"allow":["GET"]}}],"collection":[{"href":"https:\/\/www.professional-haircare.it\/pl\/wp-json\/wp\/v2\/product"}],"about":[{"href":"https:\/\/www.professional-haircare.it\/pl\/wp-json\/wp\/v2\/types\/product"}],"replies":[{"embeddable":true,"href":"https:\/\/www.professional-haircare.it\/pl\/wp-json\/wp\/v2\/comments?post=2578"}],"wp:featuredmedia":[{"embeddable":true,"href":"https:\/\/www.professional-haircare.it\/pl\/wp-json\/wp\/v2\/media\/2204"}],"wp:attachment":[{"href":"https:\/\/www.professional-haircare.it\/pl\/wp-json\/wp\/v2\/media?parent=2578"}],"wp:term":[{"taxonomy":"product_brand","embeddable":true,"href":"https:\/\/www.professional-haircare.it\/pl\/wp-json\/wp\/v2\/product_brand?post=2578"},{"taxonomy":"product_cat","embeddable":true,"href":"https:\/\/www.professional-haircare.it\/pl\/wp-json\/wp\/v2\/product_cat?post=2578"},{"taxonomy":"product_tag","embeddable":true,"href":"https:\/\/www.professional-haircare.it\/pl\/wp-json\/wp\/v2\/product_tag?post=2578"}],"curies":[{"name":"wp","href":"https:\/\/api.w.org\/{rel}","templated":true}]}}