{"id":2577,"date":"2021-02-11T09:52:16","date_gmt":"2021-02-11T08:52:16","guid":{"rendered":"https:\/\/www.professional-haircare.it\/products\/bez-kategorii\/hairgenie-silky-liss-maska-do-wlosow-prostych-2\/"},"modified":"2022-02-03T12:12:41","modified_gmt":"2022-02-03T11:12:41","slug":"hairgenie-silky-liss-maska-do-wlosow-prostych-2","status":"publish","type":"product","link":"https:\/\/www.professional-haircare.it\/pl\/products\/treatments-pl\/hairgenie-pl\/hairgenie-silky-liss-pl\/hairgenie-silky-liss-maska-do-wlosow-prostych-2\/","title":{"rendered":"Hairgenie Silky Liss | Maska do w\u0142os\u00f3w prostych"},"content":{"rendered":"","protected":false},"excerpt":{"rendered":"<p><span style=\"font-weight: 400;\">Lekka i kremowa maska <\/span><b>Hairgenie Silky Liss Mask<\/b><span style=\"font-weight: 400;\"> o dzia\u0142aniu <\/span><b>wyg\u0142adzaj\u0105cym<\/b><span style=\"font-weight: 400;\"> zapewnia kontrol\u0119 nad puszeniem si\u0119 w\u0142os\u00f3w i chroni przed wilgoci\u0105. Wzbogacona o <\/span><b>ekstrakt z malwy<\/b> <b>nawil\u017ca<\/b><span style=\"font-weight: 400;\"> i <\/span><b>zmi\u0119kcza <\/b><span style=\"font-weight: 400;\">\u00a0w\u0142osy.<\/span><\/p>\n<p><span style=\"font-weight: 400;\">Pojemno\u015b\u0107 250 ml<\/span><\/p>\n","protected":false},"featured_media":2194,"comment_status":"closed","ping_status":"closed","template":"","meta":[],"product_brand":[],"product_cat":[298,303,294],"product_tag":[],"class_list":{"0":"post-2577","1":"product","2":"type-product","3":"status-publish","4":"has-post-thumbnail","6":"product_cat-hairgenie-pl","7":"product_cat-hairgenie-silky-liss-pl","8":"product_cat-treatments-pl","10":"first","11":"instock","12":"shipping-taxable","13":"product-type-simple"},"yoast_head":"<!-- This site is optimized with the Yoast SEO plugin v26.8 - https:\/\/yoast.com\/product\/yoast-seo-wordpress\/ -->\n<title>Hairgenie Silky Liss | Maska do w\u0142os\u00f3w prostych<\/title>\n<meta name=\"description\" content=\"Lekka i kremowa maska Hairgenie Silky Liss Mask o dzia\u0142aniu wyg\u0142adzaj\u0105cym zapewnia kontrol\u0119 nad puszeniem si\u0119 w\u0142os\u00f3w.\" \/>\n<meta name=\"robots\" content=\"index, follow, max-snippet:-1, max-image-preview:large, max-video-preview:-1\" \/>\n<link rel=\"canonical\" href=\"https:\/\/www.professional-haircare.it\/pl\/products\/treatments-pl\/hairgenie-pl\/hairgenie-silky-liss-pl\/hairgenie-silky-liss-maska-do-wlosow-prostych-2\/\" \/>\n<meta property=\"og:locale\" content=\"pl_PL\" \/>\n<meta property=\"og:type\" content=\"article\" \/>\n<meta property=\"og:title\" content=\"Hairgenie Silky Liss | Maska do w\u0142os\u00f3w prostych\" \/>\n<meta property=\"og:description\" content=\"Lekka i kremowa maska Hairgenie Silky Liss Mask o dzia\u0142aniu wyg\u0142adzaj\u0105cym zapewnia kontrol\u0119 nad puszeniem si\u0119 w\u0142os\u00f3w.\" \/>\n<meta property=\"og:url\" content=\"https:\/\/www.professional-haircare.it\/pl\/products\/treatments-pl\/hairgenie-pl\/hairgenie-silky-liss-pl\/hairgenie-silky-liss-maska-do-wlosow-prostych-2\/\" \/>\n<meta property=\"og:site_name\" content=\"Professional Hair Care\" \/>\n<meta property=\"article:modified_time\" content=\"2022-02-03T11:12:41+00:00\" \/>\n<meta property=\"og:image\" content=\"https:\/\/professional-haircare.it\/wp-content\/uploads\/2021\/02\/12070_professional_hairgenie_silky_liss_mask_250ml.png\" \/>\n\t<meta property=\"og:image:width\" content=\"600\" \/>\n\t<meta property=\"og:image:height\" content=\"600\" \/>\n\t<meta property=\"og:image:type\" content=\"image\/png\" \/>\n<meta name=\"twitter:card\" content=\"summary_large_image\" \/>\n<script type=\"application\/ld+json\" class=\"yoast-schema-graph\">{\"@context\":\"https:\/\/schema.org\",\"@graph\":[{\"@type\":\"WebPage\",\"@id\":\"https:\/\/www.professional-haircare.it\/pl\/products\/treatments-pl\/hairgenie-pl\/hairgenie-silky-liss-pl\/hairgenie-silky-liss-maska-do-wlosow-prostych-2\/\",\"url\":\"https:\/\/www.professional-haircare.it\/pl\/products\/treatments-pl\/hairgenie-pl\/hairgenie-silky-liss-pl\/hairgenie-silky-liss-maska-do-wlosow-prostych-2\/\",\"name\":\"Hairgenie Silky Liss | Maska do w\u0142os\u00f3w prostych\",\"isPartOf\":{\"@id\":\"https:\/\/professional-haircare.it\/#website\"},\"primaryImageOfPage\":{\"@id\":\"https:\/\/www.professional-haircare.it\/pl\/products\/treatments-pl\/hairgenie-pl\/hairgenie-silky-liss-pl\/hairgenie-silky-liss-maska-do-wlosow-prostych-2\/#primaryimage\"},\"image\":{\"@id\":\"https:\/\/www.professional-haircare.it\/pl\/products\/treatments-pl\/hairgenie-pl\/hairgenie-silky-liss-pl\/hairgenie-silky-liss-maska-do-wlosow-prostych-2\/#primaryimage\"},\"thumbnailUrl\":\"https:\/\/www.professional-haircare.it\/wp-content\/uploads\/2021\/02\/12070_professional_hairgenie_silky_liss_mask_250ml.png\",\"datePublished\":\"2021-02-11T08:52:16+00:00\",\"dateModified\":\"2022-02-03T11:12:41+00:00\",\"description\":\"Lekka i kremowa maska Hairgenie Silky Liss Mask o dzia\u0142aniu wyg\u0142adzaj\u0105cym zapewnia kontrol\u0119 nad puszeniem si\u0119 w\u0142os\u00f3w.\",\"breadcrumb\":{\"@id\":\"https:\/\/www.professional-haircare.it\/pl\/products\/treatments-pl\/hairgenie-pl\/hairgenie-silky-liss-pl\/hairgenie-silky-liss-maska-do-wlosow-prostych-2\/#breadcrumb\"},\"inLanguage\":\"pl-PL\",\"potentialAction\":[{\"@type\":\"ReadAction\",\"target\":[\"https:\/\/www.professional-haircare.it\/pl\/products\/treatments-pl\/hairgenie-pl\/hairgenie-silky-liss-pl\/hairgenie-silky-liss-maska-do-wlosow-prostych-2\/\"]}]},{\"@type\":\"ImageObject\",\"inLanguage\":\"pl-PL\",\"@id\":\"https:\/\/www.professional-haircare.it\/pl\/products\/treatments-pl\/hairgenie-pl\/hairgenie-silky-liss-pl\/hairgenie-silky-liss-maska-do-wlosow-prostych-2\/#primaryimage\",\"url\":\"https:\/\/www.professional-haircare.it\/wp-content\/uploads\/2021\/02\/12070_professional_hairgenie_silky_liss_mask_250ml.png\",\"contentUrl\":\"https:\/\/www.professional-haircare.it\/wp-content\/uploads\/2021\/02\/12070_professional_hairgenie_silky_liss_mask_250ml.png\",\"width\":600,\"height\":600},{\"@type\":\"BreadcrumbList\",\"@id\":\"https:\/\/www.professional-haircare.it\/pl\/products\/treatments-pl\/hairgenie-pl\/hairgenie-silky-liss-pl\/hairgenie-silky-liss-maska-do-wlosow-prostych-2\/#breadcrumb\",\"itemListElement\":[{\"@type\":\"ListItem\",\"position\":1,\"name\":\"Home\",\"item\":\"https:\/\/professional-haircare.it\/pl\/\"},{\"@type\":\"ListItem\",\"position\":2,\"name\":\"Sklep\",\"item\":\"https:\/\/professional-haircare.it\/pl\/sklep\/\"},{\"@type\":\"ListItem\",\"position\":3,\"name\":\"Hairgenie Silky Liss | Maska do w\u0142os\u00f3w prostych\"}]},{\"@type\":\"WebSite\",\"@id\":\"https:\/\/professional-haircare.it\/#website\",\"url\":\"https:\/\/professional-haircare.it\/\",\"name\":\"Professional Hair Care\",\"description\":\"Hair Quality Solutions\",\"potentialAction\":[{\"@type\":\"SearchAction\",\"target\":{\"@type\":\"EntryPoint\",\"urlTemplate\":\"https:\/\/professional-haircare.it\/?s={search_term_string}\"},\"query-input\":{\"@type\":\"PropertyValueSpecification\",\"valueRequired\":true,\"valueName\":\"search_term_string\"}}],\"inLanguage\":\"pl-PL\"}]}<\/script>\n<!-- \/ Yoast SEO plugin. -->","yoast_head_json":{"title":"Hairgenie Silky Liss | Maska do w\u0142os\u00f3w prostych","description":"Lekka i kremowa maska Hairgenie Silky Liss Mask o dzia\u0142aniu wyg\u0142adzaj\u0105cym zapewnia kontrol\u0119 nad puszeniem si\u0119 w\u0142os\u00f3w.","robots":{"index":"index","follow":"follow","max-snippet":"max-snippet:-1","max-image-preview":"max-image-preview:large","max-video-preview":"max-video-preview:-1"},"canonical":"https:\/\/www.professional-haircare.it\/pl\/products\/treatments-pl\/hairgenie-pl\/hairgenie-silky-liss-pl\/hairgenie-silky-liss-maska-do-wlosow-prostych-2\/","og_locale":"pl_PL","og_type":"article","og_title":"Hairgenie Silky Liss | Maska do w\u0142os\u00f3w prostych","og_description":"Lekka i kremowa maska Hairgenie Silky Liss Mask o dzia\u0142aniu wyg\u0142adzaj\u0105cym zapewnia kontrol\u0119 nad puszeniem si\u0119 w\u0142os\u00f3w.","og_url":"https:\/\/www.professional-haircare.it\/pl\/products\/treatments-pl\/hairgenie-pl\/hairgenie-silky-liss-pl\/hairgenie-silky-liss-maska-do-wlosow-prostych-2\/","og_site_name":"Professional Hair Care","article_modified_time":"2022-02-03T11:12:41+00:00","og_image":[{"width":600,"height":600,"url":"https:\/\/professional-haircare.it\/wp-content\/uploads\/2021\/02\/12070_professional_hairgenie_silky_liss_mask_250ml.png","type":"image\/png"}],"twitter_card":"summary_large_image","schema":{"@context":"https:\/\/schema.org","@graph":[{"@type":"WebPage","@id":"https:\/\/www.professional-haircare.it\/pl\/products\/treatments-pl\/hairgenie-pl\/hairgenie-silky-liss-pl\/hairgenie-silky-liss-maska-do-wlosow-prostych-2\/","url":"https:\/\/www.professional-haircare.it\/pl\/products\/treatments-pl\/hairgenie-pl\/hairgenie-silky-liss-pl\/hairgenie-silky-liss-maska-do-wlosow-prostych-2\/","name":"Hairgenie Silky Liss | Maska do w\u0142os\u00f3w prostych","isPartOf":{"@id":"https:\/\/professional-haircare.it\/#website"},"primaryImageOfPage":{"@id":"https:\/\/www.professional-haircare.it\/pl\/products\/treatments-pl\/hairgenie-pl\/hairgenie-silky-liss-pl\/hairgenie-silky-liss-maska-do-wlosow-prostych-2\/#primaryimage"},"image":{"@id":"https:\/\/www.professional-haircare.it\/pl\/products\/treatments-pl\/hairgenie-pl\/hairgenie-silky-liss-pl\/hairgenie-silky-liss-maska-do-wlosow-prostych-2\/#primaryimage"},"thumbnailUrl":"https:\/\/www.professional-haircare.it\/wp-content\/uploads\/2021\/02\/12070_professional_hairgenie_silky_liss_mask_250ml.png","datePublished":"2021-02-11T08:52:16+00:00","dateModified":"2022-02-03T11:12:41+00:00","description":"Lekka i kremowa maska Hairgenie Silky Liss Mask o dzia\u0142aniu wyg\u0142adzaj\u0105cym zapewnia kontrol\u0119 nad puszeniem si\u0119 w\u0142os\u00f3w.","breadcrumb":{"@id":"https:\/\/www.professional-haircare.it\/pl\/products\/treatments-pl\/hairgenie-pl\/hairgenie-silky-liss-pl\/hairgenie-silky-liss-maska-do-wlosow-prostych-2\/#breadcrumb"},"inLanguage":"pl-PL","potentialAction":[{"@type":"ReadAction","target":["https:\/\/www.professional-haircare.it\/pl\/products\/treatments-pl\/hairgenie-pl\/hairgenie-silky-liss-pl\/hairgenie-silky-liss-maska-do-wlosow-prostych-2\/"]}]},{"@type":"ImageObject","inLanguage":"pl-PL","@id":"https:\/\/www.professional-haircare.it\/pl\/products\/treatments-pl\/hairgenie-pl\/hairgenie-silky-liss-pl\/hairgenie-silky-liss-maska-do-wlosow-prostych-2\/#primaryimage","url":"https:\/\/www.professional-haircare.it\/wp-content\/uploads\/2021\/02\/12070_professional_hairgenie_silky_liss_mask_250ml.png","contentUrl":"https:\/\/www.professional-haircare.it\/wp-content\/uploads\/2021\/02\/12070_professional_hairgenie_silky_liss_mask_250ml.png","width":600,"height":600},{"@type":"BreadcrumbList","@id":"https:\/\/www.professional-haircare.it\/pl\/products\/treatments-pl\/hairgenie-pl\/hairgenie-silky-liss-pl\/hairgenie-silky-liss-maska-do-wlosow-prostych-2\/#breadcrumb","itemListElement":[{"@type":"ListItem","position":1,"name":"Home","item":"https:\/\/professional-haircare.it\/pl\/"},{"@type":"ListItem","position":2,"name":"Sklep","item":"https:\/\/professional-haircare.it\/pl\/sklep\/"},{"@type":"ListItem","position":3,"name":"Hairgenie Silky Liss | Maska do w\u0142os\u00f3w prostych"}]},{"@type":"WebSite","@id":"https:\/\/professional-haircare.it\/#website","url":"https:\/\/professional-haircare.it\/","name":"Professional Hair Care","description":"Hair Quality Solutions","potentialAction":[{"@type":"SearchAction","target":{"@type":"EntryPoint","urlTemplate":"https:\/\/professional-haircare.it\/?s={search_term_string}"},"query-input":{"@type":"PropertyValueSpecification","valueRequired":true,"valueName":"search_term_string"}}],"inLanguage":"pl-PL"}]}},"_links":{"self":[{"href":"https:\/\/www.professional-haircare.it\/pl\/wp-json\/wp\/v2\/product\/2577","targetHints":{"allow":["GET"]}}],"collection":[{"href":"https:\/\/www.professional-haircare.it\/pl\/wp-json\/wp\/v2\/product"}],"about":[{"href":"https:\/\/www.professional-haircare.it\/pl\/wp-json\/wp\/v2\/types\/product"}],"replies":[{"embeddable":true,"href":"https:\/\/www.professional-haircare.it\/pl\/wp-json\/wp\/v2\/comments?post=2577"}],"wp:featuredmedia":[{"embeddable":true,"href":"https:\/\/www.professional-haircare.it\/pl\/wp-json\/wp\/v2\/media\/2194"}],"wp:attachment":[{"href":"https:\/\/www.professional-haircare.it\/pl\/wp-json\/wp\/v2\/media?parent=2577"}],"wp:term":[{"taxonomy":"product_brand","embeddable":true,"href":"https:\/\/www.professional-haircare.it\/pl\/wp-json\/wp\/v2\/product_brand?post=2577"},{"taxonomy":"product_cat","embeddable":true,"href":"https:\/\/www.professional-haircare.it\/pl\/wp-json\/wp\/v2\/product_cat?post=2577"},{"taxonomy":"product_tag","embeddable":true,"href":"https:\/\/www.professional-haircare.it\/pl\/wp-json\/wp\/v2\/product_tag?post=2577"}],"curies":[{"name":"wp","href":"https:\/\/api.w.org\/{rel}","templated":true}]}}