{"id":2572,"date":"2021-02-11T10:01:01","date_gmt":"2021-02-11T09:01:01","guid":{"rendered":"https:\/\/www.professional-haircare.it\/products\/bez-kategorii\/hairgenie-perfect-curl-maska-do-wlosow-kreconych-2\/"},"modified":"2022-02-03T11:56:25","modified_gmt":"2022-02-03T10:56:25","slug":"hairgenie-perfect-curl-maska-do-wlosow-kreconych-2","status":"publish","type":"product","link":"https:\/\/www.professional-haircare.it\/pl\/products\/treatments-pl\/hairgenie-pl\/hairgenie-perfect-curl-pl\/hairgenie-perfect-curl-maska-do-wlosow-kreconych-2\/","title":{"rendered":"Hairgenie Perfect Curl | Maska do w\u0142os\u00f3w kr\u0119conych"},"content":{"rendered":"","protected":false},"excerpt":{"rendered":"<p><b>Hairgenie Perfect Curl, maska do w\u0142os\u00f3w kr\u0119conych<\/b><span style=\"font-weight: 400;\"> podkre\u015blaj\u0105ca skr\u0119t w naturalny spos\u00f3b. <\/span><b>Dyscyplinuje<\/b><span style=\"font-weight: 400;\"> niesforne kosmyki i zwalcza <\/span><b>irytuj\u0105ce puszenie si\u0119 w\u0142os\u00f3w,<\/b><span style=\"font-weight: 400;\"> wynikaj\u0105ce z niedoboru od\u017cywienia i nawil\u017cenia.\u00a0 Wzbogacona o <\/span><b>wyci\u0105g z imbiru<\/b><span style=\"font-weight: 400;\">.<\/span><\/p>\n<p><span style=\"font-weight: 400;\">Pojemno\u015b\u0107 250 ml<\/span><\/p>\n","protected":false},"featured_media":2190,"comment_status":"closed","ping_status":"closed","template":"","meta":[],"product_brand":[],"product_cat":[298,301,294],"product_tag":[],"class_list":{"0":"post-2572","1":"product","2":"type-product","3":"status-publish","4":"has-post-thumbnail","6":"product_cat-hairgenie-pl","7":"product_cat-hairgenie-perfect-curl-pl","8":"product_cat-treatments-pl","10":"first","11":"instock","12":"shipping-taxable","13":"product-type-simple"},"yoast_head":"<!-- This site is optimized with the Yoast SEO plugin v26.8 - https:\/\/yoast.com\/product\/yoast-seo-wordpress\/ -->\n<title>Hairgenie Perfect Curl | Maska do w\u0142os\u00f3w kr\u0119conych<\/title>\n<meta name=\"description\" content=\"Hairgenie Perfect Curl, maska do w\u0142os\u00f3w kr\u0119conych podkre\u015blaj\u0105ca skr\u0119t w naturalny spos\u00f3b.\" \/>\n<meta name=\"robots\" content=\"index, follow, max-snippet:-1, max-image-preview:large, max-video-preview:-1\" \/>\n<link rel=\"canonical\" href=\"https:\/\/www.professional-haircare.it\/pl\/products\/treatments-pl\/hairgenie-pl\/hairgenie-perfect-curl-pl\/hairgenie-perfect-curl-maska-do-wlosow-kreconych-2\/\" \/>\n<meta property=\"og:locale\" content=\"pl_PL\" \/>\n<meta property=\"og:type\" content=\"article\" \/>\n<meta property=\"og:title\" content=\"Hairgenie Perfect Curl | Maska do w\u0142os\u00f3w kr\u0119conych\" \/>\n<meta property=\"og:description\" content=\"Hairgenie Perfect Curl, maska do w\u0142os\u00f3w kr\u0119conych podkre\u015blaj\u0105ca skr\u0119t w naturalny spos\u00f3b.\" \/>\n<meta property=\"og:url\" content=\"https:\/\/www.professional-haircare.it\/pl\/products\/treatments-pl\/hairgenie-pl\/hairgenie-perfect-curl-pl\/hairgenie-perfect-curl-maska-do-wlosow-kreconych-2\/\" \/>\n<meta property=\"og:site_name\" content=\"Professional Hair Care\" \/>\n<meta property=\"article:modified_time\" content=\"2022-02-03T10:56:25+00:00\" \/>\n<meta property=\"og:image\" content=\"https:\/\/professional-haircare.it\/wp-content\/uploads\/2021\/02\/12075_professional_hairgenie_perfect_curl_mask_250ml.png\" \/>\n\t<meta property=\"og:image:width\" content=\"600\" \/>\n\t<meta property=\"og:image:height\" content=\"600\" \/>\n\t<meta property=\"og:image:type\" content=\"image\/png\" \/>\n<meta name=\"twitter:card\" content=\"summary_large_image\" \/>\n<script type=\"application\/ld+json\" class=\"yoast-schema-graph\">{\"@context\":\"https:\/\/schema.org\",\"@graph\":[{\"@type\":\"WebPage\",\"@id\":\"https:\/\/www.professional-haircare.it\/pl\/products\/treatments-pl\/hairgenie-pl\/hairgenie-perfect-curl-pl\/hairgenie-perfect-curl-maska-do-wlosow-kreconych-2\/\",\"url\":\"https:\/\/www.professional-haircare.it\/pl\/products\/treatments-pl\/hairgenie-pl\/hairgenie-perfect-curl-pl\/hairgenie-perfect-curl-maska-do-wlosow-kreconych-2\/\",\"name\":\"Hairgenie Perfect Curl | Maska do w\u0142os\u00f3w kr\u0119conych\",\"isPartOf\":{\"@id\":\"https:\/\/professional-haircare.it\/#website\"},\"primaryImageOfPage\":{\"@id\":\"https:\/\/www.professional-haircare.it\/pl\/products\/treatments-pl\/hairgenie-pl\/hairgenie-perfect-curl-pl\/hairgenie-perfect-curl-maska-do-wlosow-kreconych-2\/#primaryimage\"},\"image\":{\"@id\":\"https:\/\/www.professional-haircare.it\/pl\/products\/treatments-pl\/hairgenie-pl\/hairgenie-perfect-curl-pl\/hairgenie-perfect-curl-maska-do-wlosow-kreconych-2\/#primaryimage\"},\"thumbnailUrl\":\"https:\/\/www.professional-haircare.it\/wp-content\/uploads\/2021\/02\/12075_professional_hairgenie_perfect_curl_mask_250ml.png\",\"datePublished\":\"2021-02-11T09:01:01+00:00\",\"dateModified\":\"2022-02-03T10:56:25+00:00\",\"description\":\"Hairgenie Perfect Curl, maska do w\u0142os\u00f3w kr\u0119conych podkre\u015blaj\u0105ca skr\u0119t w naturalny spos\u00f3b.\",\"breadcrumb\":{\"@id\":\"https:\/\/www.professional-haircare.it\/pl\/products\/treatments-pl\/hairgenie-pl\/hairgenie-perfect-curl-pl\/hairgenie-perfect-curl-maska-do-wlosow-kreconych-2\/#breadcrumb\"},\"inLanguage\":\"pl-PL\",\"potentialAction\":[{\"@type\":\"ReadAction\",\"target\":[\"https:\/\/www.professional-haircare.it\/pl\/products\/treatments-pl\/hairgenie-pl\/hairgenie-perfect-curl-pl\/hairgenie-perfect-curl-maska-do-wlosow-kreconych-2\/\"]}]},{\"@type\":\"ImageObject\",\"inLanguage\":\"pl-PL\",\"@id\":\"https:\/\/www.professional-haircare.it\/pl\/products\/treatments-pl\/hairgenie-pl\/hairgenie-perfect-curl-pl\/hairgenie-perfect-curl-maska-do-wlosow-kreconych-2\/#primaryimage\",\"url\":\"https:\/\/www.professional-haircare.it\/wp-content\/uploads\/2021\/02\/12075_professional_hairgenie_perfect_curl_mask_250ml.png\",\"contentUrl\":\"https:\/\/www.professional-haircare.it\/wp-content\/uploads\/2021\/02\/12075_professional_hairgenie_perfect_curl_mask_250ml.png\",\"width\":600,\"height\":600},{\"@type\":\"BreadcrumbList\",\"@id\":\"https:\/\/www.professional-haircare.it\/pl\/products\/treatments-pl\/hairgenie-pl\/hairgenie-perfect-curl-pl\/hairgenie-perfect-curl-maska-do-wlosow-kreconych-2\/#breadcrumb\",\"itemListElement\":[{\"@type\":\"ListItem\",\"position\":1,\"name\":\"Home\",\"item\":\"https:\/\/professional-haircare.it\/pl\/\"},{\"@type\":\"ListItem\",\"position\":2,\"name\":\"Sklep\",\"item\":\"https:\/\/professional-haircare.it\/pl\/sklep\/\"},{\"@type\":\"ListItem\",\"position\":3,\"name\":\"Hairgenie Perfect Curl | Maska do w\u0142os\u00f3w kr\u0119conych\"}]},{\"@type\":\"WebSite\",\"@id\":\"https:\/\/professional-haircare.it\/#website\",\"url\":\"https:\/\/professional-haircare.it\/\",\"name\":\"Professional Hair Care\",\"description\":\"Hair Quality Solutions\",\"potentialAction\":[{\"@type\":\"SearchAction\",\"target\":{\"@type\":\"EntryPoint\",\"urlTemplate\":\"https:\/\/professional-haircare.it\/?s={search_term_string}\"},\"query-input\":{\"@type\":\"PropertyValueSpecification\",\"valueRequired\":true,\"valueName\":\"search_term_string\"}}],\"inLanguage\":\"pl-PL\"}]}<\/script>\n<!-- \/ Yoast SEO plugin. -->","yoast_head_json":{"title":"Hairgenie Perfect Curl | Maska do w\u0142os\u00f3w kr\u0119conych","description":"Hairgenie Perfect Curl, maska do w\u0142os\u00f3w kr\u0119conych podkre\u015blaj\u0105ca skr\u0119t w naturalny spos\u00f3b.","robots":{"index":"index","follow":"follow","max-snippet":"max-snippet:-1","max-image-preview":"max-image-preview:large","max-video-preview":"max-video-preview:-1"},"canonical":"https:\/\/www.professional-haircare.it\/pl\/products\/treatments-pl\/hairgenie-pl\/hairgenie-perfect-curl-pl\/hairgenie-perfect-curl-maska-do-wlosow-kreconych-2\/","og_locale":"pl_PL","og_type":"article","og_title":"Hairgenie Perfect Curl | Maska do w\u0142os\u00f3w kr\u0119conych","og_description":"Hairgenie Perfect Curl, maska do w\u0142os\u00f3w kr\u0119conych podkre\u015blaj\u0105ca skr\u0119t w naturalny spos\u00f3b.","og_url":"https:\/\/www.professional-haircare.it\/pl\/products\/treatments-pl\/hairgenie-pl\/hairgenie-perfect-curl-pl\/hairgenie-perfect-curl-maska-do-wlosow-kreconych-2\/","og_site_name":"Professional Hair Care","article_modified_time":"2022-02-03T10:56:25+00:00","og_image":[{"width":600,"height":600,"url":"https:\/\/professional-haircare.it\/wp-content\/uploads\/2021\/02\/12075_professional_hairgenie_perfect_curl_mask_250ml.png","type":"image\/png"}],"twitter_card":"summary_large_image","schema":{"@context":"https:\/\/schema.org","@graph":[{"@type":"WebPage","@id":"https:\/\/www.professional-haircare.it\/pl\/products\/treatments-pl\/hairgenie-pl\/hairgenie-perfect-curl-pl\/hairgenie-perfect-curl-maska-do-wlosow-kreconych-2\/","url":"https:\/\/www.professional-haircare.it\/pl\/products\/treatments-pl\/hairgenie-pl\/hairgenie-perfect-curl-pl\/hairgenie-perfect-curl-maska-do-wlosow-kreconych-2\/","name":"Hairgenie Perfect Curl | Maska do w\u0142os\u00f3w kr\u0119conych","isPartOf":{"@id":"https:\/\/professional-haircare.it\/#website"},"primaryImageOfPage":{"@id":"https:\/\/www.professional-haircare.it\/pl\/products\/treatments-pl\/hairgenie-pl\/hairgenie-perfect-curl-pl\/hairgenie-perfect-curl-maska-do-wlosow-kreconych-2\/#primaryimage"},"image":{"@id":"https:\/\/www.professional-haircare.it\/pl\/products\/treatments-pl\/hairgenie-pl\/hairgenie-perfect-curl-pl\/hairgenie-perfect-curl-maska-do-wlosow-kreconych-2\/#primaryimage"},"thumbnailUrl":"https:\/\/www.professional-haircare.it\/wp-content\/uploads\/2021\/02\/12075_professional_hairgenie_perfect_curl_mask_250ml.png","datePublished":"2021-02-11T09:01:01+00:00","dateModified":"2022-02-03T10:56:25+00:00","description":"Hairgenie Perfect Curl, maska do w\u0142os\u00f3w kr\u0119conych podkre\u015blaj\u0105ca skr\u0119t w naturalny spos\u00f3b.","breadcrumb":{"@id":"https:\/\/www.professional-haircare.it\/pl\/products\/treatments-pl\/hairgenie-pl\/hairgenie-perfect-curl-pl\/hairgenie-perfect-curl-maska-do-wlosow-kreconych-2\/#breadcrumb"},"inLanguage":"pl-PL","potentialAction":[{"@type":"ReadAction","target":["https:\/\/www.professional-haircare.it\/pl\/products\/treatments-pl\/hairgenie-pl\/hairgenie-perfect-curl-pl\/hairgenie-perfect-curl-maska-do-wlosow-kreconych-2\/"]}]},{"@type":"ImageObject","inLanguage":"pl-PL","@id":"https:\/\/www.professional-haircare.it\/pl\/products\/treatments-pl\/hairgenie-pl\/hairgenie-perfect-curl-pl\/hairgenie-perfect-curl-maska-do-wlosow-kreconych-2\/#primaryimage","url":"https:\/\/www.professional-haircare.it\/wp-content\/uploads\/2021\/02\/12075_professional_hairgenie_perfect_curl_mask_250ml.png","contentUrl":"https:\/\/www.professional-haircare.it\/wp-content\/uploads\/2021\/02\/12075_professional_hairgenie_perfect_curl_mask_250ml.png","width":600,"height":600},{"@type":"BreadcrumbList","@id":"https:\/\/www.professional-haircare.it\/pl\/products\/treatments-pl\/hairgenie-pl\/hairgenie-perfect-curl-pl\/hairgenie-perfect-curl-maska-do-wlosow-kreconych-2\/#breadcrumb","itemListElement":[{"@type":"ListItem","position":1,"name":"Home","item":"https:\/\/professional-haircare.it\/pl\/"},{"@type":"ListItem","position":2,"name":"Sklep","item":"https:\/\/professional-haircare.it\/pl\/sklep\/"},{"@type":"ListItem","position":3,"name":"Hairgenie Perfect Curl | Maska do w\u0142os\u00f3w kr\u0119conych"}]},{"@type":"WebSite","@id":"https:\/\/professional-haircare.it\/#website","url":"https:\/\/professional-haircare.it\/","name":"Professional Hair Care","description":"Hair Quality Solutions","potentialAction":[{"@type":"SearchAction","target":{"@type":"EntryPoint","urlTemplate":"https:\/\/professional-haircare.it\/?s={search_term_string}"},"query-input":{"@type":"PropertyValueSpecification","valueRequired":true,"valueName":"search_term_string"}}],"inLanguage":"pl-PL"}]}},"_links":{"self":[{"href":"https:\/\/www.professional-haircare.it\/pl\/wp-json\/wp\/v2\/product\/2572","targetHints":{"allow":["GET"]}}],"collection":[{"href":"https:\/\/www.professional-haircare.it\/pl\/wp-json\/wp\/v2\/product"}],"about":[{"href":"https:\/\/www.professional-haircare.it\/pl\/wp-json\/wp\/v2\/types\/product"}],"replies":[{"embeddable":true,"href":"https:\/\/www.professional-haircare.it\/pl\/wp-json\/wp\/v2\/comments?post=2572"}],"wp:featuredmedia":[{"embeddable":true,"href":"https:\/\/www.professional-haircare.it\/pl\/wp-json\/wp\/v2\/media\/2190"}],"wp:attachment":[{"href":"https:\/\/www.professional-haircare.it\/pl\/wp-json\/wp\/v2\/media?parent=2572"}],"wp:term":[{"taxonomy":"product_brand","embeddable":true,"href":"https:\/\/www.professional-haircare.it\/pl\/wp-json\/wp\/v2\/product_brand?post=2572"},{"taxonomy":"product_cat","embeddable":true,"href":"https:\/\/www.professional-haircare.it\/pl\/wp-json\/wp\/v2\/product_cat?post=2572"},{"taxonomy":"product_tag","embeddable":true,"href":"https:\/\/www.professional-haircare.it\/pl\/wp-json\/wp\/v2\/product_tag?post=2572"}],"curies":[{"name":"wp","href":"https:\/\/api.w.org\/{rel}","templated":true}]}}