{"id":2568,"date":"2021-02-15T09:32:02","date_gmt":"2021-02-15T08:32:02","guid":{"rendered":"https:\/\/www.professional-haircare.it\/products\/bez-kategorii\/hairgenie-perfect-curl-szampon-do-wlosow-kreconych\/"},"modified":"2022-02-03T11:47:46","modified_gmt":"2022-02-03T10:47:46","slug":"hairgenie-perfect-curl-szampon-do-wlosow-kreconych","status":"publish","type":"product","link":"https:\/\/www.professional-haircare.it\/pl\/products\/treatments-pl\/hairgenie-pl\/hairgenie-perfect-curl-pl\/hairgenie-perfect-curl-szampon-do-wlosow-kreconych\/","title":{"rendered":"Hairgenie Perfect Curl | Szampon do w\u0142os\u00f3w kr\u0119conych"},"content":{"rendered":"","protected":false},"excerpt":{"rendered":"<p><b>Szampon\u00a0 Hairgenie Perfect Curl <\/b><span style=\"font-weight: 400;\">\u00a0delikatnie oczyszcza<\/span><b> i dyscyplinuje naturalne i trwa\u0142e w\u0142osy kr\u0119cone i falowane<\/b><span style=\"font-weight: 400;\">. Zwalcza puszenie si\u0119 w\u0142os\u00f3w, przywracaj\u0105c im <\/span><b>nawil\u017cenie, od\u017cywienie i blask<\/b><span style=\"font-weight: 400;\">. Wzbogacony o <\/span><b>wyci\u0105g z imbiru<\/b><span style=\"font-weight: 400;\">.<\/span><\/p>\n<p><span style=\"font-weight: 400;\">Flakon o pojemno\u015bci 1000 ml<\/span><\/p>\n","protected":false},"featured_media":2187,"comment_status":"closed","ping_status":"closed","template":"","meta":[],"product_brand":[],"product_cat":[298,301,294],"product_tag":[],"class_list":{"0":"post-2568","1":"product","2":"type-product","3":"status-publish","4":"has-post-thumbnail","6":"product_cat-hairgenie-pl","7":"product_cat-hairgenie-perfect-curl-pl","8":"product_cat-treatments-pl","10":"first","11":"instock","12":"shipping-taxable","13":"product-type-simple"},"yoast_head":"<!-- This site is optimized with the Yoast SEO plugin v26.8 - https:\/\/yoast.com\/product\/yoast-seo-wordpress\/ -->\n<title>Hairgenie Perfect Curl | Szampon do w\u0142os\u00f3w kr\u0119conych<\/title>\n<meta name=\"description\" content=\"Szampon\u00a0 Hairgenie Perfect Curl \u00a0delikatnie oczyszcza i dyscyplinuje naturalne i trwa\u0142e w\u0142osy kr\u0119cone i falowane.\" \/>\n<meta name=\"robots\" content=\"index, follow, max-snippet:-1, max-image-preview:large, max-video-preview:-1\" \/>\n<link rel=\"canonical\" href=\"https:\/\/www.professional-haircare.it\/pl\/products\/treatments-pl\/hairgenie-pl\/hairgenie-perfect-curl-pl\/hairgenie-perfect-curl-szampon-do-wlosow-kreconych\/\" \/>\n<meta property=\"og:locale\" content=\"pl_PL\" \/>\n<meta property=\"og:type\" content=\"article\" \/>\n<meta property=\"og:title\" content=\"Hairgenie Perfect Curl | Szampon do w\u0142os\u00f3w kr\u0119conych\" \/>\n<meta property=\"og:description\" content=\"Szampon\u00a0 Hairgenie Perfect Curl \u00a0delikatnie oczyszcza i dyscyplinuje naturalne i trwa\u0142e w\u0142osy kr\u0119cone i falowane.\" \/>\n<meta property=\"og:url\" content=\"https:\/\/www.professional-haircare.it\/pl\/products\/treatments-pl\/hairgenie-pl\/hairgenie-perfect-curl-pl\/hairgenie-perfect-curl-szampon-do-wlosow-kreconych\/\" \/>\n<meta property=\"og:site_name\" content=\"Professional Hair Care\" \/>\n<meta property=\"article:modified_time\" content=\"2022-02-03T10:47:46+00:00\" \/>\n<meta property=\"og:image\" content=\"https:\/\/professional-haircare.it\/wp-content\/uploads\/2021\/02\/12072_professional_hairgenie_perfect_curl_shampoo_1000ml.png\" \/>\n\t<meta property=\"og:image:width\" content=\"600\" \/>\n\t<meta property=\"og:image:height\" content=\"600\" \/>\n\t<meta property=\"og:image:type\" content=\"image\/png\" \/>\n<meta name=\"twitter:card\" content=\"summary_large_image\" \/>\n<script type=\"application\/ld+json\" class=\"yoast-schema-graph\">{\"@context\":\"https:\/\/schema.org\",\"@graph\":[{\"@type\":\"WebPage\",\"@id\":\"https:\/\/www.professional-haircare.it\/pl\/products\/treatments-pl\/hairgenie-pl\/hairgenie-perfect-curl-pl\/hairgenie-perfect-curl-szampon-do-wlosow-kreconych\/\",\"url\":\"https:\/\/www.professional-haircare.it\/pl\/products\/treatments-pl\/hairgenie-pl\/hairgenie-perfect-curl-pl\/hairgenie-perfect-curl-szampon-do-wlosow-kreconych\/\",\"name\":\"Hairgenie Perfect Curl | Szampon do w\u0142os\u00f3w kr\u0119conych\",\"isPartOf\":{\"@id\":\"https:\/\/professional-haircare.it\/#website\"},\"primaryImageOfPage\":{\"@id\":\"https:\/\/www.professional-haircare.it\/pl\/products\/treatments-pl\/hairgenie-pl\/hairgenie-perfect-curl-pl\/hairgenie-perfect-curl-szampon-do-wlosow-kreconych\/#primaryimage\"},\"image\":{\"@id\":\"https:\/\/www.professional-haircare.it\/pl\/products\/treatments-pl\/hairgenie-pl\/hairgenie-perfect-curl-pl\/hairgenie-perfect-curl-szampon-do-wlosow-kreconych\/#primaryimage\"},\"thumbnailUrl\":\"https:\/\/www.professional-haircare.it\/wp-content\/uploads\/2021\/02\/12072_professional_hairgenie_perfect_curl_shampoo_1000ml.png\",\"datePublished\":\"2021-02-15T08:32:02+00:00\",\"dateModified\":\"2022-02-03T10:47:46+00:00\",\"description\":\"Szampon\u00a0 Hairgenie Perfect Curl \u00a0delikatnie oczyszcza i dyscyplinuje naturalne i trwa\u0142e w\u0142osy kr\u0119cone i falowane.\",\"breadcrumb\":{\"@id\":\"https:\/\/www.professional-haircare.it\/pl\/products\/treatments-pl\/hairgenie-pl\/hairgenie-perfect-curl-pl\/hairgenie-perfect-curl-szampon-do-wlosow-kreconych\/#breadcrumb\"},\"inLanguage\":\"pl-PL\",\"potentialAction\":[{\"@type\":\"ReadAction\",\"target\":[\"https:\/\/www.professional-haircare.it\/pl\/products\/treatments-pl\/hairgenie-pl\/hairgenie-perfect-curl-pl\/hairgenie-perfect-curl-szampon-do-wlosow-kreconych\/\"]}]},{\"@type\":\"ImageObject\",\"inLanguage\":\"pl-PL\",\"@id\":\"https:\/\/www.professional-haircare.it\/pl\/products\/treatments-pl\/hairgenie-pl\/hairgenie-perfect-curl-pl\/hairgenie-perfect-curl-szampon-do-wlosow-kreconych\/#primaryimage\",\"url\":\"https:\/\/www.professional-haircare.it\/wp-content\/uploads\/2021\/02\/12072_professional_hairgenie_perfect_curl_shampoo_1000ml.png\",\"contentUrl\":\"https:\/\/www.professional-haircare.it\/wp-content\/uploads\/2021\/02\/12072_professional_hairgenie_perfect_curl_shampoo_1000ml.png\",\"width\":600,\"height\":600},{\"@type\":\"BreadcrumbList\",\"@id\":\"https:\/\/www.professional-haircare.it\/pl\/products\/treatments-pl\/hairgenie-pl\/hairgenie-perfect-curl-pl\/hairgenie-perfect-curl-szampon-do-wlosow-kreconych\/#breadcrumb\",\"itemListElement\":[{\"@type\":\"ListItem\",\"position\":1,\"name\":\"Home\",\"item\":\"https:\/\/professional-haircare.it\/pl\/\"},{\"@type\":\"ListItem\",\"position\":2,\"name\":\"Sklep\",\"item\":\"https:\/\/professional-haircare.it\/pl\/sklep\/\"},{\"@type\":\"ListItem\",\"position\":3,\"name\":\"Hairgenie Perfect Curl | Szampon do w\u0142os\u00f3w kr\u0119conych\"}]},{\"@type\":\"WebSite\",\"@id\":\"https:\/\/professional-haircare.it\/#website\",\"url\":\"https:\/\/professional-haircare.it\/\",\"name\":\"Professional Hair Care\",\"description\":\"Hair Quality Solutions\",\"potentialAction\":[{\"@type\":\"SearchAction\",\"target\":{\"@type\":\"EntryPoint\",\"urlTemplate\":\"https:\/\/professional-haircare.it\/?s={search_term_string}\"},\"query-input\":{\"@type\":\"PropertyValueSpecification\",\"valueRequired\":true,\"valueName\":\"search_term_string\"}}],\"inLanguage\":\"pl-PL\"}]}<\/script>\n<!-- \/ Yoast SEO plugin. -->","yoast_head_json":{"title":"Hairgenie Perfect Curl | Szampon do w\u0142os\u00f3w kr\u0119conych","description":"Szampon\u00a0 Hairgenie Perfect Curl \u00a0delikatnie oczyszcza i dyscyplinuje naturalne i trwa\u0142e w\u0142osy kr\u0119cone i falowane.","robots":{"index":"index","follow":"follow","max-snippet":"max-snippet:-1","max-image-preview":"max-image-preview:large","max-video-preview":"max-video-preview:-1"},"canonical":"https:\/\/www.professional-haircare.it\/pl\/products\/treatments-pl\/hairgenie-pl\/hairgenie-perfect-curl-pl\/hairgenie-perfect-curl-szampon-do-wlosow-kreconych\/","og_locale":"pl_PL","og_type":"article","og_title":"Hairgenie Perfect Curl | Szampon do w\u0142os\u00f3w kr\u0119conych","og_description":"Szampon\u00a0 Hairgenie Perfect Curl \u00a0delikatnie oczyszcza i dyscyplinuje naturalne i trwa\u0142e w\u0142osy kr\u0119cone i falowane.","og_url":"https:\/\/www.professional-haircare.it\/pl\/products\/treatments-pl\/hairgenie-pl\/hairgenie-perfect-curl-pl\/hairgenie-perfect-curl-szampon-do-wlosow-kreconych\/","og_site_name":"Professional Hair Care","article_modified_time":"2022-02-03T10:47:46+00:00","og_image":[{"width":600,"height":600,"url":"https:\/\/professional-haircare.it\/wp-content\/uploads\/2021\/02\/12072_professional_hairgenie_perfect_curl_shampoo_1000ml.png","type":"image\/png"}],"twitter_card":"summary_large_image","schema":{"@context":"https:\/\/schema.org","@graph":[{"@type":"WebPage","@id":"https:\/\/www.professional-haircare.it\/pl\/products\/treatments-pl\/hairgenie-pl\/hairgenie-perfect-curl-pl\/hairgenie-perfect-curl-szampon-do-wlosow-kreconych\/","url":"https:\/\/www.professional-haircare.it\/pl\/products\/treatments-pl\/hairgenie-pl\/hairgenie-perfect-curl-pl\/hairgenie-perfect-curl-szampon-do-wlosow-kreconych\/","name":"Hairgenie Perfect Curl | Szampon do w\u0142os\u00f3w kr\u0119conych","isPartOf":{"@id":"https:\/\/professional-haircare.it\/#website"},"primaryImageOfPage":{"@id":"https:\/\/www.professional-haircare.it\/pl\/products\/treatments-pl\/hairgenie-pl\/hairgenie-perfect-curl-pl\/hairgenie-perfect-curl-szampon-do-wlosow-kreconych\/#primaryimage"},"image":{"@id":"https:\/\/www.professional-haircare.it\/pl\/products\/treatments-pl\/hairgenie-pl\/hairgenie-perfect-curl-pl\/hairgenie-perfect-curl-szampon-do-wlosow-kreconych\/#primaryimage"},"thumbnailUrl":"https:\/\/www.professional-haircare.it\/wp-content\/uploads\/2021\/02\/12072_professional_hairgenie_perfect_curl_shampoo_1000ml.png","datePublished":"2021-02-15T08:32:02+00:00","dateModified":"2022-02-03T10:47:46+00:00","description":"Szampon\u00a0 Hairgenie Perfect Curl \u00a0delikatnie oczyszcza i dyscyplinuje naturalne i trwa\u0142e w\u0142osy kr\u0119cone i falowane.","breadcrumb":{"@id":"https:\/\/www.professional-haircare.it\/pl\/products\/treatments-pl\/hairgenie-pl\/hairgenie-perfect-curl-pl\/hairgenie-perfect-curl-szampon-do-wlosow-kreconych\/#breadcrumb"},"inLanguage":"pl-PL","potentialAction":[{"@type":"ReadAction","target":["https:\/\/www.professional-haircare.it\/pl\/products\/treatments-pl\/hairgenie-pl\/hairgenie-perfect-curl-pl\/hairgenie-perfect-curl-szampon-do-wlosow-kreconych\/"]}]},{"@type":"ImageObject","inLanguage":"pl-PL","@id":"https:\/\/www.professional-haircare.it\/pl\/products\/treatments-pl\/hairgenie-pl\/hairgenie-perfect-curl-pl\/hairgenie-perfect-curl-szampon-do-wlosow-kreconych\/#primaryimage","url":"https:\/\/www.professional-haircare.it\/wp-content\/uploads\/2021\/02\/12072_professional_hairgenie_perfect_curl_shampoo_1000ml.png","contentUrl":"https:\/\/www.professional-haircare.it\/wp-content\/uploads\/2021\/02\/12072_professional_hairgenie_perfect_curl_shampoo_1000ml.png","width":600,"height":600},{"@type":"BreadcrumbList","@id":"https:\/\/www.professional-haircare.it\/pl\/products\/treatments-pl\/hairgenie-pl\/hairgenie-perfect-curl-pl\/hairgenie-perfect-curl-szampon-do-wlosow-kreconych\/#breadcrumb","itemListElement":[{"@type":"ListItem","position":1,"name":"Home","item":"https:\/\/professional-haircare.it\/pl\/"},{"@type":"ListItem","position":2,"name":"Sklep","item":"https:\/\/professional-haircare.it\/pl\/sklep\/"},{"@type":"ListItem","position":3,"name":"Hairgenie Perfect Curl | Szampon do w\u0142os\u00f3w kr\u0119conych"}]},{"@type":"WebSite","@id":"https:\/\/professional-haircare.it\/#website","url":"https:\/\/professional-haircare.it\/","name":"Professional Hair Care","description":"Hair Quality Solutions","potentialAction":[{"@type":"SearchAction","target":{"@type":"EntryPoint","urlTemplate":"https:\/\/professional-haircare.it\/?s={search_term_string}"},"query-input":{"@type":"PropertyValueSpecification","valueRequired":true,"valueName":"search_term_string"}}],"inLanguage":"pl-PL"}]}},"_links":{"self":[{"href":"https:\/\/www.professional-haircare.it\/pl\/wp-json\/wp\/v2\/product\/2568","targetHints":{"allow":["GET"]}}],"collection":[{"href":"https:\/\/www.professional-haircare.it\/pl\/wp-json\/wp\/v2\/product"}],"about":[{"href":"https:\/\/www.professional-haircare.it\/pl\/wp-json\/wp\/v2\/types\/product"}],"replies":[{"embeddable":true,"href":"https:\/\/www.professional-haircare.it\/pl\/wp-json\/wp\/v2\/comments?post=2568"}],"wp:featuredmedia":[{"embeddable":true,"href":"https:\/\/www.professional-haircare.it\/pl\/wp-json\/wp\/v2\/media\/2187"}],"wp:attachment":[{"href":"https:\/\/www.professional-haircare.it\/pl\/wp-json\/wp\/v2\/media?parent=2568"}],"wp:term":[{"taxonomy":"product_brand","embeddable":true,"href":"https:\/\/www.professional-haircare.it\/pl\/wp-json\/wp\/v2\/product_brand?post=2568"},{"taxonomy":"product_cat","embeddable":true,"href":"https:\/\/www.professional-haircare.it\/pl\/wp-json\/wp\/v2\/product_cat?post=2568"},{"taxonomy":"product_tag","embeddable":true,"href":"https:\/\/www.professional-haircare.it\/pl\/wp-json\/wp\/v2\/product_tag?post=2568"}],"curies":[{"name":"wp","href":"https:\/\/api.w.org\/{rel}","templated":true}]}}