{"id":2557,"date":"2016-03-30T16:20:34","date_gmt":"2016-03-30T14:20:34","guid":{"rendered":"https:\/\/www.professional-haircare.it\/products\/bez-kategorii\/hairgenie-q10-intensywne-serum-odbudowujace\/"},"modified":"2022-02-01T12:52:41","modified_gmt":"2022-02-01T11:52:41","slug":"hairgenie-q10-intensywne-serum-odbudowujace","status":"publish","type":"product","link":"https:\/\/www.professional-haircare.it\/pl\/products\/treatments-pl\/hairgenie-pl\/hairgenie-q10-pl-2\/hairgenie-q10-intensywne-serum-odbudowujace\/","title":{"rendered":"Hairgenie Q10 | Intensywne serum odbudowuj\u0105ce"},"content":{"rendered":"","protected":false},"excerpt":{"rendered":"<p><b>Intensywny olejek odbudowuj\u0105cy Hairgenie Q10<\/b><span style=\"font-weight: 400;\"> ma wyj\u0105tkowe w\u0142a\u015bciwo\u015bci <\/span><b>antyoksydacyjne, nawil\u017caj\u0105ce i wysoce uelastyczniaj\u0105ce<\/b><span style=\"font-weight: 400;\">, kt\u00f3re wspomagaj\u0105 odbudow\u0119 bardzo zniszczonych, \u0142amliwych i poddawanych zabiegom w\u0142os\u00f3w. Dzi\u0119ki ultralekkiej konsystencji nie obci\u0105\u017ca w\u0142os\u00f3w i nie przet\u0142uszcza ich, nadaj\u0105c im <\/span><b>blask i si\u0142\u0119<\/b><span style=\"font-weight: 400;\">. Na\u0142o\u017cy\u0107 olejek Hairgenie i wysuszy\u0107 w\u0142osy.<\/span><\/p>\n<p><span style=\"font-weight: 400;\">Do u\u017cytku profesjonalnego<\/span><\/p>\n<p><span style=\"font-weight: 400;\">100 ml<\/span><\/p>\n","protected":false},"featured_media":2232,"comment_status":"closed","ping_status":"closed","template":"","meta":[],"product_brand":[],"product_cat":[302,294],"product_tag":[],"class_list":{"0":"post-2557","1":"product","2":"type-product","3":"status-publish","4":"has-post-thumbnail","6":"product_cat-hairgenie-q10-pl-2","7":"product_cat-treatments-pl","9":"first","10":"instock","11":"shipping-taxable","12":"product-type-simple"},"yoast_head":"<!-- This site is optimized with the Yoast SEO plugin v26.8 - https:\/\/yoast.com\/product\/yoast-seo-wordpress\/ -->\n<title>Hairgenie Q10 | Intensywne serum odbudowuj\u0105ce<\/title>\n<meta name=\"description\" content=\"Intensywny olejek odbudowuj\u0105cy Hairgenie Q10 ma wyj\u0105tkowe w\u0142a\u015bciwo\u015bci antyoksydacyjne, nawil\u017caj\u0105ce i wysoce uelastyczniaj\u0105ce.\" \/>\n<meta name=\"robots\" content=\"index, follow, max-snippet:-1, max-image-preview:large, max-video-preview:-1\" \/>\n<link rel=\"canonical\" href=\"https:\/\/www.professional-haircare.it\/pl\/products\/treatments-pl\/hairgenie-pl\/hairgenie-q10-pl-2\/hairgenie-q10-intensywne-serum-odbudowujace\/\" \/>\n<meta property=\"og:locale\" content=\"pl_PL\" \/>\n<meta property=\"og:type\" content=\"article\" \/>\n<meta property=\"og:title\" content=\"Hairgenie Q10 | Intensywne serum odbudowuj\u0105ce\" \/>\n<meta property=\"og:description\" content=\"Intensywny olejek odbudowuj\u0105cy Hairgenie Q10 ma wyj\u0105tkowe w\u0142a\u015bciwo\u015bci antyoksydacyjne, nawil\u017caj\u0105ce i wysoce uelastyczniaj\u0105ce.\" \/>\n<meta property=\"og:url\" content=\"https:\/\/www.professional-haircare.it\/pl\/products\/treatments-pl\/hairgenie-pl\/hairgenie-q10-pl-2\/hairgenie-q10-intensywne-serum-odbudowujace\/\" \/>\n<meta property=\"og:site_name\" content=\"Professional Hair Care\" \/>\n<meta property=\"article:modified_time\" content=\"2022-02-01T11:52:41+00:00\" \/>\n<meta property=\"og:image\" content=\"https:\/\/professional-haircare.it\/wp-content\/uploads\/2021\/05\/12051_professional_hairgenie_q10_intensive_rebuilding_serum_110ml.png\" \/>\n\t<meta property=\"og:image:width\" content=\"600\" \/>\n\t<meta property=\"og:image:height\" content=\"600\" \/>\n\t<meta property=\"og:image:type\" content=\"image\/png\" \/>\n<meta name=\"twitter:card\" content=\"summary_large_image\" \/>\n<script type=\"application\/ld+json\" class=\"yoast-schema-graph\">{\"@context\":\"https:\/\/schema.org\",\"@graph\":[{\"@type\":\"WebPage\",\"@id\":\"https:\/\/www.professional-haircare.it\/pl\/products\/treatments-pl\/hairgenie-pl\/hairgenie-q10-pl-2\/hairgenie-q10-intensywne-serum-odbudowujace\/\",\"url\":\"https:\/\/www.professional-haircare.it\/pl\/products\/treatments-pl\/hairgenie-pl\/hairgenie-q10-pl-2\/hairgenie-q10-intensywne-serum-odbudowujace\/\",\"name\":\"Hairgenie Q10 | Intensywne serum odbudowuj\u0105ce\",\"isPartOf\":{\"@id\":\"https:\/\/professional-haircare.it\/#website\"},\"primaryImageOfPage\":{\"@id\":\"https:\/\/www.professional-haircare.it\/pl\/products\/treatments-pl\/hairgenie-pl\/hairgenie-q10-pl-2\/hairgenie-q10-intensywne-serum-odbudowujace\/#primaryimage\"},\"image\":{\"@id\":\"https:\/\/www.professional-haircare.it\/pl\/products\/treatments-pl\/hairgenie-pl\/hairgenie-q10-pl-2\/hairgenie-q10-intensywne-serum-odbudowujace\/#primaryimage\"},\"thumbnailUrl\":\"https:\/\/www.professional-haircare.it\/wp-content\/uploads\/2021\/05\/12051_professional_hairgenie_q10_intensive_rebuilding_serum_110ml.png\",\"datePublished\":\"2016-03-30T14:20:34+00:00\",\"dateModified\":\"2022-02-01T11:52:41+00:00\",\"description\":\"Intensywny olejek odbudowuj\u0105cy Hairgenie Q10 ma wyj\u0105tkowe w\u0142a\u015bciwo\u015bci antyoksydacyjne, nawil\u017caj\u0105ce i wysoce uelastyczniaj\u0105ce.\",\"breadcrumb\":{\"@id\":\"https:\/\/www.professional-haircare.it\/pl\/products\/treatments-pl\/hairgenie-pl\/hairgenie-q10-pl-2\/hairgenie-q10-intensywne-serum-odbudowujace\/#breadcrumb\"},\"inLanguage\":\"pl-PL\",\"potentialAction\":[{\"@type\":\"ReadAction\",\"target\":[\"https:\/\/www.professional-haircare.it\/pl\/products\/treatments-pl\/hairgenie-pl\/hairgenie-q10-pl-2\/hairgenie-q10-intensywne-serum-odbudowujace\/\"]}]},{\"@type\":\"ImageObject\",\"inLanguage\":\"pl-PL\",\"@id\":\"https:\/\/www.professional-haircare.it\/pl\/products\/treatments-pl\/hairgenie-pl\/hairgenie-q10-pl-2\/hairgenie-q10-intensywne-serum-odbudowujace\/#primaryimage\",\"url\":\"https:\/\/www.professional-haircare.it\/wp-content\/uploads\/2021\/05\/12051_professional_hairgenie_q10_intensive_rebuilding_serum_110ml.png\",\"contentUrl\":\"https:\/\/www.professional-haircare.it\/wp-content\/uploads\/2021\/05\/12051_professional_hairgenie_q10_intensive_rebuilding_serum_110ml.png\",\"width\":600,\"height\":600},{\"@type\":\"BreadcrumbList\",\"@id\":\"https:\/\/www.professional-haircare.it\/pl\/products\/treatments-pl\/hairgenie-pl\/hairgenie-q10-pl-2\/hairgenie-q10-intensywne-serum-odbudowujace\/#breadcrumb\",\"itemListElement\":[{\"@type\":\"ListItem\",\"position\":1,\"name\":\"Home\",\"item\":\"https:\/\/professional-haircare.it\/pl\/\"},{\"@type\":\"ListItem\",\"position\":2,\"name\":\"Sklep\",\"item\":\"https:\/\/professional-haircare.it\/pl\/sklep\/\"},{\"@type\":\"ListItem\",\"position\":3,\"name\":\"Hairgenie Q10 | Intensywne serum odbudowuj\u0105ce\"}]},{\"@type\":\"WebSite\",\"@id\":\"https:\/\/professional-haircare.it\/#website\",\"url\":\"https:\/\/professional-haircare.it\/\",\"name\":\"Professional Hair Care\",\"description\":\"Hair Quality Solutions\",\"potentialAction\":[{\"@type\":\"SearchAction\",\"target\":{\"@type\":\"EntryPoint\",\"urlTemplate\":\"https:\/\/professional-haircare.it\/?s={search_term_string}\"},\"query-input\":{\"@type\":\"PropertyValueSpecification\",\"valueRequired\":true,\"valueName\":\"search_term_string\"}}],\"inLanguage\":\"pl-PL\"}]}<\/script>\n<!-- \/ Yoast SEO plugin. -->","yoast_head_json":{"title":"Hairgenie Q10 | Intensywne serum odbudowuj\u0105ce","description":"Intensywny olejek odbudowuj\u0105cy Hairgenie Q10 ma wyj\u0105tkowe w\u0142a\u015bciwo\u015bci antyoksydacyjne, nawil\u017caj\u0105ce i wysoce uelastyczniaj\u0105ce.","robots":{"index":"index","follow":"follow","max-snippet":"max-snippet:-1","max-image-preview":"max-image-preview:large","max-video-preview":"max-video-preview:-1"},"canonical":"https:\/\/www.professional-haircare.it\/pl\/products\/treatments-pl\/hairgenie-pl\/hairgenie-q10-pl-2\/hairgenie-q10-intensywne-serum-odbudowujace\/","og_locale":"pl_PL","og_type":"article","og_title":"Hairgenie Q10 | Intensywne serum odbudowuj\u0105ce","og_description":"Intensywny olejek odbudowuj\u0105cy Hairgenie Q10 ma wyj\u0105tkowe w\u0142a\u015bciwo\u015bci antyoksydacyjne, nawil\u017caj\u0105ce i wysoce uelastyczniaj\u0105ce.","og_url":"https:\/\/www.professional-haircare.it\/pl\/products\/treatments-pl\/hairgenie-pl\/hairgenie-q10-pl-2\/hairgenie-q10-intensywne-serum-odbudowujace\/","og_site_name":"Professional Hair Care","article_modified_time":"2022-02-01T11:52:41+00:00","og_image":[{"width":600,"height":600,"url":"https:\/\/professional-haircare.it\/wp-content\/uploads\/2021\/05\/12051_professional_hairgenie_q10_intensive_rebuilding_serum_110ml.png","type":"image\/png"}],"twitter_card":"summary_large_image","schema":{"@context":"https:\/\/schema.org","@graph":[{"@type":"WebPage","@id":"https:\/\/www.professional-haircare.it\/pl\/products\/treatments-pl\/hairgenie-pl\/hairgenie-q10-pl-2\/hairgenie-q10-intensywne-serum-odbudowujace\/","url":"https:\/\/www.professional-haircare.it\/pl\/products\/treatments-pl\/hairgenie-pl\/hairgenie-q10-pl-2\/hairgenie-q10-intensywne-serum-odbudowujace\/","name":"Hairgenie Q10 | Intensywne serum odbudowuj\u0105ce","isPartOf":{"@id":"https:\/\/professional-haircare.it\/#website"},"primaryImageOfPage":{"@id":"https:\/\/www.professional-haircare.it\/pl\/products\/treatments-pl\/hairgenie-pl\/hairgenie-q10-pl-2\/hairgenie-q10-intensywne-serum-odbudowujace\/#primaryimage"},"image":{"@id":"https:\/\/www.professional-haircare.it\/pl\/products\/treatments-pl\/hairgenie-pl\/hairgenie-q10-pl-2\/hairgenie-q10-intensywne-serum-odbudowujace\/#primaryimage"},"thumbnailUrl":"https:\/\/www.professional-haircare.it\/wp-content\/uploads\/2021\/05\/12051_professional_hairgenie_q10_intensive_rebuilding_serum_110ml.png","datePublished":"2016-03-30T14:20:34+00:00","dateModified":"2022-02-01T11:52:41+00:00","description":"Intensywny olejek odbudowuj\u0105cy Hairgenie Q10 ma wyj\u0105tkowe w\u0142a\u015bciwo\u015bci antyoksydacyjne, nawil\u017caj\u0105ce i wysoce uelastyczniaj\u0105ce.","breadcrumb":{"@id":"https:\/\/www.professional-haircare.it\/pl\/products\/treatments-pl\/hairgenie-pl\/hairgenie-q10-pl-2\/hairgenie-q10-intensywne-serum-odbudowujace\/#breadcrumb"},"inLanguage":"pl-PL","potentialAction":[{"@type":"ReadAction","target":["https:\/\/www.professional-haircare.it\/pl\/products\/treatments-pl\/hairgenie-pl\/hairgenie-q10-pl-2\/hairgenie-q10-intensywne-serum-odbudowujace\/"]}]},{"@type":"ImageObject","inLanguage":"pl-PL","@id":"https:\/\/www.professional-haircare.it\/pl\/products\/treatments-pl\/hairgenie-pl\/hairgenie-q10-pl-2\/hairgenie-q10-intensywne-serum-odbudowujace\/#primaryimage","url":"https:\/\/www.professional-haircare.it\/wp-content\/uploads\/2021\/05\/12051_professional_hairgenie_q10_intensive_rebuilding_serum_110ml.png","contentUrl":"https:\/\/www.professional-haircare.it\/wp-content\/uploads\/2021\/05\/12051_professional_hairgenie_q10_intensive_rebuilding_serum_110ml.png","width":600,"height":600},{"@type":"BreadcrumbList","@id":"https:\/\/www.professional-haircare.it\/pl\/products\/treatments-pl\/hairgenie-pl\/hairgenie-q10-pl-2\/hairgenie-q10-intensywne-serum-odbudowujace\/#breadcrumb","itemListElement":[{"@type":"ListItem","position":1,"name":"Home","item":"https:\/\/professional-haircare.it\/pl\/"},{"@type":"ListItem","position":2,"name":"Sklep","item":"https:\/\/professional-haircare.it\/pl\/sklep\/"},{"@type":"ListItem","position":3,"name":"Hairgenie Q10 | Intensywne serum odbudowuj\u0105ce"}]},{"@type":"WebSite","@id":"https:\/\/professional-haircare.it\/#website","url":"https:\/\/professional-haircare.it\/","name":"Professional Hair Care","description":"Hair Quality Solutions","potentialAction":[{"@type":"SearchAction","target":{"@type":"EntryPoint","urlTemplate":"https:\/\/professional-haircare.it\/?s={search_term_string}"},"query-input":{"@type":"PropertyValueSpecification","valueRequired":true,"valueName":"search_term_string"}}],"inLanguage":"pl-PL"}]}},"_links":{"self":[{"href":"https:\/\/www.professional-haircare.it\/pl\/wp-json\/wp\/v2\/product\/2557","targetHints":{"allow":["GET"]}}],"collection":[{"href":"https:\/\/www.professional-haircare.it\/pl\/wp-json\/wp\/v2\/product"}],"about":[{"href":"https:\/\/www.professional-haircare.it\/pl\/wp-json\/wp\/v2\/types\/product"}],"replies":[{"embeddable":true,"href":"https:\/\/www.professional-haircare.it\/pl\/wp-json\/wp\/v2\/comments?post=2557"}],"wp:featuredmedia":[{"embeddable":true,"href":"https:\/\/www.professional-haircare.it\/pl\/wp-json\/wp\/v2\/media\/2232"}],"wp:attachment":[{"href":"https:\/\/www.professional-haircare.it\/pl\/wp-json\/wp\/v2\/media?parent=2557"}],"wp:term":[{"taxonomy":"product_brand","embeddable":true,"href":"https:\/\/www.professional-haircare.it\/pl\/wp-json\/wp\/v2\/product_brand?post=2557"},{"taxonomy":"product_cat","embeddable":true,"href":"https:\/\/www.professional-haircare.it\/pl\/wp-json\/wp\/v2\/product_cat?post=2557"},{"taxonomy":"product_tag","embeddable":true,"href":"https:\/\/www.professional-haircare.it\/pl\/wp-json\/wp\/v2\/product_tag?post=2557"}],"curies":[{"name":"wp","href":"https:\/\/api.w.org\/{rel}","templated":true}]}}