{"id":2556,"date":"2016-03-30T16:05:16","date_gmt":"2016-03-30T14:05:16","guid":{"rendered":"https:\/\/www.professional-haircare.it\/products\/bez-kategorii\/hairgenie-q10-intensywna-kuracja-odbudowujaca\/"},"modified":"2022-02-01T12:47:11","modified_gmt":"2022-02-01T11:47:11","slug":"hairgenie-q10-intensywna-kuracja-odbudowujaca","status":"publish","type":"product","link":"https:\/\/www.professional-haircare.it\/pl\/products\/treatments-pl\/hairgenie-pl\/hairgenie-q10-pl-2\/hairgenie-q10-intensywna-kuracja-odbudowujaca\/","title":{"rendered":"Hairgenie Q10 | Intensywna kuracja odbudowuj\u0105ca"},"content":{"rendered":"","protected":false},"excerpt":{"rendered":"<p><b>Intensywna kuracja odbudowuj\u0105ca w sprayu Hairgenie Q10<\/b><span style=\"font-weight: 400;\"> wspomaga ochron\u0119 w\u0142osa przed starzeniem si\u0119 i przed dzia\u0142aniem czynnik\u00f3w zewn\u0119trznych, kt\u00f3re endemicznie wp\u0142ywaj\u0105 na struktur\u0119 w\u0142osa. Przeznaczona do w\u0142os\u00f3w os\u0142abionych i pozbawionych witalno\u015bci, szczeg\u00f3lnie poddanych stresowi lub zniszczonych zabiegami. Oto rozwi\u0105zanie Professional, kt\u00f3re pomaga <\/span><b>wzmocni\u0107 struktur\u0119<\/b><span style=\"font-weight: 400;\"> i odporno\u015b\u0107 w\u0142os\u00f3w.<\/span><\/p>\n<p><span style=\"font-weight: 400;\">Do u\u017cytku profesjonalnego<\/span><\/p>\n<p><span style=\"font-weight: 400;\">Opakowanie 250 ml<\/span><\/p>\n","protected":false},"featured_media":4140,"comment_status":"closed","ping_status":"closed","template":"","meta":[],"product_brand":[],"product_cat":[302,294],"product_tag":[],"class_list":{"0":"post-2556","1":"product","2":"type-product","3":"status-publish","4":"has-post-thumbnail","6":"product_cat-hairgenie-q10-pl-2","7":"product_cat-treatments-pl","9":"first","10":"instock","11":"shipping-taxable","12":"product-type-simple"},"yoast_head":"<!-- This site is optimized with the Yoast SEO plugin v26.8 - https:\/\/yoast.com\/product\/yoast-seo-wordpress\/ -->\n<title>Hairgenie Q10 | Intensywna kuracja odbudowuj\u0105ca<\/title>\n<meta name=\"description\" content=\"Intensywna kuracja odbudowuj\u0105ca w sprayu Hairgenie Q10 wspomaga ochron\u0119 w\u0142osa przed starzeniem si\u0119 i przed dzia\u0142aniem czynnik\u00f3w zewn\u0119trznych.\" \/>\n<meta name=\"robots\" content=\"index, follow, max-snippet:-1, max-image-preview:large, max-video-preview:-1\" \/>\n<link rel=\"canonical\" href=\"https:\/\/www.professional-haircare.it\/pl\/products\/treatments-pl\/hairgenie-pl\/hairgenie-q10-pl-2\/hairgenie-q10-intensywna-kuracja-odbudowujaca\/\" \/>\n<meta property=\"og:locale\" content=\"pl_PL\" \/>\n<meta property=\"og:type\" content=\"article\" \/>\n<meta property=\"og:title\" content=\"Hairgenie Q10 | Intensywna kuracja odbudowuj\u0105ca\" \/>\n<meta property=\"og:description\" content=\"Intensywna kuracja odbudowuj\u0105ca w sprayu Hairgenie Q10 wspomaga ochron\u0119 w\u0142osa przed starzeniem si\u0119 i przed dzia\u0142aniem czynnik\u00f3w zewn\u0119trznych.\" \/>\n<meta property=\"og:url\" content=\"https:\/\/www.professional-haircare.it\/pl\/products\/treatments-pl\/hairgenie-pl\/hairgenie-q10-pl-2\/hairgenie-q10-intensywna-kuracja-odbudowujaca\/\" \/>\n<meta property=\"og:site_name\" content=\"Professional Hair Care\" \/>\n<meta property=\"article:modified_time\" content=\"2022-02-01T11:47:11+00:00\" \/>\n<meta property=\"og:image\" content=\"https:\/\/professional-haircare.it\/wp-content\/uploads\/2016\/03\/12052_professional_hairgenie_q10_intensive_rebuilding_tratment_250ml.png\" \/>\n\t<meta property=\"og:image:width\" content=\"600\" \/>\n\t<meta property=\"og:image:height\" content=\"600\" \/>\n\t<meta property=\"og:image:type\" content=\"image\/png\" \/>\n<meta name=\"twitter:card\" content=\"summary_large_image\" \/>\n<script type=\"application\/ld+json\" class=\"yoast-schema-graph\">{\"@context\":\"https:\/\/schema.org\",\"@graph\":[{\"@type\":\"WebPage\",\"@id\":\"https:\/\/www.professional-haircare.it\/pl\/products\/treatments-pl\/hairgenie-pl\/hairgenie-q10-pl-2\/hairgenie-q10-intensywna-kuracja-odbudowujaca\/\",\"url\":\"https:\/\/www.professional-haircare.it\/pl\/products\/treatments-pl\/hairgenie-pl\/hairgenie-q10-pl-2\/hairgenie-q10-intensywna-kuracja-odbudowujaca\/\",\"name\":\"Hairgenie Q10 | Intensywna kuracja odbudowuj\u0105ca\",\"isPartOf\":{\"@id\":\"https:\/\/professional-haircare.it\/#website\"},\"primaryImageOfPage\":{\"@id\":\"https:\/\/www.professional-haircare.it\/pl\/products\/treatments-pl\/hairgenie-pl\/hairgenie-q10-pl-2\/hairgenie-q10-intensywna-kuracja-odbudowujaca\/#primaryimage\"},\"image\":{\"@id\":\"https:\/\/www.professional-haircare.it\/pl\/products\/treatments-pl\/hairgenie-pl\/hairgenie-q10-pl-2\/hairgenie-q10-intensywna-kuracja-odbudowujaca\/#primaryimage\"},\"thumbnailUrl\":\"https:\/\/www.professional-haircare.it\/wp-content\/uploads\/2016\/03\/12052_professional_hairgenie_q10_intensive_rebuilding_tratment_250ml-1.png\",\"datePublished\":\"2016-03-30T14:05:16+00:00\",\"dateModified\":\"2022-02-01T11:47:11+00:00\",\"description\":\"Intensywna kuracja odbudowuj\u0105ca w sprayu Hairgenie Q10 wspomaga ochron\u0119 w\u0142osa przed starzeniem si\u0119 i przed dzia\u0142aniem czynnik\u00f3w zewn\u0119trznych.\",\"breadcrumb\":{\"@id\":\"https:\/\/www.professional-haircare.it\/pl\/products\/treatments-pl\/hairgenie-pl\/hairgenie-q10-pl-2\/hairgenie-q10-intensywna-kuracja-odbudowujaca\/#breadcrumb\"},\"inLanguage\":\"pl-PL\",\"potentialAction\":[{\"@type\":\"ReadAction\",\"target\":[\"https:\/\/www.professional-haircare.it\/pl\/products\/treatments-pl\/hairgenie-pl\/hairgenie-q10-pl-2\/hairgenie-q10-intensywna-kuracja-odbudowujaca\/\"]}]},{\"@type\":\"ImageObject\",\"inLanguage\":\"pl-PL\",\"@id\":\"https:\/\/www.professional-haircare.it\/pl\/products\/treatments-pl\/hairgenie-pl\/hairgenie-q10-pl-2\/hairgenie-q10-intensywna-kuracja-odbudowujaca\/#primaryimage\",\"url\":\"https:\/\/www.professional-haircare.it\/wp-content\/uploads\/2016\/03\/12052_professional_hairgenie_q10_intensive_rebuilding_tratment_250ml-1.png\",\"contentUrl\":\"https:\/\/www.professional-haircare.it\/wp-content\/uploads\/2016\/03\/12052_professional_hairgenie_q10_intensive_rebuilding_tratment_250ml-1.png\",\"width\":600,\"height\":600,\"caption\":\"Hairgenie Q10 | Trattamento ristrutturante intensivo\"},{\"@type\":\"BreadcrumbList\",\"@id\":\"https:\/\/www.professional-haircare.it\/pl\/products\/treatments-pl\/hairgenie-pl\/hairgenie-q10-pl-2\/hairgenie-q10-intensywna-kuracja-odbudowujaca\/#breadcrumb\",\"itemListElement\":[{\"@type\":\"ListItem\",\"position\":1,\"name\":\"Home\",\"item\":\"https:\/\/professional-haircare.it\/pl\/\"},{\"@type\":\"ListItem\",\"position\":2,\"name\":\"Sklep\",\"item\":\"https:\/\/professional-haircare.it\/pl\/sklep\/\"},{\"@type\":\"ListItem\",\"position\":3,\"name\":\"Hairgenie Q10 | Intensywna kuracja odbudowuj\u0105ca\"}]},{\"@type\":\"WebSite\",\"@id\":\"https:\/\/professional-haircare.it\/#website\",\"url\":\"https:\/\/professional-haircare.it\/\",\"name\":\"Professional Hair Care\",\"description\":\"Hair Quality Solutions\",\"potentialAction\":[{\"@type\":\"SearchAction\",\"target\":{\"@type\":\"EntryPoint\",\"urlTemplate\":\"https:\/\/professional-haircare.it\/?s={search_term_string}\"},\"query-input\":{\"@type\":\"PropertyValueSpecification\",\"valueRequired\":true,\"valueName\":\"search_term_string\"}}],\"inLanguage\":\"pl-PL\"}]}<\/script>\n<!-- \/ Yoast SEO plugin. -->","yoast_head_json":{"title":"Hairgenie Q10 | Intensywna kuracja odbudowuj\u0105ca","description":"Intensywna kuracja odbudowuj\u0105ca w sprayu Hairgenie Q10 wspomaga ochron\u0119 w\u0142osa przed starzeniem si\u0119 i przed dzia\u0142aniem czynnik\u00f3w zewn\u0119trznych.","robots":{"index":"index","follow":"follow","max-snippet":"max-snippet:-1","max-image-preview":"max-image-preview:large","max-video-preview":"max-video-preview:-1"},"canonical":"https:\/\/www.professional-haircare.it\/pl\/products\/treatments-pl\/hairgenie-pl\/hairgenie-q10-pl-2\/hairgenie-q10-intensywna-kuracja-odbudowujaca\/","og_locale":"pl_PL","og_type":"article","og_title":"Hairgenie Q10 | Intensywna kuracja odbudowuj\u0105ca","og_description":"Intensywna kuracja odbudowuj\u0105ca w sprayu Hairgenie Q10 wspomaga ochron\u0119 w\u0142osa przed starzeniem si\u0119 i przed dzia\u0142aniem czynnik\u00f3w zewn\u0119trznych.","og_url":"https:\/\/www.professional-haircare.it\/pl\/products\/treatments-pl\/hairgenie-pl\/hairgenie-q10-pl-2\/hairgenie-q10-intensywna-kuracja-odbudowujaca\/","og_site_name":"Professional Hair Care","article_modified_time":"2022-02-01T11:47:11+00:00","og_image":[{"width":600,"height":600,"url":"https:\/\/professional-haircare.it\/wp-content\/uploads\/2016\/03\/12052_professional_hairgenie_q10_intensive_rebuilding_tratment_250ml.png","type":"image\/png"}],"twitter_card":"summary_large_image","schema":{"@context":"https:\/\/schema.org","@graph":[{"@type":"WebPage","@id":"https:\/\/www.professional-haircare.it\/pl\/products\/treatments-pl\/hairgenie-pl\/hairgenie-q10-pl-2\/hairgenie-q10-intensywna-kuracja-odbudowujaca\/","url":"https:\/\/www.professional-haircare.it\/pl\/products\/treatments-pl\/hairgenie-pl\/hairgenie-q10-pl-2\/hairgenie-q10-intensywna-kuracja-odbudowujaca\/","name":"Hairgenie Q10 | Intensywna kuracja odbudowuj\u0105ca","isPartOf":{"@id":"https:\/\/professional-haircare.it\/#website"},"primaryImageOfPage":{"@id":"https:\/\/www.professional-haircare.it\/pl\/products\/treatments-pl\/hairgenie-pl\/hairgenie-q10-pl-2\/hairgenie-q10-intensywna-kuracja-odbudowujaca\/#primaryimage"},"image":{"@id":"https:\/\/www.professional-haircare.it\/pl\/products\/treatments-pl\/hairgenie-pl\/hairgenie-q10-pl-2\/hairgenie-q10-intensywna-kuracja-odbudowujaca\/#primaryimage"},"thumbnailUrl":"https:\/\/www.professional-haircare.it\/wp-content\/uploads\/2016\/03\/12052_professional_hairgenie_q10_intensive_rebuilding_tratment_250ml-1.png","datePublished":"2016-03-30T14:05:16+00:00","dateModified":"2022-02-01T11:47:11+00:00","description":"Intensywna kuracja odbudowuj\u0105ca w sprayu Hairgenie Q10 wspomaga ochron\u0119 w\u0142osa przed starzeniem si\u0119 i przed dzia\u0142aniem czynnik\u00f3w zewn\u0119trznych.","breadcrumb":{"@id":"https:\/\/www.professional-haircare.it\/pl\/products\/treatments-pl\/hairgenie-pl\/hairgenie-q10-pl-2\/hairgenie-q10-intensywna-kuracja-odbudowujaca\/#breadcrumb"},"inLanguage":"pl-PL","potentialAction":[{"@type":"ReadAction","target":["https:\/\/www.professional-haircare.it\/pl\/products\/treatments-pl\/hairgenie-pl\/hairgenie-q10-pl-2\/hairgenie-q10-intensywna-kuracja-odbudowujaca\/"]}]},{"@type":"ImageObject","inLanguage":"pl-PL","@id":"https:\/\/www.professional-haircare.it\/pl\/products\/treatments-pl\/hairgenie-pl\/hairgenie-q10-pl-2\/hairgenie-q10-intensywna-kuracja-odbudowujaca\/#primaryimage","url":"https:\/\/www.professional-haircare.it\/wp-content\/uploads\/2016\/03\/12052_professional_hairgenie_q10_intensive_rebuilding_tratment_250ml-1.png","contentUrl":"https:\/\/www.professional-haircare.it\/wp-content\/uploads\/2016\/03\/12052_professional_hairgenie_q10_intensive_rebuilding_tratment_250ml-1.png","width":600,"height":600,"caption":"Hairgenie Q10 | Trattamento ristrutturante intensivo"},{"@type":"BreadcrumbList","@id":"https:\/\/www.professional-haircare.it\/pl\/products\/treatments-pl\/hairgenie-pl\/hairgenie-q10-pl-2\/hairgenie-q10-intensywna-kuracja-odbudowujaca\/#breadcrumb","itemListElement":[{"@type":"ListItem","position":1,"name":"Home","item":"https:\/\/professional-haircare.it\/pl\/"},{"@type":"ListItem","position":2,"name":"Sklep","item":"https:\/\/professional-haircare.it\/pl\/sklep\/"},{"@type":"ListItem","position":3,"name":"Hairgenie Q10 | Intensywna kuracja odbudowuj\u0105ca"}]},{"@type":"WebSite","@id":"https:\/\/professional-haircare.it\/#website","url":"https:\/\/professional-haircare.it\/","name":"Professional Hair Care","description":"Hair Quality Solutions","potentialAction":[{"@type":"SearchAction","target":{"@type":"EntryPoint","urlTemplate":"https:\/\/professional-haircare.it\/?s={search_term_string}"},"query-input":{"@type":"PropertyValueSpecification","valueRequired":true,"valueName":"search_term_string"}}],"inLanguage":"pl-PL"}]}},"_links":{"self":[{"href":"https:\/\/www.professional-haircare.it\/pl\/wp-json\/wp\/v2\/product\/2556","targetHints":{"allow":["GET"]}}],"collection":[{"href":"https:\/\/www.professional-haircare.it\/pl\/wp-json\/wp\/v2\/product"}],"about":[{"href":"https:\/\/www.professional-haircare.it\/pl\/wp-json\/wp\/v2\/types\/product"}],"replies":[{"embeddable":true,"href":"https:\/\/www.professional-haircare.it\/pl\/wp-json\/wp\/v2\/comments?post=2556"}],"wp:featuredmedia":[{"embeddable":true,"href":"https:\/\/www.professional-haircare.it\/pl\/wp-json\/wp\/v2\/media\/4140"}],"wp:attachment":[{"href":"https:\/\/www.professional-haircare.it\/pl\/wp-json\/wp\/v2\/media?parent=2556"}],"wp:term":[{"taxonomy":"product_brand","embeddable":true,"href":"https:\/\/www.professional-haircare.it\/pl\/wp-json\/wp\/v2\/product_brand?post=2556"},{"taxonomy":"product_cat","embeddable":true,"href":"https:\/\/www.professional-haircare.it\/pl\/wp-json\/wp\/v2\/product_cat?post=2556"},{"taxonomy":"product_tag","embeddable":true,"href":"https:\/\/www.professional-haircare.it\/pl\/wp-json\/wp\/v2\/product_tag?post=2556"}],"curies":[{"name":"wp","href":"https:\/\/api.w.org\/{rel}","templated":true}]}}