{"id":2552,"date":"2016-03-30T15:46:15","date_gmt":"2016-03-30T13:46:15","guid":{"rendered":"https:\/\/www.professional-haircare.it\/products\/bez-kategorii\/hairgenie-q10-intensywny-szampon-odbudowujacy\/"},"modified":"2022-02-01T12:23:42","modified_gmt":"2022-02-01T11:23:42","slug":"hairgenie-q10-intensywny-szampon-odbudowujacy","status":"publish","type":"product","link":"https:\/\/www.professional-haircare.it\/pl\/products\/treatments-pl\/hairgenie-pl\/hairgenie-q10-pl-2\/hairgenie-q10-intensywny-szampon-odbudowujacy\/","title":{"rendered":"Hairgenie Q10 | Intensywny szampon odbudowuj\u0105cy"},"content":{"rendered":"","protected":false},"excerpt":{"rendered":"<p><span style=\"font-weight: 400;\">Nowy <\/span><b>intensywny szampon odbudowuj\u0105cy Hairgenie Q10 <\/b><span style=\"font-weight: 400;\">\u00a0to pierwszy krok w rewolucyjnej kuracji odbudowuj\u0105cej <\/span><b>Professional.<\/b><span style=\"font-weight: 400;\"> Kompleksowe mycie i g\u0142\u0119bokie <\/span><b>oczyszczanie<\/b><span style=\"font-weight: 400;\"> \u0142\u0105cz\u0105 si\u0119 z licznymi <\/span><b>w\u0142a\u015bciwo\u015bciami regeneruj\u0105cymi<\/b><span style=\"font-weight: 400;\"> zamkni\u0119tymi w innowacyjnej formule. Dzi\u0119ki <\/span><b>koenzymowi Q10<\/b><span style=\"font-weight: 400;\"> oraz po\u0142\u0105czeniu <\/span><b>keratyny i olejku arganowego<\/b><span style=\"font-weight: 400;\"> szampon nawil\u017ca w\u0142osy i chroni je przed dzia\u0142aniem wolnych rodnik\u00f3w.<\/span><\/p>\n<p><span style=\"font-weight: 400;\">Do u\u017cytku profesjonalnego<\/span><\/p>\n<p><span style=\"font-weight: 400;\">Opakowanie 1000 ml<\/span><\/p>\n","protected":false},"featured_media":2228,"comment_status":"closed","ping_status":"closed","template":"","meta":[],"product_brand":[],"product_cat":[302,294],"product_tag":[],"class_list":{"0":"post-2552","1":"product","2":"type-product","3":"status-publish","4":"has-post-thumbnail","6":"product_cat-hairgenie-q10-pl-2","7":"product_cat-treatments-pl","9":"first","10":"instock","11":"shipping-taxable","12":"product-type-simple"},"yoast_head":"<!-- This site is optimized with the Yoast SEO plugin v26.8 - https:\/\/yoast.com\/product\/yoast-seo-wordpress\/ -->\n<title>Hairgenie Q10 | Intensywny szampon odbudowuj\u0105cy<\/title>\n<meta name=\"description\" content=\"Nowy intensywny szampon odbudowuj\u0105cy Hairgenie Q10 \u00a0to pierwszy krok w rewolucyjnej kuracji odbudowuj\u0105cej Professional.\" \/>\n<meta name=\"robots\" content=\"index, follow, max-snippet:-1, max-image-preview:large, max-video-preview:-1\" \/>\n<link rel=\"canonical\" href=\"https:\/\/www.professional-haircare.it\/pl\/products\/treatments-pl\/hairgenie-pl\/hairgenie-q10-pl-2\/hairgenie-q10-intensywny-szampon-odbudowujacy\/\" \/>\n<meta property=\"og:locale\" content=\"pl_PL\" \/>\n<meta property=\"og:type\" content=\"article\" \/>\n<meta property=\"og:title\" content=\"Hairgenie Q10 | Intensywny szampon odbudowuj\u0105cy\" \/>\n<meta property=\"og:description\" content=\"Nowy intensywny szampon odbudowuj\u0105cy Hairgenie Q10 \u00a0to pierwszy krok w rewolucyjnej kuracji odbudowuj\u0105cej Professional.\" \/>\n<meta property=\"og:url\" content=\"https:\/\/www.professional-haircare.it\/pl\/products\/treatments-pl\/hairgenie-pl\/hairgenie-q10-pl-2\/hairgenie-q10-intensywny-szampon-odbudowujacy\/\" \/>\n<meta property=\"og:site_name\" content=\"Professional Hair Care\" \/>\n<meta property=\"article:modified_time\" content=\"2022-02-01T11:23:42+00:00\" \/>\n<meta property=\"og:image\" content=\"https:\/\/professional-haircare.it\/wp-content\/uploads\/2021\/05\/12047_professional_hairgenie_q10_intensive_rebuilding_shampoo_1000ml.png\" \/>\n\t<meta property=\"og:image:width\" content=\"600\" \/>\n\t<meta property=\"og:image:height\" content=\"600\" \/>\n\t<meta property=\"og:image:type\" content=\"image\/png\" \/>\n<meta name=\"twitter:card\" content=\"summary_large_image\" \/>\n<script type=\"application\/ld+json\" class=\"yoast-schema-graph\">{\"@context\":\"https:\/\/schema.org\",\"@graph\":[{\"@type\":\"WebPage\",\"@id\":\"https:\/\/www.professional-haircare.it\/pl\/products\/treatments-pl\/hairgenie-pl\/hairgenie-q10-pl-2\/hairgenie-q10-intensywny-szampon-odbudowujacy\/\",\"url\":\"https:\/\/www.professional-haircare.it\/pl\/products\/treatments-pl\/hairgenie-pl\/hairgenie-q10-pl-2\/hairgenie-q10-intensywny-szampon-odbudowujacy\/\",\"name\":\"Hairgenie Q10 | Intensywny szampon odbudowuj\u0105cy\",\"isPartOf\":{\"@id\":\"https:\/\/professional-haircare.it\/#website\"},\"primaryImageOfPage\":{\"@id\":\"https:\/\/www.professional-haircare.it\/pl\/products\/treatments-pl\/hairgenie-pl\/hairgenie-q10-pl-2\/hairgenie-q10-intensywny-szampon-odbudowujacy\/#primaryimage\"},\"image\":{\"@id\":\"https:\/\/www.professional-haircare.it\/pl\/products\/treatments-pl\/hairgenie-pl\/hairgenie-q10-pl-2\/hairgenie-q10-intensywny-szampon-odbudowujacy\/#primaryimage\"},\"thumbnailUrl\":\"https:\/\/www.professional-haircare.it\/wp-content\/uploads\/2021\/05\/12047_professional_hairgenie_q10_intensive_rebuilding_shampoo_1000ml.png\",\"datePublished\":\"2016-03-30T13:46:15+00:00\",\"dateModified\":\"2022-02-01T11:23:42+00:00\",\"description\":\"Nowy intensywny szampon odbudowuj\u0105cy Hairgenie Q10 \u00a0to pierwszy krok w rewolucyjnej kuracji odbudowuj\u0105cej Professional.\",\"breadcrumb\":{\"@id\":\"https:\/\/www.professional-haircare.it\/pl\/products\/treatments-pl\/hairgenie-pl\/hairgenie-q10-pl-2\/hairgenie-q10-intensywny-szampon-odbudowujacy\/#breadcrumb\"},\"inLanguage\":\"pl-PL\",\"potentialAction\":[{\"@type\":\"ReadAction\",\"target\":[\"https:\/\/www.professional-haircare.it\/pl\/products\/treatments-pl\/hairgenie-pl\/hairgenie-q10-pl-2\/hairgenie-q10-intensywny-szampon-odbudowujacy\/\"]}]},{\"@type\":\"ImageObject\",\"inLanguage\":\"pl-PL\",\"@id\":\"https:\/\/www.professional-haircare.it\/pl\/products\/treatments-pl\/hairgenie-pl\/hairgenie-q10-pl-2\/hairgenie-q10-intensywny-szampon-odbudowujacy\/#primaryimage\",\"url\":\"https:\/\/www.professional-haircare.it\/wp-content\/uploads\/2021\/05\/12047_professional_hairgenie_q10_intensive_rebuilding_shampoo_1000ml.png\",\"contentUrl\":\"https:\/\/www.professional-haircare.it\/wp-content\/uploads\/2021\/05\/12047_professional_hairgenie_q10_intensive_rebuilding_shampoo_1000ml.png\",\"width\":600,\"height\":600},{\"@type\":\"BreadcrumbList\",\"@id\":\"https:\/\/www.professional-haircare.it\/pl\/products\/treatments-pl\/hairgenie-pl\/hairgenie-q10-pl-2\/hairgenie-q10-intensywny-szampon-odbudowujacy\/#breadcrumb\",\"itemListElement\":[{\"@type\":\"ListItem\",\"position\":1,\"name\":\"Home\",\"item\":\"https:\/\/professional-haircare.it\/pl\/\"},{\"@type\":\"ListItem\",\"position\":2,\"name\":\"Sklep\",\"item\":\"https:\/\/professional-haircare.it\/pl\/sklep\/\"},{\"@type\":\"ListItem\",\"position\":3,\"name\":\"Hairgenie Q10 | Intensywny szampon odbudowuj\u0105cy\"}]},{\"@type\":\"WebSite\",\"@id\":\"https:\/\/professional-haircare.it\/#website\",\"url\":\"https:\/\/professional-haircare.it\/\",\"name\":\"Professional Hair Care\",\"description\":\"Hair Quality Solutions\",\"potentialAction\":[{\"@type\":\"SearchAction\",\"target\":{\"@type\":\"EntryPoint\",\"urlTemplate\":\"https:\/\/professional-haircare.it\/?s={search_term_string}\"},\"query-input\":{\"@type\":\"PropertyValueSpecification\",\"valueRequired\":true,\"valueName\":\"search_term_string\"}}],\"inLanguage\":\"pl-PL\"}]}<\/script>\n<!-- \/ Yoast SEO plugin. -->","yoast_head_json":{"title":"Hairgenie Q10 | Intensywny szampon odbudowuj\u0105cy","description":"Nowy intensywny szampon odbudowuj\u0105cy Hairgenie Q10 \u00a0to pierwszy krok w rewolucyjnej kuracji odbudowuj\u0105cej Professional.","robots":{"index":"index","follow":"follow","max-snippet":"max-snippet:-1","max-image-preview":"max-image-preview:large","max-video-preview":"max-video-preview:-1"},"canonical":"https:\/\/www.professional-haircare.it\/pl\/products\/treatments-pl\/hairgenie-pl\/hairgenie-q10-pl-2\/hairgenie-q10-intensywny-szampon-odbudowujacy\/","og_locale":"pl_PL","og_type":"article","og_title":"Hairgenie Q10 | Intensywny szampon odbudowuj\u0105cy","og_description":"Nowy intensywny szampon odbudowuj\u0105cy Hairgenie Q10 \u00a0to pierwszy krok w rewolucyjnej kuracji odbudowuj\u0105cej Professional.","og_url":"https:\/\/www.professional-haircare.it\/pl\/products\/treatments-pl\/hairgenie-pl\/hairgenie-q10-pl-2\/hairgenie-q10-intensywny-szampon-odbudowujacy\/","og_site_name":"Professional Hair Care","article_modified_time":"2022-02-01T11:23:42+00:00","og_image":[{"width":600,"height":600,"url":"https:\/\/professional-haircare.it\/wp-content\/uploads\/2021\/05\/12047_professional_hairgenie_q10_intensive_rebuilding_shampoo_1000ml.png","type":"image\/png"}],"twitter_card":"summary_large_image","schema":{"@context":"https:\/\/schema.org","@graph":[{"@type":"WebPage","@id":"https:\/\/www.professional-haircare.it\/pl\/products\/treatments-pl\/hairgenie-pl\/hairgenie-q10-pl-2\/hairgenie-q10-intensywny-szampon-odbudowujacy\/","url":"https:\/\/www.professional-haircare.it\/pl\/products\/treatments-pl\/hairgenie-pl\/hairgenie-q10-pl-2\/hairgenie-q10-intensywny-szampon-odbudowujacy\/","name":"Hairgenie Q10 | Intensywny szampon odbudowuj\u0105cy","isPartOf":{"@id":"https:\/\/professional-haircare.it\/#website"},"primaryImageOfPage":{"@id":"https:\/\/www.professional-haircare.it\/pl\/products\/treatments-pl\/hairgenie-pl\/hairgenie-q10-pl-2\/hairgenie-q10-intensywny-szampon-odbudowujacy\/#primaryimage"},"image":{"@id":"https:\/\/www.professional-haircare.it\/pl\/products\/treatments-pl\/hairgenie-pl\/hairgenie-q10-pl-2\/hairgenie-q10-intensywny-szampon-odbudowujacy\/#primaryimage"},"thumbnailUrl":"https:\/\/www.professional-haircare.it\/wp-content\/uploads\/2021\/05\/12047_professional_hairgenie_q10_intensive_rebuilding_shampoo_1000ml.png","datePublished":"2016-03-30T13:46:15+00:00","dateModified":"2022-02-01T11:23:42+00:00","description":"Nowy intensywny szampon odbudowuj\u0105cy Hairgenie Q10 \u00a0to pierwszy krok w rewolucyjnej kuracji odbudowuj\u0105cej Professional.","breadcrumb":{"@id":"https:\/\/www.professional-haircare.it\/pl\/products\/treatments-pl\/hairgenie-pl\/hairgenie-q10-pl-2\/hairgenie-q10-intensywny-szampon-odbudowujacy\/#breadcrumb"},"inLanguage":"pl-PL","potentialAction":[{"@type":"ReadAction","target":["https:\/\/www.professional-haircare.it\/pl\/products\/treatments-pl\/hairgenie-pl\/hairgenie-q10-pl-2\/hairgenie-q10-intensywny-szampon-odbudowujacy\/"]}]},{"@type":"ImageObject","inLanguage":"pl-PL","@id":"https:\/\/www.professional-haircare.it\/pl\/products\/treatments-pl\/hairgenie-pl\/hairgenie-q10-pl-2\/hairgenie-q10-intensywny-szampon-odbudowujacy\/#primaryimage","url":"https:\/\/www.professional-haircare.it\/wp-content\/uploads\/2021\/05\/12047_professional_hairgenie_q10_intensive_rebuilding_shampoo_1000ml.png","contentUrl":"https:\/\/www.professional-haircare.it\/wp-content\/uploads\/2021\/05\/12047_professional_hairgenie_q10_intensive_rebuilding_shampoo_1000ml.png","width":600,"height":600},{"@type":"BreadcrumbList","@id":"https:\/\/www.professional-haircare.it\/pl\/products\/treatments-pl\/hairgenie-pl\/hairgenie-q10-pl-2\/hairgenie-q10-intensywny-szampon-odbudowujacy\/#breadcrumb","itemListElement":[{"@type":"ListItem","position":1,"name":"Home","item":"https:\/\/professional-haircare.it\/pl\/"},{"@type":"ListItem","position":2,"name":"Sklep","item":"https:\/\/professional-haircare.it\/pl\/sklep\/"},{"@type":"ListItem","position":3,"name":"Hairgenie Q10 | Intensywny szampon odbudowuj\u0105cy"}]},{"@type":"WebSite","@id":"https:\/\/professional-haircare.it\/#website","url":"https:\/\/professional-haircare.it\/","name":"Professional Hair Care","description":"Hair Quality Solutions","potentialAction":[{"@type":"SearchAction","target":{"@type":"EntryPoint","urlTemplate":"https:\/\/professional-haircare.it\/?s={search_term_string}"},"query-input":{"@type":"PropertyValueSpecification","valueRequired":true,"valueName":"search_term_string"}}],"inLanguage":"pl-PL"}]}},"_links":{"self":[{"href":"https:\/\/www.professional-haircare.it\/pl\/wp-json\/wp\/v2\/product\/2552","targetHints":{"allow":["GET"]}}],"collection":[{"href":"https:\/\/www.professional-haircare.it\/pl\/wp-json\/wp\/v2\/product"}],"about":[{"href":"https:\/\/www.professional-haircare.it\/pl\/wp-json\/wp\/v2\/types\/product"}],"replies":[{"embeddable":true,"href":"https:\/\/www.professional-haircare.it\/pl\/wp-json\/wp\/v2\/comments?post=2552"}],"wp:featuredmedia":[{"embeddable":true,"href":"https:\/\/www.professional-haircare.it\/pl\/wp-json\/wp\/v2\/media\/2228"}],"wp:attachment":[{"href":"https:\/\/www.professional-haircare.it\/pl\/wp-json\/wp\/v2\/media?parent=2552"}],"wp:term":[{"taxonomy":"product_brand","embeddable":true,"href":"https:\/\/www.professional-haircare.it\/pl\/wp-json\/wp\/v2\/product_brand?post=2552"},{"taxonomy":"product_cat","embeddable":true,"href":"https:\/\/www.professional-haircare.it\/pl\/wp-json\/wp\/v2\/product_cat?post=2552"},{"taxonomy":"product_tag","embeddable":true,"href":"https:\/\/www.professional-haircare.it\/pl\/wp-json\/wp\/v2\/product_tag?post=2552"}],"curies":[{"name":"wp","href":"https:\/\/api.w.org\/{rel}","templated":true}]}}