{"id":2550,"date":"2015-06-29T16:56:00","date_gmt":"2015-06-29T14:56:00","guid":{"rendered":"https:\/\/www.professional-haircare.it\/products\/bez-kategorii\/easy-energy-balsam-przeciw-wypadaniu-wlosow\/"},"modified":"2022-02-01T11:56:44","modified_gmt":"2022-02-01T10:56:44","slug":"easy-energy-balsam-przeciw-wypadaniu-wlosow","status":"publish","type":"product","link":"https:\/\/www.professional-haircare.it\/pl\/products\/treatments-pl\/easy-energy-pl\/easy-energy-balsam-przeciw-wypadaniu-wlosow\/","title":{"rendered":"Easy Energy | Balsam przeciw wypadaniu w\u0142os\u00f3w"},"content":{"rendered":"","protected":false},"excerpt":{"rendered":"<p><span style=\"font-weight: 400;\">Balsam Easy Energy to kuracja w ampu\u0142kach przeznaczona do przedwcze\u015bnie wypadaj\u0105cych w\u0142os\u00f3w. Dzi\u0119ki <\/span><b>kombinacji sk\u0142adnik\u00f3w aktywnych<\/b><span style=\"font-weight: 400;\"> i <\/span><b>kompleksu witamin<\/b><span style=\"font-weight: 400;\"> balsam poprawia mikrokr\u0105\u017cenie i stymuluje aktywno\u015b\u0107 cebulek w\u0142osowych.\u00a0<\/span><\/p>\n<p><span style=\"font-weight: 400;\">Do u\u017cytku profesjonalnego<\/span><\/p>\n<p><span style=\"font-weight: 400;\">Pude\u0142ko 10 ampu\u0142ek po jednej dawce o poj. 8 ml<\/span><\/p>\n","protected":false},"featured_media":4152,"comment_status":"closed","ping_status":"closed","template":"","meta":[],"product_brand":[],"product_cat":[296,294],"product_tag":[],"class_list":{"0":"post-2550","1":"product","2":"type-product","3":"status-publish","4":"has-post-thumbnail","6":"product_cat-easy-energy-pl","7":"product_cat-treatments-pl","9":"first","10":"instock","11":"shipping-taxable","12":"product-type-simple"},"yoast_head":"<!-- This site is optimized with the Yoast SEO plugin v26.8 - https:\/\/yoast.com\/product\/yoast-seo-wordpress\/ -->\n<title>Easy Energy | Balsam przeciw wypadaniu w\u0142os\u00f3w<\/title>\n<meta name=\"description\" content=\"Balsam Easy Energy to kuracja w ampu\u0142kach przeznaczona do przedwcze\u015bnie wypadaj\u0105cych w\u0142os\u00f3w.\" \/>\n<meta name=\"robots\" content=\"index, follow, max-snippet:-1, max-image-preview:large, max-video-preview:-1\" \/>\n<link rel=\"canonical\" href=\"https:\/\/www.professional-haircare.it\/pl\/products\/treatments-pl\/easy-energy-pl\/easy-energy-balsam-przeciw-wypadaniu-wlosow\/\" \/>\n<meta property=\"og:locale\" content=\"pl_PL\" \/>\n<meta property=\"og:type\" content=\"article\" \/>\n<meta property=\"og:title\" content=\"Easy Energy | Balsam przeciw wypadaniu w\u0142os\u00f3w\" \/>\n<meta property=\"og:description\" content=\"Balsam Easy Energy to kuracja w ampu\u0142kach przeznaczona do przedwcze\u015bnie wypadaj\u0105cych w\u0142os\u00f3w.\" \/>\n<meta property=\"og:url\" content=\"https:\/\/www.professional-haircare.it\/pl\/products\/treatments-pl\/easy-energy-pl\/easy-energy-balsam-przeciw-wypadaniu-wlosow\/\" \/>\n<meta property=\"og:site_name\" content=\"Professional Hair Care\" \/>\n<meta property=\"article:modified_time\" content=\"2022-02-01T10:56:44+00:00\" \/>\n<meta property=\"og:image\" content=\"https:\/\/professional-haircare.it\/wp-content\/uploads\/2015\/06\/professional_easy_energy_fiale.png\" \/>\n\t<meta property=\"og:image:width\" content=\"500\" \/>\n\t<meta property=\"og:image:height\" content=\"500\" \/>\n\t<meta property=\"og:image:type\" content=\"image\/png\" \/>\n<meta name=\"twitter:card\" content=\"summary_large_image\" \/>\n<script type=\"application\/ld+json\" class=\"yoast-schema-graph\">{\"@context\":\"https:\/\/schema.org\",\"@graph\":[{\"@type\":\"WebPage\",\"@id\":\"https:\/\/www.professional-haircare.it\/pl\/products\/treatments-pl\/easy-energy-pl\/easy-energy-balsam-przeciw-wypadaniu-wlosow\/\",\"url\":\"https:\/\/www.professional-haircare.it\/pl\/products\/treatments-pl\/easy-energy-pl\/easy-energy-balsam-przeciw-wypadaniu-wlosow\/\",\"name\":\"Easy Energy | Balsam przeciw wypadaniu w\u0142os\u00f3w\",\"isPartOf\":{\"@id\":\"https:\/\/professional-haircare.it\/#website\"},\"primaryImageOfPage\":{\"@id\":\"https:\/\/www.professional-haircare.it\/pl\/products\/treatments-pl\/easy-energy-pl\/easy-energy-balsam-przeciw-wypadaniu-wlosow\/#primaryimage\"},\"image\":{\"@id\":\"https:\/\/www.professional-haircare.it\/pl\/products\/treatments-pl\/easy-energy-pl\/easy-energy-balsam-przeciw-wypadaniu-wlosow\/#primaryimage\"},\"thumbnailUrl\":\"https:\/\/www.professional-haircare.it\/wp-content\/uploads\/2015\/06\/12035_professional_easy_energy_treatments_vials.png\",\"datePublished\":\"2015-06-29T14:56:00+00:00\",\"dateModified\":\"2022-02-01T10:56:44+00:00\",\"description\":\"Balsam Easy Energy to kuracja w ampu\u0142kach przeznaczona do przedwcze\u015bnie wypadaj\u0105cych w\u0142os\u00f3w.\",\"breadcrumb\":{\"@id\":\"https:\/\/www.professional-haircare.it\/pl\/products\/treatments-pl\/easy-energy-pl\/easy-energy-balsam-przeciw-wypadaniu-wlosow\/#breadcrumb\"},\"inLanguage\":\"pl-PL\",\"potentialAction\":[{\"@type\":\"ReadAction\",\"target\":[\"https:\/\/www.professional-haircare.it\/pl\/products\/treatments-pl\/easy-energy-pl\/easy-energy-balsam-przeciw-wypadaniu-wlosow\/\"]}]},{\"@type\":\"ImageObject\",\"inLanguage\":\"pl-PL\",\"@id\":\"https:\/\/www.professional-haircare.it\/pl\/products\/treatments-pl\/easy-energy-pl\/easy-energy-balsam-przeciw-wypadaniu-wlosow\/#primaryimage\",\"url\":\"https:\/\/www.professional-haircare.it\/wp-content\/uploads\/2015\/06\/12035_professional_easy_energy_treatments_vials.png\",\"contentUrl\":\"https:\/\/www.professional-haircare.it\/wp-content\/uploads\/2015\/06\/12035_professional_easy_energy_treatments_vials.png\",\"width\":600,\"height\":600,\"caption\":\"professional_easy_energy_lozione_prevenzione_caduta\"},{\"@type\":\"BreadcrumbList\",\"@id\":\"https:\/\/www.professional-haircare.it\/pl\/products\/treatments-pl\/easy-energy-pl\/easy-energy-balsam-przeciw-wypadaniu-wlosow\/#breadcrumb\",\"itemListElement\":[{\"@type\":\"ListItem\",\"position\":1,\"name\":\"Home\",\"item\":\"https:\/\/professional-haircare.it\/pl\/\"},{\"@type\":\"ListItem\",\"position\":2,\"name\":\"Sklep\",\"item\":\"https:\/\/professional-haircare.it\/pl\/sklep\/\"},{\"@type\":\"ListItem\",\"position\":3,\"name\":\"Easy Energy | Balsam przeciw wypadaniu w\u0142os\u00f3w\"}]},{\"@type\":\"WebSite\",\"@id\":\"https:\/\/professional-haircare.it\/#website\",\"url\":\"https:\/\/professional-haircare.it\/\",\"name\":\"Professional Hair Care\",\"description\":\"Hair Quality Solutions\",\"potentialAction\":[{\"@type\":\"SearchAction\",\"target\":{\"@type\":\"EntryPoint\",\"urlTemplate\":\"https:\/\/professional-haircare.it\/?s={search_term_string}\"},\"query-input\":{\"@type\":\"PropertyValueSpecification\",\"valueRequired\":true,\"valueName\":\"search_term_string\"}}],\"inLanguage\":\"pl-PL\"}]}<\/script>\n<!-- \/ Yoast SEO plugin. -->","yoast_head_json":{"title":"Easy Energy | Balsam przeciw wypadaniu w\u0142os\u00f3w","description":"Balsam Easy Energy to kuracja w ampu\u0142kach przeznaczona do przedwcze\u015bnie wypadaj\u0105cych w\u0142os\u00f3w.","robots":{"index":"index","follow":"follow","max-snippet":"max-snippet:-1","max-image-preview":"max-image-preview:large","max-video-preview":"max-video-preview:-1"},"canonical":"https:\/\/www.professional-haircare.it\/pl\/products\/treatments-pl\/easy-energy-pl\/easy-energy-balsam-przeciw-wypadaniu-wlosow\/","og_locale":"pl_PL","og_type":"article","og_title":"Easy Energy | Balsam przeciw wypadaniu w\u0142os\u00f3w","og_description":"Balsam Easy Energy to kuracja w ampu\u0142kach przeznaczona do przedwcze\u015bnie wypadaj\u0105cych w\u0142os\u00f3w.","og_url":"https:\/\/www.professional-haircare.it\/pl\/products\/treatments-pl\/easy-energy-pl\/easy-energy-balsam-przeciw-wypadaniu-wlosow\/","og_site_name":"Professional Hair Care","article_modified_time":"2022-02-01T10:56:44+00:00","og_image":[{"width":500,"height":500,"url":"https:\/\/professional-haircare.it\/wp-content\/uploads\/2015\/06\/professional_easy_energy_fiale.png","type":"image\/png"}],"twitter_card":"summary_large_image","schema":{"@context":"https:\/\/schema.org","@graph":[{"@type":"WebPage","@id":"https:\/\/www.professional-haircare.it\/pl\/products\/treatments-pl\/easy-energy-pl\/easy-energy-balsam-przeciw-wypadaniu-wlosow\/","url":"https:\/\/www.professional-haircare.it\/pl\/products\/treatments-pl\/easy-energy-pl\/easy-energy-balsam-przeciw-wypadaniu-wlosow\/","name":"Easy Energy | Balsam przeciw wypadaniu w\u0142os\u00f3w","isPartOf":{"@id":"https:\/\/professional-haircare.it\/#website"},"primaryImageOfPage":{"@id":"https:\/\/www.professional-haircare.it\/pl\/products\/treatments-pl\/easy-energy-pl\/easy-energy-balsam-przeciw-wypadaniu-wlosow\/#primaryimage"},"image":{"@id":"https:\/\/www.professional-haircare.it\/pl\/products\/treatments-pl\/easy-energy-pl\/easy-energy-balsam-przeciw-wypadaniu-wlosow\/#primaryimage"},"thumbnailUrl":"https:\/\/www.professional-haircare.it\/wp-content\/uploads\/2015\/06\/12035_professional_easy_energy_treatments_vials.png","datePublished":"2015-06-29T14:56:00+00:00","dateModified":"2022-02-01T10:56:44+00:00","description":"Balsam Easy Energy to kuracja w ampu\u0142kach przeznaczona do przedwcze\u015bnie wypadaj\u0105cych w\u0142os\u00f3w.","breadcrumb":{"@id":"https:\/\/www.professional-haircare.it\/pl\/products\/treatments-pl\/easy-energy-pl\/easy-energy-balsam-przeciw-wypadaniu-wlosow\/#breadcrumb"},"inLanguage":"pl-PL","potentialAction":[{"@type":"ReadAction","target":["https:\/\/www.professional-haircare.it\/pl\/products\/treatments-pl\/easy-energy-pl\/easy-energy-balsam-przeciw-wypadaniu-wlosow\/"]}]},{"@type":"ImageObject","inLanguage":"pl-PL","@id":"https:\/\/www.professional-haircare.it\/pl\/products\/treatments-pl\/easy-energy-pl\/easy-energy-balsam-przeciw-wypadaniu-wlosow\/#primaryimage","url":"https:\/\/www.professional-haircare.it\/wp-content\/uploads\/2015\/06\/12035_professional_easy_energy_treatments_vials.png","contentUrl":"https:\/\/www.professional-haircare.it\/wp-content\/uploads\/2015\/06\/12035_professional_easy_energy_treatments_vials.png","width":600,"height":600,"caption":"professional_easy_energy_lozione_prevenzione_caduta"},{"@type":"BreadcrumbList","@id":"https:\/\/www.professional-haircare.it\/pl\/products\/treatments-pl\/easy-energy-pl\/easy-energy-balsam-przeciw-wypadaniu-wlosow\/#breadcrumb","itemListElement":[{"@type":"ListItem","position":1,"name":"Home","item":"https:\/\/professional-haircare.it\/pl\/"},{"@type":"ListItem","position":2,"name":"Sklep","item":"https:\/\/professional-haircare.it\/pl\/sklep\/"},{"@type":"ListItem","position":3,"name":"Easy Energy | Balsam przeciw wypadaniu w\u0142os\u00f3w"}]},{"@type":"WebSite","@id":"https:\/\/professional-haircare.it\/#website","url":"https:\/\/professional-haircare.it\/","name":"Professional Hair Care","description":"Hair Quality Solutions","potentialAction":[{"@type":"SearchAction","target":{"@type":"EntryPoint","urlTemplate":"https:\/\/professional-haircare.it\/?s={search_term_string}"},"query-input":{"@type":"PropertyValueSpecification","valueRequired":true,"valueName":"search_term_string"}}],"inLanguage":"pl-PL"}]}},"_links":{"self":[{"href":"https:\/\/www.professional-haircare.it\/pl\/wp-json\/wp\/v2\/product\/2550","targetHints":{"allow":["GET"]}}],"collection":[{"href":"https:\/\/www.professional-haircare.it\/pl\/wp-json\/wp\/v2\/product"}],"about":[{"href":"https:\/\/www.professional-haircare.it\/pl\/wp-json\/wp\/v2\/types\/product"}],"replies":[{"embeddable":true,"href":"https:\/\/www.professional-haircare.it\/pl\/wp-json\/wp\/v2\/comments?post=2550"}],"wp:featuredmedia":[{"embeddable":true,"href":"https:\/\/www.professional-haircare.it\/pl\/wp-json\/wp\/v2\/media\/4152"}],"wp:attachment":[{"href":"https:\/\/www.professional-haircare.it\/pl\/wp-json\/wp\/v2\/media?parent=2550"}],"wp:term":[{"taxonomy":"product_brand","embeddable":true,"href":"https:\/\/www.professional-haircare.it\/pl\/wp-json\/wp\/v2\/product_brand?post=2550"},{"taxonomy":"product_cat","embeddable":true,"href":"https:\/\/www.professional-haircare.it\/pl\/wp-json\/wp\/v2\/product_cat?post=2550"},{"taxonomy":"product_tag","embeddable":true,"href":"https:\/\/www.professional-haircare.it\/pl\/wp-json\/wp\/v2\/product_tag?post=2550"}],"curies":[{"name":"wp","href":"https:\/\/api.w.org\/{rel}","templated":true}]}}