{"id":2549,"date":"2015-06-29T16:43:14","date_gmt":"2015-06-29T14:43:14","guid":{"rendered":"https:\/\/www.professional-haircare.it\/products\/bez-kategorii\/easy-balance-szampon-dwufunkcyjny-2\/"},"modified":"2022-02-01T11:52:54","modified_gmt":"2022-02-01T10:52:54","slug":"easy-balance-szampon-dwufunkcyjny-2","status":"publish","type":"product","link":"https:\/\/www.professional-haircare.it\/pl\/products\/treatments-pl\/easy-balance-pl\/easy-balance-szampon-dwufunkcyjny-2\/","title":{"rendered":"Easy Balance | Szampon dwufunkcyjny"},"content":{"rendered":"","protected":false},"excerpt":{"rendered":"<p><span style=\"font-weight: 400;\">Easy Balance Szampon dwufunkcyjny do <\/span><b>w\u0142os\u00f3w przet\u0142uszczaj\u0105cych si\u0119 i z \u0142upie\u017cem<\/b><span style=\"font-weight: 400;\"> oraz z przesuszonymi ko\u0144c\u00f3wkami. Sprzyja ca\u0142kowitemu oczyszczeniu sk\u00f3ry g\u0142owy i <\/span><b>usuwa nadmierny \u0142upie\u017c <\/b><span style=\"font-weight: 400;\">. U\u0142atwia przywr\u00f3cenie prawid\u0142owego poziomu kwasowo\u015bci w sk\u00f3rze, normalizuj\u0105c wydzielanie sebum. D\u0142ugotrwa\u0142a dobra kondycja w\u0142os\u00f3w dzi\u0119ki praktycznemu formatowi o poj. 1 litra. <\/span><b>Bez paraben\u00f3w.<\/b><\/p>\n<p><span style=\"font-weight: 400;\">Do u\u017cytku profesjonalnego\u00a0<\/span><\/p>\n<p><span style=\"font-weight: 400;\">Flakon o pojemno\u015bci 1000 ml<\/span><\/p>\n","protected":false},"featured_media":6948,"comment_status":"closed","ping_status":"closed","template":"","meta":[],"product_brand":[],"product_cat":[295,294],"product_tag":[],"class_list":{"0":"post-2549","1":"product","2":"type-product","3":"status-publish","4":"has-post-thumbnail","6":"product_cat-easy-balance-pl","7":"product_cat-treatments-pl","9":"first","10":"instock","11":"shipping-taxable","12":"product-type-simple"},"yoast_head":"<!-- This site is optimized with the Yoast SEO plugin v26.8 - https:\/\/yoast.com\/product\/yoast-seo-wordpress\/ -->\n<title>Easy Balance | Szampon dwufunkcyjny<\/title>\n<meta name=\"description\" content=\"Easy Balance Szampon dwufunkcyjny do w\u0142os\u00f3w przet\u0142uszczaj\u0105cych si\u0119 i z \u0142upie\u017cem oraz z przesuszonymi ko\u0144c\u00f3wkami.\" \/>\n<meta name=\"robots\" content=\"index, follow, max-snippet:-1, max-image-preview:large, max-video-preview:-1\" \/>\n<link rel=\"canonical\" href=\"https:\/\/www.professional-haircare.it\/pl\/products\/treatments-pl\/easy-balance-pl\/easy-balance-szampon-dwufunkcyjny-2\/\" \/>\n<meta property=\"og:locale\" content=\"pl_PL\" \/>\n<meta property=\"og:type\" content=\"article\" \/>\n<meta property=\"og:title\" content=\"Easy Balance | Szampon dwufunkcyjny\" \/>\n<meta property=\"og:description\" content=\"Easy Balance Szampon dwufunkcyjny do w\u0142os\u00f3w przet\u0142uszczaj\u0105cych si\u0119 i z \u0142upie\u017cem oraz z przesuszonymi ko\u0144c\u00f3wkami.\" \/>\n<meta property=\"og:url\" content=\"https:\/\/www.professional-haircare.it\/pl\/products\/treatments-pl\/easy-balance-pl\/easy-balance-szampon-dwufunkcyjny-2\/\" \/>\n<meta property=\"og:site_name\" content=\"Professional Hair Care\" \/>\n<meta property=\"article:modified_time\" content=\"2022-02-01T10:52:54+00:00\" \/>\n<meta property=\"og:image\" content=\"https:\/\/professional-haircare.it\/wp-content\/uploads\/2018\/05\/professional_easy_balance_shampoo_1000ml.png\" \/>\n\t<meta property=\"og:image:width\" content=\"600\" \/>\n\t<meta property=\"og:image:height\" content=\"600\" \/>\n\t<meta property=\"og:image:type\" content=\"image\/png\" \/>\n<meta name=\"twitter:card\" content=\"summary_large_image\" \/>\n<script type=\"application\/ld+json\" class=\"yoast-schema-graph\">{\"@context\":\"https:\/\/schema.org\",\"@graph\":[{\"@type\":\"WebPage\",\"@id\":\"https:\/\/www.professional-haircare.it\/pl\/products\/treatments-pl\/easy-balance-pl\/easy-balance-szampon-dwufunkcyjny-2\/\",\"url\":\"https:\/\/www.professional-haircare.it\/pl\/products\/treatments-pl\/easy-balance-pl\/easy-balance-szampon-dwufunkcyjny-2\/\",\"name\":\"Easy Balance | Szampon dwufunkcyjny\",\"isPartOf\":{\"@id\":\"https:\/\/professional-haircare.it\/#website\"},\"primaryImageOfPage\":{\"@id\":\"https:\/\/www.professional-haircare.it\/pl\/products\/treatments-pl\/easy-balance-pl\/easy-balance-szampon-dwufunkcyjny-2\/#primaryimage\"},\"image\":{\"@id\":\"https:\/\/www.professional-haircare.it\/pl\/products\/treatments-pl\/easy-balance-pl\/easy-balance-szampon-dwufunkcyjny-2\/#primaryimage\"},\"thumbnailUrl\":\"https:\/\/www.professional-haircare.it\/wp-content\/uploads\/2015\/06\/12022_professional_easy_balance_shampoo_1000ml-copia.png\",\"datePublished\":\"2015-06-29T14:43:14+00:00\",\"dateModified\":\"2022-02-01T10:52:54+00:00\",\"description\":\"Easy Balance Szampon dwufunkcyjny do w\u0142os\u00f3w przet\u0142uszczaj\u0105cych si\u0119 i z \u0142upie\u017cem oraz z przesuszonymi ko\u0144c\u00f3wkami.\",\"breadcrumb\":{\"@id\":\"https:\/\/www.professional-haircare.it\/pl\/products\/treatments-pl\/easy-balance-pl\/easy-balance-szampon-dwufunkcyjny-2\/#breadcrumb\"},\"inLanguage\":\"pl-PL\",\"potentialAction\":[{\"@type\":\"ReadAction\",\"target\":[\"https:\/\/www.professional-haircare.it\/pl\/products\/treatments-pl\/easy-balance-pl\/easy-balance-szampon-dwufunkcyjny-2\/\"]}]},{\"@type\":\"ImageObject\",\"inLanguage\":\"pl-PL\",\"@id\":\"https:\/\/www.professional-haircare.it\/pl\/products\/treatments-pl\/easy-balance-pl\/easy-balance-szampon-dwufunkcyjny-2\/#primaryimage\",\"url\":\"https:\/\/www.professional-haircare.it\/wp-content\/uploads\/2015\/06\/12022_professional_easy_balance_shampoo_1000ml-copia.png\",\"contentUrl\":\"https:\/\/www.professional-haircare.it\/wp-content\/uploads\/2015\/06\/12022_professional_easy_balance_shampoo_1000ml-copia.png\",\"width\":3000,\"height\":3000},{\"@type\":\"BreadcrumbList\",\"@id\":\"https:\/\/www.professional-haircare.it\/pl\/products\/treatments-pl\/easy-balance-pl\/easy-balance-szampon-dwufunkcyjny-2\/#breadcrumb\",\"itemListElement\":[{\"@type\":\"ListItem\",\"position\":1,\"name\":\"Home\",\"item\":\"https:\/\/professional-haircare.it\/pl\/\"},{\"@type\":\"ListItem\",\"position\":2,\"name\":\"Sklep\",\"item\":\"https:\/\/professional-haircare.it\/pl\/sklep\/\"},{\"@type\":\"ListItem\",\"position\":3,\"name\":\"Easy Balance | Szampon dwufunkcyjny\"}]},{\"@type\":\"WebSite\",\"@id\":\"https:\/\/professional-haircare.it\/#website\",\"url\":\"https:\/\/professional-haircare.it\/\",\"name\":\"Professional Hair Care\",\"description\":\"Hair Quality Solutions\",\"potentialAction\":[{\"@type\":\"SearchAction\",\"target\":{\"@type\":\"EntryPoint\",\"urlTemplate\":\"https:\/\/professional-haircare.it\/?s={search_term_string}\"},\"query-input\":{\"@type\":\"PropertyValueSpecification\",\"valueRequired\":true,\"valueName\":\"search_term_string\"}}],\"inLanguage\":\"pl-PL\"}]}<\/script>\n<!-- \/ Yoast SEO plugin. -->","yoast_head_json":{"title":"Easy Balance | Szampon dwufunkcyjny","description":"Easy Balance Szampon dwufunkcyjny do w\u0142os\u00f3w przet\u0142uszczaj\u0105cych si\u0119 i z \u0142upie\u017cem oraz z przesuszonymi ko\u0144c\u00f3wkami.","robots":{"index":"index","follow":"follow","max-snippet":"max-snippet:-1","max-image-preview":"max-image-preview:large","max-video-preview":"max-video-preview:-1"},"canonical":"https:\/\/www.professional-haircare.it\/pl\/products\/treatments-pl\/easy-balance-pl\/easy-balance-szampon-dwufunkcyjny-2\/","og_locale":"pl_PL","og_type":"article","og_title":"Easy Balance | Szampon dwufunkcyjny","og_description":"Easy Balance Szampon dwufunkcyjny do w\u0142os\u00f3w przet\u0142uszczaj\u0105cych si\u0119 i z \u0142upie\u017cem oraz z przesuszonymi ko\u0144c\u00f3wkami.","og_url":"https:\/\/www.professional-haircare.it\/pl\/products\/treatments-pl\/easy-balance-pl\/easy-balance-szampon-dwufunkcyjny-2\/","og_site_name":"Professional Hair Care","article_modified_time":"2022-02-01T10:52:54+00:00","og_image":[{"width":600,"height":600,"url":"https:\/\/professional-haircare.it\/wp-content\/uploads\/2018\/05\/professional_easy_balance_shampoo_1000ml.png","type":"image\/png"}],"twitter_card":"summary_large_image","schema":{"@context":"https:\/\/schema.org","@graph":[{"@type":"WebPage","@id":"https:\/\/www.professional-haircare.it\/pl\/products\/treatments-pl\/easy-balance-pl\/easy-balance-szampon-dwufunkcyjny-2\/","url":"https:\/\/www.professional-haircare.it\/pl\/products\/treatments-pl\/easy-balance-pl\/easy-balance-szampon-dwufunkcyjny-2\/","name":"Easy Balance | Szampon dwufunkcyjny","isPartOf":{"@id":"https:\/\/professional-haircare.it\/#website"},"primaryImageOfPage":{"@id":"https:\/\/www.professional-haircare.it\/pl\/products\/treatments-pl\/easy-balance-pl\/easy-balance-szampon-dwufunkcyjny-2\/#primaryimage"},"image":{"@id":"https:\/\/www.professional-haircare.it\/pl\/products\/treatments-pl\/easy-balance-pl\/easy-balance-szampon-dwufunkcyjny-2\/#primaryimage"},"thumbnailUrl":"https:\/\/www.professional-haircare.it\/wp-content\/uploads\/2015\/06\/12022_professional_easy_balance_shampoo_1000ml-copia.png","datePublished":"2015-06-29T14:43:14+00:00","dateModified":"2022-02-01T10:52:54+00:00","description":"Easy Balance Szampon dwufunkcyjny do w\u0142os\u00f3w przet\u0142uszczaj\u0105cych si\u0119 i z \u0142upie\u017cem oraz z przesuszonymi ko\u0144c\u00f3wkami.","breadcrumb":{"@id":"https:\/\/www.professional-haircare.it\/pl\/products\/treatments-pl\/easy-balance-pl\/easy-balance-szampon-dwufunkcyjny-2\/#breadcrumb"},"inLanguage":"pl-PL","potentialAction":[{"@type":"ReadAction","target":["https:\/\/www.professional-haircare.it\/pl\/products\/treatments-pl\/easy-balance-pl\/easy-balance-szampon-dwufunkcyjny-2\/"]}]},{"@type":"ImageObject","inLanguage":"pl-PL","@id":"https:\/\/www.professional-haircare.it\/pl\/products\/treatments-pl\/easy-balance-pl\/easy-balance-szampon-dwufunkcyjny-2\/#primaryimage","url":"https:\/\/www.professional-haircare.it\/wp-content\/uploads\/2015\/06\/12022_professional_easy_balance_shampoo_1000ml-copia.png","contentUrl":"https:\/\/www.professional-haircare.it\/wp-content\/uploads\/2015\/06\/12022_professional_easy_balance_shampoo_1000ml-copia.png","width":3000,"height":3000},{"@type":"BreadcrumbList","@id":"https:\/\/www.professional-haircare.it\/pl\/products\/treatments-pl\/easy-balance-pl\/easy-balance-szampon-dwufunkcyjny-2\/#breadcrumb","itemListElement":[{"@type":"ListItem","position":1,"name":"Home","item":"https:\/\/professional-haircare.it\/pl\/"},{"@type":"ListItem","position":2,"name":"Sklep","item":"https:\/\/professional-haircare.it\/pl\/sklep\/"},{"@type":"ListItem","position":3,"name":"Easy Balance | Szampon dwufunkcyjny"}]},{"@type":"WebSite","@id":"https:\/\/professional-haircare.it\/#website","url":"https:\/\/professional-haircare.it\/","name":"Professional Hair Care","description":"Hair Quality Solutions","potentialAction":[{"@type":"SearchAction","target":{"@type":"EntryPoint","urlTemplate":"https:\/\/professional-haircare.it\/?s={search_term_string}"},"query-input":{"@type":"PropertyValueSpecification","valueRequired":true,"valueName":"search_term_string"}}],"inLanguage":"pl-PL"}]}},"_links":{"self":[{"href":"https:\/\/www.professional-haircare.it\/pl\/wp-json\/wp\/v2\/product\/2549","targetHints":{"allow":["GET"]}}],"collection":[{"href":"https:\/\/www.professional-haircare.it\/pl\/wp-json\/wp\/v2\/product"}],"about":[{"href":"https:\/\/www.professional-haircare.it\/pl\/wp-json\/wp\/v2\/types\/product"}],"replies":[{"embeddable":true,"href":"https:\/\/www.professional-haircare.it\/pl\/wp-json\/wp\/v2\/comments?post=2549"}],"wp:featuredmedia":[{"embeddable":true,"href":"https:\/\/www.professional-haircare.it\/pl\/wp-json\/wp\/v2\/media\/6948"}],"wp:attachment":[{"href":"https:\/\/www.professional-haircare.it\/pl\/wp-json\/wp\/v2\/media?parent=2549"}],"wp:term":[{"taxonomy":"product_brand","embeddable":true,"href":"https:\/\/www.professional-haircare.it\/pl\/wp-json\/wp\/v2\/product_brand?post=2549"},{"taxonomy":"product_cat","embeddable":true,"href":"https:\/\/www.professional-haircare.it\/pl\/wp-json\/wp\/v2\/product_cat?post=2549"},{"taxonomy":"product_tag","embeddable":true,"href":"https:\/\/www.professional-haircare.it\/pl\/wp-json\/wp\/v2\/product_tag?post=2549"}],"curies":[{"name":"wp","href":"https:\/\/api.w.org\/{rel}","templated":true}]}}