{"id":2545,"date":"2015-06-30T15:20:54","date_gmt":"2015-06-30T13:20:54","guid":{"rendered":"https:\/\/www.professional-haircare.it\/products\/bez-kategorii\/c-cinque-vitality-intensywny-olejek-mineralizujacy-i-odbudowujacy\/"},"modified":"2022-02-01T11:32:00","modified_gmt":"2022-02-01T10:32:00","slug":"c-cinque-vitality-intensywny-olejek-mineralizujacy-i-odbudowujacy","status":"publish","type":"product","link":"https:\/\/www.professional-haircare.it\/pl\/products\/tecnici-pl\/c-cinque-pl\/c-cinque-vitality-intensywny-olejek-mineralizujacy-i-odbudowujacy\/","title":{"rendered":"C Cinque | Vitality \u2013 Intensywny olejek mineralizuj\u0105cy i odbudowuj\u0105cy"},"content":{"rendered":"","protected":false},"excerpt":{"rendered":"<p><b>C Cinque, Olejek mineralizuj\u0105cy<\/b><span style=\"font-weight: 400;\"> odbudowuje i od\u017cywia w\u0142osy, kt\u00f3re potrzebuj\u0105 regeneracji. Forma wzbogacona o <\/span><b>sole mineralne i pantenol<\/b><span style=\"font-weight: 400;\">, kt\u00f3re g\u0142\u0119boko rewitalizuj\u0105 w\u0142\u00f3kno w\u0142osa.<\/span><\/p>\n<p><span style=\"font-weight: 400;\">Do u\u017cytku profesjonalnego<\/span><\/p>\n<p><span style=\"font-weight: 400;\">Opakowane 12 ampu\u0142ek po 8 ml<\/span><\/p>\n","protected":false},"featured_media":6985,"comment_status":"closed","ping_status":"closed","template":"","meta":[],"product_brand":[],"product_cat":[291,289],"product_tag":[],"class_list":{"0":"post-2545","1":"product","2":"type-product","3":"status-publish","4":"has-post-thumbnail","6":"product_cat-c-cinque-pl","7":"product_cat-tecnici-pl","9":"first","10":"instock","11":"shipping-taxable","12":"product-type-simple"},"yoast_head":"<!-- This site is optimized with the Yoast SEO plugin v26.8 - https:\/\/yoast.com\/product\/yoast-seo-wordpress\/ -->\n<title>C Cinque | Olejek mineralizuj\u0105cy i odbudowuj\u0105cy<\/title>\n<meta name=\"description\" content=\"C Cinque, Olejek mineralizuj\u0105cy odbudowuje i od\u017cywia w\u0142osy, kt\u00f3re potrzebuj\u0105 regeneracji.\" \/>\n<meta name=\"robots\" content=\"index, follow, max-snippet:-1, max-image-preview:large, max-video-preview:-1\" \/>\n<link rel=\"canonical\" href=\"https:\/\/www.professional-haircare.it\/pl\/products\/tecnici-pl\/c-cinque-pl\/c-cinque-vitality-intensywny-olejek-mineralizujacy-i-odbudowujacy\/\" \/>\n<meta property=\"og:locale\" content=\"pl_PL\" \/>\n<meta property=\"og:type\" content=\"article\" \/>\n<meta property=\"og:title\" content=\"C Cinque | Olejek mineralizuj\u0105cy i odbudowuj\u0105cy\" \/>\n<meta property=\"og:description\" content=\"C Cinque, Olejek mineralizuj\u0105cy odbudowuje i od\u017cywia w\u0142osy, kt\u00f3re potrzebuj\u0105 regeneracji.\" \/>\n<meta property=\"og:url\" content=\"https:\/\/www.professional-haircare.it\/pl\/products\/tecnici-pl\/c-cinque-pl\/c-cinque-vitality-intensywny-olejek-mineralizujacy-i-odbudowujacy\/\" \/>\n<meta property=\"og:site_name\" content=\"Professional Hair Care\" \/>\n<meta property=\"article:modified_time\" content=\"2022-02-01T10:32:00+00:00\" \/>\n<meta property=\"og:image\" content=\"https:\/\/professional-haircare.it\/wp-content\/uploads\/2020\/08\/12038_professional_c_cinque_salon_vitality_mineralising_oil.png\" \/>\n\t<meta property=\"og:image:width\" content=\"600\" \/>\n\t<meta property=\"og:image:height\" content=\"600\" \/>\n\t<meta property=\"og:image:type\" content=\"image\/png\" \/>\n<meta name=\"twitter:card\" content=\"summary_large_image\" \/>\n<script type=\"application\/ld+json\" class=\"yoast-schema-graph\">{\"@context\":\"https:\/\/schema.org\",\"@graph\":[{\"@type\":\"WebPage\",\"@id\":\"https:\/\/www.professional-haircare.it\/pl\/products\/tecnici-pl\/c-cinque-pl\/c-cinque-vitality-intensywny-olejek-mineralizujacy-i-odbudowujacy\/\",\"url\":\"https:\/\/www.professional-haircare.it\/pl\/products\/tecnici-pl\/c-cinque-pl\/c-cinque-vitality-intensywny-olejek-mineralizujacy-i-odbudowujacy\/\",\"name\":\"C Cinque | Olejek mineralizuj\u0105cy i odbudowuj\u0105cy\",\"isPartOf\":{\"@id\":\"https:\/\/professional-haircare.it\/#website\"},\"primaryImageOfPage\":{\"@id\":\"https:\/\/www.professional-haircare.it\/pl\/products\/tecnici-pl\/c-cinque-pl\/c-cinque-vitality-intensywny-olejek-mineralizujacy-i-odbudowujacy\/#primaryimage\"},\"image\":{\"@id\":\"https:\/\/www.professional-haircare.it\/pl\/products\/tecnici-pl\/c-cinque-pl\/c-cinque-vitality-intensywny-olejek-mineralizujacy-i-odbudowujacy\/#primaryimage\"},\"thumbnailUrl\":\"https:\/\/www.professional-haircare.it\/wp-content\/uploads\/2025\/02\/12038_professional_c_cinque_salon_vitality_mineralising_oil.png\",\"datePublished\":\"2015-06-30T13:20:54+00:00\",\"dateModified\":\"2022-02-01T10:32:00+00:00\",\"description\":\"C Cinque, Olejek mineralizuj\u0105cy odbudowuje i od\u017cywia w\u0142osy, kt\u00f3re potrzebuj\u0105 regeneracji.\",\"breadcrumb\":{\"@id\":\"https:\/\/www.professional-haircare.it\/pl\/products\/tecnici-pl\/c-cinque-pl\/c-cinque-vitality-intensywny-olejek-mineralizujacy-i-odbudowujacy\/#breadcrumb\"},\"inLanguage\":\"pl-PL\",\"potentialAction\":[{\"@type\":\"ReadAction\",\"target\":[\"https:\/\/www.professional-haircare.it\/pl\/products\/tecnici-pl\/c-cinque-pl\/c-cinque-vitality-intensywny-olejek-mineralizujacy-i-odbudowujacy\/\"]}]},{\"@type\":\"ImageObject\",\"inLanguage\":\"pl-PL\",\"@id\":\"https:\/\/www.professional-haircare.it\/pl\/products\/tecnici-pl\/c-cinque-pl\/c-cinque-vitality-intensywny-olejek-mineralizujacy-i-odbudowujacy\/#primaryimage\",\"url\":\"https:\/\/www.professional-haircare.it\/wp-content\/uploads\/2025\/02\/12038_professional_c_cinque_salon_vitality_mineralising_oil.png\",\"contentUrl\":\"https:\/\/www.professional-haircare.it\/wp-content\/uploads\/2025\/02\/12038_professional_c_cinque_salon_vitality_mineralising_oil.png\",\"width\":800,\"height\":800},{\"@type\":\"BreadcrumbList\",\"@id\":\"https:\/\/www.professional-haircare.it\/pl\/products\/tecnici-pl\/c-cinque-pl\/c-cinque-vitality-intensywny-olejek-mineralizujacy-i-odbudowujacy\/#breadcrumb\",\"itemListElement\":[{\"@type\":\"ListItem\",\"position\":1,\"name\":\"Home\",\"item\":\"https:\/\/professional-haircare.it\/pl\/\"},{\"@type\":\"ListItem\",\"position\":2,\"name\":\"Sklep\",\"item\":\"https:\/\/professional-haircare.it\/pl\/sklep\/\"},{\"@type\":\"ListItem\",\"position\":3,\"name\":\"C Cinque | Vitality \u2013 Intensywny olejek mineralizuj\u0105cy i odbudowuj\u0105cy\"}]},{\"@type\":\"WebSite\",\"@id\":\"https:\/\/professional-haircare.it\/#website\",\"url\":\"https:\/\/professional-haircare.it\/\",\"name\":\"Professional Hair Care\",\"description\":\"Hair Quality Solutions\",\"potentialAction\":[{\"@type\":\"SearchAction\",\"target\":{\"@type\":\"EntryPoint\",\"urlTemplate\":\"https:\/\/professional-haircare.it\/?s={search_term_string}\"},\"query-input\":{\"@type\":\"PropertyValueSpecification\",\"valueRequired\":true,\"valueName\":\"search_term_string\"}}],\"inLanguage\":\"pl-PL\"}]}<\/script>\n<!-- \/ Yoast SEO plugin. -->","yoast_head_json":{"title":"C Cinque | Olejek mineralizuj\u0105cy i odbudowuj\u0105cy","description":"C Cinque, Olejek mineralizuj\u0105cy odbudowuje i od\u017cywia w\u0142osy, kt\u00f3re potrzebuj\u0105 regeneracji.","robots":{"index":"index","follow":"follow","max-snippet":"max-snippet:-1","max-image-preview":"max-image-preview:large","max-video-preview":"max-video-preview:-1"},"canonical":"https:\/\/www.professional-haircare.it\/pl\/products\/tecnici-pl\/c-cinque-pl\/c-cinque-vitality-intensywny-olejek-mineralizujacy-i-odbudowujacy\/","og_locale":"pl_PL","og_type":"article","og_title":"C Cinque | Olejek mineralizuj\u0105cy i odbudowuj\u0105cy","og_description":"C Cinque, Olejek mineralizuj\u0105cy odbudowuje i od\u017cywia w\u0142osy, kt\u00f3re potrzebuj\u0105 regeneracji.","og_url":"https:\/\/www.professional-haircare.it\/pl\/products\/tecnici-pl\/c-cinque-pl\/c-cinque-vitality-intensywny-olejek-mineralizujacy-i-odbudowujacy\/","og_site_name":"Professional Hair Care","article_modified_time":"2022-02-01T10:32:00+00:00","og_image":[{"width":600,"height":600,"url":"https:\/\/professional-haircare.it\/wp-content\/uploads\/2020\/08\/12038_professional_c_cinque_salon_vitality_mineralising_oil.png","type":"image\/png"}],"twitter_card":"summary_large_image","schema":{"@context":"https:\/\/schema.org","@graph":[{"@type":"WebPage","@id":"https:\/\/www.professional-haircare.it\/pl\/products\/tecnici-pl\/c-cinque-pl\/c-cinque-vitality-intensywny-olejek-mineralizujacy-i-odbudowujacy\/","url":"https:\/\/www.professional-haircare.it\/pl\/products\/tecnici-pl\/c-cinque-pl\/c-cinque-vitality-intensywny-olejek-mineralizujacy-i-odbudowujacy\/","name":"C Cinque | Olejek mineralizuj\u0105cy i odbudowuj\u0105cy","isPartOf":{"@id":"https:\/\/professional-haircare.it\/#website"},"primaryImageOfPage":{"@id":"https:\/\/www.professional-haircare.it\/pl\/products\/tecnici-pl\/c-cinque-pl\/c-cinque-vitality-intensywny-olejek-mineralizujacy-i-odbudowujacy\/#primaryimage"},"image":{"@id":"https:\/\/www.professional-haircare.it\/pl\/products\/tecnici-pl\/c-cinque-pl\/c-cinque-vitality-intensywny-olejek-mineralizujacy-i-odbudowujacy\/#primaryimage"},"thumbnailUrl":"https:\/\/www.professional-haircare.it\/wp-content\/uploads\/2025\/02\/12038_professional_c_cinque_salon_vitality_mineralising_oil.png","datePublished":"2015-06-30T13:20:54+00:00","dateModified":"2022-02-01T10:32:00+00:00","description":"C Cinque, Olejek mineralizuj\u0105cy odbudowuje i od\u017cywia w\u0142osy, kt\u00f3re potrzebuj\u0105 regeneracji.","breadcrumb":{"@id":"https:\/\/www.professional-haircare.it\/pl\/products\/tecnici-pl\/c-cinque-pl\/c-cinque-vitality-intensywny-olejek-mineralizujacy-i-odbudowujacy\/#breadcrumb"},"inLanguage":"pl-PL","potentialAction":[{"@type":"ReadAction","target":["https:\/\/www.professional-haircare.it\/pl\/products\/tecnici-pl\/c-cinque-pl\/c-cinque-vitality-intensywny-olejek-mineralizujacy-i-odbudowujacy\/"]}]},{"@type":"ImageObject","inLanguage":"pl-PL","@id":"https:\/\/www.professional-haircare.it\/pl\/products\/tecnici-pl\/c-cinque-pl\/c-cinque-vitality-intensywny-olejek-mineralizujacy-i-odbudowujacy\/#primaryimage","url":"https:\/\/www.professional-haircare.it\/wp-content\/uploads\/2025\/02\/12038_professional_c_cinque_salon_vitality_mineralising_oil.png","contentUrl":"https:\/\/www.professional-haircare.it\/wp-content\/uploads\/2025\/02\/12038_professional_c_cinque_salon_vitality_mineralising_oil.png","width":800,"height":800},{"@type":"BreadcrumbList","@id":"https:\/\/www.professional-haircare.it\/pl\/products\/tecnici-pl\/c-cinque-pl\/c-cinque-vitality-intensywny-olejek-mineralizujacy-i-odbudowujacy\/#breadcrumb","itemListElement":[{"@type":"ListItem","position":1,"name":"Home","item":"https:\/\/professional-haircare.it\/pl\/"},{"@type":"ListItem","position":2,"name":"Sklep","item":"https:\/\/professional-haircare.it\/pl\/sklep\/"},{"@type":"ListItem","position":3,"name":"C Cinque | Vitality \u2013 Intensywny olejek mineralizuj\u0105cy i odbudowuj\u0105cy"}]},{"@type":"WebSite","@id":"https:\/\/professional-haircare.it\/#website","url":"https:\/\/professional-haircare.it\/","name":"Professional Hair Care","description":"Hair Quality Solutions","potentialAction":[{"@type":"SearchAction","target":{"@type":"EntryPoint","urlTemplate":"https:\/\/professional-haircare.it\/?s={search_term_string}"},"query-input":{"@type":"PropertyValueSpecification","valueRequired":true,"valueName":"search_term_string"}}],"inLanguage":"pl-PL"}]}},"_links":{"self":[{"href":"https:\/\/www.professional-haircare.it\/pl\/wp-json\/wp\/v2\/product\/2545","targetHints":{"allow":["GET"]}}],"collection":[{"href":"https:\/\/www.professional-haircare.it\/pl\/wp-json\/wp\/v2\/product"}],"about":[{"href":"https:\/\/www.professional-haircare.it\/pl\/wp-json\/wp\/v2\/types\/product"}],"replies":[{"embeddable":true,"href":"https:\/\/www.professional-haircare.it\/pl\/wp-json\/wp\/v2\/comments?post=2545"}],"wp:featuredmedia":[{"embeddable":true,"href":"https:\/\/www.professional-haircare.it\/pl\/wp-json\/wp\/v2\/media\/6985"}],"wp:attachment":[{"href":"https:\/\/www.professional-haircare.it\/pl\/wp-json\/wp\/v2\/media?parent=2545"}],"wp:term":[{"taxonomy":"product_brand","embeddable":true,"href":"https:\/\/www.professional-haircare.it\/pl\/wp-json\/wp\/v2\/product_brand?post=2545"},{"taxonomy":"product_cat","embeddable":true,"href":"https:\/\/www.professional-haircare.it\/pl\/wp-json\/wp\/v2\/product_cat?post=2545"},{"taxonomy":"product_tag","embeddable":true,"href":"https:\/\/www.professional-haircare.it\/pl\/wp-json\/wp\/v2\/product_tag?post=2545"}],"curies":[{"name":"wp","href":"https:\/\/api.w.org\/{rel}","templated":true}]}}