{"id":2543,"date":"2015-06-30T16:06:52","date_gmt":"2015-06-30T14:06:52","guid":{"rendered":"https:\/\/www.professional-haircare.it\/products\/bez-kategorii\/professional-szampon-algi-morskie\/"},"modified":"2022-02-01T10:57:05","modified_gmt":"2022-02-01T09:57:05","slug":"professional-szampon-algi-morskie","status":"publish","type":"product","link":"https:\/\/www.professional-haircare.it\/pl\/products\/tecnici-pl\/salon-pl\/professional-szampon-algi-morskie\/","title":{"rendered":"Professional | Szampon Algi morskie"},"content":{"rendered":"","protected":false},"excerpt":{"rendered":"<p><b>Szampon Algi Morskie<\/b><span style=\"font-weight: 400;\"> delikatnie oczyszcza w\u0142osy i sk\u00f3r\u0119 g\u0142owy. Formu\u0142a wzbogacona o <\/span><b>sk\u0142adniki aktywne pochodz\u0105ce z alg morskich<\/b><span style=\"font-weight: 400;\"> rewitalizuje sk\u00f3r\u0119 g\u0142owy. Przeznaczony do w\u0142os\u00f3w normalnych. Praktyczny i korzystny format maxi.<\/span><\/p>\n<p><span style=\"font-weight: 400;\">Opakowanie o pojemno\u015bci 10 litr\u00f3w<\/span><\/p>\n","protected":false},"featured_media":4204,"comment_status":"closed","ping_status":"closed","template":"","meta":[],"product_brand":[],"product_cat":[292,289],"product_tag":[],"class_list":{"0":"post-2543","1":"product","2":"type-product","3":"status-publish","4":"has-post-thumbnail","6":"product_cat-salon-pl","7":"product_cat-tecnici-pl","9":"first","10":"instock","11":"shipping-taxable","12":"product-type-simple"},"yoast_head":"<!-- This site is optimized with the Yoast SEO plugin v26.8 - https:\/\/yoast.com\/product\/yoast-seo-wordpress\/ -->\n<title>Professional | Szampon Algi morskie<\/title>\n<meta name=\"description\" content=\"Szampon Algi Morskie delikatnie oczyszcza w\u0142osy i sk\u00f3r\u0119 g\u0142owy.\" \/>\n<meta name=\"robots\" content=\"index, follow, max-snippet:-1, max-image-preview:large, max-video-preview:-1\" \/>\n<link rel=\"canonical\" href=\"https:\/\/www.professional-haircare.it\/pl\/products\/tecnici-pl\/salon-pl\/professional-szampon-algi-morskie\/\" \/>\n<meta property=\"og:locale\" content=\"pl_PL\" \/>\n<meta property=\"og:type\" content=\"article\" \/>\n<meta property=\"og:title\" content=\"Professional | Szampon Algi morskie\" \/>\n<meta property=\"og:description\" content=\"Szampon Algi Morskie delikatnie oczyszcza w\u0142osy i sk\u00f3r\u0119 g\u0142owy.\" \/>\n<meta property=\"og:url\" content=\"https:\/\/www.professional-haircare.it\/pl\/products\/tecnici-pl\/salon-pl\/professional-szampon-algi-morskie\/\" \/>\n<meta property=\"og:site_name\" content=\"Professional Hair Care\" \/>\n<meta property=\"article:modified_time\" content=\"2022-02-01T09:57:05+00:00\" \/>\n<meta property=\"og:image\" content=\"https:\/\/professional-haircare.it\/wp-content\/uploads\/2015\/06\/normali_10_l_shampoo.png\" \/>\n\t<meta property=\"og:image:width\" content=\"600\" \/>\n\t<meta property=\"og:image:height\" content=\"600\" \/>\n\t<meta property=\"og:image:type\" content=\"image\/png\" \/>\n<meta name=\"twitter:card\" content=\"summary_large_image\" \/>\n<script type=\"application\/ld+json\" class=\"yoast-schema-graph\">{\"@context\":\"https:\/\/schema.org\",\"@graph\":[{\"@type\":\"WebPage\",\"@id\":\"https:\/\/www.professional-haircare.it\/pl\/products\/tecnici-pl\/salon-pl\/professional-szampon-algi-morskie\/\",\"url\":\"https:\/\/www.professional-haircare.it\/pl\/products\/tecnici-pl\/salon-pl\/professional-szampon-algi-morskie\/\",\"name\":\"Professional | Szampon Algi morskie\",\"isPartOf\":{\"@id\":\"https:\/\/professional-haircare.it\/#website\"},\"primaryImageOfPage\":{\"@id\":\"https:\/\/www.professional-haircare.it\/pl\/products\/tecnici-pl\/salon-pl\/professional-szampon-algi-morskie\/#primaryimage\"},\"image\":{\"@id\":\"https:\/\/www.professional-haircare.it\/pl\/products\/tecnici-pl\/salon-pl\/professional-szampon-algi-morskie\/#primaryimage\"},\"thumbnailUrl\":\"https:\/\/www.professional-haircare.it\/wp-content\/uploads\/2015\/06\/14003_professional_seaweed_shampoo_10lt.png\",\"datePublished\":\"2015-06-30T14:06:52+00:00\",\"dateModified\":\"2022-02-01T09:57:05+00:00\",\"description\":\"Szampon Algi Morskie delikatnie oczyszcza w\u0142osy i sk\u00f3r\u0119 g\u0142owy.\",\"breadcrumb\":{\"@id\":\"https:\/\/www.professional-haircare.it\/pl\/products\/tecnici-pl\/salon-pl\/professional-szampon-algi-morskie\/#breadcrumb\"},\"inLanguage\":\"pl-PL\",\"potentialAction\":[{\"@type\":\"ReadAction\",\"target\":[\"https:\/\/www.professional-haircare.it\/pl\/products\/tecnici-pl\/salon-pl\/professional-szampon-algi-morskie\/\"]}]},{\"@type\":\"ImageObject\",\"inLanguage\":\"pl-PL\",\"@id\":\"https:\/\/www.professional-haircare.it\/pl\/products\/tecnici-pl\/salon-pl\/professional-szampon-algi-morskie\/#primaryimage\",\"url\":\"https:\/\/www.professional-haircare.it\/wp-content\/uploads\/2015\/06\/14003_professional_seaweed_shampoo_10lt.png\",\"contentUrl\":\"https:\/\/www.professional-haircare.it\/wp-content\/uploads\/2015\/06\/14003_professional_seaweed_shampoo_10lt.png\",\"width\":600,\"height\":600},{\"@type\":\"BreadcrumbList\",\"@id\":\"https:\/\/www.professional-haircare.it\/pl\/products\/tecnici-pl\/salon-pl\/professional-szampon-algi-morskie\/#breadcrumb\",\"itemListElement\":[{\"@type\":\"ListItem\",\"position\":1,\"name\":\"Home\",\"item\":\"https:\/\/professional-haircare.it\/pl\/\"},{\"@type\":\"ListItem\",\"position\":2,\"name\":\"Sklep\",\"item\":\"https:\/\/professional-haircare.it\/pl\/sklep\/\"},{\"@type\":\"ListItem\",\"position\":3,\"name\":\"Professional | Szampon Algi morskie\"}]},{\"@type\":\"WebSite\",\"@id\":\"https:\/\/professional-haircare.it\/#website\",\"url\":\"https:\/\/professional-haircare.it\/\",\"name\":\"Professional Hair Care\",\"description\":\"Hair Quality Solutions\",\"potentialAction\":[{\"@type\":\"SearchAction\",\"target\":{\"@type\":\"EntryPoint\",\"urlTemplate\":\"https:\/\/professional-haircare.it\/?s={search_term_string}\"},\"query-input\":{\"@type\":\"PropertyValueSpecification\",\"valueRequired\":true,\"valueName\":\"search_term_string\"}}],\"inLanguage\":\"pl-PL\"}]}<\/script>\n<!-- \/ Yoast SEO plugin. -->","yoast_head_json":{"title":"Professional | Szampon Algi morskie","description":"Szampon Algi Morskie delikatnie oczyszcza w\u0142osy i sk\u00f3r\u0119 g\u0142owy.","robots":{"index":"index","follow":"follow","max-snippet":"max-snippet:-1","max-image-preview":"max-image-preview:large","max-video-preview":"max-video-preview:-1"},"canonical":"https:\/\/www.professional-haircare.it\/pl\/products\/tecnici-pl\/salon-pl\/professional-szampon-algi-morskie\/","og_locale":"pl_PL","og_type":"article","og_title":"Professional | Szampon Algi morskie","og_description":"Szampon Algi Morskie delikatnie oczyszcza w\u0142osy i sk\u00f3r\u0119 g\u0142owy.","og_url":"https:\/\/www.professional-haircare.it\/pl\/products\/tecnici-pl\/salon-pl\/professional-szampon-algi-morskie\/","og_site_name":"Professional Hair Care","article_modified_time":"2022-02-01T09:57:05+00:00","og_image":[{"width":600,"height":600,"url":"https:\/\/professional-haircare.it\/wp-content\/uploads\/2015\/06\/normali_10_l_shampoo.png","type":"image\/png"}],"twitter_card":"summary_large_image","schema":{"@context":"https:\/\/schema.org","@graph":[{"@type":"WebPage","@id":"https:\/\/www.professional-haircare.it\/pl\/products\/tecnici-pl\/salon-pl\/professional-szampon-algi-morskie\/","url":"https:\/\/www.professional-haircare.it\/pl\/products\/tecnici-pl\/salon-pl\/professional-szampon-algi-morskie\/","name":"Professional | Szampon Algi morskie","isPartOf":{"@id":"https:\/\/professional-haircare.it\/#website"},"primaryImageOfPage":{"@id":"https:\/\/www.professional-haircare.it\/pl\/products\/tecnici-pl\/salon-pl\/professional-szampon-algi-morskie\/#primaryimage"},"image":{"@id":"https:\/\/www.professional-haircare.it\/pl\/products\/tecnici-pl\/salon-pl\/professional-szampon-algi-morskie\/#primaryimage"},"thumbnailUrl":"https:\/\/www.professional-haircare.it\/wp-content\/uploads\/2015\/06\/14003_professional_seaweed_shampoo_10lt.png","datePublished":"2015-06-30T14:06:52+00:00","dateModified":"2022-02-01T09:57:05+00:00","description":"Szampon Algi Morskie delikatnie oczyszcza w\u0142osy i sk\u00f3r\u0119 g\u0142owy.","breadcrumb":{"@id":"https:\/\/www.professional-haircare.it\/pl\/products\/tecnici-pl\/salon-pl\/professional-szampon-algi-morskie\/#breadcrumb"},"inLanguage":"pl-PL","potentialAction":[{"@type":"ReadAction","target":["https:\/\/www.professional-haircare.it\/pl\/products\/tecnici-pl\/salon-pl\/professional-szampon-algi-morskie\/"]}]},{"@type":"ImageObject","inLanguage":"pl-PL","@id":"https:\/\/www.professional-haircare.it\/pl\/products\/tecnici-pl\/salon-pl\/professional-szampon-algi-morskie\/#primaryimage","url":"https:\/\/www.professional-haircare.it\/wp-content\/uploads\/2015\/06\/14003_professional_seaweed_shampoo_10lt.png","contentUrl":"https:\/\/www.professional-haircare.it\/wp-content\/uploads\/2015\/06\/14003_professional_seaweed_shampoo_10lt.png","width":600,"height":600},{"@type":"BreadcrumbList","@id":"https:\/\/www.professional-haircare.it\/pl\/products\/tecnici-pl\/salon-pl\/professional-szampon-algi-morskie\/#breadcrumb","itemListElement":[{"@type":"ListItem","position":1,"name":"Home","item":"https:\/\/professional-haircare.it\/pl\/"},{"@type":"ListItem","position":2,"name":"Sklep","item":"https:\/\/professional-haircare.it\/pl\/sklep\/"},{"@type":"ListItem","position":3,"name":"Professional | Szampon Algi morskie"}]},{"@type":"WebSite","@id":"https:\/\/professional-haircare.it\/#website","url":"https:\/\/professional-haircare.it\/","name":"Professional Hair Care","description":"Hair Quality Solutions","potentialAction":[{"@type":"SearchAction","target":{"@type":"EntryPoint","urlTemplate":"https:\/\/professional-haircare.it\/?s={search_term_string}"},"query-input":{"@type":"PropertyValueSpecification","valueRequired":true,"valueName":"search_term_string"}}],"inLanguage":"pl-PL"}]}},"_links":{"self":[{"href":"https:\/\/www.professional-haircare.it\/pl\/wp-json\/wp\/v2\/product\/2543","targetHints":{"allow":["GET"]}}],"collection":[{"href":"https:\/\/www.professional-haircare.it\/pl\/wp-json\/wp\/v2\/product"}],"about":[{"href":"https:\/\/www.professional-haircare.it\/pl\/wp-json\/wp\/v2\/types\/product"}],"replies":[{"embeddable":true,"href":"https:\/\/www.professional-haircare.it\/pl\/wp-json\/wp\/v2\/comments?post=2543"}],"wp:featuredmedia":[{"embeddable":true,"href":"https:\/\/www.professional-haircare.it\/pl\/wp-json\/wp\/v2\/media\/4204"}],"wp:attachment":[{"href":"https:\/\/www.professional-haircare.it\/pl\/wp-json\/wp\/v2\/media?parent=2543"}],"wp:term":[{"taxonomy":"product_brand","embeddable":true,"href":"https:\/\/www.professional-haircare.it\/pl\/wp-json\/wp\/v2\/product_brand?post=2543"},{"taxonomy":"product_cat","embeddable":true,"href":"https:\/\/www.professional-haircare.it\/pl\/wp-json\/wp\/v2\/product_cat?post=2543"},{"taxonomy":"product_tag","embeddable":true,"href":"https:\/\/www.professional-haircare.it\/pl\/wp-json\/wp\/v2\/product_tag?post=2543"}],"curies":[{"name":"wp","href":"https:\/\/api.w.org\/{rel}","templated":true}]}}