{"id":2539,"date":"2015-06-30T16:19:56","date_gmt":"2015-06-30T14:19:56","guid":{"rendered":"https:\/\/www.professional-haircare.it\/products\/bez-kategorii\/silver-szampon-przeciw-zoltym-refleksom\/"},"modified":"2024-05-24T10:30:22","modified_gmt":"2024-05-24T08:30:22","slug":"silver-szampon-przeciw-zoltym-refleksom","status":"publish","type":"product","link":"https:\/\/www.professional-haircare.it\/pl\/products\/tecnici-pl\/bleaching-pl\/silver-szampon-przeciw-zoltym-refleksom\/","title":{"rendered":"Blond Vit | Szampon przeciw \u017c\u00f3\u0142tym refleksom"},"content":{"rendered":"","protected":false},"excerpt":{"rendered":"<p><b>Szampon przeciw \u017c\u00f3\u0142tym refleksom<\/b><span style=\"font-weight: 400;\"> eliminuje \u017c\u00f3\u0142te refleksy i <\/span><b>przywraca blask w\u0142osom siwym<\/b><span style=\"font-weight: 400;\">, rozja\u015bnianym i z pasemkami. Delikatnie myje, sprawiaj\u0105c, \u017ce w\u0142osy s\u0105 mi\u0119kkie i l\u015bni\u0105ce.<\/span><\/p>\n<p><span style=\"font-weight: 400;\">Do u\u017cytku profesjonalnego<\/span><\/p>\n<p><span style=\"font-weight: 400;\">Flakon o pojemno\u015bci 500 ml<\/span><\/p>\n","protected":false},"featured_media":6887,"comment_status":"closed","ping_status":"closed","template":"","meta":[],"product_brand":[],"product_cat":[290,289],"product_tag":[],"class_list":{"0":"post-2539","1":"product","2":"type-product","3":"status-publish","4":"has-post-thumbnail","6":"product_cat-bleaching-pl","7":"product_cat-tecnici-pl","9":"first","10":"instock","11":"shipping-taxable","12":"product-type-simple"},"yoast_head":"<!-- This site is optimized with the Yoast SEO plugin v26.8 - https:\/\/yoast.com\/product\/yoast-seo-wordpress\/ -->\n<title>Silver | Szampon przeciw \u017c\u00f3\u0142tym refleksom<\/title>\n<meta name=\"description\" content=\"Szampon przeciw \u017c\u00f3\u0142tym refleksom eliminuje \u017c\u00f3\u0142te refleksy i przywraca blask w\u0142osom siwym, rozja\u015bnianym i z pasemkami.\" \/>\n<meta name=\"robots\" content=\"index, follow, max-snippet:-1, max-image-preview:large, max-video-preview:-1\" \/>\n<link rel=\"canonical\" href=\"https:\/\/www.professional-haircare.it\/pl\/products\/tecnici-pl\/bleaching-pl\/silver-szampon-przeciw-zoltym-refleksom\/\" \/>\n<meta property=\"og:locale\" content=\"pl_PL\" \/>\n<meta property=\"og:type\" content=\"article\" \/>\n<meta property=\"og:title\" content=\"Silver | Szampon przeciw \u017c\u00f3\u0142tym refleksom\" \/>\n<meta property=\"og:description\" content=\"Szampon przeciw \u017c\u00f3\u0142tym refleksom eliminuje \u017c\u00f3\u0142te refleksy i przywraca blask w\u0142osom siwym, rozja\u015bnianym i z pasemkami.\" \/>\n<meta property=\"og:url\" content=\"https:\/\/www.professional-haircare.it\/pl\/products\/tecnici-pl\/bleaching-pl\/silver-szampon-przeciw-zoltym-refleksom\/\" \/>\n<meta property=\"og:site_name\" content=\"Professional Hair Care\" \/>\n<meta property=\"article:modified_time\" content=\"2024-05-24T08:30:22+00:00\" \/>\n<meta property=\"og:image\" content=\"https:\/\/professional-haircare.it\/wp-content\/uploads\/2024\/05\/11019_professional_silver_shampoo_500ml.png\" \/>\n\t<meta property=\"og:image:width\" content=\"800\" \/>\n\t<meta property=\"og:image:height\" content=\"800\" \/>\n\t<meta property=\"og:image:type\" content=\"image\/png\" \/>\n<meta name=\"twitter:card\" content=\"summary_large_image\" \/>\n<script type=\"application\/ld+json\" class=\"yoast-schema-graph\">{\"@context\":\"https:\/\/schema.org\",\"@graph\":[{\"@type\":\"WebPage\",\"@id\":\"https:\/\/www.professional-haircare.it\/pl\/products\/tecnici-pl\/bleaching-pl\/silver-szampon-przeciw-zoltym-refleksom\/\",\"url\":\"https:\/\/www.professional-haircare.it\/pl\/products\/tecnici-pl\/bleaching-pl\/silver-szampon-przeciw-zoltym-refleksom\/\",\"name\":\"Silver | Szampon przeciw \u017c\u00f3\u0142tym refleksom\",\"isPartOf\":{\"@id\":\"https:\/\/professional-haircare.it\/#website\"},\"primaryImageOfPage\":{\"@id\":\"https:\/\/www.professional-haircare.it\/pl\/products\/tecnici-pl\/bleaching-pl\/silver-szampon-przeciw-zoltym-refleksom\/#primaryimage\"},\"image\":{\"@id\":\"https:\/\/www.professional-haircare.it\/pl\/products\/tecnici-pl\/bleaching-pl\/silver-szampon-przeciw-zoltym-refleksom\/#primaryimage\"},\"thumbnailUrl\":\"https:\/\/www.professional-haircare.it\/wp-content\/uploads\/2024\/05\/11019_professional_silver_shampoo_500ml.png\",\"datePublished\":\"2015-06-30T14:19:56+00:00\",\"dateModified\":\"2024-05-24T08:30:22+00:00\",\"description\":\"Szampon przeciw \u017c\u00f3\u0142tym refleksom eliminuje \u017c\u00f3\u0142te refleksy i przywraca blask w\u0142osom siwym, rozja\u015bnianym i z pasemkami.\",\"breadcrumb\":{\"@id\":\"https:\/\/www.professional-haircare.it\/pl\/products\/tecnici-pl\/bleaching-pl\/silver-szampon-przeciw-zoltym-refleksom\/#breadcrumb\"},\"inLanguage\":\"pl-PL\",\"potentialAction\":[{\"@type\":\"ReadAction\",\"target\":[\"https:\/\/www.professional-haircare.it\/pl\/products\/tecnici-pl\/bleaching-pl\/silver-szampon-przeciw-zoltym-refleksom\/\"]}]},{\"@type\":\"ImageObject\",\"inLanguage\":\"pl-PL\",\"@id\":\"https:\/\/www.professional-haircare.it\/pl\/products\/tecnici-pl\/bleaching-pl\/silver-szampon-przeciw-zoltym-refleksom\/#primaryimage\",\"url\":\"https:\/\/www.professional-haircare.it\/wp-content\/uploads\/2024\/05\/11019_professional_silver_shampoo_500ml.png\",\"contentUrl\":\"https:\/\/www.professional-haircare.it\/wp-content\/uploads\/2024\/05\/11019_professional_silver_shampoo_500ml.png\",\"width\":800,\"height\":800},{\"@type\":\"BreadcrumbList\",\"@id\":\"https:\/\/www.professional-haircare.it\/pl\/products\/tecnici-pl\/bleaching-pl\/silver-szampon-przeciw-zoltym-refleksom\/#breadcrumb\",\"itemListElement\":[{\"@type\":\"ListItem\",\"position\":1,\"name\":\"Home\",\"item\":\"https:\/\/professional-haircare.it\/pl\/\"},{\"@type\":\"ListItem\",\"position\":2,\"name\":\"Sklep\",\"item\":\"https:\/\/professional-haircare.it\/pl\/sklep\/\"},{\"@type\":\"ListItem\",\"position\":3,\"name\":\"Blond Vit | Szampon przeciw \u017c\u00f3\u0142tym refleksom\"}]},{\"@type\":\"WebSite\",\"@id\":\"https:\/\/professional-haircare.it\/#website\",\"url\":\"https:\/\/professional-haircare.it\/\",\"name\":\"Professional Hair Care\",\"description\":\"Hair Quality Solutions\",\"potentialAction\":[{\"@type\":\"SearchAction\",\"target\":{\"@type\":\"EntryPoint\",\"urlTemplate\":\"https:\/\/professional-haircare.it\/?s={search_term_string}\"},\"query-input\":{\"@type\":\"PropertyValueSpecification\",\"valueRequired\":true,\"valueName\":\"search_term_string\"}}],\"inLanguage\":\"pl-PL\"}]}<\/script>\n<!-- \/ Yoast SEO plugin. -->","yoast_head_json":{"title":"Silver | Szampon przeciw \u017c\u00f3\u0142tym refleksom","description":"Szampon przeciw \u017c\u00f3\u0142tym refleksom eliminuje \u017c\u00f3\u0142te refleksy i przywraca blask w\u0142osom siwym, rozja\u015bnianym i z pasemkami.","robots":{"index":"index","follow":"follow","max-snippet":"max-snippet:-1","max-image-preview":"max-image-preview:large","max-video-preview":"max-video-preview:-1"},"canonical":"https:\/\/www.professional-haircare.it\/pl\/products\/tecnici-pl\/bleaching-pl\/silver-szampon-przeciw-zoltym-refleksom\/","og_locale":"pl_PL","og_type":"article","og_title":"Silver | Szampon przeciw \u017c\u00f3\u0142tym refleksom","og_description":"Szampon przeciw \u017c\u00f3\u0142tym refleksom eliminuje \u017c\u00f3\u0142te refleksy i przywraca blask w\u0142osom siwym, rozja\u015bnianym i z pasemkami.","og_url":"https:\/\/www.professional-haircare.it\/pl\/products\/tecnici-pl\/bleaching-pl\/silver-szampon-przeciw-zoltym-refleksom\/","og_site_name":"Professional Hair Care","article_modified_time":"2024-05-24T08:30:22+00:00","og_image":[{"width":800,"height":800,"url":"https:\/\/professional-haircare.it\/wp-content\/uploads\/2024\/05\/11019_professional_silver_shampoo_500ml.png","type":"image\/png"}],"twitter_card":"summary_large_image","schema":{"@context":"https:\/\/schema.org","@graph":[{"@type":"WebPage","@id":"https:\/\/www.professional-haircare.it\/pl\/products\/tecnici-pl\/bleaching-pl\/silver-szampon-przeciw-zoltym-refleksom\/","url":"https:\/\/www.professional-haircare.it\/pl\/products\/tecnici-pl\/bleaching-pl\/silver-szampon-przeciw-zoltym-refleksom\/","name":"Silver | Szampon przeciw \u017c\u00f3\u0142tym refleksom","isPartOf":{"@id":"https:\/\/professional-haircare.it\/#website"},"primaryImageOfPage":{"@id":"https:\/\/www.professional-haircare.it\/pl\/products\/tecnici-pl\/bleaching-pl\/silver-szampon-przeciw-zoltym-refleksom\/#primaryimage"},"image":{"@id":"https:\/\/www.professional-haircare.it\/pl\/products\/tecnici-pl\/bleaching-pl\/silver-szampon-przeciw-zoltym-refleksom\/#primaryimage"},"thumbnailUrl":"https:\/\/www.professional-haircare.it\/wp-content\/uploads\/2024\/05\/11019_professional_silver_shampoo_500ml.png","datePublished":"2015-06-30T14:19:56+00:00","dateModified":"2024-05-24T08:30:22+00:00","description":"Szampon przeciw \u017c\u00f3\u0142tym refleksom eliminuje \u017c\u00f3\u0142te refleksy i przywraca blask w\u0142osom siwym, rozja\u015bnianym i z pasemkami.","breadcrumb":{"@id":"https:\/\/www.professional-haircare.it\/pl\/products\/tecnici-pl\/bleaching-pl\/silver-szampon-przeciw-zoltym-refleksom\/#breadcrumb"},"inLanguage":"pl-PL","potentialAction":[{"@type":"ReadAction","target":["https:\/\/www.professional-haircare.it\/pl\/products\/tecnici-pl\/bleaching-pl\/silver-szampon-przeciw-zoltym-refleksom\/"]}]},{"@type":"ImageObject","inLanguage":"pl-PL","@id":"https:\/\/www.professional-haircare.it\/pl\/products\/tecnici-pl\/bleaching-pl\/silver-szampon-przeciw-zoltym-refleksom\/#primaryimage","url":"https:\/\/www.professional-haircare.it\/wp-content\/uploads\/2024\/05\/11019_professional_silver_shampoo_500ml.png","contentUrl":"https:\/\/www.professional-haircare.it\/wp-content\/uploads\/2024\/05\/11019_professional_silver_shampoo_500ml.png","width":800,"height":800},{"@type":"BreadcrumbList","@id":"https:\/\/www.professional-haircare.it\/pl\/products\/tecnici-pl\/bleaching-pl\/silver-szampon-przeciw-zoltym-refleksom\/#breadcrumb","itemListElement":[{"@type":"ListItem","position":1,"name":"Home","item":"https:\/\/professional-haircare.it\/pl\/"},{"@type":"ListItem","position":2,"name":"Sklep","item":"https:\/\/professional-haircare.it\/pl\/sklep\/"},{"@type":"ListItem","position":3,"name":"Blond Vit | Szampon przeciw \u017c\u00f3\u0142tym refleksom"}]},{"@type":"WebSite","@id":"https:\/\/professional-haircare.it\/#website","url":"https:\/\/professional-haircare.it\/","name":"Professional Hair Care","description":"Hair Quality Solutions","potentialAction":[{"@type":"SearchAction","target":{"@type":"EntryPoint","urlTemplate":"https:\/\/professional-haircare.it\/?s={search_term_string}"},"query-input":{"@type":"PropertyValueSpecification","valueRequired":true,"valueName":"search_term_string"}}],"inLanguage":"pl-PL"}]}},"_links":{"self":[{"href":"https:\/\/www.professional-haircare.it\/pl\/wp-json\/wp\/v2\/product\/2539","targetHints":{"allow":["GET"]}}],"collection":[{"href":"https:\/\/www.professional-haircare.it\/pl\/wp-json\/wp\/v2\/product"}],"about":[{"href":"https:\/\/www.professional-haircare.it\/pl\/wp-json\/wp\/v2\/types\/product"}],"replies":[{"embeddable":true,"href":"https:\/\/www.professional-haircare.it\/pl\/wp-json\/wp\/v2\/comments?post=2539"}],"wp:featuredmedia":[{"embeddable":true,"href":"https:\/\/www.professional-haircare.it\/pl\/wp-json\/wp\/v2\/media\/6887"}],"wp:attachment":[{"href":"https:\/\/www.professional-haircare.it\/pl\/wp-json\/wp\/v2\/media?parent=2539"}],"wp:term":[{"taxonomy":"product_brand","embeddable":true,"href":"https:\/\/www.professional-haircare.it\/pl\/wp-json\/wp\/v2\/product_brand?post=2539"},{"taxonomy":"product_cat","embeddable":true,"href":"https:\/\/www.professional-haircare.it\/pl\/wp-json\/wp\/v2\/product_cat?post=2539"},{"taxonomy":"product_tag","embeddable":true,"href":"https:\/\/www.professional-haircare.it\/pl\/wp-json\/wp\/v2\/product_tag?post=2539"}],"curies":[{"name":"wp","href":"https:\/\/api.w.org\/{rel}","templated":true}]}}