{"id":2529,"date":"2015-06-30T17:31:25","date_gmt":"2015-06-30T15:31:25","guid":{"rendered":"https:\/\/www.professional-haircare.it\/products\/bez-kategorii\/professional-color-clean-odplamiacz-do-skory\/"},"modified":"2025-02-24T10:38:01","modified_gmt":"2025-02-24T09:38:01","slug":"professional-clean-vit-odplamiacz-do-skory","status":"publish","type":"product","link":"https:\/\/www.professional-haircare.it\/pl\/products\/tecnici-pl\/texture-pl\/professional-clean-vit-odplamiacz-do-skory\/","title":{"rendered":"Professional | Clean Vit \u2013 Odplamiacz do sk\u00f3ry"},"content":{"rendered":"","protected":false},"excerpt":{"rendered":"<p><span style=\"font-weight: 400;\"><strong>Clean Vit<\/strong> \u2013 Uniwersalny p\u0142ynny odplamiacz do sk\u00f3ry. <\/span><b>Delikatnie usuwa pozosta\u0142o\u015bci farby<\/b><span style=\"font-weight: 400;\"> i ewentualne plamy na sk\u00f3rze powsta\u0142e podczas koloryzacji. Formu\u0142a wzbogacona o <\/span><b>witamin\u0119 E i Omega 9<\/b><span style=\"font-weight: 400;\">.<\/span><\/p>\n<p><span style=\"font-weight: 400;\">Do u\u017cytku profesjonalnego<\/span><\/p>\n<p><span style=\"font-weight: 400;\">Flakon o pojemno\u015bci 200 ml<\/span><\/p>\n","protected":false},"featured_media":6995,"comment_status":"closed","ping_status":"closed","template":"","meta":[],"product_brand":[],"product_cat":[289,293],"product_tag":[],"class_list":{"0":"post-2529","1":"product","2":"type-product","3":"status-publish","4":"has-post-thumbnail","6":"product_cat-tecnici-pl","7":"product_cat-texture-pl","9":"first","10":"instock","11":"shipping-taxable","12":"product-type-simple"},"yoast_head":"<!-- This site is optimized with the Yoast SEO plugin v26.8 - https:\/\/yoast.com\/product\/yoast-seo-wordpress\/ -->\n<title>Professional | Clean Vit \u2013 Odplamiacz do sk\u00f3ry<\/title>\n<meta name=\"description\" content=\"Clean Vit \u2013 Uniwersalny p\u0142ynny odplamiacz do sk\u00f3ry. Delikatnie usuwa pozosta\u0142o\u015bci farby i ewentualne plamy na sk\u00f3rze powsta\u0142e podczas koloryzacji.\" \/>\n<meta name=\"robots\" content=\"index, follow, max-snippet:-1, max-image-preview:large, max-video-preview:-1\" \/>\n<link rel=\"canonical\" href=\"https:\/\/www.professional-haircare.it\/pl\/products\/tecnici-pl\/texture-pl\/professional-clean-vit-odplamiacz-do-skory\/\" \/>\n<meta property=\"og:locale\" content=\"pl_PL\" \/>\n<meta property=\"og:type\" content=\"article\" \/>\n<meta property=\"og:title\" content=\"Professional | Clean Vit \u2013 Odplamiacz do sk\u00f3ry\" \/>\n<meta property=\"og:description\" content=\"Clean Vit \u2013 Uniwersalny p\u0142ynny odplamiacz do sk\u00f3ry. Delikatnie usuwa pozosta\u0142o\u015bci farby i ewentualne plamy na sk\u00f3rze powsta\u0142e podczas koloryzacji.\" \/>\n<meta property=\"og:url\" content=\"https:\/\/www.professional-haircare.it\/pl\/products\/tecnici-pl\/texture-pl\/professional-clean-vit-odplamiacz-do-skory\/\" \/>\n<meta property=\"og:site_name\" content=\"Professional Hair Care\" \/>\n<meta property=\"article:modified_time\" content=\"2025-02-24T09:38:01+00:00\" \/>\n<meta property=\"og:image\" content=\"https:\/\/professional-haircare.it\/wp-content\/uploads\/2025\/02\/11020_professional_clean_vit_200ml.png\" \/>\n\t<meta property=\"og:image:width\" content=\"800\" \/>\n\t<meta property=\"og:image:height\" content=\"800\" \/>\n\t<meta property=\"og:image:type\" content=\"image\/png\" \/>\n<meta name=\"twitter:card\" content=\"summary_large_image\" \/>\n<meta name=\"twitter:label1\" content=\"Szacowany czas czytania\" \/>\n\t<meta name=\"twitter:data1\" content=\"1 minuta\" \/>\n<script type=\"application\/ld+json\" class=\"yoast-schema-graph\">{\"@context\":\"https:\/\/schema.org\",\"@graph\":[{\"@type\":\"WebPage\",\"@id\":\"https:\/\/www.professional-haircare.it\/pl\/products\/tecnici-pl\/texture-pl\/professional-clean-vit-odplamiacz-do-skory\/\",\"url\":\"https:\/\/www.professional-haircare.it\/pl\/products\/tecnici-pl\/texture-pl\/professional-clean-vit-odplamiacz-do-skory\/\",\"name\":\"Professional | Clean Vit \u2013 Odplamiacz do sk\u00f3ry\",\"isPartOf\":{\"@id\":\"https:\/\/professional-haircare.it\/#website\"},\"primaryImageOfPage\":{\"@id\":\"https:\/\/www.professional-haircare.it\/pl\/products\/tecnici-pl\/texture-pl\/professional-clean-vit-odplamiacz-do-skory\/#primaryimage\"},\"image\":{\"@id\":\"https:\/\/www.professional-haircare.it\/pl\/products\/tecnici-pl\/texture-pl\/professional-clean-vit-odplamiacz-do-skory\/#primaryimage\"},\"thumbnailUrl\":\"https:\/\/www.professional-haircare.it\/wp-content\/uploads\/2025\/02\/11020_professional_clean_vit_200ml.png\",\"datePublished\":\"2015-06-30T15:31:25+00:00\",\"dateModified\":\"2025-02-24T09:38:01+00:00\",\"description\":\"Clean Vit \u2013 Uniwersalny p\u0142ynny odplamiacz do sk\u00f3ry. Delikatnie usuwa pozosta\u0142o\u015bci farby i ewentualne plamy na sk\u00f3rze powsta\u0142e podczas koloryzacji.\",\"breadcrumb\":{\"@id\":\"https:\/\/www.professional-haircare.it\/pl\/products\/tecnici-pl\/texture-pl\/professional-clean-vit-odplamiacz-do-skory\/#breadcrumb\"},\"inLanguage\":\"pl-PL\",\"potentialAction\":[{\"@type\":\"ReadAction\",\"target\":[\"https:\/\/www.professional-haircare.it\/pl\/products\/tecnici-pl\/texture-pl\/professional-clean-vit-odplamiacz-do-skory\/\"]}]},{\"@type\":\"ImageObject\",\"inLanguage\":\"pl-PL\",\"@id\":\"https:\/\/www.professional-haircare.it\/pl\/products\/tecnici-pl\/texture-pl\/professional-clean-vit-odplamiacz-do-skory\/#primaryimage\",\"url\":\"https:\/\/www.professional-haircare.it\/wp-content\/uploads\/2025\/02\/11020_professional_clean_vit_200ml.png\",\"contentUrl\":\"https:\/\/www.professional-haircare.it\/wp-content\/uploads\/2025\/02\/11020_professional_clean_vit_200ml.png\",\"width\":800,\"height\":800},{\"@type\":\"BreadcrumbList\",\"@id\":\"https:\/\/www.professional-haircare.it\/pl\/products\/tecnici-pl\/texture-pl\/professional-clean-vit-odplamiacz-do-skory\/#breadcrumb\",\"itemListElement\":[{\"@type\":\"ListItem\",\"position\":1,\"name\":\"Home\",\"item\":\"https:\/\/professional-haircare.it\/pl\/\"},{\"@type\":\"ListItem\",\"position\":2,\"name\":\"Sklep\",\"item\":\"https:\/\/professional-haircare.it\/pl\/sklep\/\"},{\"@type\":\"ListItem\",\"position\":3,\"name\":\"Professional | Clean Vit \u2013 Odplamiacz do sk\u00f3ry\"}]},{\"@type\":\"WebSite\",\"@id\":\"https:\/\/professional-haircare.it\/#website\",\"url\":\"https:\/\/professional-haircare.it\/\",\"name\":\"Professional Hair Care\",\"description\":\"Hair Quality Solutions\",\"potentialAction\":[{\"@type\":\"SearchAction\",\"target\":{\"@type\":\"EntryPoint\",\"urlTemplate\":\"https:\/\/professional-haircare.it\/?s={search_term_string}\"},\"query-input\":{\"@type\":\"PropertyValueSpecification\",\"valueRequired\":true,\"valueName\":\"search_term_string\"}}],\"inLanguage\":\"pl-PL\"}]}<\/script>\n<!-- \/ Yoast SEO plugin. -->","yoast_head_json":{"title":"Professional | Clean Vit \u2013 Odplamiacz do sk\u00f3ry","description":"Clean Vit \u2013 Uniwersalny p\u0142ynny odplamiacz do sk\u00f3ry. Delikatnie usuwa pozosta\u0142o\u015bci farby i ewentualne plamy na sk\u00f3rze powsta\u0142e podczas koloryzacji.","robots":{"index":"index","follow":"follow","max-snippet":"max-snippet:-1","max-image-preview":"max-image-preview:large","max-video-preview":"max-video-preview:-1"},"canonical":"https:\/\/www.professional-haircare.it\/pl\/products\/tecnici-pl\/texture-pl\/professional-clean-vit-odplamiacz-do-skory\/","og_locale":"pl_PL","og_type":"article","og_title":"Professional | Clean Vit \u2013 Odplamiacz do sk\u00f3ry","og_description":"Clean Vit \u2013 Uniwersalny p\u0142ynny odplamiacz do sk\u00f3ry. Delikatnie usuwa pozosta\u0142o\u015bci farby i ewentualne plamy na sk\u00f3rze powsta\u0142e podczas koloryzacji.","og_url":"https:\/\/www.professional-haircare.it\/pl\/products\/tecnici-pl\/texture-pl\/professional-clean-vit-odplamiacz-do-skory\/","og_site_name":"Professional Hair Care","article_modified_time":"2025-02-24T09:38:01+00:00","og_image":[{"width":800,"height":800,"url":"https:\/\/professional-haircare.it\/wp-content\/uploads\/2025\/02\/11020_professional_clean_vit_200ml.png","type":"image\/png"}],"twitter_card":"summary_large_image","twitter_misc":{"Szacowany czas czytania":"1 minuta"},"schema":{"@context":"https:\/\/schema.org","@graph":[{"@type":"WebPage","@id":"https:\/\/www.professional-haircare.it\/pl\/products\/tecnici-pl\/texture-pl\/professional-clean-vit-odplamiacz-do-skory\/","url":"https:\/\/www.professional-haircare.it\/pl\/products\/tecnici-pl\/texture-pl\/professional-clean-vit-odplamiacz-do-skory\/","name":"Professional | Clean Vit \u2013 Odplamiacz do sk\u00f3ry","isPartOf":{"@id":"https:\/\/professional-haircare.it\/#website"},"primaryImageOfPage":{"@id":"https:\/\/www.professional-haircare.it\/pl\/products\/tecnici-pl\/texture-pl\/professional-clean-vit-odplamiacz-do-skory\/#primaryimage"},"image":{"@id":"https:\/\/www.professional-haircare.it\/pl\/products\/tecnici-pl\/texture-pl\/professional-clean-vit-odplamiacz-do-skory\/#primaryimage"},"thumbnailUrl":"https:\/\/www.professional-haircare.it\/wp-content\/uploads\/2025\/02\/11020_professional_clean_vit_200ml.png","datePublished":"2015-06-30T15:31:25+00:00","dateModified":"2025-02-24T09:38:01+00:00","description":"Clean Vit \u2013 Uniwersalny p\u0142ynny odplamiacz do sk\u00f3ry. Delikatnie usuwa pozosta\u0142o\u015bci farby i ewentualne plamy na sk\u00f3rze powsta\u0142e podczas koloryzacji.","breadcrumb":{"@id":"https:\/\/www.professional-haircare.it\/pl\/products\/tecnici-pl\/texture-pl\/professional-clean-vit-odplamiacz-do-skory\/#breadcrumb"},"inLanguage":"pl-PL","potentialAction":[{"@type":"ReadAction","target":["https:\/\/www.professional-haircare.it\/pl\/products\/tecnici-pl\/texture-pl\/professional-clean-vit-odplamiacz-do-skory\/"]}]},{"@type":"ImageObject","inLanguage":"pl-PL","@id":"https:\/\/www.professional-haircare.it\/pl\/products\/tecnici-pl\/texture-pl\/professional-clean-vit-odplamiacz-do-skory\/#primaryimage","url":"https:\/\/www.professional-haircare.it\/wp-content\/uploads\/2025\/02\/11020_professional_clean_vit_200ml.png","contentUrl":"https:\/\/www.professional-haircare.it\/wp-content\/uploads\/2025\/02\/11020_professional_clean_vit_200ml.png","width":800,"height":800},{"@type":"BreadcrumbList","@id":"https:\/\/www.professional-haircare.it\/pl\/products\/tecnici-pl\/texture-pl\/professional-clean-vit-odplamiacz-do-skory\/#breadcrumb","itemListElement":[{"@type":"ListItem","position":1,"name":"Home","item":"https:\/\/professional-haircare.it\/pl\/"},{"@type":"ListItem","position":2,"name":"Sklep","item":"https:\/\/professional-haircare.it\/pl\/sklep\/"},{"@type":"ListItem","position":3,"name":"Professional | Clean Vit \u2013 Odplamiacz do sk\u00f3ry"}]},{"@type":"WebSite","@id":"https:\/\/professional-haircare.it\/#website","url":"https:\/\/professional-haircare.it\/","name":"Professional Hair Care","description":"Hair Quality Solutions","potentialAction":[{"@type":"SearchAction","target":{"@type":"EntryPoint","urlTemplate":"https:\/\/professional-haircare.it\/?s={search_term_string}"},"query-input":{"@type":"PropertyValueSpecification","valueRequired":true,"valueName":"search_term_string"}}],"inLanguage":"pl-PL"}]}},"_links":{"self":[{"href":"https:\/\/www.professional-haircare.it\/pl\/wp-json\/wp\/v2\/product\/2529","targetHints":{"allow":["GET"]}}],"collection":[{"href":"https:\/\/www.professional-haircare.it\/pl\/wp-json\/wp\/v2\/product"}],"about":[{"href":"https:\/\/www.professional-haircare.it\/pl\/wp-json\/wp\/v2\/types\/product"}],"replies":[{"embeddable":true,"href":"https:\/\/www.professional-haircare.it\/pl\/wp-json\/wp\/v2\/comments?post=2529"}],"wp:featuredmedia":[{"embeddable":true,"href":"https:\/\/www.professional-haircare.it\/pl\/wp-json\/wp\/v2\/media\/6995"}],"wp:attachment":[{"href":"https:\/\/www.professional-haircare.it\/pl\/wp-json\/wp\/v2\/media?parent=2529"}],"wp:term":[{"taxonomy":"product_brand","embeddable":true,"href":"https:\/\/www.professional-haircare.it\/pl\/wp-json\/wp\/v2\/product_brand?post=2529"},{"taxonomy":"product_cat","embeddable":true,"href":"https:\/\/www.professional-haircare.it\/pl\/wp-json\/wp\/v2\/product_cat?post=2529"},{"taxonomy":"product_tag","embeddable":true,"href":"https:\/\/www.professional-haircare.it\/pl\/wp-json\/wp\/v2\/product_tag?post=2529"}],"curies":[{"name":"wp","href":"https:\/\/api.w.org\/{rel}","templated":true}]}}